{"id":7289,"date":"2026-01-26T16:02:02","date_gmt":"2026-01-26T08:02:02","guid":{"rendered":"https:\/\/www.cashewnut-processing.com\/?post_type=product&#038;p=7289"},"modified":"2026-01-27T14:30:31","modified_gmt":"2026-01-27T06:30:31","slug":"peanut-brittle-production-line","status":"publish","type":"product","link":"https:\/\/www.cashewnut-processing.com\/pt\/peanut-brittle-production-line.html","title":{"rendered":"Linha de Produ\u00e7\u00e3o de Crocante de Amendoim de Alta Efici\u00eancia"},"content":{"rendered":"<p>Shuliy Machinery&#8217;s peanut brittle production line is a fully automated solution engineered for the efficient, large-scale production of high-quality peanut brittle, nut bars, and other confectionery snacks. This integrated system is designed to boost your output, ensure product consistency, and reduce labor costs, making it the ideal investment for modern food processing enterprises.<\/p>    <p>Este artigo detalha uma linha representativa de 300-400kg\/h. Note que somos especializados em personalizar cada solu\u00e7\u00e3o para atender aos seus objetivos de produ\u00e7\u00e3o e necessidades de mercado.<\/p>    <h2 class=\"wp-block-heading\">Vantagens principais da nossa linha de produ\u00e7\u00e3o<\/h2>    <ul class=\"wp-block-list\"> <li><strong>Alto grau de automa\u00e7\u00e3o:<\/strong> Reduz significativamente o trabalho manual, minimiza erros operacionais e diminui os custos de produ\u00e7\u00e3o a longo prazo.<\/li>    <li><strong>Qualidade consistente:<\/strong> O processo automatizado garante que cada barra tenha uma espessura, tamanho e sabor uniformes, para um produto final de alta qualidade.<\/li>    <li><strong>Durabilidade de grau aliment\u00edcio:<\/strong> Componentes principais feitos de a\u00e7o inoxid\u00e1vel de alta qualidade, garantindo durabilidade e conformidade com os padr\u00f5es internacionais de seguran\u00e7a alimentar.<\/li>    <li><strong>Versatilidade de produ\u00e7\u00e3o:<\/strong> Esta linha n\u00e3o se limita a um produto. O seu design adapt\u00e1vel permite uma produ\u00e7\u00e3o diversificada de barras de snack.<\/li> <\/ul>    <h2 class=\"wp-block-heading\">Mat\u00e9rias-primas vers\u00e1teis e produtos finais<\/h2>    <p>Embora seja perfeitamente adequada para o cl\u00e1ssico amendoim de caramelo, a verdadeira for\u00e7a desta linha de produ\u00e7\u00e3o de amendoim de caramelo reside na sua versatilidade. Pode facilmente adaptar a sua produ\u00e7\u00e3o para atender \u00e0s tend\u00eancias de mercado em mudan\u00e7a.<\/p>    <figure class=\"wp-block-image size-full\"><img loading=\"lazy\" decoding=\"async\" width=\"720\" height=\"540\" src=\"https:\/\/www.cashewnut-processing.com\/wp-content\/uploads\/2026\/01\/final-products-of-our-peanut-brittle-production-line.webp\" alt=\"final products of our peanut brittle production line\" class=\"wp-image-7290\" title=\"\" srcset=\"https:\/\/www.cashewnut-processing.com\/wp-content\/uploads\/2026\/01\/final-products-of-our-peanut-brittle-production-line.webp 720w, https:\/\/www.cashewnut-processing.com\/wp-content\/uploads\/2026\/01\/final-products-of-our-peanut-brittle-production-line-300x225.webp 300w, https:\/\/www.cashewnut-processing.com\/wp-content\/uploads\/2026\/01\/final-products-of-our-peanut-brittle-production-line-16x12.webp 16w\" sizes=\"auto, (max-width: 720px) 100vw, 720px\" \/><figcaption class=\"wp-element-caption\">Produtos finais da nossa linha de produ\u00e7\u00e3o de amendoim de caramelo<\/figcaption><\/figure>    <p class=\"translation-block\"><strong>Mat\u00e9rias-primas aplic\u00e1veis:<\/strong><\/p>    <ul class=\"wp-block-list\"> <li>Nozes: amendoins, am\u00eandoas, nozes, cajus, avel\u00e3s.<\/li>    <li>Sementes: sementes de s\u00e9samo, girassol, ab\u00f3bora.<\/li>    <li>Gr\u00e3os e cereais: arroz inflado, aveia, granola, cereais crocantes.<\/li>    <li>Frutas: Frutas secas como passas ou cranberries podem ser misturadas.<\/li>    <li>Ligante: A\u00e7\u00facar, xarope, mel ou chocolate.<\/li> <\/ul>    <p class=\"translation-block\"><strong>Aplica\u00e7\u00f5es do produto final:<\/strong><\/p>    <ul class=\"wp-block-list\"> <li>Amendoim de caramelo (Chikki de amendoim)<\/li>    <li>Barra de caramelos de s\u00e9samo<\/li>    <li>Barras de am\u00eandoa de caramelo e nozes mistas<\/li>    <li>Barras de granola e barras de cereais<\/li>    <li>Barras energ\u00e9ticas<\/li> <\/ul>    <h2 class=\"wp-block-heading\">Nosso fluxo de trabalho automatizado: do ingrediente ao produto final<\/h2>    <h3 class=\"wp-block-heading\">1. <a href=\"https:\/\/www.cashewnut-processing.com\/pt\/cashew-peanut-roasting-machine.html\/\" data-type=\"link\" data-id=\"https:\/\/www.cashewnut-processing.com\/cashew-peanut-roasting-machine.html\">M\u00e1quina de torrefa\u00e7\u00e3o<\/a><\/h3>    <p>Esta m\u00e1quina usa um tambor rotativo aquecido eletricamente de forma consistente para garantir que cada noz seja torrada uniformemente, desbloqueando o m\u00e1ximo sabor e um aroma perfeito.<\/p>    <div class=\"wp-block-media-text is-stacked-on-mobile\"><figure class=\"wp-block-media-text__media\"><img loading=\"lazy\" decoding=\"async\" width=\"720\" height=\"540\" src=\"https:\/\/www.cashewnut-processing.com\/wp-content\/uploads\/2025\/10\/peanuts-roasting-machine.webp\" alt=\"peanuts roasting machine\" class=\"wp-image-7254 size-full\" title=\"\" srcset=\"https:\/\/www.cashewnut-processing.com\/wp-content\/uploads\/2025\/10\/peanuts-roasting-machine.webp 720w, https:\/\/www.cashewnut-processing.com\/wp-content\/uploads\/2025\/10\/peanuts-roasting-machine-300x225.webp 300w, https:\/\/www.cashewnut-processing.com\/wp-content\/uploads\/2025\/10\/peanuts-roasting-machine-16x12.webp 16w\" sizes=\"auto, (max-width: 720px) 100vw, 720px\" \/><\/figure><div class=\"wp-block-media-text__content\"> <ul class=\"wp-block-list\"> <li>Capacidade: 80-120 kg\/h<\/li>    <li>Pot\u00eancia do motor: 1,1kw<\/li>    <li>Pot\u00eancia de aquecimento: 23kw<\/li> <\/ul> <\/div><\/div>    <h3 class=\"wp-block-heading\">M\u00e1quina de descasque de amendoim<\/h3>    <p>Utilizando um sistema de rolos de fric\u00e7\u00e3o suave, este descascador remove eficientemente as cascas dos amendoins torrados com uma alta taxa de pureza, garantindo uma apar\u00eancia limpa para o produto final sem danificar as nozes.<\/p>    <div class=\"wp-block-media-text is-stacked-on-mobile\"><figure class=\"wp-block-media-text__media\"><img loading=\"lazy\" decoding=\"async\" width=\"720\" height=\"540\" src=\"https:\/\/www.cashewnut-processing.com\/wp-content\/uploads\/2025\/10\/dry-peanut-peeler.webp\" alt=\"dry peanut peeler\" class=\"wp-image-7243 size-full\" title=\"\" srcset=\"https:\/\/www.cashewnut-processing.com\/wp-content\/uploads\/2025\/10\/dry-peanut-peeler.webp 720w, https:\/\/www.cashewnut-processing.com\/wp-content\/uploads\/2025\/10\/dry-peanut-peeler-300x225.webp 300w, https:\/\/www.cashewnut-processing.com\/wp-content\/uploads\/2025\/10\/dry-peanut-peeler-16x12.webp 16w\" sizes=\"auto, (max-width: 720px) 100vw, 720px\" \/><\/figure><div class=\"wp-block-media-text__content\"> <ul class=\"wp-block-list\"> <li>Capacidade: 200-300 kg\/h<\/li>    <li>Taxa de pureza: 98%<\/li> <\/ul> <\/div><\/div>    <h3 class=\"wp-block-heading\">3. Panela de fervura de a\u00e7\u00facar<\/h3>    <p>Esta panela de a\u00e7o inoxid\u00e1vel 304 com isolamento usa aquecimento el\u00e9trico est\u00e1vel e um agitador integrado para produzir um ligante de xarope perfeitamente consistente, evitando queimar e garantindo qualidade uniforme.<\/p>    <div class=\"wp-block-media-text is-stacked-on-mobile\"><figure class=\"wp-block-media-text__media\"><img loading=\"lazy\" decoding=\"async\" width=\"720\" height=\"540\" src=\"https:\/\/www.cashewnut-processing.com\/wp-content\/uploads\/2026\/01\/sugar-boiled-pot.webp\" alt=\"sugar boiled pot\" class=\"wp-image-7294 size-full\" title=\"\" srcset=\"https:\/\/www.cashewnut-processing.com\/wp-content\/uploads\/2026\/01\/sugar-boiled-pot.webp 720w, https:\/\/www.cashewnut-processing.com\/wp-content\/uploads\/2026\/01\/sugar-boiled-pot-300x225.webp 300w, https:\/\/www.cashewnut-processing.com\/wp-content\/uploads\/2026\/01\/sugar-boiled-pot-16x12.webp 16w\" sizes=\"auto, (max-width: 720px) 100vw, 720px\" \/><\/figure><div class=\"wp-block-media-text__content\"> <ul class=\"wp-block-list\"> <li>Capacidade: 200L<\/li>    <li>Pot\u00eancia: 18kw<\/li>    <li>Caracter\u00edsticas: Corpo inclinado para f\u00e1cil descarga, A\u00e7o inoxid\u00e1vel 304 de grau aliment\u00edcio<\/li> <\/ul> <\/div><\/div>    <h3 class=\"wp-block-heading\">4. M\u00e1quina de mistura de materiais<\/h3>    <p>Designed for perfect blending, this machine features a heated, insulated pot that maintains the syrup&#8217;s temperature while its powerful arm thoroughly coats every ingredient for a homogenous mixture.<\/p>    <ul class=\"wp-block-list\"> <li>Capacidade: 15 kg\/lote<\/li>    <li>Pot\u00eancia: 1,1kw<\/li>    <li>Recurso: Panela de duplo piso para preserva\u00e7\u00e3o de calor<\/li> <\/ul>    <h3 class=\"wp-block-heading\">5. M\u00e1quina de modelagem e corte<\/h3>    <p>Este \u00e9 o n\u00facleo da linha. Utiliza uma s\u00e9rie de rolos de press\u00e3o ajust\u00e1veis para achatar a mistura numa placa uniforme, empregando depois um conjunto de l\u00e2minas longitudinais e latitudinais precisas para cort\u00e1-la nas dimens\u00f5es desejadas.<\/p>    <div class=\"wp-block-media-text is-stacked-on-mobile\"><figure class=\"wp-block-media-text__media\"><img loading=\"lazy\" decoding=\"async\" width=\"720\" height=\"540\" src=\"https:\/\/www.cashewnut-processing.com\/wp-content\/uploads\/2026\/01\/Peanut-brittle-molding-and-cutting-machine.webp\" alt=\"M\u00e1quina de moldagem e corte de amendoim de a\u00e7\u00facar\" class=\"wp-image-7291 size-full\" title=\"\" srcset=\"https:\/\/www.cashewnut-processing.com\/wp-content\/uploads\/2026\/01\/Peanut-brittle-molding-and-cutting-machine.webp 720w, https:\/\/www.cashewnut-processing.com\/wp-content\/uploads\/2026\/01\/Peanut-brittle-molding-and-cutting-machine-300x225.webp 300w, https:\/\/www.cashewnut-processing.com\/wp-content\/uploads\/2026\/01\/Peanut-brittle-molding-and-cutting-machine-16x12.webp 16w\" sizes=\"auto, (max-width: 720px) 100vw, 720px\" \/><\/figure><div class=\"wp-block-media-text__content\"> <ul class=\"wp-block-list\"> <li>Capacidade: 300-400 kg\/h<\/li>    <li>Pot\u00eancia: 2,5kw<\/li>    <li>Largura da correia: 560 mm (espessura de forma\u00e7\u00e3o ajust\u00e1vel)<\/li> <\/ul> <\/div><\/div>    <h3 class=\"wp-block-heading\">Transportador de arrefecimento<\/h3>    <p>As barras rec\u00e9m cortadas s\u00e3o transferidas para este transportador. O tempo de viagem prolongado permite que os produtos arrefe\u00e7am e endure\u00e7am naturalmente, dando-lhes a textura crocante perfeita antes da embalagem.<\/p>    <ul class=\"wp-block-list\"> <li>Pot\u00eancia: 0,37kw<\/li>    <li>Dimens\u00f5es: 5000*1000*800 mm (comprimento personaliz\u00e1vel)<\/li> <\/ul>    <h3 class=\"wp-block-heading\">7. M\u00e1quina de embalagem autom\u00e1tica<\/h3>    <p>Esta m\u00e1quina fornece o toque profissional final, embalando e selando automaticamente cada barra. Pode ser equipada com uma fun\u00e7\u00e3o de codifica\u00e7\u00e3o para imprimir datas ou n\u00fameros de lote para rastreabilidade total.<\/p>    <div class=\"wp-block-media-text is-stacked-on-mobile\"><figure class=\"wp-block-media-text__media\"><img loading=\"lazy\" decoding=\"async\" width=\"720\" height=\"540\" src=\"https:\/\/www.cashewnut-processing.com\/wp-content\/uploads\/2026\/01\/peanut-packaging-machine.webp\" alt=\"peanut packaging machine\" class=\"wp-image-7293 size-full\" title=\"\" srcset=\"https:\/\/www.cashewnut-processing.com\/wp-content\/uploads\/2026\/01\/peanut-packaging-machine.webp 720w, https:\/\/www.cashewnut-processing.com\/wp-content\/uploads\/2026\/01\/peanut-packaging-machine-300x225.webp 300w, https:\/\/www.cashewnut-processing.com\/wp-content\/uploads\/2026\/01\/peanut-packaging-machine-16x12.webp 16w\" sizes=\"auto, (max-width: 720px) 100vw, 720px\" \/><\/figure><div class=\"wp-block-media-text__content\"> <ul class=\"wp-block-list\"> <li>Pot\u00eancia: 1,92kw<\/li>    <li>Largura m\u00e1xima do filme: 250 mm<\/li>    <li>Fun\u00e7\u00e3o: Embalagem, Selagem e codifica\u00e7\u00e3o opcional<\/li> <\/ul> <\/div><\/div>    <h2 class=\"wp-block-heading\">Especifica\u00e7\u00f5es da linha de produ\u00e7\u00e3o de amendoim de caramelo<\/h2>    <figure class=\"wp-block-table\"><table><thead><tr><th class=\"has-text-align-left\" data-align=\"left\">Recurso<\/th><th class=\"has-text-align-left\" data-align=\"left\">Especifica\u00e7\u00e3o<\/th><\/tr><\/thead><tbody><tr><td class=\"has-text-align-left\" data-align=\"left\"><strong>Capacidade da linha<\/strong><\/td><td class=\"has-text-align-left\" data-align=\"left\">300-400 kg\/h (Configura\u00e7\u00e3o de exemplo)<\/td><\/tr><tr><td class=\"has-text-align-left\" data-align=\"left\"><strong>Tamanho do produto acabado<\/strong><\/td><td class=\"has-text-align-left\" data-align=\"left\">Comprimento e largura ajust\u00e1veis atrav\u00e9s da m\u00e1quina de corte<\/td><\/tr><tr><td class=\"has-text-align-left\" data-align=\"left\"><strong>Tens\u00e3o<\/strong><\/td><td class=\"has-text-align-left\" data-align=\"left\">Customized to match your country&#8217;s standard (e.g., 220V\/380V, 50Hz\/60Hz)<\/td><\/tr><tr><td class=\"has-text-align-left\" data-align=\"left\"><strong>Materiais principais<\/strong><\/td><td class=\"has-text-align-left\" data-align=\"left\">Pe\u00e7as em contacto com alimentos s\u00e3o feitas de a\u00e7o inoxid\u00e1vel de alta qualidade<\/td><\/tr><tr><td class=\"has-text-align-left\" data-align=\"left\"><strong>Layout e configura\u00e7\u00e3o<\/strong><\/td><td class=\"has-text-align-left\" data-align=\"left\">Totalmente personaliz\u00e1vel; m\u00e1quinas podem ser adicionadas ou removidas para atender \u00e0s suas necessidades<\/td><\/tr><tr><td class=\"has-text-align-left\" data-align=\"left\"><strong>Prazo de entrega<\/strong><\/td><td class=\"has-text-align-left\" data-align=\"left\">10-15 dias \u00fateis ap\u00f3s rece\u00e7\u00e3o do pagamento<\/td><\/tr><tr><td class=\"has-text-align-left\" data-align=\"left\"><strong>Garantia de qualidade<\/strong><\/td><td class=\"has-text-align-left\" data-align=\"left\">12 meses para todas as avarias causadas pela pr\u00f3pria m\u00e1quina e qualidade<\/td><\/tr><tr><td class=\"has-text-align-left\" data-align=\"left\"><strong>Servi\u00e7o p\u00f3s-venda<\/strong><\/td><td class=\"has-text-align-left\" data-align=\"left\">Suporte t\u00e9cnico vital\u00edcio, v\u00eddeos de opera\u00e7\u00e3o e aconselhamento profissional<\/td><\/tr><\/tbody><\/table><\/figure>    <h2 class=\"wp-block-heading\">Contacte-nos para a sua solu\u00e7\u00e3o personalizada<\/h2>    <p>Pronto para automatizar e expandir o seu neg\u00f3cio de confeitaria? Contacte-nos hoje para discutir os requisitos do seu projeto. Forneceremos uma cota\u00e7\u00e3o detalhada, sem compromisso, para uma linha de produ\u00e7\u00e3o de amendoim de caramelo, projetada para ajud\u00e1-lo a ter sucesso.<\/p>","protected":false},"excerpt":{"rendered":"<p>Shuliy Machinery&#8217;s peanut brittle production line is a fully automated solution engineered for the efficient, large-scale production of high-quality peanut brittle, nut bars, and other confectionery snacks. This integrated system is designed to boost your output, ensure product consistency, and reduce labor costs, making it the ideal investment for modern food processing enterprises. This article [&hellip;]<\/p>\n","protected":false},"author":1,"featured_media":7295,"parent":0,"template":"","tags":[],"product-type":[12],"class_list":["post-7289","product","type-product","status-publish","has-post-thumbnail","hentry","product-type-nut-processing-line"],"_links":{"self":[{"href":"https:\/\/www.cashewnut-processing.com\/pt\/wp-json\/wp\/v2\/product\/7289","targetHints":{"allow":["GET"]}}],"collection":[{"href":"https:\/\/www.cashewnut-processing.com\/pt\/wp-json\/wp\/v2\/product"}],"about":[{"href":"https:\/\/www.cashewnut-processing.com\/pt\/wp-json\/wp\/v2\/types\/product"}],"author":[{"embeddable":true,"href":"https:\/\/www.cashewnut-processing.com\/pt\/wp-json\/wp\/v2\/users\/1"}],"wp:featuredmedia":[{"embeddable":true,"href":"https:\/\/www.cashewnut-processing.com\/pt\/wp-json\/wp\/v2\/media\/7295"}],"wp:attachment":[{"href":"https:\/\/www.cashewnut-processing.com\/pt\/wp-json\/wp\/v2\/media?parent=7289"}],"wp:term":[{"taxonomy":"post_tag","embeddable":true,"href":"https:\/\/www.cashewnut-processing.com\/pt\/wp-json\/wp\/v2\/tags?post=7289"},{"taxonomy":"product-type","embeddable":true,"href":"https:\/\/www.cashewnut-processing.com\/pt\/wp-json\/wp\/v2\/product-type?post=7289"}],"curies":[{"name":"wp","href":"https:\/\/api.w.org\/{rel}","templated":true}]}}