{"id":7227,"date":"2025-10-31T17:21:57","date_gmt":"2025-10-31T09:21:57","guid":{"rendered":"https:\/\/www.cashewnut-processing.com\/?post_type=product&#038;p=7227"},"modified":"2026-01-28T17:21:36","modified_gmt":"2026-01-28T09:21:36","slug":"almond-shelling-machines","status":"publish","type":"product","link":"https:\/\/www.cashewnut-processing.com\/pt\/almond-shelling-machines.html","title":{"rendered":"M\u00e1quinas Industriais de Descascamento de Am\u00eandoas"},"content":{"rendered":"<p>Pare de perder dinheiro com gr\u00e3os partidos e trabalho manual lento. A nossa linha de m\u00e1quina industrial de casca de am\u00eandoa \u00e9 a sua solu\u00e7\u00e3o tudo-em-um para alcan\u00e7ar uma taxa de integridade do gr\u00e3o de at\u00e9 98% enquanto processa 1.000-1.500 kg de am\u00eandoas cruas por hora. Isto n\u00e3o \u00e9 apenas uma m\u00e1quina; \u00e9 um sistema automatizado de alto rendimento e engenharia para produtores s\u00e9rios que exigem produtividade m\u00e1xima e qualidade sem compromisso.<\/p>    <figure class=\"wp-block-gallery has-nested-images columns-default is-cropped wp-block-gallery-2 is-layout-flex wp-block-gallery-is-layout-flex\"> <figure class=\"wp-block-image size-large\"><img loading=\"lazy\" decoding=\"async\" width=\"720\" height=\"540\" data-id=\"7267\" src=\"https:\/\/www.cashewnut-processing.com\/wp-content\/uploads\/2025\/10\/Almonds-before-shelling.webp\" alt=\"Am\u00eandoas antes do descasque\" class=\"wp-image-7267\" title=\"\" srcset=\"https:\/\/www.cashewnut-processing.com\/wp-content\/uploads\/2025\/10\/Almonds-before-shelling.webp 720w, https:\/\/www.cashewnut-processing.com\/wp-content\/uploads\/2025\/10\/Almonds-before-shelling-300x225.webp 300w, https:\/\/www.cashewnut-processing.com\/wp-content\/uploads\/2025\/10\/Almonds-before-shelling-16x12.webp 16w\" sizes=\"auto, (max-width: 720px) 100vw, 720px\" \/><figcaption class=\"wp-element-caption\">Am\u00eandoas antes do descasque<\/figcaption><\/figure>    <figure class=\"wp-block-image size-large\"><img loading=\"lazy\" decoding=\"async\" width=\"720\" height=\"540\" data-id=\"7275\" src=\"https:\/\/www.cashewnut-processing.com\/wp-content\/uploads\/2025\/10\/shelled-almonds.webp\" alt=\"shelled almonds\" class=\"wp-image-7275\" title=\"\" srcset=\"https:\/\/www.cashewnut-processing.com\/wp-content\/uploads\/2025\/10\/shelled-almonds.webp 720w, https:\/\/www.cashewnut-processing.com\/wp-content\/uploads\/2025\/10\/shelled-almonds-300x225.webp 300w, https:\/\/www.cashewnut-processing.com\/wp-content\/uploads\/2025\/10\/shelled-almonds-16x12.webp 16w\" sizes=\"auto, (max-width: 720px) 100vw, 720px\" \/><figcaption class=\"wp-element-caption\">Am\u00eandoas descascadas<\/figcaption><\/figure> <\/figure>    <h2 class=\"wp-block-heading\">Por que escolher a nossa solu\u00e7\u00e3o de descascamento de am\u00eandoas?<\/h2>    <ul class=\"wp-block-list\"> <li><strong>Lucro M\u00e1ximo:<\/strong> Com at\u00e9 98% de caro\u00e7os inteiros, produz um produto de qualidade superior que alcan\u00e7a um pre\u00e7o de mercado melhor.<\/li>    <li><strong>Efici\u00eancia Inigual\u00e1vel:<\/strong> O nosso sistema de separa\u00e7\u00e3o de controlo duplo usa uma combina\u00e7\u00e3o precisa de vibra\u00e7\u00e3o e fluxo de ar para separar claramente cascas e caro\u00e7os, eliminando praticamente a necessidade de triagem manual.<\/li>    <li><strong>Investimento Vers\u00e1til:<\/strong> Embora seja excelente como m\u00e1quina de descasque de am\u00eandoas, o seu design personaliz\u00e1vel permite processar outros frutos secos de alto valor, como avel\u00e3s, nozes de palma e nozes de macad\u00e2mia, maximizando o seu retorno sobre o investimento.<\/li>    <li><strong>Constru\u00eddo para Produ\u00e7\u00e3o Cont\u00ednua:<\/strong> Todas as pe\u00e7as em contacto com alimentos s\u00e3o de a\u00e7o inoxid\u00e1vel de grau alimentar, montadas numa estrutura de a\u00e7o carbono resistente, projetada para opera\u00e7\u00e3o ininterrupta, 24\/7.<\/li> <\/ul>    <h2 class=\"wp-block-heading\">An\u00e1lise T\u00e9cnica: A Engenharia por Tr\u00e1s do Desempenho<\/h2>    <p>A superioridade da nossa casca de am\u00eandoa para venda reside no seu processo inteligente em v\u00e1rias etapas. Cada componente \u00e9 otimizado para uma tarefa espec\u00edfica.<\/p>    <h3 class=\"wp-block-heading\">Etapa 1: Dimensionamento de Precis\u00e3o (Classificador de Tambor Rotativo)<\/h3>    <p class=\"translation-block\">O processo come\u00e7a por classificar am\u00eandoas cruas em 3-4 tamanhos uniformes com o<a href=\"https:\/\/www.cashewnut-processing.com\/pt\/cashew-classifier-machine.html\/\" data-type=\"link\" data-id=\"https:\/\/www.cashewnut-processing.com\/cashew-classifier-machine.html\">classificador de tambor rotativo<\/a>. Este \u00e9 o passo crucial para atingir uma alta taxa de descascamento. O classificador usa furos de tela de tamanho personalizado (p. ex., furos planos para a espessura da am\u00eandoa) para garantir precis\u00e3o.<\/p>    <ul class=\"wp-block-list\"> <li>Capacidade: ~1.000 kg\/h; <\/li>    <li>Pot\u00eancia: 2,2 kW<\/li> <\/ul>    <figure class=\"wp-block-gallery has-nested-images columns-default is-cropped wp-block-gallery-3 is-layout-flex wp-block-gallery-is-layout-flex\"> <figure class=\"wp-block-image size-full\"><img loading=\"lazy\" decoding=\"async\" width=\"720\" height=\"540\" data-id=\"7269\" src=\"https:\/\/www.cashewnut-processing.com\/wp-content\/uploads\/2025\/10\/Feeding-elevator-and-rotary-drum-grading-machine-for-nut-processing-line.webp\" alt=\"Elevador de alimenta\u00e7\u00e3o e m\u00e1quina de classifica\u00e7\u00e3o com tambor rotativo para linha de processamento de frutos secos\" class=\"wp-image-7269\" title=\"\" srcset=\"https:\/\/www.cashewnut-processing.com\/wp-content\/uploads\/2025\/10\/Feeding-elevator-and-rotary-drum-grading-machine-for-nut-processing-line.webp 720w, https:\/\/www.cashewnut-processing.com\/wp-content\/uploads\/2025\/10\/Feeding-elevator-and-rotary-drum-grading-machine-for-nut-processing-line-300x225.webp 300w, https:\/\/www.cashewnut-processing.com\/wp-content\/uploads\/2025\/10\/Feeding-elevator-and-rotary-drum-grading-machine-for-nut-processing-line-16x12.webp 16w\" sizes=\"auto, (max-width: 720px) 100vw, 720px\" \/><figcaption class=\"wp-element-caption\">Elevador de alimenta\u00e7\u00e3o e m\u00e1quina de classifica\u00e7\u00e3o com tambor rotativo para linha de processamento de frutos secos<\/figcaption><\/figure>    <figure class=\"wp-block-image size-full\"><img loading=\"lazy\" decoding=\"async\" width=\"720\" height=\"540\" data-id=\"7272\" src=\"https:\/\/www.cashewnut-processing.com\/wp-content\/uploads\/2025\/10\/rotary-drum-grading-machine-with-raised-frame.webp\" alt=\"rotary drum grading machine with raised frame\" class=\"wp-image-7272\" title=\"\" srcset=\"https:\/\/www.cashewnut-processing.com\/wp-content\/uploads\/2025\/10\/rotary-drum-grading-machine-with-raised-frame.webp 720w, https:\/\/www.cashewnut-processing.com\/wp-content\/uploads\/2025\/10\/rotary-drum-grading-machine-with-raised-frame-300x225.webp 300w, https:\/\/www.cashewnut-processing.com\/wp-content\/uploads\/2025\/10\/rotary-drum-grading-machine-with-raised-frame-16x12.webp 16w\" sizes=\"auto, (max-width: 720px) 100vw, 720px\" \/><figcaption class=\"wp-element-caption\">M\u00e1quina de classifica\u00e7\u00e3o com tambor rotativo e estrutura elevada<\/figcaption><\/figure>    <figure class=\"wp-block-image size-full\"><img loading=\"lazy\" decoding=\"async\" width=\"720\" height=\"540\" data-id=\"7268\" src=\"https:\/\/www.cashewnut-processing.com\/wp-content\/uploads\/2025\/10\/automatic-weighing-hopper-for-precise-feeding.webp\" alt=\"automatic weighing hopper for precise feeding\" class=\"wp-image-7268\" title=\"\" srcset=\"https:\/\/www.cashewnut-processing.com\/wp-content\/uploads\/2025\/10\/automatic-weighing-hopper-for-precise-feeding.webp 720w, https:\/\/www.cashewnut-processing.com\/wp-content\/uploads\/2025\/10\/automatic-weighing-hopper-for-precise-feeding-300x225.webp 300w, https:\/\/www.cashewnut-processing.com\/wp-content\/uploads\/2025\/10\/automatic-weighing-hopper-for-precise-feeding-16x12.webp 16w\" sizes=\"auto, (max-width: 720px) 100vw, 720px\" \/><figcaption class=\"wp-element-caption\">C\u00e2mara de pesagem autom\u00e1tica para alimenta\u00e7\u00e3o precisa<\/figcaption><\/figure> <\/figure>    <h3 class=\"wp-block-heading\">Etapa 2: Cracking Controlado (O Descascador de Am\u00eandoas)<\/h3>    <p class=\"translation-block\">Am\u00eandoas dimensionadas s\u00e3o alimentadas em m\u00e1quinas dedicadas de descascamento de<a href=\"https:\/\/www.cashewnut-processing.com\/pt\/cashew-vibrate-conveyor.html\/\" data-type=\"link\" data-id=\"https:\/\/www.cashewnut-processing.com\/cashew-vibrate-conveyor.html\">am\u00eandoas<\/a>. Ajustando o espa\u00e7o de descascamento para cada tamanho, aplicamos a press\u00e3o perfeita para partir a casca sem danificar o kernel.<\/p>    <ul class=\"wp-block-list\"> <li>Pot\u00eancia: 3 kW por unidade; <\/li>    <li>Componentes de Descascamento: A\u00e7o Inoxid\u00e1vel<\/li> <\/ul>    <figure class=\"wp-block-gallery has-nested-images columns-default is-cropped wp-block-gallery-4 is-layout-flex wp-block-gallery-is-layout-flex\"> <figure class=\"wp-block-image size-full\"><img loading=\"lazy\" decoding=\"async\" width=\"720\" height=\"540\" data-id=\"7265\" src=\"https:\/\/www.cashewnut-processing.com\/wp-content\/uploads\/2025\/10\/almond-shelling-machine-1.webp\" alt=\"maquina de descascamento de am\u00eandoas\" class=\"wp-image-7265\" title=\"\" srcset=\"https:\/\/www.cashewnut-processing.com\/wp-content\/uploads\/2025\/10\/almond-shelling-machine-1.webp 720w, https:\/\/www.cashewnut-processing.com\/wp-content\/uploads\/2025\/10\/almond-shelling-machine-1-300x225.webp 300w, https:\/\/www.cashewnut-processing.com\/wp-content\/uploads\/2025\/10\/almond-shelling-machine-1-16x12.webp 16w\" sizes=\"auto, (max-width: 720px) 100vw, 720px\" \/><figcaption class=\"wp-element-caption\">M\u00e1quina de descasque de am\u00eandoas<\/figcaption><\/figure>    <figure class=\"wp-block-image size-full\"><img loading=\"lazy\" decoding=\"async\" width=\"720\" height=\"540\" data-id=\"7264\" src=\"https:\/\/www.cashewnut-processing.com\/wp-content\/uploads\/2025\/10\/almond-sheller-connected-to-the-weighing-hopper.webp\" alt=\"almond sheller connected to the weighing hopper\" class=\"wp-image-7264\" title=\"\" srcset=\"https:\/\/www.cashewnut-processing.com\/wp-content\/uploads\/2025\/10\/almond-sheller-connected-to-the-weighing-hopper.webp 720w, https:\/\/www.cashewnut-processing.com\/wp-content\/uploads\/2025\/10\/almond-sheller-connected-to-the-weighing-hopper-300x225.webp 300w, https:\/\/www.cashewnut-processing.com\/wp-content\/uploads\/2025\/10\/almond-sheller-connected-to-the-weighing-hopper-16x12.webp 16w\" sizes=\"auto, (max-width: 720px) 100vw, 720px\" \/><figcaption class=\"wp-element-caption\">Descascador de am\u00eandoas ligado \u00e0 c\u00e2mara de pesagem<\/figcaption><\/figure> <\/figure>    <h3 class=\"wp-block-heading\">Etapa 3: Separa\u00e7\u00e3o Avan\u00e7ada (Separador de Controlo Dual)<\/h3>    <p>Este \u00e9 o nosso n\u00facleo tecnol\u00f3gico. Uma mistura de gr\u00e3os e cascas entra no separador, que utiliza dois motores de frequ\u00eancia vari\u00e1vel para controlar vibra\u00e7\u00e3o e fluxo de ar de forma independente. Isto cria um \u201cleito fluidizado\u201d que eleva as cascas leves, enquanto os gr\u00e3os pesados s\u00e3o descarregados de forma limpa.<\/p>    <ul class=\"wp-block-list\"> <li>Pot\u00eancia: 1,5 kW   3 kW (VFD); <\/li>    <li>Estratifica\u00e7\u00e3o: A\u00e7o Inoxid\u00e1vel<\/li> <\/ul>   <div class=\"wp-block-image\"> <figure class=\"aligncenter size-full\"><img loading=\"lazy\" decoding=\"async\" width=\"720\" height=\"540\" src=\"https:\/\/www.cashewnut-processing.com\/wp-content\/uploads\/2025\/10\/Shell-and-kernel-separator.webp\" alt=\"Separador de casca e n\u00facleo\" class=\"wp-image-7274\" title=\"\" srcset=\"https:\/\/www.cashewnut-processing.com\/wp-content\/uploads\/2025\/10\/Shell-and-kernel-separator.webp 720w, https:\/\/www.cashewnut-processing.com\/wp-content\/uploads\/2025\/10\/Shell-and-kernel-separator-300x225.webp 300w, https:\/\/www.cashewnut-processing.com\/wp-content\/uploads\/2025\/10\/Shell-and-kernel-separator-16x12.webp 16w\" sizes=\"auto, (max-width: 720px) 100vw, 720px\" \/><figcaption class=\"wp-element-caption\">Separador de casca e n\u00facleo<\/figcaption><\/figure> <\/div>   <h3 class=\"wp-block-heading\">Etapa 4: Classifica\u00e7\u00e3o Final e Inspe\u00e7\u00e3o<\/h3>    <p>N\u00facleos limpos podem ser passados por uma tela final de m\u00faltiplas camadas para serem classificados em at\u00e9 5 grades comerciais, prontos para embalagem.<\/p>   <div class=\"wp-block-image\"> <figure class=\"aligncenter size-full\"><img loading=\"lazy\" decoding=\"async\" width=\"720\" height=\"540\" src=\"https:\/\/www.cashewnut-processing.com\/wp-content\/uploads\/2025\/10\/Multi-layer-screening-machine.webp\" alt=\"M\u00e1quina de triagem de m\u00faltiplas camadas\" class=\"wp-image-7271\" title=\"\" srcset=\"https:\/\/www.cashewnut-processing.com\/wp-content\/uploads\/2025\/10\/Multi-layer-screening-machine.webp 720w, https:\/\/www.cashewnut-processing.com\/wp-content\/uploads\/2025\/10\/Multi-layer-screening-machine-300x225.webp 300w, https:\/\/www.cashewnut-processing.com\/wp-content\/uploads\/2025\/10\/Multi-layer-screening-machine-16x12.webp 16w\" sizes=\"auto, (max-width: 720px) 100vw, 720px\" \/><figcaption class=\"wp-element-caption\">M\u00e1quina de triagem de m\u00faltiplas camadas<\/figcaption><\/figure> <\/div>   <h2 class=\"wp-block-heading\">Para al\u00e9m das am\u00eandoas: Um Powerhouse de Processamento Multinozes<\/h2>    <p>O verdadeiro valor destas m\u00e1quinas de remo\u00e7\u00e3o de cascas de am\u00eandoas \u00e9 a sua adaptabilidade. Basta mudar as telas e ajustar as configura\u00e7\u00f5es para desbloquear novas fontes de receita:<\/p>    <ul class=\"wp-block-list\"> <li>Descascamento de Avel\u00e3: Fende e separa facilmente as avel\u00e3s para confe\u00e7\u00e3o ou produ\u00e7\u00e3o de \u00f3leo.<\/li>    <li>Processamento de Nozes de Palmeira &amp; Badamu: a constru\u00e7\u00e3o robusta lida com as cascas mais duras das nozes de palma com facilidade.<\/li>    <li>Descascamento de Noz de Macad\u00e2mia: Pode ser configurado para partir at\u00e9 as cascas notoriamente duras das nozes de macad\u00e2mia.<\/li> <\/ul>    <p>Esta versatilidade transforma uma m\u00e1quina de uso \u00fanico num ativo central para toda a opera\u00e7\u00e3o de processamento de nozes.<\/p>    <figure class=\"wp-block-gallery has-nested-images columns-default is-cropped wp-block-gallery-5 is-layout-flex wp-block-gallery-is-layout-flex\"> <figure class=\"wp-block-image size-large\"><img loading=\"lazy\" decoding=\"async\" width=\"719\" height=\"540\" data-id=\"7230\" src=\"https:\/\/www.cashewnut-processing.com\/wp-content\/uploads\/2025\/10\/Shelled-hazelnuts.webp\" alt=\"Avel\u00e3s descascadas\" class=\"wp-image-7230\" title=\"\" srcset=\"https:\/\/www.cashewnut-processing.com\/wp-content\/uploads\/2025\/10\/Shelled-hazelnuts.webp 719w, https:\/\/www.cashewnut-processing.com\/wp-content\/uploads\/2025\/10\/Shelled-hazelnuts-300x225.webp 300w, https:\/\/www.cashewnut-processing.com\/wp-content\/uploads\/2025\/10\/Shelled-hazelnuts-16x12.webp 16w\" sizes=\"auto, (max-width: 719px) 100vw, 719px\" \/><figcaption class=\"wp-element-caption\">Avel\u00e3s Descascadas<\/figcaption><\/figure>    <figure class=\"wp-block-image size-large\"><img loading=\"lazy\" decoding=\"async\" width=\"720\" height=\"540\" data-id=\"7229\" src=\"https:\/\/www.cashewnut-processing.com\/wp-content\/uploads\/2025\/10\/Blanched-almonds.webp\" alt=\"Am\u00eandoas branqueadas\" class=\"wp-image-7229\" title=\"\" srcset=\"https:\/\/www.cashewnut-processing.com\/wp-content\/uploads\/2025\/10\/Blanched-almonds.webp 720w, https:\/\/www.cashewnut-processing.com\/wp-content\/uploads\/2025\/10\/Blanched-almonds-300x225.webp 300w, https:\/\/www.cashewnut-processing.com\/wp-content\/uploads\/2025\/10\/Blanched-almonds-16x12.webp 16w\" sizes=\"auto, (max-width: 720px) 100vw, 720px\" \/><figcaption class=\"wp-element-caption\">Am\u00eandoas branqueadas<\/figcaption><\/figure> <\/figure>    <figure class=\"wp-block-gallery has-nested-images columns-default is-cropped wp-block-gallery-6 is-layout-flex wp-block-gallery-is-layout-flex\"> <figure class=\"wp-block-image size-large\"><img loading=\"lazy\" decoding=\"async\" width=\"720\" height=\"540\" data-id=\"7276\" src=\"https:\/\/www.cashewnut-processing.com\/wp-content\/uploads\/2025\/10\/Unshelled-macadamia-nuts.webp\" alt=\"Nozes de macad\u00e2mia sem casca\" class=\"wp-image-7276\" title=\"\" srcset=\"https:\/\/www.cashewnut-processing.com\/wp-content\/uploads\/2025\/10\/Unshelled-macadamia-nuts.webp 720w, https:\/\/www.cashewnut-processing.com\/wp-content\/uploads\/2025\/10\/Unshelled-macadamia-nuts-300x225.webp 300w, https:\/\/www.cashewnut-processing.com\/wp-content\/uploads\/2025\/10\/Unshelled-macadamia-nuts-16x12.webp 16w\" sizes=\"auto, (max-width: 720px) 100vw, 720px\" \/><figcaption class=\"wp-element-caption\">Nozes de macad\u00e2mia sem casca<\/figcaption><\/figure>    <figure class=\"wp-block-image size-large\"><img loading=\"lazy\" decoding=\"async\" width=\"720\" height=\"540\" data-id=\"7270\" src=\"https:\/\/www.cashewnut-processing.com\/wp-content\/uploads\/2025\/10\/Macadamia-nuts-after-using-the-Shuliy-shelling-machine.webp\" alt=\"Macadamia nuts after using the Shuliy shelling machine\" class=\"wp-image-7270\" title=\"\" srcset=\"https:\/\/www.cashewnut-processing.com\/wp-content\/uploads\/2025\/10\/Macadamia-nuts-after-using-the-Shuliy-shelling-machine.webp 720w, https:\/\/www.cashewnut-processing.com\/wp-content\/uploads\/2025\/10\/Macadamia-nuts-after-using-the-Shuliy-shelling-machine-300x225.webp 300w, https:\/\/www.cashewnut-processing.com\/wp-content\/uploads\/2025\/10\/Macadamia-nuts-after-using-the-Shuliy-shelling-machine-16x12.webp 16w\" sizes=\"auto, (max-width: 720px) 100vw, 720px\" \/><figcaption class=\"wp-element-caption\">Nozes de macad\u00e2mia ap\u00f3s uso na m\u00e1quina de descasque Shuliy<\/figcaption><\/figure> <\/figure>    <h2 class=\"wp-block-heading\">O seu Parceiro no Processamento de Nozes<\/h2>    <p>N\u00e3o vendemos apenas m\u00e1quinas; fornecemos solu\u00e7\u00f5es completas e personalizadas. A nossa equipa de engenheiros trabalhar\u00e1 consigo para conceber uma linha de casca de am\u00eandoa que se adapte ao seu espa\u00e7o, satisfa\u00e7a as suas necessidades de capacidade e exceda as suas expectativas de qualidade.<\/p>    <p>As necessidades de cada produtor s\u00e3o \u00fanicas. Por isso oferecemos consultas detalhadas para garantir que obtenha a melhor configura\u00e7\u00e3o poss\u00edvel. Temos a m\u00e1quina de casca de am\u00eandoa certa \u00e0 venda para elevar o seu neg\u00f3cio.<\/p>   <div class=\"wp-block-image\"> <figure class=\"aligncenter size-full\"><img loading=\"lazy\" decoding=\"async\" width=\"720\" height=\"540\" src=\"https:\/\/www.cashewnut-processing.com\/wp-content\/uploads\/2025\/10\/screenshot_2026-01-16_13-34-12_\u7ed3\u679c.webp\" alt=\"A nossa linha de descasque de am\u00eandoas enviada para o Qu\u00e9nia.\" class=\"wp-image-7273\" title=\"\" srcset=\"https:\/\/www.cashewnut-processing.com\/wp-content\/uploads\/2025\/10\/screenshot_2026-01-16_13-34-12_\u7ed3\u679c.webp 720w, https:\/\/www.cashewnut-processing.com\/wp-content\/uploads\/2025\/10\/screenshot_2026-01-16_13-34-12_\u7ed3\u679c-300x225.webp 300w, https:\/\/www.cashewnut-processing.com\/wp-content\/uploads\/2025\/10\/screenshot_2026-01-16_13-34-12_\u7ed3\u679c-16x12.webp 16w\" sizes=\"auto, (max-width: 720px) 100vw, 720px\" \/><figcaption class=\"wp-element-caption\">A nossa linha de descasque de am\u00eandoas enviada para o Qu\u00e9nia.<\/figcaption><\/figure> <\/div>   <h2 class=\"wp-block-heading\">Pronto para aumentar a sua produ\u00e7\u00e3o e qualidade?<\/h2>    <p>Entre em contacto connosco hoje para uma consulta gratuita e um or\u00e7amento personalizado. Vamos discutir o seu projeto e fornecer-lhe um pre\u00e7o competitivo para a m\u00e1quina de casca de am\u00eandoa que fa\u00e7a sentido para o seu neg\u00f3cio.<\/p>    <h2 class=\"wp-block-heading\">FAQ<\/h2>   <div id=\"rank-math-faq\" class=\"rank-math-block\"> <div class=\"rank-math-list\"> <div id=\"faq-question-1761789569069\" class=\"rank-math-list-item\"> <h3 class=\"rank-math-question\">Qual \u00e9 a pegada t\u00edpica de uma linha de 1 tonelada por hora?<\/h3> <div class=\"rank-math-answer\">  <p>Uma linha padr\u00e3o requer um espa\u00e7o retangular, mas o layout \u00e9 flex\u00edvel. Fornecemos desenhos CAD detalhados para ajustar o sistema de forma \u00f3tima \u00e0 sua instala\u00e7\u00e3o.<\/p>  <\/div> <\/div> <div id=\"faq-question-1761789585609\" class=\"rank-math-list-item\"> <h3 class=\"rank-math-question\">A m\u00e1quina de descascamento de am\u00eandoas consegue lidar com am\u00eandoas com diferentes n\u00edveis de humidade?<\/h3> <div class=\"rank-math-answer\">  <p>Sim. Embora o descascamento \u00f3timo ocorra a um conte\u00fado de humidade espec\u00edfico, as configura\u00e7\u00f5es ajust\u00e1veis do nosso descascador e do separador permitem um processamento eficaz de nozes com diferentes humidades.<\/p>  <\/div> <\/div> <div id=\"faq-question-1761789602148\" class=\"rank-math-list-item\"> <h3 class=\"rank-math-question\">Que manuten\u00e7\u00e3o \u00e9 necess\u00e1ria?<\/h3> <div class=\"rank-math-answer\">  <p>A manuten\u00e7\u00e3o \u00e9 m\u00ednima. Envolve limpeza regular, verifica\u00e7\u00e3o da tens\u00e3o da correia e lubrifica\u00e7\u00e3o peri\u00f3dica de mancais. Fornecemos um cronograma de manuten\u00e7\u00e3o completo e suporte.<\/p>  <\/div> <\/div> <div id=\"faq-question-1761789934398\" class=\"rank-math-list-item\"> <h3 class=\"rank-math-question\">Oferece instala\u00e7\u00e3o e forma\u00e7\u00e3o?<\/h3> <div class=\"rank-math-answer\">  <p>Sim, oferecemos servi\u00e7os completos de instala\u00e7\u00e3o e forma\u00e7\u00e3o no local para os seus operadores, para garantir que possa operar a linha com a m\u00e1xima efici\u00eancia desde o primeiro dia. (Nota: Por favor, informe-se sobre termos e condi\u00e7\u00f5es).<\/p>  <\/div> <\/div> <\/div> <\/div>","protected":false},"excerpt":{"rendered":"<p>Stop losing money to broken kernels and slow, manual labor. Our industrial almond shelling machine line is your all-in-one solution to achieve a kernel integrity rate of up to 98% while processing 1,000-1,500 kg of raw almonds per hour. This isn&#8217;t just a machine; it&#8217;s a high-yield automated system engineered for serious producers who demand [&hellip;]<\/p>\n","protected":false},"author":1,"featured_media":7327,"parent":0,"template":"","tags":[],"product-type":[12],"class_list":["post-7227","product","type-product","status-publish","has-post-thumbnail","hentry","product-type-nut-processing-line"],"_links":{"self":[{"href":"https:\/\/www.cashewnut-processing.com\/pt\/wp-json\/wp\/v2\/product\/7227","targetHints":{"allow":["GET"]}}],"collection":[{"href":"https:\/\/www.cashewnut-processing.com\/pt\/wp-json\/wp\/v2\/product"}],"about":[{"href":"https:\/\/www.cashewnut-processing.com\/pt\/wp-json\/wp\/v2\/types\/product"}],"author":[{"embeddable":true,"href":"https:\/\/www.cashewnut-processing.com\/pt\/wp-json\/wp\/v2\/users\/1"}],"wp:featuredmedia":[{"embeddable":true,"href":"https:\/\/www.cashewnut-processing.com\/pt\/wp-json\/wp\/v2\/media\/7327"}],"wp:attachment":[{"href":"https:\/\/www.cashewnut-processing.com\/pt\/wp-json\/wp\/v2\/media?parent=7227"}],"wp:term":[{"taxonomy":"post_tag","embeddable":true,"href":"https:\/\/www.cashewnut-processing.com\/pt\/wp-json\/wp\/v2\/tags?post=7227"},{"taxonomy":"product-type","embeddable":true,"href":"https:\/\/www.cashewnut-processing.com\/pt\/wp-json\/wp\/v2\/product-type?post=7227"}],"curies":[{"name":"wp","href":"https:\/\/api.w.org\/{rel}","templated":true}]}}