{"id":7199,"date":"2025-08-29T17:25:21","date_gmt":"2025-08-29T09:25:21","guid":{"rendered":"https:\/\/www.cashewnut-processing.com\/?post_type=product&#038;p=7199"},"modified":"2025-10-28T15:06:33","modified_gmt":"2025-10-28T07:06:33","slug":"sesame-seed-cleaning-machine","status":"publish","type":"product","link":"https:\/\/www.cashewnut-processing.com\/pt\/sesame-seed-cleaning-machine.html","title":{"rendered":"M\u00e1quina Profissional de Limpeza de Sementes de S\u00e9samo para Gr\u00e3os, Trigo &amp; Soja"},"content":{"rendered":"<p>Para qualquer processador de alimentos, o valor de um produto final come\u00e7a pela pureza dos seus ingredientes crus. Na Taizy, entregamos essa pureza. As nossas solu\u00e7\u00f5es profissionais de limpeza de sementes, com uma m\u00e1quina de limpeza de sementes de s\u00e9samo seca vers\u00e1til e uma m\u00e1quina de lavagem de s\u00e9samo h\u00famido de grau alimentar, constituem o passo essencial inicial em linhas de produ\u00e7\u00e3o para tahine, prensagem de \u00f3leo comest\u00edvel, torrefa\u00e7\u00e3o de nozes, e al\u00e9m.<\/p>    <h2 class=\"wp-block-heading\">Principais Caracter\u00edsticas das Nossas M\u00e1quinas de Limpeza de Sementes de S\u00e9samo<\/h2>    <ul class=\"wp-block-list\"> <li>Aplica\u00e7\u00e3o Vers\u00e1til: N\u00e3o apenas adequada \u00e0 limpeza de sementes de s\u00e9samo, mas tamb\u00e9m pode ser usada para processar trigo, milho, amendoim, soja, sementes de girassol, arroz e v\u00e1rios outros gr\u00e3os.<\/li>    <li>As nossas m\u00e1quinas de limpeza de sementes de s\u00e9samo s\u00e3o personaliz\u00e1veis para atender requisitos espec\u00edficos de produ\u00e7\u00e3o e s\u00e3o compat\u00edveis com diversas linhas de processamento de alimentos.<\/li>    <li>Efici\u00eancia de limpeza excecional que assegura 99,9% de pureza do s\u00e9samo, garantindo a seguran\u00e7a alimentar.<\/li>    <li>A sua constru\u00e7\u00e3o em a\u00e7o inoxid\u00e1vel assegura resist\u00eancia \u00e0 corros\u00e3o e durabilidade.<\/li>    <li>O design compacto minimiza as necessidades de espa\u00e7o no piso.<\/li>    <li>Engenharia cuidada torna a limpeza e manuten\u00e7\u00e3o f\u00e1ceis.<\/li>    <li>Servi\u00e7os de instala\u00e7\u00e3o e garantia complementar de um ano est\u00e3o dispon\u00edveis.<\/li> <\/ul>    <h2 class=\"wp-block-heading\">Solu\u00e7\u00e3o 1: A Taizy Limpeza de Sementes Secas de Alta Capacidade<\/h2>    <p>Para opera\u00e7\u00f5es de grande escala onde a efici\u00eancia, o volume e a versatilidade s\u00e3o fundamentais, a nossa m\u00e1quina limpa-gr\u00e3os seca \u00e9 o operador definitivo. Este sistema usa uma combina\u00e7\u00e3o poderosa de ar e peneiramento para remover impurezas sem uma \u00fanica gota de \u00e1gua.<\/p>    <p>Esta poderosa limpadora de sementes \u00e9 a escolha perfeita para: <\/p>    <ul class=\"wp-block-list\"> <li>Comerciantes agr\u00edcolas e agricultores: para classificar e limpar rapidamente mat\u00e9rias-primas antes do armazenamento ou venda.<\/li>    <li>F\u00e1bricas de processamento prim\u00e1rio: Como etapa essencial de pr\u00e9-limpeza numa linha de produ\u00e7\u00e3o maior.<\/li>    <li>Neg\u00f3cios que necessitam de uma limpadora de sementes de trigo ou de soja para venda<\/li> <\/ul>   <div class=\"wp-block-image\"> <figure class=\"aligncenter size-full\"><img loading=\"lazy\" decoding=\"async\" width=\"720\" height=\"540\" src=\"https:\/\/www.cashewnut-processing.com\/wp-content\/uploads\/2025\/08\/screenshot_2025-08-29_17-22-22.png\" alt=\"lavadora de sementes\" class=\"wp-image-7201\" title=\"\" srcset=\"https:\/\/www.cashewnut-processing.com\/wp-content\/uploads\/2025\/08\/screenshot_2025-08-29_17-22-22.png 720w, https:\/\/www.cashewnut-processing.com\/wp-content\/uploads\/2025\/08\/screenshot_2025-08-29_17-22-22-300x225.png 300w, https:\/\/www.cashewnut-processing.com\/wp-content\/uploads\/2025\/08\/screenshot_2025-08-29_17-22-22-16x12.png 16w\" sizes=\"auto, (max-width: 720px) 100vw, 720px\" \/><figcaption class=\"wp-element-caption\">lavadora de sementes<\/figcaption><\/figure> <\/div>   <h3 class=\"wp-block-heading\">Princ\u00edpio de Funcionamento das Peneiras de Limpeza de Gr\u00e3os<\/h3>    <p>Primeiro, um sistema de aspira\u00e7\u00e3o de ar remove com efici\u00eancia impurezas leves como p\u00f3, palha e cascas vazias. As sementes passam depois por um sistema de peneiras vibrat\u00f3rias de v\u00e1rias camadas. Detritos maiores s\u00e3o removidos das camadas superiores, enquanto part\u00edculas menores como areia caem atrav\u00e9s das camadas inferiores. Esta tamb\u00e9m \u00e9 uma m\u00e1quina de classifica\u00e7\u00e3o de sementes eficaz, capaz de separar sementes por tamanho.<\/p>    <h2 class=\"wp-block-heading\">Solu\u00e7\u00e3o2: A Taizy M\u00e1quina de Lavagem de S\u00e9samo H\u00famado de Grau Alimentar<\/h2>    <p>Quando o seu produto final tem como destino a mesa de jantar, a pureza absoluta n\u00e3o \u00e9 negoci\u00e1vel. A nossa m\u00e1quina de lavar s\u00e9samo de grau alimentar foi concebida para empresas que exigem os mais altos padr\u00f5es de higiene e seguran\u00e7a. \u00c9 o limpador comercial de sementes ideal para a ind\u00fastria alimentar.<\/p>    <p>Esta lavadora de sementes avan\u00e7ada \u00e9 essencial para:<\/p>    <ul class=\"wp-block-list\"> <li>Produtores de Tahine e Pasta de S\u00e9samo: Para alcan\u00e7ar uma textura suave e proteger moedores caros.<\/li>    <li>Fabricantes de \u00d3leo de S\u00e9samo: Para garantir um sabor puro e limpo.<\/li>    <li>Padarias e empresas de snacks: Para coberturas e ingredientes perfeitamente limpos.<\/li> <\/ul>   <div class=\"wp-block-image\"> <figure class=\"aligncenter size-full\"><img loading=\"lazy\" decoding=\"async\" width=\"720\" height=\"540\" src=\"https:\/\/www.cashewnut-processing.com\/wp-content\/uploads\/2025\/08\/screenshot_2025-08-29_17-17-44.png\" alt=\"M\u00e1quina de limpeza de sementes de s\u00e9samo\" class=\"wp-image-7202\" title=\"\" srcset=\"https:\/\/www.cashewnut-processing.com\/wp-content\/uploads\/2025\/08\/screenshot_2025-08-29_17-17-44.png 720w, https:\/\/www.cashewnut-processing.com\/wp-content\/uploads\/2025\/08\/screenshot_2025-08-29_17-17-44-300x225.png 300w, https:\/\/www.cashewnut-processing.com\/wp-content\/uploads\/2025\/08\/screenshot_2025-08-29_17-17-44-16x12.png 16w\" sizes=\"auto, (max-width: 720px) 100vw, 720px\" \/><figcaption class=\"wp-element-caption\">M\u00e1quina de limpeza de sementes de s\u00e9samo<\/figcaption><\/figure> <\/div>   <h3 class=\"wp-block-heading\">Como funciona a M\u00e1quina de Limpeza de Sementes de S\u00e9samo?<\/h3>    <p>Este equipamento de limpeza de sementes oferece uma limpeza profunda em tr\u00eas est\u00e1gios. Primeiro, as sementes s\u00e3o suavemente agitadas num tanque de a\u00e7o inoxid\u00e1vel para lavar a sujidade aderida. Criticamente, uma fun\u00e7\u00e3o de destona\u00e7\u00e3o por gravidade remove impurezas pesadas como pedras e fragmentos de metal. Finalmente, um desagua-centr\u00edfago fazem as sementes secarem, preparando-as para a torra.<\/p>    <h2 class=\"wp-block-heading\">Especifica\u00e7\u00f5es da Limpeza de Sementes para Venda<\/h2>    <figure class=\"wp-block-table\"><table><thead><tr><th>Recurso<\/th><th><strong>Limpeza a Seco de Sementes<\/strong><\/th><th><strong>M\u00e1quina de Lavagem H\u00famida<\/strong><\/th><\/tr><\/thead><tbody><tr><td><strong>Fun\u00e7\u00e3o Prim\u00e1ria<\/strong><\/td><td>Remo\u00e7\u00e3o maci\u00e7a de impurezas, classifica\u00e7\u00e3o, pr\u00e9-limpeza<\/td><td>Lavagem profunda, destona\u00e7\u00e3o, purifica\u00e7\u00e3o final<\/td><\/tr><tr><td><strong>Linhas de Produ\u00e7\u00e3o Ideais<\/strong><\/td><td>\u2022 Silos e Linhas de Armazenamento de Gr\u00e3os<br>\u2022 Pr\u00e9-limpeza de Moagem de Farinha<br>\u2022 Produ\u00e7\u00e3o de ra\u00e7\u00e3o animal<br>\u2022 Pr\u00e9-limpeza de prensagem de \u00f3leo<br>\u2022 Processamento e Com\u00e9rcio de Sementes<\/td><td>\u2022 <strong>Produ\u00e7\u00e3o de Tahini (Pasta de S\u00e9samo)<\/strong><br>\u2022 Prensagem de \u00d3leo Alimentar de Alta Pureza<br>\u2022 <a href=\"https:\/\/www.cashewnut-processing.com\/pt\/cashew-peanut-roasting-machine.html\/\" data-type=\"link\" data-id=\"https:\/\/www.cashewnut-processing.com\/cashew-peanut-roasting-machine.html\">Linhas de Manteiga de Nozes &amp; Pasta<\/a><br>\u2022 Processamento de Feij\u00e3o (Leite de Soja, Tofu, Hummus)<br>\u2022 Linhas de Ingredientes e Coberturas para Padaria<\/td><\/tr><tr><td><strong>Capacidade<\/strong><\/td><td><strong>5000 kg\/h<\/strong> (5 T\/h, com base em trigo)<\/td><td><strong>500 \u2013 3000 kg\/h<\/strong> (Personaliz\u00e1vel)<\/td><\/tr><tr><td><strong>Pot\u00eancia Total<\/strong><\/td><td>8,1 kW<\/td><td>1,5 kW (Exemplo para modelo de 2000 kg\/h)<\/td><\/tr><tr><td><strong>Dimens\u00f5es (L*A*P)<\/strong><\/td><td>4300*1800*3200 mm<\/td><td>1900*500*200 mm (Modelo de Exemplo)<\/td><\/tr><tr><td><strong>Peso<\/strong><\/td><td>~1750 kg<\/td><td>~150 kg (Modelo de Exemplo)<\/td><\/tr><tr><td><strong>Material<\/strong><\/td><td>Estrutura em A\u00e7o Carbono (A\u00e7o Inoxid\u00e1vel opcional)<\/td><td><strong>A\u00e7o Inoxid\u00e1vel Alimentar Completo<\/strong><\/td><\/tr><tr><td><strong>Tens\u00e3o<\/strong><\/td><td>380V \/ 3 Fases (Personaliz\u00e1vel)<\/td><td>220V \/ 380V (Personaliz\u00e1vel)<\/td><\/tr><tr><td><strong>Principais Caracter\u00edsticas<\/strong><\/td><td>\u2022 Peneiras Vibrat\u00f3rias de 4 Camadas<br>\u2022 Criador de P\u00f3 em Cyclone<br>\u2022 Bolas de Borracha Auto-Limpantes<br>\u2022 M\u00f3vel com Rodas<\/td><td>\u2022 <strong>Fun\u00e7\u00e3o Integrada de Destona\u00e7\u00e3o<\/strong><br>\u2022 Inclui Unidade de Desidrata\u00e7\u00e3o<br>\u2022 Opera\u00e7\u00e3o Totalmente Autom\u00e1tica<br>\u2022 Higi\u00e9nico &amp; F\u00e1cil de Limpar<\/td><\/tr><\/tbody><\/table><\/figure>    <h2 class=\"wp-block-heading\">A Vantagem Taizy: O Seu Parceiro na Pureza<\/h2>    <p>Escolher a Taizy significa escolher fiabilidade. Quer precise de uma limpadora de gr\u00e3os robusta e de grande escala ou de uma m\u00e1quina de limpeza de sementes pequena e compacta, oferecemos:<\/p>    <ul class=\"wp-block-list\"> <li>Constru\u00e7\u00e3o Dur\u00e1vel: As nossas m\u00e1quinas s\u00e3o constru\u00eddas para durar, oferecendo anos de desempenho est\u00e1vel.<\/li>    <li>Consultoria Especializada: Ajudamo-lo a escolher o equipamento de limpeza de gr\u00e3os certo para as suas necessidades espec\u00edficas.<\/li>    <li>Sistemas Completos de Limpeza de Gr\u00e3os: Podemos ajudar a integrar a sua nova m\u00e1quina numa linha de produ\u00e7\u00e3o completa.<\/li> <\/ul>    <p>\u00c0 procura de uma m\u00e1quina de limpeza de sementes para venda? N\u00e3o procure mais. Contacte a nossa equipa hoje para discutir o seu projeto. Permita-nos fornecer um or\u00e7amento para a perfeita m\u00e1quina de limpeza de sementes de s\u00e9samo Taizy e ajudar a estabelecer a base para um produto superior.<\/p>","protected":false},"excerpt":{"rendered":"<p>For any food processor, the value of a final product begins with the purity of its raw ingredients. At Taizy, we deliver that purity. Our professional seed cleaning solutions, featuring both a versatile dry sesame seed cleaning machine and a food-grade wet sesame washing machine, are the essential first step in production lines for tahini, [&hellip;]<\/p>\n","protected":false},"author":1,"featured_media":7202,"parent":0,"template":"","tags":[],"product-type":[415],"class_list":["post-7199","product","type-product","status-publish","has-post-thumbnail","hentry","product-type-sorting-grading-machine"],"_links":{"self":[{"href":"https:\/\/www.cashewnut-processing.com\/pt\/wp-json\/wp\/v2\/product\/7199","targetHints":{"allow":["GET"]}}],"collection":[{"href":"https:\/\/www.cashewnut-processing.com\/pt\/wp-json\/wp\/v2\/product"}],"about":[{"href":"https:\/\/www.cashewnut-processing.com\/pt\/wp-json\/wp\/v2\/types\/product"}],"author":[{"embeddable":true,"href":"https:\/\/www.cashewnut-processing.com\/pt\/wp-json\/wp\/v2\/users\/1"}],"wp:featuredmedia":[{"embeddable":true,"href":"https:\/\/www.cashewnut-processing.com\/pt\/wp-json\/wp\/v2\/media\/7202"}],"wp:attachment":[{"href":"https:\/\/www.cashewnut-processing.com\/pt\/wp-json\/wp\/v2\/media?parent=7199"}],"wp:term":[{"taxonomy":"post_tag","embeddable":true,"href":"https:\/\/www.cashewnut-processing.com\/pt\/wp-json\/wp\/v2\/tags?post=7199"},{"taxonomy":"product-type","embeddable":true,"href":"https:\/\/www.cashewnut-processing.com\/pt\/wp-json\/wp\/v2\/product-type?post=7199"}],"curies":[{"name":"wp","href":"https:\/\/api.w.org\/{rel}","templated":true}]}}