{"id":7048,"date":"2023-04-03T10:09:25","date_gmt":"2023-04-03T02:09:25","guid":{"rendered":"https:\/\/www.cashewnut-processing.com\/?post_type=product&#038;p=7048"},"modified":"2025-10-28T15:06:09","modified_gmt":"2025-10-28T07:06:09","slug":"kaju-grinding-machine","status":"publish","type":"product","link":"https:\/\/www.cashewnut-processing.com\/pt\/kaju-grinding-machine.html","title":{"rendered":"M\u00e1quina de moagem Kaju para fazer manteiga de castanha de caju"},"content":{"rendered":"<p>Uma m\u00e1quina de moer kaju \u00e9 uma m\u00e1quina usada para moer v\u00e1rias nozes, como castanha de caju, amendoim, etc. Ela pode moer castanhas de caju e transform\u00e1-las em uma deliciosa manteiga de caju. Portanto, se voc\u00ea tamb\u00e9m precisa de uma retificadora de nozes, esta m\u00e1quina \u00e9 uma boa escolha.<\/p>    <p>Neste artigo, apresentaremos detalhadamente o princ\u00edpio de funcionamento, os par\u00e2metros e a faixa de aplica\u00e7\u00e3o da retificadora de caju.<\/p>   <div class=\"wp-block-image\"> <figure class=\"aligncenter size-full\"><img loading=\"lazy\" decoding=\"async\" width=\"720\" height=\"540\" src=\"https:\/\/www.cashewnut-processing.com\/wp-content\/uploads\/2023\/04\/kaju-grinding-machine.webp\" alt=\"m\u00e1quina de moer kaju\" class=\"wp-image-7052\" title=\"\"><figcaption class=\"wp-element-caption\">m\u00e1quina de moer kaju<\/figcaption><\/figure> <\/div>   <h2 class=\"wp-block-heading\">Como moer castanha de caju?<\/h2>    <p>O moedor de castanha de caju usa a intera\u00e7\u00e3o entre o disco de moagem girat\u00f3rio de alta velocidade e os dentes de moagem dentro da m\u00e1quina para transformar a castanha de caju em manteiga de castanha de caju. O princ\u00edpio de funcionamento da m\u00e1quina \u00e9 o seguinte.<\/p>    <p class=\"translation-block\">Dentro da m\u00e1quina de moagem de kaju existe um par de discos de moagem que interagem. Um \u00e9 estacion\u00e1rio e \u00e9 chamado de disco fixo. O outro est\u00e1 a girar e \u00e9 chamado de disco m\u00f3vel. Quando as <a href=\"https:\/\/www.cashewnut-processing.com\/pt\/cashew-nut-shelling-and-cracking-machine.html\/\">castanhas de caju descascadas<\/a> s\u00e3o despejadas na m\u00e1quina pela porta de alimenta\u00e7\u00e3o, elas s\u00e3o levadas aos dentes de moagem entre os discos de moagem. Sob a a\u00e7\u00e3o de cisalhamento e moagem de alta velocidade dos dentes de moagem, as castanhas de caju ser\u00e3o mo\u00eddas.<\/p>    <p>Se voc\u00ea deseja obter uma manteiga de caju mais fina, basta ajustar o espa\u00e7amento dos discos de moagem e a velocidade de rota\u00e7\u00e3o. Finalmente, o material mo\u00eddo ser\u00e1 descarregado da porta de descarga.<\/p>   <div class=\"wp-block-image\"> <figure class=\"aligncenter size-full\"><img loading=\"lazy\" decoding=\"async\" width=\"720\" height=\"540\" src=\"https:\/\/www.cashewnut-processing.com\/wp-content\/uploads\/2023\/04\/how-to-grind-cashew-nuts.webp\" alt=\"como moer castanha de caju\" class=\"wp-image-7056\" title=\"\"><figcaption class=\"wp-element-caption\">como moer castanha de caju<\/figcaption><\/figure> <\/div>   <h2 class=\"wp-block-heading\">Par\u00e2metros da m\u00e1quina<\/h2>    <figure class=\"wp-block-table\"><table><tbody><tr><td>Modelo<\/td><td>Capacidade (kg\/h)<\/td><td>Tamanho da m\u00e1quina (mm)<\/td><td>Pot\u00eancia (kw)<\/td><td>Peso (kg)<\/td><\/tr><tr><td>TZ-70<\/td><td>50-80<\/td><td>650x320x650<\/td><td>2.2<\/td><td>70<\/td><\/tr><tr><td>TZ-85<\/td><td>100-500<\/td><td>900x350x900<\/td><td>5.5<\/td><td>170<\/td><\/tr><tr><td>TZ-130<\/td><td>200-300<\/td><td>1000x350x1000<\/td><td>11<\/td><td>270<\/td><\/tr><tr><td>TZ-185<\/td><td>500-800<\/td><td>1200x450x1200<\/td><td>30<\/td><td>470<\/td><\/tr><tr><td>TZ-200<\/td><td>600-1000<\/td><td>1200x500x1200<\/td><td>37<\/td><td>500<\/td><\/tr><\/tbody><\/table><\/figure>    <h2 class=\"wp-block-heading\">Vantagens da retificadora kaju<\/h2>    <ol class=\"wp-block-list\"> <li>Alta efici\u00eancia de produ\u00e7\u00e3o. A capacidade de produ\u00e7\u00e3o do moedor de castanha de caju est\u00e1 entre 50-1000kg\/h. Ent\u00e3o, se voc\u00ea tem um <a href=\"https:\/\/www.cashewnut-processing.com\/pt\/automatic-cashew-nut-processing-line.html\/\">planta de processamento de castanha de caju<\/a>, esta m\u00e1quina pode atender \u00e0s suas necessidades.<\/li>    <li>O tamanho das part\u00edculas do produto acabado \u00e9 uniforme. A m\u00e1quina de moagem kaju usa for\u00e7a de cisalhamento rotativa de alta velocidade para fazer manteiga de castanha de caju. A manteiga de caju assim produzida apresenta granulometria uniforme e produto de alta qualidade.<\/li>    <li>A m\u00e1quina \u00e9 f\u00e1cil de operar. O usu\u00e1rio s\u00f3 precisa ligar a m\u00e1quina e despejar o material na porta de alimenta\u00e7\u00e3o. Pode ser facilmente operado por uma pessoa.<\/li>    <li>Seguran\u00e7a e higiene. As partes da trituradora de caju em contato com o material s\u00e3o feitas de material de qualidade alimentar <a href=\"https:\/\/en.wikipedia.org\/wiki\/Stainless_steel\" target=\"_blank\" rel=\"noopener\">a\u00e7o inoxid\u00e1vel<\/a>, que tem como vantagens a higiene, seguran\u00e7a e facilidade de limpeza.<\/li>    <li>Estrutura simples e f\u00e1cil manuten\u00e7\u00e3o.<\/li> <\/ol>   <div class=\"wp-block-image\"> <figure class=\"aligncenter size-full\"><img loading=\"lazy\" decoding=\"async\" width=\"720\" height=\"540\" src=\"https:\/\/www.cashewnut-processing.com\/wp-content\/uploads\/2023\/04\/cashew-nut-butter.webp\" alt=\"manteiga de castanha de caju\" class=\"wp-image-7051\" title=\"\"><figcaption class=\"wp-element-caption\">manteiga de castanha de caju<\/figcaption><\/figure> <\/div>   <h2 class=\"wp-block-heading\">Faixa de aplica\u00e7\u00e3o da retificadora kaju<\/h2>    <ol class=\"wp-block-list\"> <li>Ind\u00fastria aliment\u00edcia. A m\u00e1quina \u00e9 amplamente utilizada nas principais f\u00e1bricas de alimentos. Voc\u00ea pode us\u00e1-lo para fazer v\u00e1rios alimentos l\u00edquidos e semifluidos, como manteiga de amendoim, gel\u00e9ia, ketchup, pasta de feij\u00e3o, molho de pimenta, etc.<\/li>    <li>Ind\u00fastria de cosm\u00e9ticos. As trituradoras de castanha de caju tamb\u00e9m s\u00e3o amplamente utilizadas na ind\u00fastria cosm\u00e9tica. Voc\u00ea pode us\u00e1-lo para fazer creme facial, xampu, pasta de dente e outras necessidades di\u00e1rias.<\/li>    <li>Ind\u00fastria farmac\u00eautica. A m\u00e1quina pode ser usada para fabricar emuls\u00f5es m\u00e9dicas, inje\u00e7\u00f5es e outros suprimentos m\u00e9dicos.<\/li>    <li>Ind\u00fastria qu\u00edmica. As m\u00e1quinas tamb\u00e9m podem ser usadas para produzir lubrificantes, tintas, corantes, revestimentos, etc.<\/li> <\/ol>    <h2 class=\"wp-block-heading\">Como escolher a trituradora de castanha de caju mais adequada para voc\u00ea?<\/h2>    <p>Se voc\u00ea quiser escolher a retificadora kaju certa. Voc\u00ea precisa determinar a capacidade de produ\u00e7\u00e3o, o efeito de retifica\u00e7\u00e3o e a qualidade da m\u00e1quina desejada. Em segundo lugar, voc\u00ea precisa entender detalhes como a seguran\u00e7a da m\u00e1quina e como \u00e9 f\u00e1cil oper\u00e1-la. Em seguida, voc\u00ea precisa determinar as qualifica\u00e7\u00f5es do fabricante do moedor de castanha de caju e se ele possui rica experi\u00eancia em exporta\u00e7\u00e3o e fabrica\u00e7\u00e3o. Finalmente, voc\u00ea tamb\u00e9m precisa considerar seu pr\u00f3prio or\u00e7amento e escolher uma m\u00e1quina com boa rela\u00e7\u00e3o custo-benef\u00edcio dentro do or\u00e7amento.<\/p>   <div class=\"wp-block-image\"> <figure class=\"aligncenter size-full\"><img loading=\"lazy\" decoding=\"async\" width=\"720\" height=\"540\" src=\"https:\/\/www.cashewnut-processing.com\/wp-content\/uploads\/2023\/04\/nut-grinding-machine.webp\" alt=\"M\u00e1quina de moer nozes para venda\" class=\"wp-image-7053\" title=\"\"><figcaption class=\"wp-element-caption\">M\u00e1quina de moer nozes para venda<\/figcaption><\/figure> <\/div>   <h2 class=\"wp-block-heading\">Como usar um moedor de castanha de caju corretamente?<\/h2>    <ol class=\"wp-block-list\"> <li>Limpe a m\u00e1quina.<\/li>    <li>Ajuste o espa\u00e7amento do disco. De acordo com as diferentes caracter\u00edsticas do material e o tamanho de part\u00edcula necess\u00e1rio, ajuste a dist\u00e2ncia entre os discos abrasivos. Geralmente \u00e9 recomendado que a dist\u00e2ncia entre os discos de desbaste esteja entre 0,1-2,5 mm.<\/li>    <li>Ligue e ajuste a velocidade. Conecte a fonte de alimenta\u00e7\u00e3o na tomada e ligue o bot\u00e3o liga \/ desliga. Em seguida, ajuste a velocidade da retificadora kaju, recomenda-se que a velocidade esteja entre 1000-3000rpm.<\/li>    <li>Alimenta\u00e7\u00e3o: adicione uniformemente castanhas de caju na m\u00e1quina. O usu\u00e1rio pode aumentar gradativamente a velocidade de alimenta\u00e7\u00e3o enquanto observa se a sa\u00edda est\u00e1 bloqueada.<\/li>    <li>Limpeza: Desligue a energia ap\u00f3s a moagem. Em seguida, descarregue o material no moinho coloidal. Por fim, enx\u00e1gue com \u00e1gua limpa.<\/li> <\/ol>   <div class=\"wp-block-image\"> <figure class=\"aligncenter size-full\"><img loading=\"lazy\" decoding=\"async\" width=\"720\" height=\"540\" src=\"https:\/\/www.cashewnut-processing.com\/wp-content\/uploads\/2023\/04\/cashew-butter.webp\" alt=\"manteiga de caju\" class=\"wp-image-7049\" title=\"\"><figcaption class=\"wp-element-caption\">manteiga de caju<\/figcaption><\/figure> <\/div>   <h2 class=\"wp-block-heading\">Contate-nos<\/h2>    <p class=\"translation-block\">A f\u00e1brica de maquinaria de caju Taizy <a href=\"https:\/\/www.cashewnut-processing.com\/pt\/\">Cashew Machinery Factory<\/a> \u00e9 um fabricante de maquinaria de caju com vasta experi\u00eancia. Al\u00e9m da m\u00e1quina de moagem de kaju, tamb\u00e9m temos a linha de processamento de castanha de caju, m\u00e1quina de descascar castanha de caju, <a href=\"https:\/\/www.cashewnut-processing.com\/pt\/cashew-peeling-machine-2.html\/\">m\u00e1quina de descascar castanha de caju<\/a>, e outras m\u00e1quinas. Se precisar de alguma m\u00e1quina, pode contactar-nos a qualquer momento, e n\u00f3s responder-lhe-emos o mais rapidamente poss\u00edvel.<\/p>","protected":false},"excerpt":{"rendered":"<p>A kaju grinding machine is a machine used to grind various nuts such as cashews, peanuts, etc. It can grind cashews into delicious cashew butter. So, if you also need a nut grinding machine, this machine is a good choice. In this article, we will introduce the working principle, parameters and application range of cashew [&hellip;]<\/p>\n","protected":false},"author":1,"featured_media":7050,"parent":0,"template":"","tags":[405],"product-type":[418],"class_list":["post-7048","product","type-product","status-publish","has-post-thumbnail","hentry","tag-kaju-grinding-machine","product-type-grinding-further-processing"],"_links":{"self":[{"href":"https:\/\/www.cashewnut-processing.com\/pt\/wp-json\/wp\/v2\/product\/7048","targetHints":{"allow":["GET"]}}],"collection":[{"href":"https:\/\/www.cashewnut-processing.com\/pt\/wp-json\/wp\/v2\/product"}],"about":[{"href":"https:\/\/www.cashewnut-processing.com\/pt\/wp-json\/wp\/v2\/types\/product"}],"author":[{"embeddable":true,"href":"https:\/\/www.cashewnut-processing.com\/pt\/wp-json\/wp\/v2\/users\/1"}],"wp:featuredmedia":[{"embeddable":true,"href":"https:\/\/www.cashewnut-processing.com\/pt\/wp-json\/wp\/v2\/media\/7050"}],"wp:attachment":[{"href":"https:\/\/www.cashewnut-processing.com\/pt\/wp-json\/wp\/v2\/media?parent=7048"}],"wp:term":[{"taxonomy":"post_tag","embeddable":true,"href":"https:\/\/www.cashewnut-processing.com\/pt\/wp-json\/wp\/v2\/tags?post=7048"},{"taxonomy":"product-type","embeddable":true,"href":"https:\/\/www.cashewnut-processing.com\/pt\/wp-json\/wp\/v2\/product-type?post=7048"}],"curies":[{"name":"wp","href":"https:\/\/api.w.org\/{rel}","templated":true}]}}