{"id":69,"date":"2018-08-09T09:09:46","date_gmt":"2018-08-09T09:09:46","guid":{"rendered":"http:\/\/www.cashewnut-processing.com\/?p=69"},"modified":"2025-10-28T15:06:42","modified_gmt":"2025-10-28T07:06:42","slug":"cashew-classifier-machine","status":"publish","type":"product","link":"https:\/\/www.cashewnut-processing.com\/pt\/cashew-classifier-machine.html","title":{"rendered":"M\u00e1quina de classifica\u00e7\u00e3o de caju cru | Classificador de castanha de caju"},"content":{"rendered":"<p>A m\u00e1quina classificadora de castanha de caju \u00e9 dividida em m\u00e1quina classificadora de castanha de caju crua e m\u00e1quina classificadora de am\u00eandoa de caju. Essas duas m\u00e1quinas podem ajudar rapidamente os clientes a peneirar diferentes tamanhos de castanhas e gr\u00e3os de caju crus.<\/p>    <figure class=\"wp-block-embed is-type-video is-provider-youtube wp-block-embed-youtube wp-embed-aspect-16-9 wp-has-aspect-ratio\"><div class=\"wp-block-embed__wrapper\"> <iframe loading=\"lazy\" title=\"M\u00e1quina classificadora de caju cru | classificador de castanha de caju\" width=\"500\" height=\"281\" src=\"https:\/\/www.youtube.com\/embed\/trQZ4ReiO9k?feature=oembed\" frameborder=\"0\" allow=\"accelerometer; autoplay; clipboard-write; encrypted-media; gyroscope; picture-in-picture; web-share\" referrerpolicy=\"strict-origin-when-cross-origin\" allowfullscreen><\/iframe> <\/div><figcaption class=\"wp-element-caption\">m\u00e1quina de classifica\u00e7\u00e3o de castanha de caju<\/figcaption><\/figure>    <h2 class=\"wp-block-heading\">Introdu\u00e7\u00e3o da m\u00e1quina de classifica\u00e7\u00e3o de castanha de caju em linha<\/h2>    <p class=\"translation-block\">Esta m\u00e1quina de classifica\u00e7\u00e3o de caju cru \u00e9 uma etapa de processamento anterior da <a href=\"https:\/\/www.cashewnut-processing.com\/pt\/products\/cashewnut-processing-line\/\">linha de processamento de nozes de caju<\/a> completa. Feita de materiais robustos e dur\u00e1veis, a classificadora de caju \u00e9 a melhor escolha para f\u00e1bricas de processamento de caju. Poderia diminuir a carga de trabalho do processamento seguinte. E a opera\u00e7\u00e3o f\u00e1cil permite que qualquer f\u00e1brica utilize esta m\u00e1quina. Claro, pode optar por usar esta classificadora separadamente ou numa linha de produ\u00e7\u00e3o.<\/p>    <div class=\"wp-block-columns is-layout-flex wp-container-core-columns-is-layout-9d6595d7 wp-block-columns-is-layout-flex\"> <div class=\"wp-block-column is-layout-flow wp-block-column-is-layout-flow\"> <figure class=\"wp-block-image size-full\"><img loading=\"lazy\" decoding=\"async\" width=\"720\" height=\"540\" src=\"https:\/\/www.cashewnut-processing.com\/wp-content\/uploads\/2018\/08\/raw-cashew.webp\" alt=\"caju cru\" class=\"wp-image-7030\" title=\"\"><figcaption class=\"wp-element-caption\">Caju cru<\/figcaption><\/figure> <\/div>    <div class=\"wp-block-column is-layout-flow wp-block-column-is-layout-flow\"> <figure class=\"wp-block-image size-full\"><img loading=\"lazy\" decoding=\"async\" width=\"720\" height=\"540\" src=\"https:\/\/www.cashewnut-processing.com\/wp-content\/uploads\/2022\/10\/cashewnuts.jpg\" alt=\"am\u00eandoa de caju\" class=\"wp-image-5192\" title=\"\" srcset=\"https:\/\/www.cashewnut-processing.com\/wp-content\/uploads\/2022\/10\/cashewnuts.jpg 720w, https:\/\/www.cashewnut-processing.com\/wp-content\/uploads\/2022\/10\/cashewnuts-300x225.jpg 300w\" sizes=\"auto, (max-width: 720px) 100vw, 720px\" \/><figcaption class=\"wp-element-caption\">Miolo de Caju<\/figcaption><\/figure> <\/div> <\/div>    <h2 class=\"wp-block-heading\">O car\u00e1ter da m\u00e1quina de classifica\u00e7\u00e3o de caju cru<\/h2>    <p>O classificador de caju \u00e9 usado para classificar as castanhas em v\u00e1rios graus diferentes para melhorar a pr\u00f3xima taxa de abertura da casca. Geralmente inclui de 3 a 5 graus:  26 mm. E isso pode ser feito de acordo com a necessidade do cliente.<\/p>    <p>Esta classificadora de cajus \u00e9 composta por transmiss\u00e3o, hierarquia, chassi e outros componentes. N\u00e3o possui uma estrutura complexa e \u00e9 autom\u00e1tico.<\/p>    <figure class=\"wp-block-gallery has-nested-images columns-2 is-cropped wp-block-gallery-2 is-layout-flex wp-block-gallery-is-layout-flex\"> <figure class=\"wp-block-image size-large\"><img loading=\"lazy\" decoding=\"async\" width=\"720\" height=\"540\" data-id=\"1814\" src=\"https:\/\/www.cashewnut-processing.com\/wp-content\/uploads\/2018\/08\/cashew-grading-machine-1.jpg\" alt=\"m\u00e1quina de classifica\u00e7\u00e3o de caju\" class=\"wp-image-1814\" title=\"\" srcset=\"https:\/\/www.cashewnut-processing.com\/wp-content\/uploads\/2018\/08\/cashew-grading-machine-1.jpg 720w, https:\/\/www.cashewnut-processing.com\/wp-content\/uploads\/2018\/08\/cashew-grading-machine-1-300x225.jpg 300w\" sizes=\"auto, (max-width: 720px) 100vw, 720px\" \/><figcaption class=\"wp-element-caption\">M\u00e1quina de classifica\u00e7\u00e3o de caju cru<\/figcaption><\/figure>    <figure class=\"wp-block-image size-large\"><img loading=\"lazy\" decoding=\"async\" width=\"1024\" height=\"768\" data-id=\"23\" src=\"https:\/\/www.cashewnut-processing.com\/wp-content\/uploads\/2018\/08\/3-1024x768.jpg\" alt=\"m\u00e1quina de classifica\u00e7\u00e3o de caju\" class=\"wp-image-23\" title=\"\" srcset=\"https:\/\/www.cashewnut-processing.com\/wp-content\/uploads\/2018\/08\/3-1024x768.jpg 1024w, https:\/\/www.cashewnut-processing.com\/wp-content\/uploads\/2018\/08\/3-300x225.jpg 300w, https:\/\/www.cashewnut-processing.com\/wp-content\/uploads\/2018\/08\/3-768x576.jpg 768w\" sizes=\"auto, (max-width: 1024px) 100vw, 1024px\" \/><figcaption class=\"wp-element-caption\">Classificador de castanha de caju<\/figcaption><\/figure> <\/figure>    <h2 class=\"wp-block-heading\">M\u00e9todos de opera\u00e7\u00e3o da m\u00e1quina classificadora de caju cru<\/h2>    <ol class=\"wp-block-list\"> <li>Verifique o circuito antes de come\u00e7ar.<\/li>    <li>Conecte o <a href=\"https:\/\/en.wikipedia.org\/wiki\/Power_(physics)\" target=\"_blank\" rel=\"noopener\">poder<\/a> forne\u00e7a de acordo com a dire\u00e7\u00e3o da seta e lembre-se de que a opera\u00e7\u00e3o \u00e9 irrevers\u00edvel.<\/li>    <li>Despeje continuamente frutas cruas na tremonha, ajuste o tamanho da porta de alimenta\u00e7\u00e3o e insira o barril de classifica\u00e7\u00e3o uniforme de castanhas de caju.<\/li>    <li>A ca\u00e7amba de classifica\u00e7\u00e3o possui tr\u00eas tamanhos diferentes de furos, correspondendo \u00e0 seguinte moega de recebimento.<\/li>    <li>O barril de classifica\u00e7\u00e3o de cajus gira sob a rota\u00e7\u00e3o e tamb\u00e9m deixa um pequeno n\u00famero de nozes para reclassificar.<\/li>    <li>As porcas grandes giram do tambor para o pr\u00f3ximo n\u00edvel repetidamente, para obter o efeito da classifica\u00e7\u00e3o.<\/li>    <li>Embora o tambor gire, as porcas passam por um \u00fanico orif\u00edcio de obstru\u00e7\u00e3o para que o rolo de rebarba\u00e7\u00e3o gire de forma s\u00edncrona e sejam enviadas para o ar.<\/li> <\/ol>    <h2 class=\"wp-block-heading\">Par\u00e2metro t\u00e9cnico da m\u00e1quina classificadora de castanha de caju<\/h2>    <figure class=\"wp-block-table\"><table><tbody><tr><td>Modelo<\/td><td>TZ-YG 400<\/td><\/tr><tr><td>Capacidade<\/td><td>400 kg\/h<\/td><\/tr><tr><td>Poder<\/td><td>1,1 kW<\/td><\/tr><tr><td>Tens\u00e3o<\/td><td>380v 50hz<\/td><\/tr><tr><td>Dimens\u00e3o<\/td><td>3800*900*1600mm<\/td><\/tr><tr><td>Peso<\/td><td>350kg<\/td><\/tr><\/tbody><\/table><figcaption class=\"wp-element-caption\">m\u00e1quina de classifica\u00e7\u00e3o de castanha de caju<\/figcaption><\/figure>    <p>Classificamos os cajus antes do processamento posterior, n\u00e3o apenas por conveni\u00eancia, mas tamb\u00e9m pelo seu valor de mercado, ou simplesmente, pre\u00e7o. Principalmente, os vendedores embalam as castanhas de caju de acordo com seu tamanho e as vendem a pre\u00e7os diferentes. As plantas optam por classificar os cajus na primeira ou na \u00faltima etapa. De qualquer forma, a classifica\u00e7\u00e3o \u00e9 para perceber o maior valor das nozes. Portanto, \u00e9 necess\u00e1ria uma m\u00e1quina classificadora de cajus crus.<\/p>    <h2 class=\"wp-block-heading\">Conclua as etapas de processamento do caju<\/h2>    <p>As etapas completas do processamento do caju incluem lavagem, classifica\u00e7\u00e3o dos cajus crus, vaporiza\u00e7\u00e3o, descasque, separa\u00e7\u00e3o da casca e do miolo, secagem, descascamento, classifica\u00e7\u00e3o dos cajus crus, torrefa\u00e7\u00e3o e embalagem.<\/p>   <div class=\"wp-block-image\"> <figure class=\"aligncenter size-full\"><img loading=\"lazy\" decoding=\"async\" width=\"720\" height=\"540\" src=\"https:\/\/www.cashewnut-processing.com\/wp-content\/uploads\/2023\/07\/taizy-cashew-nut-processing-line.webp\" alt=\"linha de processamento de caju\" class=\"wp-image-7081\" title=\"\"><figcaption class=\"wp-element-caption\">linha de processamento de caju<\/figcaption><\/figure> <\/div>   <h2 class=\"wp-block-heading\">O que \u00e9 uma m\u00e1quina de classifica\u00e7\u00e3o de am\u00eandoa de caju?<\/h2>    <p>Ao contr\u00e1rio da m\u00e1quina classificadora de castanha de caju crua, a m\u00e1quina classificadora de am\u00eandoa de caju \u00e9 o \u00faltimo processo da linha de processamento de castanha de caju. As castanhas de caju processadas por esta m\u00e1quina classificadora de am\u00eandoas de caju ser\u00e3o peneiradas de acordo com diferentes tamanhos. O comerciante pode embalar e vender a castanha de caju de acordo com diferentes \u00edndices.<\/p>   <div class=\"wp-block-image\"> <figure class=\"aligncenter size-full\"><img loading=\"lazy\" decoding=\"async\" width=\"720\" height=\"540\" src=\"https:\/\/www.cashewnut-processing.com\/wp-content\/uploads\/2018\/08\/cashew-kernel-classifying-machine.webp\" alt=\"m\u00e1quina classificadora de am\u00eandoa de caju\" class=\"wp-image-7016\" title=\"\"><figcaption class=\"wp-element-caption\">m\u00e1quina classificadora de am\u00eandoa de caju<\/figcaption><\/figure> <\/div>   <h2 class=\"wp-block-heading\">Como \u00e9 classificada a am\u00eandoa do caju?<\/h2>    <p>Existem tr\u00eas camadas de tambores na m\u00e1quina classificadora de am\u00eandoa de caju. Cada camada de tambores pode peneirar um tamanho de am\u00eandoa de caju. Portanto, a m\u00e1quina classificadora de tamanho de castanha de caju pode peneirar as am\u00eandoas de caju de acordo com 3 graus diferentes. Os clientes tamb\u00e9m podem ajustar a dist\u00e2ncia entre os rolos para atingir o tamanho desejado de acordo com suas necessidades reais.<\/p>   <div class=\"wp-block-image\"> <figure class=\"aligncenter size-full\"><img loading=\"lazy\" decoding=\"async\" width=\"720\" height=\"540\" src=\"https:\/\/www.cashewnut-processing.com\/wp-content\/uploads\/2021\/08\/taizy-cashew-kernel-classifying-machine.webp\" alt=\"m\u00e1quina de classifica\u00e7\u00e3o de am\u00eandoa de caju\" class=\"wp-image-7004\" title=\"\"><figcaption class=\"wp-element-caption\">m\u00e1quina de classifica\u00e7\u00e3o de am\u00eandoa de caju<\/figcaption><\/figure> <\/div>   <h2 class=\"wp-block-heading\">Par\u00e2metros t\u00e9cnicos da m\u00e1quina de classifica\u00e7\u00e3o de am\u00eandoa de caju<\/h2>    <figure class=\"wp-block-table\"><table><tbody><tr><td>Modelo<\/td><td>TZ-K500<\/td><\/tr><tr><td>Capacidade (kg\/h)<\/td><td>500<\/td><\/tr><tr><td>Pot\u00eancia (kw)<\/td><td>0.75<\/td><\/tr><tr><td>Tens\u00e3o (v)<\/td><td>380<\/td><\/tr><tr><td>Frequ\u00eancia (Hz)<\/td><td>50<\/td><\/tr><tr><td>Tamanho M)<\/td><td>2&#215;0.8&#215;1.4<\/td><\/tr><tr><td>Peso (kg)<\/td><td>300<\/td><\/tr><\/tbody><\/table><figcaption class=\"wp-element-caption\">m\u00e1quina de classifica\u00e7\u00e3o de am\u00eandoa de caju<\/figcaption><\/figure>    <p>Estes s\u00e3o os par\u00e2metros t\u00e9cnicos da classificadora de am\u00eandoa de caju modelo TZ-K500. A capacidade desta m\u00e1quina \u00e9 de 500kg\/h. O tamanho \u00e9 2\u00d70,8\u00d71,4m. A pot\u00eancia \u00e9 de 0,75 kW. Se quiser saber mais informa\u00e7\u00f5es sobre o assunto, entre em contato conosco atrav\u00e9s da janela pop-up no canto inferior direito!<\/p>   <div class=\"wp-block-image\"> <figure class=\"aligncenter size-full\"><img loading=\"lazy\" decoding=\"async\" width=\"600\" height=\"402\" src=\"https:\/\/www.cashewnut-processing.com\/wp-content\/uploads\/2018\/10\/Cashew-2-1.jpg\" alt=\"am\u00eandoa de caju\" class=\"wp-image-341\" title=\"\"><figcaption class=\"wp-element-caption\">am\u00eandoa de caju<\/figcaption><\/figure> <\/div>   <h2 class=\"wp-block-heading\">Resumo<\/h2>    <p>Se voc\u00ea precisar de uma classificadora de caju cru ou de uma m\u00e1quina classificadora de am\u00eandoa de caju, n\u00e3o hesite em nos contatar. Entraremos em contato com voc\u00ea o mais breve poss\u00edvel e lhe daremos um or\u00e7amento detalhado.<\/p>","protected":false},"excerpt":{"rendered":"<p>A m\u00e1quina classificadora de cajus crus \u00e9 uma etapa de processamento da linha de produ\u00e7\u00e3o. Isso poderia diminuir as cargas de trabalho do processamento seguinte.<\/p>","protected":false},"author":1,"featured_media":1994,"parent":0,"template":"","tags":[172],"product-type":[415],"class_list":["post-69","product","type-product","status-publish","has-post-thumbnail","hentry","tag-raw-cashew-grading-machine","product-type-sorting-grading-machine"],"_links":{"self":[{"href":"https:\/\/www.cashewnut-processing.com\/pt\/wp-json\/wp\/v2\/product\/69","targetHints":{"allow":["GET"]}}],"collection":[{"href":"https:\/\/www.cashewnut-processing.com\/pt\/wp-json\/wp\/v2\/product"}],"about":[{"href":"https:\/\/www.cashewnut-processing.com\/pt\/wp-json\/wp\/v2\/types\/product"}],"author":[{"embeddable":true,"href":"https:\/\/www.cashewnut-processing.com\/pt\/wp-json\/wp\/v2\/users\/1"}],"wp:featuredmedia":[{"embeddable":true,"href":"https:\/\/www.cashewnut-processing.com\/pt\/wp-json\/wp\/v2\/media\/1994"}],"wp:attachment":[{"href":"https:\/\/www.cashewnut-processing.com\/pt\/wp-json\/wp\/v2\/media?parent=69"}],"wp:term":[{"taxonomy":"post_tag","embeddable":true,"href":"https:\/\/www.cashewnut-processing.com\/pt\/wp-json\/wp\/v2\/tags?post=69"},{"taxonomy":"product-type","embeddable":true,"href":"https:\/\/www.cashewnut-processing.com\/pt\/wp-json\/wp\/v2\/product-type?post=69"}],"curies":[{"name":"wp","href":"https:\/\/api.w.org\/{rel}","templated":true}]}}