{"id":62,"date":"2018-08-09T09:07:16","date_gmt":"2018-08-09T09:07:16","guid":{"rendered":"http:\/\/www.cashewnut-processing.com\/?p=62"},"modified":"2025-10-28T15:05:55","modified_gmt":"2025-10-28T07:05:55","slug":"cashew-nut-cooker","status":"publish","type":"product","link":"https:\/\/www.cashewnut-processing.com\/pt\/cashew-nut-cooker.html","title":{"rendered":"M\u00e1quina de cozinhar caju | Panela de Castanha de Caju"},"content":{"rendered":"<p>Esta m\u00e1quina de cozinhar cajus \u00e9 um passo importante antes de quebrar as nozes. O processo de cozimento pode amolecer a casca e melhorar a velocidade de quebra. Principalmente, este fog\u00e3o \u00e9 combinado com uma caldeira a vapor, pois precisa de uma grande quantidade de vapor para cozinhar o caju. E os clientes poderiam personalizar o fog\u00e3o de acordo com sua demanda por panelas fumegantes. Quanto ao processo de opera\u00e7\u00e3o, existem alguns cuidados.<\/p>    <h2 class=\"wp-block-heading\"><strong>Introdu\u00e7\u00e3o da\u00a0m\u00e1quina de cozinhar caju<\/strong><\/h2>    <p class=\"translation-block\">O cozedor de caju desenvolvido e fabricado pela Zhengzhou Shuli Machinery Equipment Co., Ltd. \u00e9 um equipamento especializado para cozer cajus e similares. Pode ser utilizado isoladamente ou em combina\u00e7\u00e3o com v\u00e1rias linhas de produ\u00e7\u00e3o. O princ\u00edpio \u00e9 realizar a classifica\u00e7\u00e3o e depois cozinhar com um cozedor de caju para criar um espa\u00e7o entre a casca e o gr\u00e3o, o que \u00e9 conveniente para o pr\u00f3ximo passo de <a href=\"https:\/\/www.cashewnut-processing.com\/pt\/cashew-nut-shelling-and-cracking-machine.html\/\">descasque<\/a>.<\/p>    <figure class=\"wp-block-gallery has-nested-images columns-3 is-cropped wp-block-gallery-2 is-layout-flex wp-block-gallery-is-layout-flex\"> <figure class=\"wp-block-image size-full\"><img loading=\"lazy\" decoding=\"async\" width=\"720\" height=\"540\" data-id=\"7009\" src=\"https:\/\/www.cashewnut-processing.com\/wp-content\/uploads\/2018\/08\/cashew-nut-cooker-machine.webp\" alt=\"m\u00e1quina de cozinhar castanha de caju\" class=\"wp-image-7009\" title=\"\"><figcaption class=\"wp-element-caption\">M\u00e1quina para cozinhar castanha de caju<\/figcaption><\/figure>    <figure class=\"wp-block-image size-large\"><img loading=\"lazy\" decoding=\"async\" width=\"768\" height=\"1024\" data-id=\"66\" src=\"https:\/\/www.cashewnut-processing.com\/wp-content\/uploads\/2018\/08\/3-2-768x1024.jpg\" alt=\"m\u00e1quina de vapor de caju\" class=\"wp-image-66\" title=\"\" srcset=\"https:\/\/www.cashewnut-processing.com\/wp-content\/uploads\/2018\/08\/3-2-768x1024.jpg 768w, https:\/\/www.cashewnut-processing.com\/wp-content\/uploads\/2018\/08\/3-2-225x300.jpg 225w, https:\/\/www.cashewnut-processing.com\/wp-content\/uploads\/2018\/08\/3-2.jpg 1200w\" sizes=\"auto, (max-width: 768px) 100vw, 768px\" \/><figcaption class=\"wp-element-caption\">M\u00e1quina de vapor de caju<\/figcaption><\/figure>    <figure class=\"wp-block-image size-large\"><img loading=\"lazy\" decoding=\"async\" width=\"720\" height=\"540\" data-id=\"1788\" src=\"https:\/\/www.cashewnut-processing.com\/wp-content\/uploads\/2018\/08\/inner-side.jpg\" alt=\"lado interno da m\u00e1quina\" class=\"wp-image-1788\" title=\"\" srcset=\"https:\/\/www.cashewnut-processing.com\/wp-content\/uploads\/2018\/08\/inner-side.jpg 720w, https:\/\/www.cashewnut-processing.com\/wp-content\/uploads\/2018\/08\/inner-side-300x225.jpg 300w\" sizes=\"auto, (max-width: 720px) 100vw, 720px\" \/><figcaption class=\"wp-element-caption\">Lado interno da m\u00e1quina<\/figcaption><\/figure> <\/figure>    <h2 class=\"wp-block-heading\">Como usar o fog\u00e3o<\/h2>    <ol class=\"wp-block-list\"> <li>Verifique a tens\u00e3o e certifique-se de que a tens\u00e3o \u00e9 a mesma.<\/li>    <li>Deve-se instalar um interruptor de prote\u00e7\u00e3o contra vazamentos e a m\u00e1quina de cozinhar caju deve estar ligada \u00e0 linha correta de aterramento de prote\u00e7\u00e3o. \u00c9 estritamente proibido conect\u00e1-lo a uma tubula\u00e7\u00e3o de \u00e1gua ou gasoduto.<\/li>    <li>Depois de ligar bem a entrada de \u00e1gua, coloque o prato na m\u00e1quina e aque\u00e7a por 30 minutos.<\/li>    <li>Poderia usar aquecimento el\u00e9trico ou vapor externo. Mas voc\u00ea n\u00e3o pode usar os dois ao mesmo tempo.<\/li>    <li>Depois que os alimentos estiverem cozidos, desligue a fonte de alimenta\u00e7\u00e3o ou a v\u00e1lvula de vapor. Ao retirar os alimentos da m\u00e1quina, preste aten\u00e7\u00e3o para que voc\u00ea n\u00e3o possa ficar do lado oposto. Abra lentamente a porta e saia da m\u00e1quina com as luvas.<\/li>    <li>Esta m\u00e1quina de cozinhar caju \u00e9 um recipiente herm\u00e9tico de alta press\u00e3o, um pouco de vapor da fenda do derramamento \u00e9 um fen\u00f4meno normal.<\/li> <\/ol>    <h2 class=\"wp-block-heading\">Precau\u00e7\u00f5es <strong>de\u00a0 M\u00e1quina de cozinhar caju<\/strong><\/h2>    <ol class=\"wp-block-list\"> <li>O aquecimento el\u00e9trico e o vapor de entrada externo n\u00e3o podem funcionar ao mesmo tempo! A press\u00e3o externa n\u00e3o deve exceder os requisitos de utiliza\u00e7\u00e3o.<\/li>    <li>5% <a href=\"https:\/\/en.wikipedia.org\/wiki\/Citric_acid\" target=\"_blank\" rel=\"noopener\">\u00c1cido C\u00edtrico<\/a> a solu\u00e7\u00e3o pode ser injetada no tanque de \u00e1gua para remover a incrusta\u00e7\u00e3o.<\/li>    <li>Ap\u00f3s cada trabalho, a alimenta\u00e7\u00e3o da c\u00e2mara de vapor deve ser desligada. A v\u00e1lvula principal de entrada de vapor deve ser fechada quando o trabalho for conclu\u00eddo com aquecimento a vapor.<\/li>    <li>Se a m\u00e1quina quebrar, n\u00e3o a desmonte sozinho. Pe\u00e7a a pessoal profissional de manuten\u00e7\u00e3o el\u00e9trica para repar\u00e1-lo.<\/li> <\/ol>    <h2 class=\"wp-block-heading\"><strong>Par\u00e2metro t\u00e9cnico<\/strong><\/h2>    <figure class=\"wp-block-table\"><table><tbody><tr><td>Modelo<\/td><td>Capacidade<\/td><td>Poder<\/td><td>Tens\u00e3o<\/td><td>Tamanho<\/td><\/tr><tr><td>TZJ-10<\/td><td>1000 kg\/h<\/td><td>1,1 kW<\/td><td>380 V\/50 Hz<\/td><td>2*1*2.8m<\/td><\/tr><\/tbody><\/table><\/figure>    <h2 class=\"wp-block-heading\"><strong>Mais detalhes:<\/strong><\/h2>    <figure class=\"wp-block-gallery has-nested-images columns-3 is-cropped wp-block-gallery-3 is-layout-flex wp-block-gallery-is-layout-flex\"> <figure class=\"wp-block-image size-large\"><img loading=\"lazy\" decoding=\"async\" width=\"720\" height=\"540\" data-id=\"1789\" src=\"https:\/\/www.cashewnut-processing.com\/wp-content\/uploads\/2018\/08\/cashew-cooker.jpg\" alt=\"m\u00e1quina de cozinhar caju\" class=\"wp-image-1789\" title=\"\" srcset=\"https:\/\/www.cashewnut-processing.com\/wp-content\/uploads\/2018\/08\/cashew-cooker.jpg 720w, https:\/\/www.cashewnut-processing.com\/wp-content\/uploads\/2018\/08\/cashew-cooker-300x225.jpg 300w\" sizes=\"auto, (max-width: 720px) 100vw, 720px\" \/><figcaption class=\"wp-element-caption\">M\u00e1quina de cozinhar caju em caixa<\/figcaption><\/figure>    <figure class=\"wp-block-image size-large\"><img loading=\"lazy\" decoding=\"async\" width=\"720\" height=\"540\" data-id=\"1790\" src=\"https:\/\/www.cashewnut-processing.com\/wp-content\/uploads\/2018\/08\/cashew-steaming-machine.jpg\" alt=\"m\u00e1quina de vapor de caju\" class=\"wp-image-1790\" title=\"\" srcset=\"https:\/\/www.cashewnut-processing.com\/wp-content\/uploads\/2018\/08\/cashew-steaming-machine.jpg 720w, https:\/\/www.cashewnut-processing.com\/wp-content\/uploads\/2018\/08\/cashew-steaming-machine-300x225.jpg 300w\" sizes=\"auto, (max-width: 720px) 100vw, 720px\" \/><figcaption class=\"wp-element-caption\">M\u00e1quina de vapor de caju<\/figcaption><\/figure>    <figure class=\"wp-block-image size-large\"><img loading=\"lazy\" decoding=\"async\" width=\"720\" height=\"540\" data-id=\"1791\" src=\"https:\/\/www.cashewnut-processing.com\/wp-content\/uploads\/2018\/08\/steam-boiler.jpg\" alt=\"Caldeira a vapor\" class=\"wp-image-1791\" title=\"\" srcset=\"https:\/\/www.cashewnut-processing.com\/wp-content\/uploads\/2018\/08\/steam-boiler.jpg 720w, https:\/\/www.cashewnut-processing.com\/wp-content\/uploads\/2018\/08\/steam-boiler-300x225.jpg 300w\" sizes=\"auto, (max-width: 720px) 100vw, 720px\" \/><figcaption class=\"wp-element-caption\">Caldeira a vapor<\/figcaption><\/figure> <\/figure>","protected":false},"excerpt":{"rendered":"<p>Esta m\u00e1quina de cozinhar cajus \u00e9 um passo importante antes de quebrar as nozes. O processo de cozimento pode amolecer a casca e melhorar a taxa de quebra.<\/p>","protected":false},"author":1,"featured_media":7009,"parent":0,"template":"","tags":[99],"product-type":[415],"class_list":["post-62","product","type-product","status-publish","has-post-thumbnail","hentry","tag-cashew-cooking-machine","product-type-sorting-grading-machine"],"_links":{"self":[{"href":"https:\/\/www.cashewnut-processing.com\/pt\/wp-json\/wp\/v2\/product\/62","targetHints":{"allow":["GET"]}}],"collection":[{"href":"https:\/\/www.cashewnut-processing.com\/pt\/wp-json\/wp\/v2\/product"}],"about":[{"href":"https:\/\/www.cashewnut-processing.com\/pt\/wp-json\/wp\/v2\/types\/product"}],"author":[{"embeddable":true,"href":"https:\/\/www.cashewnut-processing.com\/pt\/wp-json\/wp\/v2\/users\/1"}],"wp:featuredmedia":[{"embeddable":true,"href":"https:\/\/www.cashewnut-processing.com\/pt\/wp-json\/wp\/v2\/media\/7009"}],"wp:attachment":[{"href":"https:\/\/www.cashewnut-processing.com\/pt\/wp-json\/wp\/v2\/media?parent=62"}],"wp:term":[{"taxonomy":"post_tag","embeddable":true,"href":"https:\/\/www.cashewnut-processing.com\/pt\/wp-json\/wp\/v2\/tags?post=62"},{"taxonomy":"product-type","embeddable":true,"href":"https:\/\/www.cashewnut-processing.com\/pt\/wp-json\/wp\/v2\/product-type?post=62"}],"curies":[{"name":"wp","href":"https:\/\/api.w.org\/{rel}","templated":true}]}}