{"id":56,"date":"2018-08-09T09:04:47","date_gmt":"2018-08-09T09:04:47","guid":{"rendered":"http:\/\/www.cashewnut-processing.com\/?p=56"},"modified":"2025-10-28T15:02:52","modified_gmt":"2025-10-28T07:02:52","slug":"cashew-nut-shelling-and-cracking-machine","status":"publish","type":"product","link":"https:\/\/www.cashewnut-processing.com\/pt\/cashew-nut-shelling-and-cracking-machine.html","title":{"rendered":"M\u00e1quina de descascar caju"},"content":{"rendered":"<p>Uma m\u00e1quina de descascar cajus \u00e9 uma m\u00e1quina descascadora que auxilia na quebra das cascas das castanhas de caju. De acordo com o grau de automa\u00e7\u00e3o, a quebradeira de castanha de caju possui tipo manual, tipo semiautom\u00e1tico, descascador autom\u00e1tico e grande grupo de descasque. \u00c0 medida que a produ\u00e7\u00e3o das m\u00e1quinas de descascar cajus aumenta, o grau de automa\u00e7\u00e3o e a produ\u00e7\u00e3o das m\u00e1quinas de descascar cajus aumentam proporcionalmente.<\/p>    <h2 class=\"wp-block-heading\">Assista ao v\u00eddeo da m\u00e1quina de descascar cajus<\/h2>    <figure class=\"wp-block-embed is-type-video is-provider-youtube wp-block-embed-youtube wp-embed-aspect-16-9 wp-has-aspect-ratio\"><div class=\"wp-block-embed__wrapper\"> <iframe loading=\"lazy\" title=\"M\u00e1quina autom\u00e1tica para descascar e quebrar cajus | descascador semiautom\u00e1tico e manual\" width=\"500\" height=\"281\" src=\"https:\/\/www.youtube.com\/embed\/6ixgMhv-BrY?feature=oembed\" frameborder=\"0\" allow=\"accelerometer; autoplay; clipboard-write; encrypted-media; gyroscope; picture-in-picture; web-share\" referrerpolicy=\"strict-origin-when-cross-origin\" allowfullscreen><\/iframe> <\/div><\/figure>    <h2 class=\"wp-block-heading\"><strong>M\u00e1quina autom\u00e1tica para quebrar e descascar cajus<\/strong><\/h2>    <p class=\"translation-block\">A unidade de descascar caju \u00e9 especializada na remo\u00e7\u00e3o da casca do caju. A linha de produ\u00e7\u00e3o completa \u00e9 autom\u00e1tica, primeiro separando os cajus em 3-5 calibres (18 mm.20mm. 22mm. 24mm. 26mm) por trabalho manual ou m\u00e1quina, a a\u00e7\u00e3o de alimenta\u00e7\u00e3o \u00e9 conclu\u00edda automaticamente. A opera\u00e7\u00e3o simples e a alta efici\u00eancia tornam-na uma boa escolha para <a href=\"https:\/\/www.cashewnut-processing.com\/pt\/automatic-cashew-nut-processing-line.html\/\">processar cajus<\/a>.<\/p>   <div class=\"wp-block-image size-full wp-image-1297\"> <figure class=\"aligncenter\"><img loading=\"lazy\" decoding=\"async\" width=\"720\" height=\"540\" src=\"https:\/\/www.cashewnut-processing.com\/wp-content\/uploads\/2018\/08\/automatic-cashew-nut-shelling-machine-for-sale.webp\" alt=\"M\u00e1quina autom\u00e1tica de descascar castanha de caju para venda\" class=\"wp-image-7006\" title=\"\"><figcaption class=\"wp-element-caption\">M\u00e1quina autom\u00e1tica de descascar castanha de caju para venda<\/figcaption><\/figure> <\/div>   <h3 class=\"wp-block-heading\">Princ\u00edpio de funcionamento da m\u00e1quina quebradora de castanha de caju<\/h3>    <p>A m\u00e1quina descascadora de castanha de caju continua o princ\u00edpio do descascamento manual. Ap\u00f3s despejar as castanhas de caju no funil de alimenta\u00e7\u00e3o do descascador, as castanhas caem nos pequenos orif\u00edcios com a rota\u00e7\u00e3o da corrente. Em seguida, a corrente da m\u00e1quina leva a castanha de caju at\u00e9 a posi\u00e7\u00e3o da l\u00e2mina para quebrar a casca. A m\u00e1quina para descascar nozes pode ser equipada com uma peneira para aumentar a efici\u00eancia da frenagem.<\/p>    <h3 class=\"wp-block-heading\">M\u00e1quina para quebrar castanha de caju&nbsp;<strong>Caracter\u00edsticas:<\/strong><\/h3>    <ol class=\"wp-block-list\"> <li>F\u00e1cil de operar, baixo consumo de energia.<\/li>    <li>Com alta capacidade e baixo ru\u00eddo. Voc\u00ea pode quebrar 6,8,10, 12, 14 castanhas de caju e assim por diante ao mesmo tempo.<\/li>    <li>Design razo\u00e1vel, estrutura requintada e pequeno espa\u00e7o.<\/li>    <li>A descascadora de caju possui alto grau de automa\u00e7\u00e3o, o que reduz a intensidade do trabalho manual.<\/li>    <li>Possui uma variedade de modelos para escolher, que podem atender aos requisitos de produ\u00e7\u00e3o de fabricantes de diferentes especifica\u00e7\u00f5es.<\/li>    <li>A m\u00e1quina descascadora autom\u00e1tica de cajus adota a coloca\u00e7\u00e3o horizontal de materiais para aumentar a efici\u00eancia do descascamento e reduzir a taxa de quebra.<\/li>    <li>A parte de contato do caju da m\u00e1quina adota a\u00e7o inoxid\u00e1vel e o restante adota <a href=\"https:\/\/en.wikipedia.org\/wiki\/Carbon_steel\" target=\"_blank\" rel=\"noopener\">A\u00e7o carbono<\/a>. Reduz os custos de produ\u00e7\u00e3o ao mesmo tempo que atende aos requisitos de produ\u00e7\u00e3o de seguran\u00e7a alimentar. Podemos personalizar a m\u00e1quina de acordo com as necessidades do cliente.<\/li>    <li>O descasque ap\u00f3s a classifica\u00e7\u00e3o pelo classificador, a taxa de descasque e a taxa de am\u00eandoa inteira da castanha de caju podem ser melhorados.<\/li> <\/ol>    <figure class=\"wp-block-gallery has-nested-images columns-2 is-cropped wp-block-gallery-2 is-layout-flex wp-block-gallery-is-layout-flex\"> <figure class=\"wp-block-image size-full\"><img loading=\"lazy\" decoding=\"async\" width=\"720\" height=\"540\" data-id=\"7007\" src=\"https:\/\/www.cashewnut-processing.com\/wp-content\/uploads\/2018\/08\/cashew-nut-cracking-machine.webp\" alt=\"m\u00e1quina de quebrar castanha de caju\" class=\"wp-image-7007\" title=\"\"><figcaption class=\"wp-element-caption\">M\u00e1quina de quebrar castanha de caju<\/figcaption><\/figure>    <figure class=\"wp-block-image size-full\"><img loading=\"lazy\" decoding=\"async\" width=\"720\" height=\"540\" data-id=\"7008\" src=\"https:\/\/www.cashewnut-processing.com\/wp-content\/uploads\/2018\/08\/taizy-cashew-shelling-machine.webp\" alt=\"m\u00e1quina de descascar caju taizy\" class=\"wp-image-7008\" title=\"\"><figcaption class=\"wp-element-caption\">M\u00e1quina de descascar caju Taizy<\/figcaption><\/figure> <\/figure>    <h3 class=\"wp-block-heading\"><strong>Par\u00e2metros de detalhes:<\/strong><\/h3>   <div class=\"wp-block-image wp-image-2039\"> <figure class=\"aligncenter\"><img loading=\"lazy\" decoding=\"async\" width=\"1007\" height=\"422\" src=\"https:\/\/www.cashewnut-processing.com\/wp-content\/uploads\/2018\/08\/2.png\" alt=\"descascamento de caju\" class=\"wp-image-2039\" title=\"\" srcset=\"https:\/\/www.cashewnut-processing.com\/wp-content\/uploads\/2018\/08\/2.png 1007w, https:\/\/www.cashewnut-processing.com\/wp-content\/uploads\/2018\/08\/2-300x126.png 300w, https:\/\/www.cashewnut-processing.com\/wp-content\/uploads\/2018\/08\/2-768x322.png 768w\" sizes=\"auto, (max-width: 1007px) 100vw, 1007px\" \/><figcaption class=\"wp-element-caption\">descascamento de caju<\/figcaption><\/figure> <\/div>   <figure class=\"wp-block-table\"><table><tbody><tr><td>Frequ\u00eancia<\/td><td>50Hz<\/td><\/tr><tr><td>Taxa de abertura de shell<\/td><td>90\u201395%<\/td><\/tr><tr><td>Taxa n\u00e3o aberta<\/td><td>3%<\/td><\/tr><tr><td>Taxa de quebra<\/td><td>menos de 5-10%<\/td><\/tr><\/tbody><\/table><\/figure>    <h2 class=\"wp-block-heading\">M\u00e1quina descascadora de caju semiautom\u00e1tica<\/h2>    <p>A descascadora semiautom\u00e1tica de cajus \u00e9 dividida em m\u00e1quinas semiautom\u00e1ticas pneum\u00e1ticas e mec\u00e2nicas.<\/p>   <div class=\"wp-block-image\"> <figure class=\"aligncenter size-full\"><img loading=\"lazy\" decoding=\"async\" width=\"720\" height=\"540\" src=\"https:\/\/www.cashewnut-processing.com\/wp-content\/uploads\/2020\/11\/pneumatic-cashew-shell-cracking-machine.jpg\" alt=\"m\u00e1quina pneum\u00e1tica para quebrar casca de caju\" class=\"wp-image-1295\" title=\"\" srcset=\"https:\/\/www.cashewnut-processing.com\/wp-content\/uploads\/2020\/11\/pneumatic-cashew-shell-cracking-machine.jpg 720w, https:\/\/www.cashewnut-processing.com\/wp-content\/uploads\/2020\/11\/pneumatic-cashew-shell-cracking-machine-300x225.jpg 300w\" sizes=\"auto, (max-width: 720px) 100vw, 720px\" \/><figcaption class=\"wp-element-caption\">m\u00e1quina pneum\u00e1tica para quebrar casca de caju<\/figcaption><\/figure> <\/div>   <h3 class=\"wp-block-heading\">Introdu\u00e7\u00e3o \u00e0 m\u00e1quina<\/h3>    <p>A m\u00e1quina pneum\u00e1tica para descascar castanhas de caju usa uma bomba de ar para controlar a haste mec\u00e2nica que pressiona as castanhas de caju, enquanto a m\u00e1quina mec\u00e2nica usa um motor para acionar a m\u00e1quina.<\/p>    <p>Ambas as m\u00e1quinas requerem coloca\u00e7\u00e3o manual de material. A grande diferen\u00e7a da m\u00e1quina descascadora manual \u00e9 que a m\u00e1quina quebradeira de castanha de caju pode colocar v\u00e1rias castanhas de caju ao mesmo tempo, o que aumenta muito a efici\u00eancia da produ\u00e7\u00e3o.<\/p>    <h3 class=\"wp-block-heading\"><strong>Par\u00e2metros de detalhes:<\/strong><\/h3>   <div class=\"wp-block-image size-full wp-image-2044\"> <figure class=\"aligncenter\"><img loading=\"lazy\" decoding=\"async\" width=\"769\" height=\"447\" src=\"https:\/\/www.cashewnut-processing.com\/wp-content\/uploads\/2018\/08\/semi-automatic-cashew-shelling.png\" alt=\"descascamento semiautom\u00e1tico de caju\" class=\"wp-image-2044\" title=\"\" srcset=\"https:\/\/www.cashewnut-processing.com\/wp-content\/uploads\/2018\/08\/semi-automatic-cashew-shelling.png 769w, https:\/\/www.cashewnut-processing.com\/wp-content\/uploads\/2018\/08\/semi-automatic-cashew-shelling-300x174.png 300w\" sizes=\"auto, (max-width: 769px) 100vw, 769px\" \/><figcaption class=\"wp-element-caption\">descascamento semiautom\u00e1tico de caju<\/figcaption><\/figure> <\/div>   <h2 class=\"wp-block-heading\">M\u00e1quina manual para descascar castanha de caju<\/h2>    <p>A descascadora manual \u00e9 a m\u00e1quina mais antiga no desenvolvimento da descascadora. A m\u00e1quina utiliza uma opera\u00e7\u00e3o operada com o p\u00e9 e descarga manual. Ao quebrar a casca \u00e9 necess\u00e1rio combinar manualmente a castanha de caju com a l\u00e2mina da m\u00e1quina. Em seguida, o pedal faz a l\u00e2mina girar para abrir a concha. A m\u00e1quina para quebrar nozes requer m\u00e3o de obra, a efici\u00eancia de abertura da casca \u00e9 baixa e a taxa de abertura da casca n\u00e3o \u00e9 satisfat\u00f3ria.<\/p>    <figure class=\"wp-block-gallery has-nested-images columns-2 is-cropped wp-block-gallery-3 is-layout-flex wp-block-gallery-is-layout-flex\"> <figure class=\"wp-block-image size-large\"><img loading=\"lazy\" decoding=\"async\" width=\"589\" height=\"587\" data-id=\"1881\" src=\"https:\/\/www.cashewnut-processing.com\/wp-content\/uploads\/2021\/07\/manual-cashew-shelling-machine.png\" alt=\"m\u00e1quina manual de descascar caju\" class=\"wp-image-1881\" title=\"\" srcset=\"https:\/\/www.cashewnut-processing.com\/wp-content\/uploads\/2021\/07\/manual-cashew-shelling-machine.png 589w, https:\/\/www.cashewnut-processing.com\/wp-content\/uploads\/2021\/07\/manual-cashew-shelling-machine-300x300.png 300w, https:\/\/www.cashewnut-processing.com\/wp-content\/uploads\/2021\/07\/manual-cashew-shelling-machine-150x150.png 150w\" sizes=\"auto, (max-width: 589px) 100vw, 589px\" \/><figcaption class=\"wp-element-caption\">Descascador manual de cajus<\/figcaption><\/figure>    <figure class=\"wp-block-image size-large\"><img loading=\"lazy\" decoding=\"async\" width=\"720\" height=\"519\" data-id=\"1294\" src=\"https:\/\/www.cashewnut-processing.com\/wp-content\/uploads\/2020\/11\/manual-cashew-nut-sheller-machine.jpg\" alt=\"m\u00e1quina descascadora manual de castanha de caju\" class=\"wp-image-1294\" title=\"\" srcset=\"https:\/\/www.cashewnut-processing.com\/wp-content\/uploads\/2020\/11\/manual-cashew-nut-sheller-machine.jpg 720w, https:\/\/www.cashewnut-processing.com\/wp-content\/uploads\/2020\/11\/manual-cashew-nut-sheller-machine-300x216.jpg 300w\" sizes=\"auto, (max-width: 720px) 100vw, 720px\" \/><figcaption class=\"wp-element-caption\">M\u00e1quina descascadora manual de castanha de caju<\/figcaption><\/figure> <\/figure>    <h2 class=\"wp-block-heading\">Grande grupo de m\u00e1quinas quebradoras de casca de castanha de caju<\/h2>    <p>A m\u00e1quina descascadora totalmente autom\u00e1tica \u00e9 uma combina\u00e7\u00e3o de m\u00e1quinas descascadoras de castanha de caju simples. De acordo com os requisitos de sa\u00edda, voc\u00ea pode combinar diferentes n\u00fameros de m\u00e1quinas de descascar. A unidade de descascamento autom\u00e1tico \u00e9 geralmente composta por uma talha, um distribuidor, diversas m\u00e1quinas autom\u00e1ticas de quebra de castanha de caju e uma peneira.<\/p>   <div class=\"wp-block-image size-full wp-image-1298\"> <figure class=\"aligncenter\"><img loading=\"lazy\" decoding=\"async\" width=\"720\" height=\"540\" src=\"http:\/\/www.cashewnut-processing.com\/wp-content\/uploads\/2020\/11\/cashew-shelling-machine.jpg\" alt=\"m\u00e1quina de descascar caju\" class=\"wp-image-1298\" title=\"\" srcset=\"https:\/\/www.cashewnut-processing.com\/wp-content\/uploads\/2020\/11\/cashew-shelling-machine.jpg 720w, https:\/\/www.cashewnut-processing.com\/wp-content\/uploads\/2020\/11\/cashew-shelling-machine-300x225.jpg 300w\" sizes=\"auto, (max-width: 720px) 100vw, 720px\" \/><figcaption class=\"wp-element-caption\">m\u00e1quina de descascar caju<\/figcaption><\/figure> <\/div>   <h3 class=\"wp-block-heading\">Princ\u00edpio de funcionamento da m\u00e1quina de descascar nozes<\/h3>    <p>Primeiro, use a esteira transportadora para transportar as castanhas de caju at\u00e9 a tremonha do dispensador. O fundo da tremonha entra em contato com v\u00e1rios tubos de transporte de material. Atrav\u00e9s dos tubos, essas castanhas de caju s\u00e3o divididas em diferentes posi\u00e7\u00f5es da descascadora. O dispensador pode controlar automaticamente a quantidade de material dividido de cada vez. Depois que a castanha de caju entra na m\u00e1quina de descascar, as cascas e gr\u00e3os separados caem na m\u00e1quina de peneira. Sob a a\u00e7\u00e3o da peneira vibrat\u00f3ria, as am\u00eandoas e cascas de diferentes pesos s\u00e3o separadas.<\/p>    <h3 class=\"wp-block-heading\">Caracter\u00edsticas da m\u00e1quina de quebrar castanhas de caju<\/h3>    <p>1. As m\u00e1quinas quebradoras de castanha de caju totalmente autom\u00e1ticas podem realizar todo o processo, desde a alimenta\u00e7\u00e3o, descascamento e triagem, com um alto grau de automa\u00e7\u00e3o.<br>2. A m\u00e1quina tem uma estrutura est\u00e1vel, alta efici\u00eancia de descascamento e uma alta taxa de gr\u00e3os inteiros.<br>3. Este grande grupo de m\u00e1quinas para descascar cajus \u00e9 adequado para grandes plantas de processamento de castanhas de caju e tem alta efici\u00eancia de produ\u00e7\u00e3o.<br>4. Pode combinar com v\u00e1rias m\u00e1quinas descascadoras de castanha de caju para atingir diferentes requisitos de produ\u00e7\u00e3o.<\/p>","protected":false},"excerpt":{"rendered":"<p>A m\u00e1quina descascadora de castanha de caju \u00e9 dividida em tipos manual, semiautom\u00e1tico, autom\u00e1tico e totalmente autom\u00e1tico. A m\u00e1quina quebra-caju possui caracter\u00edsticas de alto grau de automa\u00e7\u00e3o e alta taxa de descascamento.<\/p>","protected":false},"author":1,"featured_media":1997,"parent":0,"template":"","tags":[68],"product-type":[417],"class_list":["post-56","product","type-product","status-publish","has-post-thumbnail","hentry","tag-cashew-shelling-machine","product-type-shelling-peeling-machine"],"_links":{"self":[{"href":"https:\/\/www.cashewnut-processing.com\/pt\/wp-json\/wp\/v2\/product\/56","targetHints":{"allow":["GET"]}}],"collection":[{"href":"https:\/\/www.cashewnut-processing.com\/pt\/wp-json\/wp\/v2\/product"}],"about":[{"href":"https:\/\/www.cashewnut-processing.com\/pt\/wp-json\/wp\/v2\/types\/product"}],"author":[{"embeddable":true,"href":"https:\/\/www.cashewnut-processing.com\/pt\/wp-json\/wp\/v2\/users\/1"}],"wp:featuredmedia":[{"embeddable":true,"href":"https:\/\/www.cashewnut-processing.com\/pt\/wp-json\/wp\/v2\/media\/1997"}],"wp:attachment":[{"href":"https:\/\/www.cashewnut-processing.com\/pt\/wp-json\/wp\/v2\/media?parent=56"}],"wp:term":[{"taxonomy":"post_tag","embeddable":true,"href":"https:\/\/www.cashewnut-processing.com\/pt\/wp-json\/wp\/v2\/tags?post=56"},{"taxonomy":"product-type","embeddable":true,"href":"https:\/\/www.cashewnut-processing.com\/pt\/wp-json\/wp\/v2\/product-type?post=56"}],"curies":[{"name":"wp","href":"https:\/\/api.w.org\/{rel}","templated":true}]}}