{"id":52,"date":"2018-08-09T09:00:59","date_gmt":"2018-08-09T09:00:59","guid":{"rendered":"http:\/\/www.cashewnut-processing.com\/?p=52"},"modified":"2025-10-28T15:03:15","modified_gmt":"2025-10-28T07:03:15","slug":"cashew-vibrate-conveyor","status":"publish","type":"product","link":"https:\/\/www.cashewnut-processing.com\/pt\/cashew-vibrate-conveyor.html","title":{"rendered":"Separador Vibrat\u00f3rio de Caju | M\u00e1quina separadora de casca de caju"},"content":{"rendered":"<p class=\"translation-block\">A m\u00e1quina separadora de casca de caju \u00e9 usada para separar as nozes e cascas de cajus, <a href=\"https:\/\/en.wikipedia.org\/wiki\/Almond\" target=\"_blank\" rel=\"noopener\">am\u00eandoas<\/a>, amendoins, etc. Os cajus separados pelo equipamento entrar\u00e3o na pr\u00f3xima etapa da <a href=\"https:\/\/www.cashewnut-processing.com\/pt\/products\/cashewnut-processing-line\/\">linha de processamento de caju<\/a>. De acordo com diferentes utiliza\u00e7\u00f5es, o separador vibrat\u00f3rio de caju pode ser personalizado para um comprimento espec\u00edfico. A m\u00e1quina tem uma opera\u00e7\u00e3o simples e \u00e9 amplamente utilizada em f\u00e1bricas de nozes.<\/p>    <figure class=\"wp-block-embed is-type-video is-provider-youtube wp-block-embed-youtube wp-embed-aspect-4-3 wp-has-aspect-ratio\"><div class=\"wp-block-embed__wrapper\"> <iframe loading=\"lazy\" title=\"M\u00e1quina separadora de casca e am\u00eandoa de caju | separador vibrat\u00f3rio de caju\" width=\"500\" height=\"375\" src=\"https:\/\/www.youtube.com\/embed\/rtROHGiWgUk?feature=oembed\" frameborder=\"0\" allow=\"accelerometer; autoplay; clipboard-write; encrypted-media; gyroscope; picture-in-picture; web-share\" referrerpolicy=\"strict-origin-when-cross-origin\" allowfullscreen><\/iframe> <\/div><\/figure>    <h2 class=\"wp-block-heading\">Introdu\u00e7\u00e3o da m\u00e1quina separadora de casca de caju e caro\u00e7o<\/h2>    <p>A m\u00e1quina separadora de casca de caju tem uma velocidade r\u00e1pida. A alta taxa de separa\u00e7\u00e3o e o baixo risco de quebrar as porcas ajudam a m\u00e1quina a ser a melhor escolha para as f\u00e1bricas. Portanto, \u00e9 adequado que as f\u00e1bricas apliquem este separador na linha de produ\u00e7\u00e3o de nozes.<\/p>    <p>E temos dois tipos de separadores, eles funcionam basicamente com o mesmo princ\u00edpio. O \u00fanico ponto diferente \u00e9 o funil.<\/p>    <div class=\"wp-block-columns is-layout-flex wp-container-core-columns-is-layout-9d6595d7 wp-block-columns-is-layout-flex\"> <div class=\"wp-block-column is-layout-flow wp-block-column-is-layout-flow\"> <figure class=\"wp-block-image size-full\"><img loading=\"lazy\" decoding=\"async\" width=\"720\" height=\"540\" src=\"https:\/\/www.cashewnut-processing.com\/wp-content\/uploads\/2018\/08\/cashew-shell-separator.jpg\" alt=\"casca de caju e separador de am\u00eandoa\" class=\"wp-image-1766\" title=\"\" srcset=\"https:\/\/www.cashewnut-processing.com\/wp-content\/uploads\/2018\/08\/cashew-shell-separator.jpg 720w, https:\/\/www.cashewnut-processing.com\/wp-content\/uploads\/2018\/08\/cashew-shell-separator-300x225.jpg 300w\" sizes=\"auto, (max-width: 720px) 100vw, 720px\" \/><figcaption class=\"wp-element-caption\">M\u00e1quina separadora de casca e caro\u00e7o de caju<\/figcaption><\/figure> <\/div>    <div class=\"wp-block-column is-layout-flow wp-block-column-is-layout-flow\"> <figure class=\"wp-block-image size-full\"><img loading=\"lazy\" decoding=\"async\" width=\"720\" height=\"540\" src=\"https:\/\/www.cashewnut-processing.com\/wp-content\/uploads\/2018\/08\/cashew-vibrate-separator-machine.jpg\" alt=\"separador vibrat\u00f3rio de caju\" class=\"wp-image-1767\" title=\"\" srcset=\"https:\/\/www.cashewnut-processing.com\/wp-content\/uploads\/2018\/08\/cashew-vibrate-separator-machine.jpg 720w, https:\/\/www.cashewnut-processing.com\/wp-content\/uploads\/2018\/08\/cashew-vibrate-separator-machine-300x225.jpg 300w\" sizes=\"auto, (max-width: 720px) 100vw, 720px\" \/><figcaption class=\"wp-element-caption\">Separador vibrat\u00f3rio de caju<\/figcaption><\/figure> <\/div> <\/div>    <h2 class=\"wp-block-heading\">Princ\u00edpio de trabalho<\/h2>    <p>O separador vibrat\u00f3rio de caju \u00e9 usado para separar a casca e a am\u00eandoa do caju. A m\u00e1quina usa peneira vibrat\u00f3ria para separar castanhas e cascas de caju. A casca e a am\u00eandoa do caju peneiradas s\u00e3o descarregadas em diferentes sa\u00eddas da m\u00e1quina.<\/p>    <h2 class=\"wp-block-heading\">Vantagens da m\u00e1quina separadora de casca e caro\u00e7o de caju<\/h2>    <h3 class=\"wp-block-heading\">Alta efici\u00eancia<\/h3>    <p>A alimenta\u00e7\u00e3o s\u00f3 precisa de uma vez e o kernel do shell \u00e9 separado automaticamente. A opera\u00e7\u00e3o tamb\u00e9m \u00e9 simples.<\/p>    <h3 class=\"wp-block-heading\">Usos diversos<\/h3>    <p>Esta m\u00e1quina n\u00e3o serve apenas para separar castanhas de caju. Tamb\u00e9m pode separar outras nozes, como amendoim e am\u00eandoas.<\/p>    <h3 class=\"wp-block-heading\">Linha de produ\u00e7\u00e3o<\/h3>    <p>A m\u00e1quina pode ser utilizada na linha de montagem ou trabalhar sozinha, com grande rendimento. E ocupa um pequeno espa\u00e7o.<\/p>    <h2 class=\"wp-block-heading\">Como fazer a manuten\u00e7\u00e3o da m\u00e1quina<\/h2>    <ul class=\"wp-block-list\"> <li>Limpe e fa\u00e7a a manuten\u00e7\u00e3o da m\u00e1quina regularmente.<\/li>    <li>Especialistas profissionais devem verificar algumas pe\u00e7as regularmente para evitar danos \u00e0 m\u00e1quina.<\/li> <\/ul>    <p>O separador vibrat\u00f3rio de caju tamb\u00e9m \u00e9 uma parte importante da linha de processamento de castanha de caju. Se voc\u00ea estiver interessado na m\u00e1quina separadora ou na linha de produ\u00e7\u00e3o, entre em contato conosco. Estamos ansiosos por suas mensagens.<\/p>    <h2 class=\"wp-block-heading\">Par\u00e2metro da m\u00e1quina<\/h2>    <h3 class=\"wp-block-heading\">Modelo 1<\/h3>    <figure class=\"wp-block-image size-full\"><img loading=\"lazy\" decoding=\"async\" width=\"720\" height=\"540\" src=\"https:\/\/www.cashewnut-processing.com\/wp-content\/uploads\/2018\/08\/cashew-shell-separating-machine.jpg\" alt=\"m\u00e1quina separadora de casca de caju\" class=\"wp-image-1764\" title=\"\" srcset=\"https:\/\/www.cashewnut-processing.com\/wp-content\/uploads\/2018\/08\/cashew-shell-separating-machine.jpg 720w, https:\/\/www.cashewnut-processing.com\/wp-content\/uploads\/2018\/08\/cashew-shell-separating-machine-300x225.jpg 300w\" sizes=\"auto, (max-width: 720px) 100vw, 720px\" \/><figcaption class=\"wp-element-caption\">M\u00e1quina separadora de casca de caju<\/figcaption><\/figure>    <figure class=\"wp-block-table\"><table><tbody><tr><td>Modelo<\/td><td>TZJ-200<\/td><\/tr><tr><td>Capacidade<\/td><td>1200 kg\/hora<\/td><\/tr><tr><td>Tamanho<\/td><td>2600x600x1500mm<\/td><\/tr><tr><td>Tens\u00e3o<\/td><td>380 V\/50 Hz<\/td><\/tr><tr><td>Poder<\/td><td>1,85 kW<\/td><\/tr><\/tbody><\/table><\/figure>    <h3 class=\"wp-block-heading\">Modelo 2<\/h3>    <figure class=\"wp-block-image size-full\"><img loading=\"lazy\" decoding=\"async\" width=\"720\" height=\"540\" src=\"https:\/\/www.cashewnut-processing.com\/wp-content\/uploads\/2018\/08\/cashew-vibrate-separator.jpg\" alt=\"separador vibrat\u00f3rio de caju\" class=\"wp-image-1765\" title=\"\" srcset=\"https:\/\/www.cashewnut-processing.com\/wp-content\/uploads\/2018\/08\/cashew-vibrate-separator.jpg 720w, https:\/\/www.cashewnut-processing.com\/wp-content\/uploads\/2018\/08\/cashew-vibrate-separator-300x225.jpg 300w\" sizes=\"auto, (max-width: 720px) 100vw, 720px\" \/><figcaption class=\"wp-element-caption\">Separador vibrat\u00f3rio de caju<\/figcaption><\/figure>    <figure class=\"wp-block-table\"><table><tbody><tr><td>Modelo<\/td><td>TZ-ZD 1200<\/td><\/tr><tr><td>Capacidade<\/td><td>1200 kg\/hora<\/td><\/tr><tr><td>Dimens\u00e3o<\/td><td>5000*600*800mm<\/td><\/tr><tr><td>Tens\u00e3o<\/td><td>380v 50hz<\/td><\/tr><tr><td>Poder<\/td><td>1,5 kW<\/td><\/tr><tr><td>Peso<\/td><td>350kg<\/td><\/tr><\/tbody><\/table><\/figure>","protected":false},"excerpt":{"rendered":"<p>A m\u00e1quina separadora de casca de caju \u00e9 usada para separar as cascas de caju. O caju separado pode ser processado na linha de produ\u00e7\u00e3o.<\/p>","protected":false},"author":1,"featured_media":1998,"parent":0,"template":"","tags":[175],"product-type":[415],"class_list":["post-52","product","type-product","status-publish","has-post-thumbnail","hentry","tag-cashew-shell-separating-machine","product-type-sorting-grading-machine"],"_links":{"self":[{"href":"https:\/\/www.cashewnut-processing.com\/pt\/wp-json\/wp\/v2\/product\/52","targetHints":{"allow":["GET"]}}],"collection":[{"href":"https:\/\/www.cashewnut-processing.com\/pt\/wp-json\/wp\/v2\/product"}],"about":[{"href":"https:\/\/www.cashewnut-processing.com\/pt\/wp-json\/wp\/v2\/types\/product"}],"author":[{"embeddable":true,"href":"https:\/\/www.cashewnut-processing.com\/pt\/wp-json\/wp\/v2\/users\/1"}],"wp:featuredmedia":[{"embeddable":true,"href":"https:\/\/www.cashewnut-processing.com\/pt\/wp-json\/wp\/v2\/media\/1998"}],"wp:attachment":[{"href":"https:\/\/www.cashewnut-processing.com\/pt\/wp-json\/wp\/v2\/media?parent=52"}],"wp:term":[{"taxonomy":"post_tag","embeddable":true,"href":"https:\/\/www.cashewnut-processing.com\/pt\/wp-json\/wp\/v2\/tags?post=52"},{"taxonomy":"product-type","embeddable":true,"href":"https:\/\/www.cashewnut-processing.com\/pt\/wp-json\/wp\/v2\/product-type?post=52"}],"curies":[{"name":"wp","href":"https:\/\/api.w.org\/{rel}","templated":true}]}}