{"id":454,"date":"2019-01-14T09:17:55","date_gmt":"2019-01-14T09:17:55","guid":{"rendered":"http:\/\/www.cashewnut-processing.com\/?p=454"},"modified":"2025-10-28T15:05:31","modified_gmt":"2025-10-28T07:05:31","slug":"cashew-fryer-blancher","status":"publish","type":"product","link":"https:\/\/www.cashewnut-processing.com\/pt\/cashew-fryer-blancher.html","title":{"rendered":"M\u00e1quina de fritar castanha de caju de alta qualidade"},"content":{"rendered":"<p class=\"translation-block\">Esta fritadeira de cajus foi concebida para branquear ou fritar <a href=\"https:\/\/www.cashewnut-processing.com\/pt\/cashew-nut-shelling-and-cracking-machine.html\/\">am\u00eandoas de caju sem casca<\/a>. E n\u00e3o \u00e9 apenas \u00fatil para cajus, mas tamb\u00e9m para outros frutos secos, como amendoins e am\u00eandoas. Esta m\u00e1quina \u00e9 f\u00e1cil de operar e pode ser usada individualmente ou em linha. E poderia ser personalizada de acordo com a produ\u00e7\u00e3o exigida pelo cliente.<\/p>    <h2 class=\"wp-block-heading\">Uma breve introdu\u00e7\u00e3o \u00e0 m\u00e1quina de fritar castanha de caju<\/h2>    <p class=\"translation-block\">Esta m\u00e1quina branqueadora\/fritadora de castanha de caju \u00e9 um equipamento essencial na <a href=\"https:\/\/www.cashewnut-processing.com\/pt\/products\/cashewnut-processing-line\/\">linha de produ\u00e7\u00e3o de castanha de caju aromatizada<\/a>. Devido \u00e0 sua caracter\u00edstica t\u00f3xica, a castanha de caju crua deve ser pr\u00e9-processada atrav\u00e9s do <a href=\"https:\/\/www.cashewnut-processing.com\/pt\/cashew-nut-cooker.html\/\">cozimento<\/a>. O fritador de castanha de caju, inventado e desenvolvido pela Shuliy, \u00e9 um produto tudo-em-um. A m\u00e1quina pode atingir a fritura da castanha de caju de acordo com os requisitos de produ\u00e7\u00e3o. Entretanto, pode desempenhar o papel de um fritador. Ap\u00f3s a descasca e o despelamento, o branqueamento das castanhas de caju pode esterilizar bact\u00e9rias nocivas na superf\u00edcie da castanha de caju crua para evitar a infe\u00e7\u00e3o e polui\u00e7\u00e3o das mat\u00e9rias-primas, garantindo assim a qualidade do produto final.<\/p>    <figure class=\"wp-block-gallery has-nested-images columns-3 is-cropped wp-block-gallery-2 is-layout-flex wp-block-gallery-is-layout-flex\"> <figure class=\"wp-block-image size-full\"><img loading=\"lazy\" decoding=\"async\" width=\"720\" height=\"540\" data-id=\"7020\" src=\"https:\/\/www.cashewnut-processing.com\/wp-content\/uploads\/2019\/01\/cashew-nut-frying-machine.webp\" alt=\"m\u00e1quina de fritar castanha de caju\" class=\"wp-image-7020\" title=\"\"><figcaption class=\"wp-element-caption\">M\u00e1quina de fritar castanha de caju<\/figcaption><\/figure>    <figure class=\"wp-block-image size-full\"><img loading=\"lazy\" decoding=\"async\" width=\"720\" height=\"540\" data-id=\"7019\" src=\"https:\/\/www.cashewnut-processing.com\/wp-content\/uploads\/2019\/01\/cashew-frying-machine.webp\" alt=\"m\u00e1quina de fritar caju\" class=\"wp-image-7019\" title=\"\"><figcaption class=\"wp-element-caption\">M\u00e1quina de fritar caju<\/figcaption><\/figure> <\/figure>    <h2 class=\"wp-block-heading\">Aplica\u00e7\u00e3o da M\u00e1quina de Fritar Castanha de Caju<\/h2>    <p>A m\u00e1quina de fritar de pequeno porte pode ser usada como m\u00e1quina independente. Devido \u00e0 sua versatilidade e facilidade de transporte, a fritadeira \u00e9 adequada para pequenas ou m\u00e9dias f\u00e1bricas de salgadinhos ou empresas individuais. Eles incluem restaurantes fast-food, cantinas e refeit\u00f3rios de institui\u00e7\u00f5es governamentais, escolas ou hospitais. O equipamento de fritura de design exclusivo pode produzir uma variedade de alimentos fritos e comida de rua, incluindo frango frito, donuts, an\u00e9is de cebola fritos, batatas fritas e castanhas de caju aromatizadas, etc.<\/p>    <h2 class=\"wp-block-heading\">Estrutura da M\u00e1quina de Fritar Caju<\/h2>    <p>A fritadeira de castanha de caju \u00e9 composta por term\u00f4metro e sistema de controle, quadro de controle el\u00e9trico bem vedado, tanque de fritura\/branqueamento (n\u00famero personaliz\u00e1vel), duto de aquecimento, entrada de \u00e1gua, sa\u00edda de \u00e1gua e sa\u00edda de esgoto. A fritadeira de caju \u00e9 constru\u00edda em SUS304.<\/p>   <div class=\"wp-block-image\"> <figure class=\"aligncenter size-full\"><img loading=\"lazy\" decoding=\"async\" width=\"720\" height=\"540\" src=\"https:\/\/www.cashewnut-processing.com\/wp-content\/uploads\/2019\/01\/cashew-frying-machine-for-sale.webp\" alt=\"Vendo m\u00e1quina de fritar caju\" class=\"wp-image-7018\" title=\"\"><figcaption class=\"wp-element-caption\">Vendo m\u00e1quina de fritar caju<\/figcaption><\/figure> <\/div>   <h2 class=\"wp-block-heading\">Vantagens e caracter\u00edsticas da fritadeira de caju<\/h2>    <ol class=\"wp-block-list\"> <li>O tamanho da m\u00e1quina de fritar castanha de caju pode ser personalizado de acordo com a escala de neg\u00f3cios do cliente ou necessidade de produ\u00e7\u00e3o;<\/li>    <li>O cesto de fritar \u00e9 feito de <a href=\"https:\/\/en.wikipedia.org\/wiki\/Stainless_steel\" target=\"_blank\" rel=\"noopener\">a\u00e7o inoxid\u00e1vel<\/a> com peso menor que os tradicionais vendidos no mercado atual. Foi projetado para ser mais f\u00e1cil de ser levantado, o que alivia a carga dos operadores;<\/li>    <li>O tubo de aquecimento \u00e9 mais espesso e resistente para garantir uma vida \u00fatil prolongada;<\/li>    <li>O projeto de separa\u00e7\u00e3o \u00e1gua-\u00f3leo eliminou o problema do \u00f3leo de fritura polu\u00eddo que levava \u00e0 carboniza\u00e7\u00e3o dos cajus;<\/li>    <li>O gabinete de controle bem vedado garante um trabalho seguro durante o processo de fritura.<\/li> <\/ol>    <h2 class=\"wp-block-heading\">Par\u00e2metro da m\u00e1quina<\/h2>    <figure class=\"wp-block-table\"><table><tbody><tr><td>modelo<\/td><td>poder<\/td><td>Capacidade do tanque de \u00f3leo<\/td><td>di\u00e2metro<\/td><\/tr><tr><td>500<\/td><td>12kw\/380v<\/td><td>500x500x400mm<\/td><td>700x700x950mm<\/td><\/tr><tr><td>1000<\/td><td>24kw\/380v<\/td><td>1000x500x400mm<\/td><td>1200x700x950mm<\/td><\/tr><tr><td>1000A<\/td><td>27kw\/380v<\/td><td>1000x700x400mm<\/td><td>1400x1050x1400mm<\/td><\/tr><tr><td>1500A<\/td><td>40,5 kw\/380v<\/td><td>1500x700x400mm<\/td><td>1900x1050x1200mm<\/td><\/tr><tr><td>2000A<\/td><td>54kw\/380v<\/td><td>2000x700x400mm<\/td><td>2350x1050x1200mm<\/td><\/tr><\/tbody><\/table><\/figure>","protected":false},"excerpt":{"rendered":"<p>This cashew fryer is designed to bleach or fry shellless cashew nuts. And it is not only useful in cashew but also in other nuts, like peanuts, and almonds. This machine is easy to operate and can be used as a single one or in a line. And it could be customized according to the [&hellip;]<\/p>\n","protected":false},"author":1,"featured_media":7017,"parent":0,"template":"","tags":[174,70],"product-type":[416],"class_list":["post-454","product","type-product","status-publish","has-post-thumbnail","hentry","tag-cashew-nut-frying-blanching-machine","tag-cashew-processing-machine","product-type-roasting-drying-machine"],"_links":{"self":[{"href":"https:\/\/www.cashewnut-processing.com\/pt\/wp-json\/wp\/v2\/product\/454","targetHints":{"allow":["GET"]}}],"collection":[{"href":"https:\/\/www.cashewnut-processing.com\/pt\/wp-json\/wp\/v2\/product"}],"about":[{"href":"https:\/\/www.cashewnut-processing.com\/pt\/wp-json\/wp\/v2\/types\/product"}],"author":[{"embeddable":true,"href":"https:\/\/www.cashewnut-processing.com\/pt\/wp-json\/wp\/v2\/users\/1"}],"wp:featuredmedia":[{"embeddable":true,"href":"https:\/\/www.cashewnut-processing.com\/pt\/wp-json\/wp\/v2\/media\/7017"}],"wp:attachment":[{"href":"https:\/\/www.cashewnut-processing.com\/pt\/wp-json\/wp\/v2\/media?parent=454"}],"wp:term":[{"taxonomy":"post_tag","embeddable":true,"href":"https:\/\/www.cashewnut-processing.com\/pt\/wp-json\/wp\/v2\/tags?post=454"},{"taxonomy":"product-type","embeddable":true,"href":"https:\/\/www.cashewnut-processing.com\/pt\/wp-json\/wp\/v2\/product-type?post=454"}],"curies":[{"name":"wp","href":"https:\/\/api.w.org\/{rel}","templated":true}]}}