{"id":40,"date":"2018-08-09T08:56:17","date_gmt":"2018-08-09T08:56:17","guid":{"rendered":"http:\/\/www.cashewnut-processing.com\/?p=40"},"modified":"2025-10-28T15:06:18","modified_gmt":"2025-10-28T07:06:18","slug":"cashew-nut-dryer","status":"publish","type":"product","link":"https:\/\/www.cashewnut-processing.com\/pt\/cashew-nut-dryer.html","title":{"rendered":"Secador multifuncional de castanha de caju | M\u00e1quina de secagem de caju tipo caixa"},"content":{"rendered":"<p class=\"translation-block\">O secador de castanha de caju \u00e9 um secador de tabuleiro, que pode secar frutos secos, vegetais, medicamentos e outros produtos alimentares. \u00c9 frequentemente usado em <a href=\"https:\/\/www.cashewnut-processing.com\/pt\/automatic-cashew-nut-processing-line.html\/\">f\u00e1bricas de processamento de castanha de caju<\/a>, linhas de produ\u00e7\u00e3o de frutos secos e outros processamentos de alimentos. A m\u00e1quina secadora de alimentos em a\u00e7o inoxid\u00e1vel tem uma estrutura est\u00e1vel. A fun\u00e7\u00e3o de controlo autom\u00e1tico de temperatura da m\u00e1quina desidratadora pode manter uma temperatura e humidade constantes durante o processo de secagem. Assim, o alimento pode manter o melhor sabor.<\/p>    <figure class=\"wp-block-embed is-type-video is-provider-youtube wp-block-embed-youtube wp-embed-aspect-16-9 wp-has-aspect-ratio\"><div class=\"wp-block-embed__wrapper\"> <iframe loading=\"lazy\" title=\"Como secar castanhas de caju. M\u00e1quina Secadora de Caju | M\u00e1quina de Secar Caju #shorts\" width=\"500\" height=\"281\" src=\"https:\/\/www.youtube.com\/embed\/279UA74gfeM?feature=oembed\" frameborder=\"0\" allow=\"accelerometer; autoplay; clipboard-write; encrypted-media; gyroscope; picture-in-picture; web-share\" referrerpolicy=\"strict-origin-when-cross-origin\" allowfullscreen><\/iframe> <\/div><\/figure>    <h2 class=\"wp-block-heading\">Por que precisamos secar as castanhas de caju?<\/h2>    <p class=\"translation-block\">A castanha de caju tem uma casca dura, e a casca est\u00e1 intimamente ligada ao seu miolo. Assim, para tornar a descascagem da castanha de caju mais eficiente, usamos frequentemente <a href=\"https:\/\/www.cashewnut-processing.com\/pt\/cashew-nut-cooker.html\/\">m\u00e1quina de cozedura de castanha de caju<\/a> para amaciar as cascas duras. Mas ap\u00f3s o <a href=\"https:\/\/www.cashewnut-processing.com\/pt\/cashew-nut-shelling-and-cracking-machine.html\/\">processo de descascamento<\/a>, ainda h\u00e1 pele fora dos miolos de caju. Para tornar a casca do miolo de caju mais r\u00e1pida, usamos uma m\u00e1quina secadora de castanha de caju para secar a pele. E ent\u00e3o, ao descascar os miolos de caju, ser\u00e1 mais f\u00e1cil soprar a pele seca.<\/p>    <h2 class=\"wp-block-heading\"><strong>Introdu\u00e7\u00e3o do secador de castanha de caju<\/strong><\/h2>    <p>A m\u00e1quina de secar castanha de caju tamb\u00e9m \u00e9 chamada de secadora de bandeja. Utiliza aquecimento el\u00e9trico para secar a castanha de caju. O secador de castanha de caju adota um ventilador de circula\u00e7\u00e3o resistente a temperaturas ultra-altas. E o ar quente for\u00e7ado aquecido pelo tubo de aquecimento el\u00e9trico ou trocador de calor a vapor circula na caixa. O secador de nozes adota sistema de controle inteligente PLC para operar a m\u00e1quina, reduzindo o uso manual.<\/p>   <div class=\"wp-block-image size-full wp-image-2439\"> <figure class=\"aligncenter\"><img loading=\"lazy\" decoding=\"async\" width=\"720\" height=\"540\" src=\"https:\/\/www.cashewnut-processing.com\/wp-content\/uploads\/2018\/08\/1-multi-functional-cashew-nut-dryer-machine.jpg\" alt=\"m\u00e1quina secadora multifuncional de castanha de caju\" class=\"wp-image-2439\" title=\"\" srcset=\"https:\/\/www.cashewnut-processing.com\/wp-content\/uploads\/2018\/08\/1-multi-functional-cashew-nut-dryer-machine.jpg 720w, https:\/\/www.cashewnut-processing.com\/wp-content\/uploads\/2018\/08\/1-multi-functional-cashew-nut-dryer-machine-300x225.jpg 300w\" sizes=\"auto, (max-width: 720px) 100vw, 720px\" \/><figcaption class=\"wp-element-caption\">m\u00e1quina secadora multifuncional de castanha de caju<\/figcaption><\/figure> <\/div>   <h2 class=\"wp-block-heading\">Como secar castanha de caju com Secador de Alimentos Industrial?<\/h2>    <p>O princ\u00edpio b\u00e1sico da m\u00e1quina secadora de alimentos com circula\u00e7\u00e3o de ar quente \u00e9 usar vapor ou eletricidade como fonte de energia t\u00e9rmica. O radiador a vapor ou elemento de aquecimento el\u00e9trico gera calor. O ventilador \u00e9 usado para troca de calor convectiva, transfer\u00eancia de calor para o material e reabastece constantemente o ar fresco para descarregar o ar \u00famido. Sua maior caracter\u00edstica \u00e9 que a maior parte do ar quente circula na caixa, o que melhora a efici\u00eancia t\u00e9rmica e economiza energia.<\/p>    <p>Em uma m\u00e1quina desidratadora de caju, a secagem da castanha de caju passa por tr\u00eas etapas: aquecimento, desumidifica\u00e7\u00e3o e resfriamento. A m\u00e1quina de secagem de bandejas executar\u00e1 o processo de secagem ap\u00f3s definir a temperatura de aquecimento e a temperatura de desumidifica\u00e7\u00e3o. Durante o processo de secagem, o ambiente interno manter\u00e1 temperatura e umidade constantes.<\/p>    <h3 class=\"wp-block-heading\">Etapas de opera\u00e7\u00e3o da m\u00e1quina de secar alimentos<\/h3>    <p>Feche bem a porta e gire a manivela da v\u00e1lvula de drenagem para a posi\u00e7\u00e3o \u201ccircula\u00e7\u00e3o\u201d.<\/p>    <p>Ligue o bot\u00e3o liga \/ desliga do controlador do forno.<\/p>    <p>Ajuste a temperatura do controle de secagem e a temperatura limite superior e inferior do alarme conforme instru\u00e7\u00f5es do \u201cManual de Instru\u00e7\u00f5es do Controlador do Secador\u201d.<\/p>    <p>Pressione o \u201cventilador\u201d para iniciar a troca; defina o tempo de desumidifica\u00e7\u00e3o (rel\u00e9 de tempo) e depois ligue o aquecimento.<\/p>    <p>Defina a temperatura do instrumento, pressione o interruptor de aquecimento e o forno come\u00e7ar\u00e1 a aquecer.<\/p>    <p>Ap\u00f3s a secagem, pressione o bot\u00e3o \u201cparar\u201d do ventilador e pressione o bot\u00e3o \u201cdesligar\u201d.<\/p>   <div class=\"wp-block-image size-full wp-image-2441\"> <figure class=\"aligncenter\"><img loading=\"lazy\" decoding=\"async\" width=\"720\" height=\"540\" src=\"https:\/\/www.cashewnut-processing.com\/wp-content\/uploads\/2018\/08\/3-food-dryer-machine.jpg\" alt=\"m\u00e1quina de secar alimentos\" class=\"wp-image-2441\" title=\"\" srcset=\"https:\/\/www.cashewnut-processing.com\/wp-content\/uploads\/2018\/08\/3-food-dryer-machine.jpg 720w, https:\/\/www.cashewnut-processing.com\/wp-content\/uploads\/2018\/08\/3-food-dryer-machine-300x225.jpg 300w\" sizes=\"auto, (max-width: 720px) 100vw, 720px\" \/><figcaption class=\"wp-element-caption\">m\u00e1quina de secar alimentos<\/figcaption><\/figure> <\/div>   <h3 class=\"wp-block-heading\">Notas de opera\u00e7\u00e3o<\/h3>    <ul class=\"wp-block-list\"> <li>Ao usar o secador de castanha de caju pela primeira vez, preste aten\u00e7\u00e3o se a dire\u00e7\u00e3o de cada ventilador est\u00e1 correta.<\/li>    <li>O \u00e2ngulo de abertura da v\u00e1lvula de drenagem \u00e9 determinado de acordo com o teor de umidade do material.<\/li>    <li>Leia detalhadamente o manual de instru\u00e7\u00f5es do instrumento antes de usar a m\u00e1quina.<\/li>    <li>A tira de veda\u00e7\u00e3o da porta est\u00e1 envelhecida e inv\u00e1lida e deve ser substitu\u00edda a tempo.<\/li>    <li>A superf\u00edcie do secador de castanha de caju deve evitar danos causados \u200b\u200bpela colis\u00e3o de objetos duros e pesados.<\/li>    <li>A secagem de materiais inflam\u00e1veis \u200b\u200be explosivos \u00e9 estritamente proibida.<\/li>    <li>A press\u00e3o m\u00e1xima de trabalho do radiador a vapor \u00e9 de 0,8 MPa, sendo proibido o uso de sobrepress\u00e3o.<\/li>    <li>Se a temperatura de opera\u00e7\u00e3o do forno for necess\u00e1ria para atingir 120 ~ 140 \u2103, ou seja, a press\u00e3o do vapor deve estar na faixa de 0,4 ~ 0,8 Mpa. Se a temperatura na caixa for necess\u00e1ria para atingir 80 ~ 120 \u2103, ou seja, a press\u00e3o do vapor deve ser de 0,2 ~ 0,4Mpa.<\/li>    <li>Para fornos aquecidos a vapor rec\u00e9m-instalados e reutilizados ap\u00f3s descomissionamento de longo prazo, certifique-se de fechar as v\u00e1lvulas de parada dianteira e traseira da v\u00e1lvula solen\u00f3ide, abrir a v\u00e1lvula de desvio e lavar a sujeira e o esgoto na tubula\u00e7\u00e3o com vapor para evitar que o solen\u00f3ide v\u00e1lvula seja bloqueada e funcione mal.<\/li>    <li>A v\u00e1lvula de entrada de vapor deve ser aberta lentamente e o filtro de vapor deve ser limpo regularmente<\/li>    <li>Ap\u00f3s um ano de uso, o departamento de testes local deve testar os v\u00e1rios requisitos mec\u00e2nicos e de seguran\u00e7a deste equipamento e decidir continuar a us\u00e1-lo ap\u00f3s os resultados do teste atingirem o padr\u00e3o. Se o teste n\u00e3o atender aos indicadores, pare de us\u00e1-lo.<\/li> <\/ul>    <h2 class=\"wp-block-heading\">Aplica\u00e7\u00e3o de secador de castanha de caju<\/h2>    <p>O secador de bandeja \u00e9 amplamente utilizado na secagem de mat\u00e9rias-primas ou produtos como produtos farmac\u00eauticos, qu\u00edmicos, nozes, agr\u00edcolas e secund\u00e1rios. Tamb\u00e9m \u00e9 adequado para secar frutas, vegetais desidratados agr\u00edcolas e subsidi\u00e1rios, ra\u00e7\u00f5es, condimentos, roupas, alimentos e outras ind\u00fastrias.<\/p>   <div class=\"wp-block-image size-full wp-image-2442\"> <figure class=\"aligncenter\"><img loading=\"lazy\" decoding=\"async\" width=\"752\" height=\"752\" src=\"https:\/\/www.cashewnut-processing.com\/wp-content\/uploads\/2018\/08\/4-box-cashew-nut-dryer-application.jpg\" alt=\"aplica\u00e7\u00e3o de secador de castanha de caju em caixa\" class=\"wp-image-2442\" title=\"\" srcset=\"https:\/\/www.cashewnut-processing.com\/wp-content\/uploads\/2018\/08\/4-box-cashew-nut-dryer-application.jpg 752w, https:\/\/www.cashewnut-processing.com\/wp-content\/uploads\/2018\/08\/4-box-cashew-nut-dryer-application-300x300.jpg 300w, https:\/\/www.cashewnut-processing.com\/wp-content\/uploads\/2018\/08\/4-box-cashew-nut-dryer-application-150x150.jpg 150w\" sizes=\"auto, (max-width: 752px) 100vw, 752px\" \/><figcaption class=\"wp-element-caption\">aplica\u00e7\u00e3o de secador de castanha de caju em caixa<\/figcaption><\/figure> <\/div>   <h2 class=\"wp-block-heading\">Destaques da m\u00e1quina de secagem de castanha de caju<\/h2>    <ol class=\"wp-block-list\"> <li>O corpo do secador de nozes adota uma estrutura totalmente fechada, circulando na caixa de ar quente, descarregando razoavelmente o ar quente e \u00famido e reabastecendo o ar fresco.<\/li>    <li>A transfer\u00eancia de calor \u00e9 melhorada, a taxa de evapora\u00e7\u00e3o da \u00e1gua aumenta e o tempo de secagem \u00e9 reduzido.<\/li>    <li>Todo o secador de castanha de caju possui baixo ru\u00eddo, opera\u00e7\u00e3o balanceada, controle autom\u00e1tico de temperatura e instala\u00e7\u00e3o e manuten\u00e7\u00e3o convenientes.<\/li>    <li>Possui uma ampla gama de aplica\u00e7\u00f5es e pode secar todos os tipos de materiais.<\/li>    <li>O secador de castanha de caju est\u00e1 equipado com um sistema autom\u00e1tico de controle de temperatura para controlar a temperatura com precis\u00e3o. Uma placa de distribui\u00e7\u00e3o de ar ajust\u00e1vel est\u00e1 disposta na caixa e a temperatura dentro da caixa \u00e9 uniforme.<\/li>    <li>O uso de ventilador de circula\u00e7\u00e3o embutido de baixo ru\u00eddo e economia de energia, o equil\u00edbrio de opera\u00e7\u00e3o, reduziu bastante o ru\u00eddo e a perda de calor do equipamento, entrada de ar com filtro de ar, marcando o dispositivo de umedecimento.<\/li> <\/ol>    <h2 class=\"wp-block-heading\">Par\u00e2metros do secador de castanha de caju tipo caixa<\/h2>    <figure class=\"wp-block-table\"><table><tbody><tr><td>Modelo<\/td><td>Capacidade (kg\/h)<\/td><td>Pot\u00eancia (kw)<\/td><td>Consumir vapor (kg\/h)<\/td><td>\u00c1rea de dissipa\u00e7\u00e3o de calor (\u33a1)<\/td><td>Volume de ar (m3\/h)<\/td><td>Dimens\u00e3o (C\u00d7L\u00d7A)mm<\/td><\/tr><tr><td>TZ-25<\/td><td>25<\/td><td>0.45<\/td><td>5<\/td><td>5<\/td><td>3400<\/td><td>1550\u00d71000\u00d72044<\/td><\/tr><tr><td>TZ-50<\/td><td>50<\/td><td>0.45<\/td><td>10<\/td><td>10<\/td><td>3400<\/td><td>1400\u00d71200\u00d72000<\/td><\/tr><tr><td>TZ-100<\/td><td>100<\/td><td>1.1<\/td><td><code>20<\/code><\/td><td>20<\/td><td><code>1400<\/code><\/td><td>2430\u00d71200\u00d72375<\/td><\/tr><tr><td>TZ-200<\/td><td><code>200<\/code><\/td><td>1.1<\/td><td>40<\/td><td>40<\/td><td>5200<\/td><td>2430\u00d72200\u00d72433<\/td><\/tr><tr><td>TZ-300<\/td><td>300<\/td><td>2.2<\/td><td>60<\/td><td>80<\/td><td>9800<\/td><td>3430\u00d72200\u00d72620<\/td><\/tr><tr><td>TZ-400<\/td><td>400<\/td><td>2.2<\/td><td>80<\/td><td>100<\/td><td>9800<\/td><td>4380\u00d72200\u00d72620<\/td><\/tr><tr><td>TZ-D100<\/td><td>100<\/td><td>0.45<\/td><td>18<\/td><td>20<\/td><td>3450<\/td><td>2300\u00d71200\u00d72000<\/td><\/tr><tr><td>TZ-D200<\/td><td>200<\/td><td>0.9<\/td><td>36<\/td><td>40<\/td><td>6900<\/td><td>2300\u00d72200\u00d72000<\/td><\/tr><tr><td>TZ-D300<\/td><td>300<\/td><td>1.35<\/td><td>54<\/td><td>80<\/td><td>10350<\/td><td>2300\u00d73220\u00d72290<\/td><\/tr><tr><td>TZ-D400<\/td><td>400<\/td><td>1.8<\/td><td>72<\/td><td>100<\/td><td>13800<\/td><td>4460\u00d72200\u00d72290<\/td><\/tr><tr><td>TZ-X120<\/td><td>120<\/td><td>0.9<\/td><td>20<\/td><td>25<\/td><td>6900<\/td><td>1460\u00d72160\u00d72250<\/td><\/tr><\/tbody><\/table><\/figure>    <h2 class=\"wp-block-heading\"><strong>Instala\u00e7\u00e3o de M\u00e1quina Secadora de Castanha de Caju<\/strong><\/h2>    <p>O usu\u00e1rio coloca a tubula\u00e7\u00e3o de vapor e o cabo de alimenta\u00e7\u00e3o fora da m\u00e1quina de secar alimentos, conforme necess\u00e1rio.<br>Conecte o cabo de alimenta\u00e7\u00e3o e aterre firmemente a parede externa do dispositivo. Conecte o tubo de ventila\u00e7\u00e3o ao exterior.<\/p>   <div class=\"wp-block-image size-full wp-image-2440\"> <figure class=\"aligncenter\"><img loading=\"lazy\" decoding=\"async\" width=\"750\" height=\"750\" src=\"https:\/\/www.cashewnut-processing.com\/wp-content\/uploads\/2018\/08\/2-cashew-nut-drying-machine.jpg\" alt=\"m\u00e1quina de secar castanha de caju\" class=\"wp-image-2440\" title=\"\" srcset=\"https:\/\/www.cashewnut-processing.com\/wp-content\/uploads\/2018\/08\/2-cashew-nut-drying-machine.jpg 750w, https:\/\/www.cashewnut-processing.com\/wp-content\/uploads\/2018\/08\/2-cashew-nut-drying-machine-300x300.jpg 300w, https:\/\/www.cashewnut-processing.com\/wp-content\/uploads\/2018\/08\/2-cashew-nut-drying-machine-150x150.jpg 150w\" sizes=\"auto, (max-width: 750px) 100vw, 750px\" \/><figcaption class=\"wp-element-caption\">m\u00e1quina de secar castanha de caju<\/figcaption><\/figure> <\/div>   <ol class=\"wp-block-list\"> <li>A m\u00e1quina de secagem de caju multicamadas deve ser instalada em solo nivelado.<\/li>    <li>A entrada de energia do equipamento \u00e9 de fios trif\u00e1sicos e um fio neutro. A pot\u00eancia total \u00e9 12,73KW, a tens\u00e3o \u00e9 380V e a frequ\u00eancia \u00e9 50Hz.<\/li>    <li>A parede externa da m\u00e1quina de secar castanha de caju deve estar firmemente aterrada.<\/li>    <li>Ajuste a abertura das placas guia de ar em ambos os lados da caixa para uniformizar a temperatura na caixa. De acordo com a experi\u00eancia, a abertura da se\u00e7\u00e3o superior do defletor de ar na lateral do ventilador do forno (press\u00e3o negativa do ar circulante) \u00e9 relativamente pequena e a abertura da se\u00e7\u00e3o inferior \u00e9 relativamente grande. A abertura do defletor de vento do outro lado (press\u00e3o positiva do vento circulante) \u00e9 o oposto, sendo a se\u00e7\u00e3o superior maior e a inferior menor. Caso a temperatura de determinado local seja baixa ap\u00f3s o teste de aquecimento do forno, o defletor de ar pr\u00f3ximo ao local deve ser aberto corretamente; pelo contr\u00e1rio, quando a temperatura estiver elevada, deve ser devidamente fechado.<\/li>    <li>Ap\u00f3s a instala\u00e7\u00e3o do equipamento, feche a chave el\u00e9trica e verifique se o circuito est\u00e1 conectado (a luz indicadora do controlador est\u00e1 acesa).<\/li>    <li>Pressione os bot\u00f5es \u201cPower On\u201d e \u201cFan Start\u201d no controlador para ligar o ventilador. E verifique se a dire\u00e7\u00e3o do ventilador \u00e9 consistente com a dire\u00e7\u00e3o indicada pela seta e se h\u00e1 algum som anormal.<\/li> <\/ol>    <h2 class=\"wp-block-heading\">Precau\u00e7\u00f5es antes de usar a m\u00e1quina de secar castanha de caju em caixa<\/h2>   <div class=\"wp-block-image size-full wp-image-2443\"> <figure class=\"aligncenter\"><img loading=\"lazy\" decoding=\"async\" width=\"752\" height=\"752\" src=\"https:\/\/www.cashewnut-processing.com\/wp-content\/uploads\/2018\/08\/5-vegetable-dryer-machine-details.jpg\" alt=\"detalhes da m\u00e1quina de secar vegetais\" class=\"wp-image-2443\" title=\"\" srcset=\"https:\/\/www.cashewnut-processing.com\/wp-content\/uploads\/2018\/08\/5-vegetable-dryer-machine-details.jpg 752w, https:\/\/www.cashewnut-processing.com\/wp-content\/uploads\/2018\/08\/5-vegetable-dryer-machine-details-300x300.jpg 300w, https:\/\/www.cashewnut-processing.com\/wp-content\/uploads\/2018\/08\/5-vegetable-dryer-machine-details-150x150.jpg 150w\" sizes=\"auto, (max-width: 752px) 100vw, 752px\" \/><figcaption class=\"wp-element-caption\">detalhes da m\u00e1quina de secar vegetais<\/figcaption><\/figure> <\/div>   <ol class=\"wp-block-list\"> <li>Adquira a s\u00e9rie CT, CT-C de fornos de circula\u00e7\u00e3o de ar quente de nossa empresa (seja aquecimento a vapor ou aquecimento el\u00e9trico, doravante denominados fornos), se os fornos de nossa empresa n\u00e3o indicarem \u201cPermitir o uso conjunto de materiais inflam\u00e1veis \u200b\u200b\u200b\u200be explosivos\u201d, inflam\u00e1vel \u00e9 estritamente proibido. Subst\u00e2ncias explosivas entram no forno acima mencionado.<\/li>    <li>Para o secador de castanha de caju em uso, limpe regularmente o interior do forno, incluindo o sistema de ventila\u00e7\u00e3o e o aquecedor. E limpe a poeira acumulada na superf\u00edcie para evitar sua carboniza\u00e7\u00e3o e igni\u00e7\u00e3o.<\/li>    <li>De acordo com as regras nacionais de testes para instrumentos de medi\u00e7\u00e3o, os instrumentos (instrumentos prim\u00e1rios e secund\u00e1rios), atuadores de controle autom\u00e1tico, equipamentos el\u00e9tricos e circuitos utilizados nos fornos da nossa empresa s\u00e3o inspecionados e medidos regularmente para garantir sua seguran\u00e7a, confiabilidade e precis\u00e3o.<\/li>    <li>Para todos os fornos em uso, limpe e substitua regularmente os filtros de entrada e sa\u00edda de ar.<\/li>    <li>Ao utilizar o forno, \u00e9 expressamente proibido permanecer no local sem vigil\u00e2ncia. Se ocorrer um fen\u00f4meno anormal, desligue imediatamente a fonte de alimenta\u00e7\u00e3o e deixe-a esfriar at\u00e9 a temperatura ambiente antes de abrir a porta.<\/li>    <li>Quando o operador sai do local ap\u00f3s sair do trabalho, a alimenta\u00e7\u00e3o principal do forno deve ser cortada.<\/li>    <li>O secador de castanha de caju que n\u00e3o \u00e9 utilizado h\u00e1 muito tempo pode ser colocado em uso ap\u00f3s reexecutar os itens 2, 3 e 4 acima, quando for utilizado novamente.<\/li> <\/ol>","protected":false},"excerpt":{"rendered":"<p>O secador de castanha de caju \u00e9 um secador de bandeja que pode secar nozes, vegetais, medicamentos e outros produtos. \u00c9 feito de a\u00e7o inoxid\u00e1vel.<\/p>","protected":false},"author":1,"featured_media":41,"parent":0,"template":"","tags":[6],"product-type":[416],"class_list":["post-40","product","type-product","status-publish","has-post-thumbnail","hentry","tag-cashew-nut-dryer","product-type-roasting-drying-machine"],"_links":{"self":[{"href":"https:\/\/www.cashewnut-processing.com\/pt\/wp-json\/wp\/v2\/product\/40","targetHints":{"allow":["GET"]}}],"collection":[{"href":"https:\/\/www.cashewnut-processing.com\/pt\/wp-json\/wp\/v2\/product"}],"about":[{"href":"https:\/\/www.cashewnut-processing.com\/pt\/wp-json\/wp\/v2\/types\/product"}],"author":[{"embeddable":true,"href":"https:\/\/www.cashewnut-processing.com\/pt\/wp-json\/wp\/v2\/users\/1"}],"wp:featuredmedia":[{"embeddable":true,"href":"https:\/\/www.cashewnut-processing.com\/pt\/wp-json\/wp\/v2\/media\/41"}],"wp:attachment":[{"href":"https:\/\/www.cashewnut-processing.com\/pt\/wp-json\/wp\/v2\/media?parent=40"}],"wp:term":[{"taxonomy":"post_tag","embeddable":true,"href":"https:\/\/www.cashewnut-processing.com\/pt\/wp-json\/wp\/v2\/tags?post=40"},{"taxonomy":"product-type","embeddable":true,"href":"https:\/\/www.cashewnut-processing.com\/pt\/wp-json\/wp\/v2\/product-type?post=40"}],"curies":[{"name":"wp","href":"https:\/\/api.w.org\/{rel}","templated":true}]}}