{"id":34,"date":"2018-08-09T08:51:26","date_gmt":"2018-08-09T08:51:26","guid":{"rendered":"http:\/\/www.cashewnut-processing.com\/?p=34"},"modified":"2025-10-28T15:02:37","modified_gmt":"2025-10-28T07:02:37","slug":"cashew-peeling-machine-2","status":"publish","type":"product","link":"https:\/\/www.cashewnut-processing.com\/pt\/cashew-peeling-machine-2.html","title":{"rendered":"M\u00e1quina descascadora de caju | Descascador de caju"},"content":{"rendered":"A m\u00e1quina descascadora de caju \u00e9 composta por uma tremonha, um compressor de ar e uma sa\u00edda. As castanhas de caju descascadas pelo equipamento podem ser acondicionadas em sacos para venda. A m\u00e1quina possui opera\u00e7\u00e3o simples e alta efici\u00eancia. \u00c9 amplamente utilizado em f\u00e1bricas. <h2 id=\"block-933c0b49-6767-43d2-82fe-3c28d4cd238a\" class=\"block-editor-rich-text__editable block-editor-block-list__block wp-block is-selected rich-text\" tabindex=\"0\" role=\"group\" contenteditable=\"true\" aria-multiline=\"true\" aria-label=\"Bloco: T\u00edtulo\" data-block=\"933c0b49-6767-43d2-82fe-3c28d4cd238a\" data-type=\"core\/heading\" data-title=\"Heading\"><strong data-rich-text-format-boundary=\"true\">Introdu\u00e7\u00e3o \u00e0 m\u00e1quina de descascar caju<\/strong><\/h2> A m\u00e1quina descascadora de lote de caju pode descascar grandes quantidades de nozes em alta velocidade. Portanto, as m\u00e1quinas descascadoras de caju s\u00e3o adequadas para grandes f\u00e1bricas produzirem cajus em sacos. As castanhas de caju processadas pela m\u00e1quina podem ser facilmente embaladas posteriormente e colocadas no mercado para venda. Recentemente, <a href=\"https:\/\/www.cashewnut-processing.com\/pt\/cashew-nut-processing-industry-in-vietnam.html\/\">no Vietn\u00e3, a m\u00e1quina de descascar castanha de caju<\/a> foi usado para produ\u00e7\u00e3o. Ou a m\u00e1quina tamb\u00e9m pode descascar o alho e voc\u00ea poder\u00e1 ouvir a m\u00e1quina de descascar o alho. Na verdade, eles t\u00eam basicamente o mesmo princ\u00edpio de funcionamento.  <div id='gallery-1' class='gallery galleryid-34 gallery-columns-2 gallery-size-thumbnail'><figure class='gallery-item'> \t\t\t<div class='gallery-icon landscape'> \t\t\t\t<a href='https:\/\/www.cashewnut-processing.com\/pt\/cashew-peeling-machine-2.html\/attachment\/008'><img loading=\"lazy\" decoding=\"async\" width=\"150\" height=\"150\" src=\"https:\/\/www.cashewnut-processing.com\/wp-content\/uploads\/2018\/08\/008-150x150.jpg\" class=\"attachment-thumbnail size-thumbnail\" alt=\"m\u00e1quina de descascar caju\" aria-describedby=\"gallery-1-38\" srcset=\"https:\/\/www.cashewnut-processing.com\/wp-content\/uploads\/2018\/08\/008-150x150.jpg 150w, https:\/\/www.cashewnut-processing.com\/wp-content\/uploads\/2018\/08\/008-300x300.jpg 300w, https:\/\/www.cashewnut-processing.com\/wp-content\/uploads\/2018\/08\/008.jpg 750w\" sizes=\"auto, (max-width: 150px) 100vw, 150px\" title=\"\"><\/a> \t\t\t<\/div> \t\t\t\t<figcaption class='wp-caption-text gallery-caption' id='gallery-1-38'> \t\t\t\tm\u00e1quina de descascar caju \t\t\t\t<\/figcaption><\/figure><figure class='gallery-item'> \t\t\t<div class='gallery-icon landscape'> \t\t\t\t<a href='https:\/\/www.cashewnut-processing.com\/pt\/cashew-peeling-machine-2.html\/attachment\/00-2'><img loading=\"lazy\" decoding=\"async\" width=\"150\" height=\"150\" src=\"https:\/\/www.cashewnut-processing.com\/wp-content\/uploads\/2018\/08\/00-1-150x150.jpg\" class=\"attachment-thumbnail size-thumbnail\" alt=\"descascador de caju mecanizado\" aria-describedby=\"gallery-1-36\" title=\"\"><\/a> \t\t\t<\/div> \t\t\t\t<figcaption class='wp-caption-text gallery-caption' id='gallery-1-36'> \t\t\t\tM\u00e1quina de descascar caju \t\t\t\t<\/figcaption><\/figure> \t\t<\/div>  <h2 class=\"block-editor-rich-text__editable block-editor-block-list__block wp-block is-selected rich-text\" tabindex=\"0\" role=\"group\" contenteditable=\"true\" aria-multiline=\"true\" aria-label=\"Bloco: T\u00edtulo\" data-block=\"496be0f8-b43a-4aac-aa5c-0edf609cb0d8\" data-type=\"core\/heading\" data-title=\"Heading\"><strong data-rich-text-format-boundary=\"true\">O <\/strong><strong data-rich-text-format-boundary=\"true\">Princ\u00edpio de funcionamento da m\u00e1quina descascadora de casca de caju<\/strong><\/h2> Adota o m\u00e9todo de descascamento pneum\u00e1tico, adequado para descascar nozes como castanha de caju e amendoim. Em primeiro lugar, coloque as mat\u00e9rias-primas na tremonha, e as mat\u00e9rias-primas s\u00e3o misturadas com ar sob a a\u00e7\u00e3o do <a href=\"https:\/\/en.wikipedia.org\/wiki\/Air_compressor\" target=\"_blank\" rel=\"noopener\">compressor de ar<\/a> e descascado. Depois disso, as cascas s\u00e3o colocadas em uma sa\u00edda enquanto as nozes descascadas s\u00e3o empurradas para a outra sa\u00edda.  <iframe loading=\"lazy\" title=\"M\u00e1quina descascadora de am\u00eandoa de caju | descascador de caju mecanizado\" width=\"500\" height=\"281\" src=\"https:\/\/www.youtube.com\/embed\/23TevWIvXck?feature=oembed\" frameborder=\"0\" allow=\"accelerometer; autoplay; clipboard-write; encrypted-media; gyroscope; picture-in-picture; web-share\" referrerpolicy=\"strict-origin-when-cross-origin\" allowfullscreen><\/iframe> <h2 id=\"block-5a32ba2f-6f1f-43ae-89b2-10bd07f19798\" class=\"block-editor-rich-text__editable block-editor-block-list__block wp-block is-selected rich-text\" tabindex=\"0\" role=\"group\" contenteditable=\"true\" aria-multiline=\"true\" aria-label=\"Bloco: T\u00edtulo\" data-block=\"5a32ba2f-6f1f-43ae-89b2-10bd07f19798\" data-type=\"core\/heading\" data-title=\"Heading\"><strong data-rich-text-format-boundary=\"true\">Como usar a m\u00e1quina de descascar caju?<\/strong><\/h2> <ol>  \t<li>Despeje as castanhas de caju no reservat\u00f3rio. N\u00e3o precisamos molhar as nozes antes, o que \u00e9 conveniente e f\u00e1cil de operar para a maioria das pessoas.<\/li>  \t<li>Ligue o equipamento e aguarde um momento.<\/li>  \t<li>Coloque um saco na sa\u00edda e recolha as castanhas de caju descascadas.<\/li> <\/ol> <h2 id=\"h-machine-parameter\"><strong>Par\u00e2metro da m\u00e1quina<\/strong><\/h2> <!-- \/wp:post-content -->  <!-- wp:table --> <figure class=\"wp-block-table\"> <table style=\"height: 265px;\" width=\"503\"> <tbody> <tr> <td>Modelo<\/td> <td>TZ-TP 200<\/td> <\/tr> <tr> <td>Dimens\u00e3o<\/td> <td>650*650*1300mm<\/td> <\/tr> <tr> <td>Tens\u00e3o<\/td> <td>220v 50hz<\/td> <\/tr> <tr> <td>Poder<\/td> <td>0,2 kW<\/td> <\/tr> <tr> <td>Taxa de bombardeio<\/td> <td>80-90%<\/td> <\/tr> <tr> <td>Peso<\/td> <td>60kg<\/td> <\/tr> <tr> <td>Fluxo de ar<\/td> <td>1,5 m\u00b3\/min<\/td> <\/tr> <tr> <td>Capacidade<\/td> <td>200 kg\/hora<\/td> <\/tr> <\/tbody> <\/table> <\/figure> <!-- \/wp:table --> <h2><strong data-rich-text-format-boundary=\"true\">Vantagens do descascador cont\u00ednuo de caju<\/strong><\/h2> <ol>  \t<li>A superf\u00edcie dos alimentos n\u00e3o ser\u00e1 danificada e o forte frescor do caju permanecer\u00e1. A m\u00e1quina n\u00e3o causa polui\u00e7\u00e3o ao meio ambiente.<\/li>  \t<li>O descascamento \u00e9 realizado em uma \u00fanica etapa, com alta efici\u00eancia de produ\u00e7\u00e3o e menos riscos de falha. Isto poderia reduzir os procedimentos complexos de <a href=\"https:\/\/www.cashewnut-processing.com\/pt\/cashew-nut-from-farm-to-fork.html\/\" target=\"_blank\" rel=\"noreferrer noopener\">castanha de caju da fazenda para o trabalho<\/a>.<\/li>  \t<li>Todo o processo autom\u00e1tico, incluindo controle de temperatura e separa\u00e7\u00e3o autom\u00e1tica da castanha e da casca da castanha de caju, reduz os obst\u00e1culos \u00e0 opera\u00e7\u00e3o.<\/li> <\/ol> <h2 id=\"block-c55abc64-83e9-48d9-b186-361af68f81cc\" class=\"block-editor-rich-text__editable block-editor-block-list__block wp-block is-selected rich-text\" tabindex=\"0\" role=\"group\" contenteditable=\"true\" aria-multiline=\"true\" aria-label=\"Bloco: T\u00edtulo\" data-block=\"c55abc64-83e9-48d9-b186-361af68f81cc\" data-type=\"core\/heading\" data-title=\"Heading\"><strong data-rich-text-format-boundary=\"true\">Precau\u00e7\u00f5es ao usar a m\u00e1quina descascadora de caju<\/strong><\/h2> <ul>  \t<li>Ao limpar a m\u00e1quina, o primeiro passo \u00e9 desligar a energia.<\/li>  \t<li>Ao limpar o corpo da m\u00e1quina, voc\u00ea pode usar um pano seco para limpar a m\u00e1quina em vez de \u00e1gua.<\/li>  \t<li>A tens\u00e3o usada pela m\u00e1quina deve ser igual \u00e0 tens\u00e3o exibida na placa de identifica\u00e7\u00e3o ou dentro de 10% de diferen\u00e7a.<\/li> <\/ul> <h2 id=\"block-cad264e4-af9b-4dc3-b471-8d548fc4fd19\" class=\"block-editor-rich-text__editable block-editor-block-list__block wp-block is-selected rich-text\" tabindex=\"0\" role=\"group\" contenteditable=\"true\" aria-multiline=\"true\" aria-label=\"Bloco: T\u00edtulo\" data-block=\"cad264e4-af9b-4dc3-b471-8d548fc4fd19\" data-type=\"core\/heading\" data-title=\"Heading\"><strong data-rich-text-format-boundary=\"true\">Manuten\u00e7\u00e3o do descascador de caju mecanizado<\/strong><\/h2> <!-- wp:paragraph -->  A melhor forma de garantir que a m\u00e1quina descascadora de caju tenha longo tempo de uso e alta efici\u00eancia \u00e9 a limpeza e manuten\u00e7\u00e3o peri\u00f3dica. Ent\u00e3o aqui ficam as sugest\u00f5es sobre como fazer a manuten\u00e7\u00e3o do equipamento.  <!-- \/wp:paragraph -->  <!-- wp:list --> <ul>  \t<li>Limpe e fa\u00e7a a manuten\u00e7\u00e3o da m\u00e1quina regularmente. Aplique \u00f3leo lubrificante nos acess\u00f3rios conforme necess\u00e1rio para melhorar a estabilidade e a vida \u00fatil da m\u00e1quina.<\/li>  \t<li>Algumas pe\u00e7as devem ser substitu\u00eddas regularmente, como a tremonha, para evitar que a m\u00e1quina n\u00e3o funcione devido a danos.<\/li>  \t<li>Quando a m\u00e1quina apresentar mau funcionamento, voc\u00ea deve procurar um especialista em manuten\u00e7\u00e3o profissional para repar\u00e1-la e evitar danos piores.<\/li> <\/ul>","protected":false},"excerpt":{"rendered":"<p>A m\u00e1quina descascadora de castanha de caju \u00e9 composta por uma tremonha, um compressor de ar e uma sa\u00edda. O caju descascado pode ser acondicionado em sacos para venda.<\/p>","protected":false},"author":1,"featured_media":2001,"parent":0,"template":"","tags":[5],"product-type":[417],"class_list":["post-34","product","type-product","status-publish","has-post-thumbnail","hentry","tag-cashew-peeling-machine","product-type-shelling-peeling-machine"],"_links":{"self":[{"href":"https:\/\/www.cashewnut-processing.com\/pt\/wp-json\/wp\/v2\/product\/34","targetHints":{"allow":["GET"]}}],"collection":[{"href":"https:\/\/www.cashewnut-processing.com\/pt\/wp-json\/wp\/v2\/product"}],"about":[{"href":"https:\/\/www.cashewnut-processing.com\/pt\/wp-json\/wp\/v2\/types\/product"}],"author":[{"embeddable":true,"href":"https:\/\/www.cashewnut-processing.com\/pt\/wp-json\/wp\/v2\/users\/1"}],"wp:featuredmedia":[{"embeddable":true,"href":"https:\/\/www.cashewnut-processing.com\/pt\/wp-json\/wp\/v2\/media\/2001"}],"wp:attachment":[{"href":"https:\/\/www.cashewnut-processing.com\/pt\/wp-json\/wp\/v2\/media?parent=34"}],"wp:term":[{"taxonomy":"post_tag","embeddable":true,"href":"https:\/\/www.cashewnut-processing.com\/pt\/wp-json\/wp\/v2\/tags?post=34"},{"taxonomy":"product-type","embeddable":true,"href":"https:\/\/www.cashewnut-processing.com\/pt\/wp-json\/wp\/v2\/product-type?post=34"}],"curies":[{"name":"wp","href":"https:\/\/api.w.org\/{rel}","templated":true}]}}