{"id":28,"date":"2018-08-09T08:48:21","date_gmt":"2018-08-09T08:48:21","guid":{"rendered":"http:\/\/www.cashewnut-processing.com\/?p=28"},"modified":"2025-10-28T15:02:27","modified_gmt":"2025-10-28T07:02:27","slug":"cashew-nut-sieveing-machine","status":"publish","type":"product","link":"https:\/\/www.cashewnut-processing.com\/pt\/cashew-nut-sieveing-machine.html","title":{"rendered":"M\u00e1quina classificadora de am\u00eandoa de caju | Classificador de tamanho de am\u00eandoa de caju"},"content":{"rendered":"<p class=\"translation-block\">Esta m\u00e1quina de classifica\u00e7\u00e3o de am\u00eandoas de caju pertence \u00e0 fase final da <a href=\"https:\/\/www.cashewnut-processing.com\/pt\/automatic-cashew-nut-processing-line.html\/\">linha de processamento de noz de caju<\/a>. Ap\u00f3s a classifica\u00e7\u00e3o, os vendedores podem embalar o cajus por diferentes padr\u00f5es e vend\u00ea-los. Esta m\u00e1quina tamb\u00e9m inclui tr\u00eas classes de tamanho. Como toda a opera\u00e7\u00e3o \u00e9 autom\u00e1tica, pode aprender facilmente a usar a m\u00e1quina.<\/p>    <figure class=\"wp-block-embed is-type-video is-provider-youtube wp-block-embed-youtube wp-embed-aspect-16-9 wp-has-aspect-ratio\"><div class=\"wp-block-embed__wrapper\"> <iframe loading=\"lazy\" title=\"M\u00e1quina classificadora de am\u00eandoa de caju | classificador de am\u00eandoa de caju\" width=\"500\" height=\"281\" src=\"https:\/\/www.youtube.com\/embed\/WEGV5DSwB5k?feature=oembed\" frameborder=\"0\" allow=\"accelerometer; autoplay; clipboard-write; encrypted-media; gyroscope; picture-in-picture; web-share\" referrerpolicy=\"strict-origin-when-cross-origin\" allowfullscreen><\/iframe> <\/div><\/figure>    <h2 class=\"wp-block-heading\"><strong>Introdu\u00e7\u00e3o da m\u00e1quina classificadora de am\u00eandoa de caju<\/strong><\/h2>    <p class=\"translation-block\">A classificadora de tamanho de n\u00facleos de caju \u00e9 desenvolvida de forma independente pela <a href=\"https:\/\/www.cashewnut-processing.com\/pt\/\">Zhengzhou Shuliy Machinery Co., Ltd<\/a>. \u00c9 especialmente concebida para classificar n\u00facleos de caju descascados. E a m\u00e1quina normalmente inclui 3 grades, que podem ser feitas sob medida de acordo com os requisitos dos clientes.<\/p>    <p>A motoniveladora inclui uma tremonha, tr\u00eas camadas de rolos e sa\u00eddas. Com alto rendimento e menos danos ao formato, este classificador de tamanho pode ser a escolha perfeita para plantas na linha de processamento.<\/p>    <figure class=\"wp-block-gallery has-nested-images columns-2 is-cropped wp-block-gallery-2 is-layout-flex wp-block-gallery-is-layout-flex\"> <figure class=\"wp-block-image size-large\"><img loading=\"lazy\" decoding=\"async\" width=\"720\" height=\"540\" data-id=\"1816\" src=\"https:\/\/www.cashewnut-processing.com\/wp-content\/uploads\/2018\/08\/cashew-kernel-classifying-machine-1.jpg\" alt=\"m\u00e1quina de classifica\u00e7\u00e3o de caju\" class=\"wp-image-1816\" title=\"\" srcset=\"https:\/\/www.cashewnut-processing.com\/wp-content\/uploads\/2018\/08\/cashew-kernel-classifying-machine-1.jpg 720w, https:\/\/www.cashewnut-processing.com\/wp-content\/uploads\/2018\/08\/cashew-kernel-classifying-machine-1-300x225.jpg 300w\" sizes=\"auto, (max-width: 720px) 100vw, 720px\" \/><figcaption class=\"wp-element-caption\">M\u00e1quina de classifica\u00e7\u00e3o de am\u00eandoa de caju<\/figcaption><\/figure>    <figure class=\"wp-block-image size-large\"><img loading=\"lazy\" decoding=\"async\" width=\"720\" height=\"540\" data-id=\"1778\" src=\"https:\/\/www.cashewnut-processing.com\/wp-content\/uploads\/2018\/08\/cashew-kernel-classifying-machine.jpg\" alt=\"m\u00e1quina classificadora de am\u00eandoa de caju\" class=\"wp-image-1778\" title=\"\" srcset=\"https:\/\/www.cashewnut-processing.com\/wp-content\/uploads\/2018\/08\/cashew-kernel-classifying-machine.jpg 720w, https:\/\/www.cashewnut-processing.com\/wp-content\/uploads\/2018\/08\/cashew-kernel-classifying-machine-300x225.jpg 300w\" sizes=\"auto, (max-width: 720px) 100vw, 720px\" \/><figcaption class=\"wp-element-caption\">Classificador de tamanho de am\u00eandoa de caju<\/figcaption><\/figure> <\/figure>    <h2 class=\"wp-block-heading\"><strong>Princ\u00edpio de trabalho<\/strong><\/h2>    <p class=\"translation-block\">A classificador de n\u00facleos de caju \u00e9 principalmente utilizado para classificar n\u00facleos de caju. E o tamanho de <a href=\"https:\/\/en.wikipedia.org\/wiki\/Cashew\" target=\"_blank\" rel=\"noopener\">n\u00facleos de caju<\/a> \u00e9 irregular, geralmente \u00e9 dividido em tr\u00eas categorias. Ou os clientes podem escolher os seus tamanhos.<\/p>    <p>Pela foto podemos ver que a m\u00e1quina consiste em tr\u00eas camadas de rolos. Os clientes podem ajustar a folga entre os rolos e obter o tamanho de classe desejado.<\/p>    <h2 class=\"wp-block-heading\"><strong>Vantagens de <\/strong><strong>M\u00e1quina de classifica\u00e7\u00e3o de am\u00eandoa de caju<\/strong><\/h2>    <ul class=\"wp-block-list\"> <li><strong>Opera\u00e7\u00e3o f\u00e1cil<\/strong><\/li> <\/ul>    <p>A opera\u00e7\u00e3o do classificador de am\u00eandoa de caju \u00e9 simples e uma pessoa pode conclu\u00ed-la.<\/p>    <ul class=\"wp-block-list\"> <li><strong>Processamento intacto<\/strong><\/li> <\/ul>    <p>O design razo\u00e1vel e a estrutura requintada reduzem os danos ao n\u00facleo durante a classifica\u00e7\u00e3o.<\/p>    <ul class=\"wp-block-list\"> <li><strong>Qualidade confi\u00e1vel<\/strong><\/li> <\/ul>    <p>Esta m\u00e1quina tem grande produ\u00e7\u00e3o, menos ru\u00eddo e garantia de um ano. E tamb\u00e9m economiza energia.<\/p>    <h2 class=\"wp-block-heading\"><strong>Par\u00e2metro da m\u00e1quina<\/strong><\/h2>    <figure class=\"wp-block-table\"><table><tbody><tr><td>Modelo<\/td><td>Capacidade<\/td><td>Tens\u00e3o<\/td><td>Tamanho<\/td><td>Peso<\/td><td>Poder<\/td><\/tr><tr><td>TZ-100<\/td><td>400kg\/hora<\/td><td>380 V<\/td><td>2,3*0,8*1,6m<\/td><td>180kg<\/td><td>1,1 kW<\/td><\/tr><\/tbody><\/table><\/figure>    <p>Esta m\u00e1quina classificadora de am\u00eandoa de caju \u00e9 semelhante \u00e0 m\u00e1quina classificadora de castanha de caju crua. Ambos s\u00e3o projetados para classificar castanhas de caju. Mas eles s\u00e3o usados \u200b\u200bem diferentes etapas da linha de processamento. E eles processam diferentes castanhas de caju. Os clientes podem escolher de acordo com suas necessidades de produ\u00e7\u00e3o para obter os melhores efeitos.<\/p>","protected":false},"excerpt":{"rendered":"<p>Esta m\u00e1quina classificadora de am\u00eandoa de caju pertence \u00e0 etapa final da linha de processamento. Atrav\u00e9s da classifica\u00e7\u00e3o, os vendedores podiam embalar e vender.<\/p>","protected":false},"author":1,"featured_media":7016,"parent":0,"template":"","tags":[173],"product-type":[415],"class_list":["post-28","product","type-product","status-publish","has-post-thumbnail","hentry","tag-cashew-kernel-classifying-machine","product-type-sorting-grading-machine"],"_links":{"self":[{"href":"https:\/\/www.cashewnut-processing.com\/pt\/wp-json\/wp\/v2\/product\/28","targetHints":{"allow":["GET"]}}],"collection":[{"href":"https:\/\/www.cashewnut-processing.com\/pt\/wp-json\/wp\/v2\/product"}],"about":[{"href":"https:\/\/www.cashewnut-processing.com\/pt\/wp-json\/wp\/v2\/types\/product"}],"author":[{"embeddable":true,"href":"https:\/\/www.cashewnut-processing.com\/pt\/wp-json\/wp\/v2\/users\/1"}],"wp:featuredmedia":[{"embeddable":true,"href":"https:\/\/www.cashewnut-processing.com\/pt\/wp-json\/wp\/v2\/media\/7016"}],"wp:attachment":[{"href":"https:\/\/www.cashewnut-processing.com\/pt\/wp-json\/wp\/v2\/media?parent=28"}],"wp:term":[{"taxonomy":"post_tag","embeddable":true,"href":"https:\/\/www.cashewnut-processing.com\/pt\/wp-json\/wp\/v2\/tags?post=28"},{"taxonomy":"product-type","embeddable":true,"href":"https:\/\/www.cashewnut-processing.com\/pt\/wp-json\/wp\/v2\/product-type?post=28"}],"curies":[{"name":"wp","href":"https:\/\/api.w.org\/{rel}","templated":true}]}}