{"id":5,"date":"2018-08-09T07:41:48","date_gmt":"2018-08-09T07:41:48","guid":{"rendered":"http:\/\/www.cashewnut-processing.com\/?page_id=5"},"modified":"2020-10-27T02:38:14","modified_gmt":"2020-10-27T02:38:14","slug":"about-us","status":"publish","type":"page","link":"https:\/\/www.cashewnut-processing.com\/pt\/about-us","title":{"rendered":"Sobre n\u00f3s"},"content":{"rendered":"<p class=\"translation-block\"><strong>Os Nossos Principais Produtos e Mercado<\/strong><\/p> <p>Nossos principais produtos incluem m\u00e1quina de descascar castanha de caju, classificador de castanha de caju, separador de casca e am\u00eandoa, m\u00e1quina de cozinhar castanha de caju, m\u00e1quina de torrefa\u00e7\u00e3o e outras m\u00e1quinas de processamento de castanha de caju. E tamb\u00e9m fornecemos uma linha de produ\u00e7\u00e3o para plantas de processamento de castanha de caju de pequeno, m\u00e9dio e grande porte. .Nos \u00faltimos anos, nossos produtos t\u00eam desfrutado de grande popularidade nos mercados da Am\u00e9rica Latina e \u00c1frica, como Brasil, Marrocos, Espanha, Venezuela, Filipinas, Indon\u00e9sia e outros pa\u00edses.<\/p> <p class=\"translation-block\"><strong>A Nossa Capacidade de I&amp;D<\/strong><\/p> <p>Sempre acreditamos firmemente que a tecnologia \u00e9 a principal for\u00e7a produtiva. Guiados por tal conceito, investimos muito na contrata\u00e7\u00e3o de muitos especialistas mec\u00e2nicos de destaque como nossos consultores, por isso temos uma excelente capacidade de pesquisar e desenvolver novos produtos e melhorar a qualidade das m\u00e1quinas tradicionais.<\/p> <p><strong><img loading=\"lazy\" decoding=\"async\" class=\"alignnone wp-image-93\" src=\"http:\/\/www.cashewnut-processing.com\/wp-content\/uploads\/2018\/08\/about-us-1.jpg\" alt=\"\" width=\"789\" height=\"329\" title=\"\"><\/strong><\/p> <p class=\"translation-block\"><strong>O Nosso CQ e Servi\u00e7o<\/strong><\/p> <p>Sempre buscamos a excel\u00eancia. Gra\u00e7as \u00e0 for\u00e7a de trabalho bem treinada, ao rigoroso sistema de garantia de qualidade, ao gerenciamento otimizado de todo o processo de produ\u00e7\u00e3o e aos sistemas de servi\u00e7o p\u00f3s-venda perfeitos, nossos produtos e servi\u00e7os s\u00e3o altamente elogiados por clientes nacionais e estrangeiros. Com base no princ\u00edpio de orienta\u00e7\u00e3o para a qualidade, boa reputa\u00e7\u00e3o e cliente em primeiro lugar, temos f\u00e9 em criar produtos de alta qualidade entre as ind\u00fastrias relevantes e obter excelente desempenho por muito tempo. Estamos muito dedicados a fornecer produtos de qualidade premium e servi\u00e7os satisfeitos a todos clientes e esperamos uma coopera\u00e7\u00e3o sincera com eles para um futuro brilhante. Nossa empresa tem como objetivo inovar na pr\u00e1tica e fornecer uma garantia confi\u00e1vel desde a produ\u00e7\u00e3o at\u00e9 a venda. Nossa declara\u00e7\u00e3o de qualidade se resume a uma \u00fanica palavra \u2013 compromisso \u2013 com a agricultura, os agricultores e os consumidores dos produtos, que nos esfor\u00e7amos para cumprir a cada dia.<\/p> <p class=\"translation-block\"><strong>Os Nossos Objetivos para \u00c1frica<\/strong><\/p> <p>Desde que a Rep\u00fablica Popular da China foi constru\u00edda em 1949, ela sempre prestou muita aten\u00e7\u00e3o \u00e0 agricultura. Hoje em dia, a China tem sido um dos maiores pa\u00edses agr\u00edcolas do mundo. O governo chin\u00eas apela \u00e0s empresas chinesas para ajudarem e apoiarem o desenvolvimento africano nos \u00faltimos anos. Como um dos fornecedores agr\u00edcolas mais profissionais da China, nossa empresa tem muita experi\u00eancia em m\u00e1quinas agr\u00edcolas e domina tecnologia avan\u00e7ada durante o desenvolvimento h\u00e1 70 anos. Respondemos positivamente \u00e0 pol\u00edtica do governo e participamos de exposi\u00e7\u00f5es, investigando o mercado africano e fornecendo nossas m\u00e1quinas agr\u00edcolas com baixo pre\u00e7o e alta qualidade. Continuaremos a ser a nossa primeira aspira\u00e7\u00e3o para ajudar os agricultores a colher mais cereais e a resolver o problema da alimenta\u00e7\u00e3o e da agricultura. Amamos o mundo e a paz e pretendemos unir esfor\u00e7os concertados com amigos africanos para criar uma vida bela.<\/p>","protected":false},"excerpt":{"rendered":"<p>Our Main Products and Market Our main products include a cashew nut shelling machine, cashew nut classifier, shell and kernel separator, cashew nut cooking machine, roasting machine, and other cashew nut processing machines. And we also provide a production line for small, medium, and large cashew nuts processing plant. .In recent years,our products have enjoyed [&hellip;]<\/p>\n","protected":false},"author":1,"featured_media":0,"parent":0,"menu_order":0,"comment_status":"open","ping_status":"closed","template":"","meta":{"footnotes":""},"class_list":["post-5","page","type-page","status-publish","hentry"],"_links":{"self":[{"href":"https:\/\/www.cashewnut-processing.com\/pt\/wp-json\/wp\/v2\/pages\/5","targetHints":{"allow":["GET"]}}],"collection":[{"href":"https:\/\/www.cashewnut-processing.com\/pt\/wp-json\/wp\/v2\/pages"}],"about":[{"href":"https:\/\/www.cashewnut-processing.com\/pt\/wp-json\/wp\/v2\/types\/page"}],"author":[{"embeddable":true,"href":"https:\/\/www.cashewnut-processing.com\/pt\/wp-json\/wp\/v2\/users\/1"}],"replies":[{"embeddable":true,"href":"https:\/\/www.cashewnut-processing.com\/pt\/wp-json\/wp\/v2\/comments?post=5"}],"version-history":[{"count":0,"href":"https:\/\/www.cashewnut-processing.com\/pt\/wp-json\/wp\/v2\/pages\/5\/revisions"}],"wp:attachment":[{"href":"https:\/\/www.cashewnut-processing.com\/pt\/wp-json\/wp\/v2\/media?parent=5"}],"curies":[{"name":"wp","href":"https:\/\/api.w.org\/{rel}","templated":true}]}}