{"id":7355,"date":"2026-04-27T10:47:19","date_gmt":"2026-04-27T02:47:19","guid":{"rendered":"https:\/\/www.cashewnut-processing.com\/?post_type=product&#038;p=7355"},"modified":"2026-04-27T16:24:45","modified_gmt":"2026-04-27T08:24:45","slug":"hazelnut-opening-line","status":"publish","type":"product","link":"https:\/\/www.cashewnut-processing.com\/fr\/hazelnut-opening-line.html","title":{"rendered":"Ligne d'ouverture Noisette : Solution automatis\u00e9e de traitement des noix"},"content":{"rendered":"<p>Souhaitez-vous am\u00e9liorer vos capacit\u00e9s de traitement des noix, garantir une qualit\u00e9 sup\u00e9rieure du produit et augmenter l\u2019efficacit\u00e9 de la production ? La ligne d\u2019ouverture de noisettes de Shuliy Machinery est la solution automatis\u00e9e d\u00e9finitive con\u00e7ue pour votre succ\u00e8s. Ce syst\u00e8me complet est con\u00e7u pour cr\u00e9er pr\u00e9cis\u00e9ment une fente uniforme sur les coques de noisettes, rationalisant tout le processus, des noix brutes aux produits pr\u00eats pour le march\u00e9.<\/p>    <p>Our expertise is in providing turnkey solutions. This state-of-the-art hazelnut opening line is more than just machinery; it&#8217;s a comprehensive system built to drive your business forward and deliver an exceptional return on investment.<\/p>    <h2 class=\"wp-block-heading\">De la noisette brute \u00e0 un produit de qualit\u00e9 sup\u00e9rieure<\/h2>    <ul class=\"wp-block-list\"> <li><strong>Mat\u00e9riau brut :<\/strong> Noisettes enti\u00e8res, non \u00e9cal\u00e9es.<\/li>    <li><strong>Produit fini :<\/strong> Noisettes parfaitement fendues avec une ouverture propre et uniforme. Cela ajoute non seulement une valeur esth\u00e9tique et une commodit\u00e9 pour le consommateur, mais permet \u00e9galement une p\u00e9n\u00e9tration plus profonde des saveurs lors de la torr\u00e9faction et de l\u2019assaisonnement ult\u00e9rieurs, augmentant consid\u00e9rablement la valeur marchande de votre produit.<\/li> <\/ul>   <div class=\"wp-block-image\"> <figure class=\"aligncenter size-full\"><img loading=\"lazy\" decoding=\"async\" width=\"719\" height=\"540\" src=\"https:\/\/www.cashewnut-processing.com\/wp-content\/uploads\/2026\/04\/Shelled-hazelnuts.png\" alt=\"Noisettes d\u00e9cortiqu\u00e9es\" class=\"wp-image-7359\" title=\"\" srcset=\"https:\/\/www.cashewnut-processing.com\/wp-content\/uploads\/2026\/04\/Shelled-hazelnuts.png 719w, https:\/\/www.cashewnut-processing.com\/wp-content\/uploads\/2026\/04\/Shelled-hazelnuts-300x225.png 300w, https:\/\/www.cashewnut-processing.com\/wp-content\/uploads\/2026\/04\/Shelled-hazelnuts-16x12.png 16w\" sizes=\"auto, (max-width: 719px) 100vw, 719px\" \/><figcaption class=\"wp-element-caption\">Noisettes d\u00e9cortiqu\u00e9es<\/figcaption><\/figure> <\/div>   <h2 class=\"wp-block-heading\">Notre flux de travail int\u00e9gr\u00e9 : comment automatiser votre succ\u00e8s<\/h2>    <p>La ligne d\u2019ouverture de noisettes de Shuliy transforme une t\u00e2che complexe et laborieuse en un flux de travail automatis\u00e9 et fluide. Voici comment fonctionne notre solution de traitement des noix :<\/p>    <ul class=\"wp-block-list\"> <li><strong>Amoindrissement et pr\u00e9paration de la coque :<\/strong> Les noisettes brutes sont d\u2019abord tremp\u00e9es dans de l\u2019eau chaude \u00e0 l\u2019aide de notre machine de trempage. Cette \u00e9tape critique ramollit la coque dure, ce qui est essentiel pour atteindre un taux d\u2019ouverture \u00e9lev\u00e9 et minimiser la casse des noix.<\/li>    <li><strong>Alimentation automatis\u00e9e :<\/strong> Apr\u00e8s trempage, les noisettes sont transf\u00e9r\u00e9es via un ascenseur \u00e0 convoyeur dans la tr\u00e9mie de la machine d\u2019ouverture.<\/li>    <li><strong>Ouverture de pr\u00e9cision :<\/strong> \u00c0 l\u2019int\u00e9rieur de la machine \u00e0 casser les noisettes, les noix sont trait\u00e9es \u00e0 l\u2019aide de disques d\u2019extrusion sp\u00e9cialement con\u00e7us. Avec la technologie assist\u00e9e par vapeur, une fente pr\u00e9cise et r\u00e9guli\u00e8re est cr\u00e9\u00e9e sur chaque coque.<\/li>    <li><strong>Transport du produit fini :<\/strong> Les noisettes parfaitement ouvertes sont d\u00e9charg\u00e9es sur une bande transporteuse, pr\u00eates pour l\u2019\u00e9tape suivante, comme le s\u00e9chage, l\u2019assaisonnement ou l\u2019emballage imm\u00e9diat.<\/li> <\/ul>    <h2 class=\"wp-block-heading\">Composants principaux de la ligne d\u2019ouverture de noisettes<\/h2>    <p>Notre ligne de production est modulaire, vous permettant de construire un syst\u00e8me qui correspond parfaitement \u00e0 vos besoins op\u00e9rationnels et \u00e0 votre budget.<\/p>    <ul class=\"wp-block-list\"> <li><strong>Machine de trempage des noisettes :<\/strong> Une unit\u00e9 pr\u00e9paratoire essentielle qui utilise de l\u2019eau chaude pour ramollir les coques, am\u00e9liorant consid\u00e9rablement l\u2019efficacit\u00e9 de l\u2019ensemble du syst\u00e8me de traitement des noisettes.<\/li>    <li><strong>Machine d\u2019ouverture de noisettes:<\/strong> C\u2019est le c\u0153ur de la ligne. En utilisant une combinaison de pression m\u00e9canique et de vapeur, il cr\u00e9e l\u2019ouverture parfaite. Nous proposons divers mod\u00e8les, notamment 10, 15 et 20 canaux, pour r\u00e9pondre \u00e0 diverses demandes de production. Cette machine est une r\u00e9volution pour toute op\u00e9ration s\u00e9rieuse de coque de noix.<\/li>    <li><strong>Machine de s\u00e9chage des noisettes :<\/strong> After opening, the nuts can be moved to an industrial hazelnut drying machine to reduce moisture content. This improves the nut&#8217;s texture, enhances flavor, and extends shelf life.<\/li>    <li><strong>Machine d\u2019emballage des noisettes :<\/strong> Nous proposons des solutions d\u2019emballage compl\u00e8tes, y compris des syst\u00e8mes sous vide et en sachets. Un emballage appropri\u00e9 \u00e0 partir d\u2019une machine d\u2019emballage de noisettes de qualit\u00e9 prot\u00e8ge le produit final de l\u2019humidit\u00e9 et de l\u2019oxydation, en conservant sa fra\u00eecheur pour les march\u00e9s de d\u00e9tail et d\u2019exportation.<\/li> <\/ul>   <div class=\"wp-block-image\"> <figure class=\"aligncenter size-full\"><img loading=\"lazy\" decoding=\"async\" width=\"720\" height=\"540\" src=\"https:\/\/www.cashewnut-processing.com\/wp-content\/uploads\/2026\/04\/Inside-the-soaking-tank.png\" alt=\"\u00c0 l&#039;int\u00e9rieur du r\u00e9servoir de trempage\" class=\"wp-image-7358\" title=\"\" srcset=\"https:\/\/www.cashewnut-processing.com\/wp-content\/uploads\/2026\/04\/Inside-the-soaking-tank.png 720w, https:\/\/www.cashewnut-processing.com\/wp-content\/uploads\/2026\/04\/Inside-the-soaking-tank-300x225.png 300w, https:\/\/www.cashewnut-processing.com\/wp-content\/uploads\/2026\/04\/Inside-the-soaking-tank-16x12.png 16w\" sizes=\"auto, (max-width: 720px) 100vw, 720px\" \/><figcaption class=\"wp-element-caption\">\u00c0 l'int\u00e9rieur du r\u00e9servoir de trempage<\/figcaption><\/figure> <\/div>   <h2 class=\"wp-block-heading\">Histoire de succ\u00e8s : une solution sur mesure pour notre client en Ouzb\u00e9kistan<\/h2>    <p>M. MakhmudJon, un entrepreneur innovant d\u2019Ouzb\u00e9kistan, a collabor\u00e9 avec Shuliy Machinery pour d\u00e9velopper son activit\u00e9 de traitement des noix.<\/p>    <ul class=\"wp-block-list\"> <li><strong>Client&#8217;s Goal:<\/strong> Il avait besoin d\u2019une ligne d\u2019ouverture de noisettes \u00e0 haute capacit\u00e9, automatis\u00e9e, compatible avec la norme \u00e9lectrique locale de 380V.<\/li>    <li><strong>Shuliy&#8217;s Solution:<\/strong> We configured and delivered a &#8220;three-group, 15-channel&#8221; line tailored to his exact needs. <ul class=\"wp-block-list\"> <li>Capacit\u00e9 : La ligne atteint une production r\u00e9guli\u00e8re de 350-450 kg\/h, correspondant parfaitement \u00e0 ses objectifs de production.<\/li>    <li>Configuration : La solution cl\u00e9 en main \u00e0 35 000 USD comprenait une tr\u00e9mie de 4 m\u00b3, des convoyeurs d\u2019alimentation, la machine d\u2019ouverture de noisettes \u00e0 15 canaux, et des convoyeurs de sortie.<\/li>    <li>Qualit\u00e9 de fabrication : Les composants cl\u00e9s ont \u00e9t\u00e9 fabriqu\u00e9s en acier inoxydable 201 pour garantir la s\u00e9curit\u00e9 alimentaire et la durabilit\u00e9 \u00e0 long terme.<\/li> <\/ul> <\/li>    <li><strong>R\u00e9sultat :<\/strong> M. MakhmudJon a lanc\u00e9 avec succ\u00e8s sa production automatis\u00e9e, fournissant des noisettes ouvertes de haute qualit\u00e9 de mani\u00e8re constante \u00e0 son march\u00e9. Cet investissement est devenu un moteur puissant pour la croissance de son entreprise.<\/li> <\/ul>    <h2 class=\"wp-block-heading\">Sp\u00e9cifications techniques en un coup d\u2019\u0153il<\/h2>    <figure class=\"wp-block-table\"><table><thead><tr><th class=\"has-text-align-left\" data-align=\"left\">Mod\u00e8le<\/th><th class=\"has-text-align-left\" data-align=\"left\">Groupe de deux (10 canaux)<\/th><th class=\"has-text-align-left\" data-align=\"left\"><strong>Groupe de trois (15 canaux)<\/strong><\/th><th class=\"has-text-align-left\" data-align=\"left\">Groupe de quatre (20 canaux)<\/th><\/tr><\/thead><tbody><tr><td class=\"has-text-align-left\" data-align=\"left\"><strong>Capacit\u00e9<\/strong><\/td><td class=\"has-text-align-left\" data-align=\"left\">250-300 kg\/h<\/td><td class=\"has-text-align-left\" data-align=\"left\"><strong>350-450 kg\/h<\/strong><\/td><td class=\"has-text-align-left\" data-align=\"left\">500-600 kg\/h<\/td><\/tr><tr><td class=\"has-text-align-left\" data-align=\"left\"><strong>Puissance totale<\/strong><\/td><td class=\"has-text-align-left\" data-align=\"left\">13,1 kW<\/td><td class=\"has-text-align-left\" data-align=\"left\"><strong>16 kW<\/strong><\/td><td class=\"has-text-align-left\" data-align=\"left\">18 kW<\/td><\/tr><tr><td class=\"has-text-align-left\" data-align=\"left\"><strong>\u00c9vaporation \u00e0 la vapeur<\/strong><\/td><td class=\"has-text-align-left\" data-align=\"left\">70-90 kg\/h<\/td><td class=\"has-text-align-left\" data-align=\"left\"><strong>80-110 kg\/h<\/strong><\/td><td class=\"has-text-align-left\" data-align=\"left\">80-110 kg\/h<\/td><\/tr><\/tbody><\/table><\/figure>    <p class=\"translation-block\"><em>(Remarque : Les sp\u00e9cifications ci-dessus concernent nos mod\u00e8les standard. Tout l\u2019\u00e9quipement peut \u00eatre enti\u00e8rement personnalis\u00e9 en fonction de vos besoins de production, de la configuration de votre usine et des normes de tension locales.)<\/em><\/p>    <h2 class=\"wp-block-heading\">Pourquoi choisir Shuliy Machinery ?<\/h2>    <ul class=\"wp-block-list\"> <li><strong>Rentabilit\u00e9 :<\/strong> Nos lignes automatis\u00e9es r\u00e9duisent consid\u00e9rablement les co\u00fbts de main-d\u2019\u0153uvre, minimisent le gaspillage de mat\u00e9riaux et augmentent la valeur de votre produit final.<\/li>    <li><strong>Flexibilit\u00e9 :<\/strong> Que vous ayez besoin d\u2019une seule machine ou d\u2019une ligne compl\u00e8te d\u2019ouverture de noisettes, nos conceptions modulaires s\u2019adaptent \u00e0 vos objectifs commerciaux. Notre expertise s\u2019\u00e9tend \u00e9galement \u00e0 d\u2019autres noix, avec des solutions \u00e9prouv\u00e9es comme notre ligne de production de coque d\u2019amande et notre machine \u00e0 coque de noix.<\/li>    <li><strong>Personnalisation :<\/strong> We don&#8217;t believe in one-size-fits-all. We analyze your needs to provide a truly tailored processing solution.<\/li>    <li><strong>Confiance mondiale :<\/strong> Gr\u00e2ce \u00e0 des installations r\u00e9ussies dans le monde entier, Shuliy Machinery est une marque reconnue et fiable dans la technologie de traitement des noix.<\/li> <\/ul>","protected":false},"excerpt":{"rendered":"<p>Are you looking to enhance your nut processing capabilities, ensure superior product quality, and boost production efficiency? The Hazelnut Opening Line from Shuliy Machinery is the definitive automated solution engineered for your success. This complete system is designed to precisely create a uniform slit on hazelnut shells, streamlining the entire process from raw nuts to [&hellip;]<\/p>\n","protected":false},"author":1,"featured_media":7357,"parent":0,"template":"","tags":[],"product-type":[12],"class_list":["post-7355","product","type-product","status-publish","has-post-thumbnail","hentry","product-type-nut-processing-line"],"_links":{"self":[{"href":"https:\/\/www.cashewnut-processing.com\/fr\/wp-json\/wp\/v2\/product\/7355","targetHints":{"allow":["GET"]}}],"collection":[{"href":"https:\/\/www.cashewnut-processing.com\/fr\/wp-json\/wp\/v2\/product"}],"about":[{"href":"https:\/\/www.cashewnut-processing.com\/fr\/wp-json\/wp\/v2\/types\/product"}],"author":[{"embeddable":true,"href":"https:\/\/www.cashewnut-processing.com\/fr\/wp-json\/wp\/v2\/users\/1"}],"wp:featuredmedia":[{"embeddable":true,"href":"https:\/\/www.cashewnut-processing.com\/fr\/wp-json\/wp\/v2\/media\/7357"}],"wp:attachment":[{"href":"https:\/\/www.cashewnut-processing.com\/fr\/wp-json\/wp\/v2\/media?parent=7355"}],"wp:term":[{"taxonomy":"post_tag","embeddable":true,"href":"https:\/\/www.cashewnut-processing.com\/fr\/wp-json\/wp\/v2\/tags?post=7355"},{"taxonomy":"product-type","embeddable":true,"href":"https:\/\/www.cashewnut-processing.com\/fr\/wp-json\/wp\/v2\/product-type?post=7355"}],"curies":[{"name":"wp","href":"https:\/\/api.w.org\/{rel}","templated":true}]}}