{"id":7289,"date":"2026-01-26T16:02:02","date_gmt":"2026-01-26T08:02:02","guid":{"rendered":"https:\/\/www.cashewnut-processing.com\/?post_type=product&#038;p=7289"},"modified":"2026-01-27T14:30:31","modified_gmt":"2026-01-27T06:30:31","slug":"peanut-brittle-production-line","status":"publish","type":"product","link":"https:\/\/www.cashewnut-processing.com\/fr\/peanut-brittle-production-line.html","title":{"rendered":"Ligne de production de caramel croquant aux arachides \u00e0 haute efficacit\u00e9"},"content":{"rendered":"<p>Shuliy Machinery&#8217;s peanut brittle production line is a fully automated solution engineered for the efficient, large-scale production of high-quality peanut brittle, nut bars, and other confectionery snacks. This integrated system is designed to boost your output, ensure product consistency, and reduce labor costs, making it the ideal investment for modern food processing enterprises.<\/p>    <p>Cet article d\u00e9taille une ligne repr\u00e9sentative de 300-400 kg\/h. Veuillez noter que nous sommes sp\u00e9cialis\u00e9s dans la personnalisation de chaque solution pour r\u00e9pondre \u00e0 vos objectifs de production et besoins du march\u00e9.<\/p>    <h2 class=\"wp-block-heading\">Principaux avantages de notre ligne de production<\/h2>    <ul class=\"wp-block-list\"> <li><strong>Haut degr\u00e9 d\u2019automatisation :<\/strong> R\u00e9duit consid\u00e9rablement la main-d'\u0153uvre, minimise les erreurs op\u00e9rationnelles, et r\u00e9duit les co\u00fbts de production \u00e0 long terme.<\/li>    <li><strong>Qualit\u00e9 constante :<\/strong> Le processus automatis\u00e9 garantit que chaque barre a une \u00e9paisseur, une taille et un go\u00fbt uniformes pour un produit final de qualit\u00e9 sup\u00e9rieure.<\/li>    <li><strong>Durabilit\u00e9 de qualit\u00e9 alimentaire :<\/strong> Les composants cl\u00e9s sont fabriqu\u00e9s en acier inoxydable de haute qualit\u00e9, garantissant durabilit\u00e9 et conformit\u00e9 aux normes internationales de s\u00e9curit\u00e9 alimentaire.<\/li>    <li><strong>Polyvalence de production :<\/strong> Cette ligne n\u2019est pas limit\u00e9e \u00e0 un seul produit. Son design adaptable permet une production vari\u00e9e de barres snack.<\/li> <\/ul>    <h2 class=\"wp-block-heading\">Mat\u00e9riaux bruts et produits finis polyvalents<\/h2>    <p>Tout en \u00e9tant parfaitement adapt\u00e9e au caramel de cacahu\u00e8te classique, la v\u00e9ritable force de cette ligne de production r\u00e9side dans sa polyvalence. Vous pouvez facilement adapter votre production pour r\u00e9pondre aux tendances changeantes du march\u00e9.<\/p>    <figure class=\"wp-block-image size-full\"><img loading=\"lazy\" decoding=\"async\" width=\"720\" height=\"540\" src=\"https:\/\/www.cashewnut-processing.com\/wp-content\/uploads\/2026\/01\/final-products-of-our-peanut-brittle-production-line.webp\" alt=\"final products of our peanut brittle production line\" class=\"wp-image-7290\" title=\"\" srcset=\"https:\/\/www.cashewnut-processing.com\/wp-content\/uploads\/2026\/01\/final-products-of-our-peanut-brittle-production-line.webp 720w, https:\/\/www.cashewnut-processing.com\/wp-content\/uploads\/2026\/01\/final-products-of-our-peanut-brittle-production-line-300x225.webp 300w, https:\/\/www.cashewnut-processing.com\/wp-content\/uploads\/2026\/01\/final-products-of-our-peanut-brittle-production-line-16x12.webp 16w\" sizes=\"auto, (max-width: 720px) 100vw, 720px\" \/><figcaption class=\"wp-element-caption\">Produits finis de notre ligne de production de caramel de cacahu\u00e8te<\/figcaption><\/figure>    <p class=\"translation-block\"><strong>Mat\u00e9riaux bruts applicables :<\/strong><\/p>    <ul class=\"wp-block-list\"> <li>Noix : cacahu\u00e8tes, amandes, noix, cajous, noisettes.<\/li>    <li>Graines : graines de s\u00e9same, graines de tournesol, graines de citrouille.<\/li>    <li>Grains &amp; C\u00e9r\u00e9ales : riz souffl\u00e9, avoine, granola, c\u00e9r\u00e9ales croustillantes.<\/li>    <li>Fruits : fruits secs comme raisins ou canneberges peuvent \u00eatre ajout\u00e9s.<\/li>    <li>Liant : Sucre, sirop, miel ou chocolat.<\/li> <\/ul>    <p class=\"translation-block\"><strong>Applications du produit fini :<\/strong><\/p>    <ul class=\"wp-block-list\"> <li>Caramel de cacahu\u00e8te (Chikki de cacahu\u00e8te)<\/li>    <li>Barres de s\u00e9same<\/li>    <li>Barres d\u2019amandes et de noix m\u00e9lang\u00e9es<\/li>    <li>Barres de granola &amp; Barres c\u00e9r\u00e9ali\u00e8res<\/li>    <li>Barres \u00e9nerg\u00e9tiques<\/li> <\/ul>    <h2 class=\"wp-block-heading\">Notre flux de travail automatis\u00e9 : de l\u2019ingr\u00e9dient au produit final<\/h2>    <h3 class=\"wp-block-heading\">1. <a href=\"https:\/\/www.cashewnut-processing.com\/fr\/cashew-peanut-roasting-machine.html\/\" data-type=\"link\" data-id=\"https:\/\/www.cashewnut-processing.com\/cashew-peanut-roasting-machine.html\">Machine \u00e0 torr\u00e9fier<\/a><\/h3>    <p>Cette machine utilise un tambour rotatif chauff\u00e9 \u00e9lectriquement de mani\u00e8re constante pour garantir que chaque noix est torr\u00e9fi\u00e9e uniform\u00e9ment, lib\u00e9rant un maximum de saveur et un ar\u00f4me parfait.<\/p>    <div class=\"wp-block-media-text is-stacked-on-mobile\"><figure class=\"wp-block-media-text__media\"><img loading=\"lazy\" decoding=\"async\" width=\"720\" height=\"540\" src=\"https:\/\/www.cashewnut-processing.com\/wp-content\/uploads\/2025\/10\/peanuts-roasting-machine.webp\" alt=\"peanuts roasting machine\" class=\"wp-image-7254 size-full\" title=\"\" srcset=\"https:\/\/www.cashewnut-processing.com\/wp-content\/uploads\/2025\/10\/peanuts-roasting-machine.webp 720w, https:\/\/www.cashewnut-processing.com\/wp-content\/uploads\/2025\/10\/peanuts-roasting-machine-300x225.webp 300w, https:\/\/www.cashewnut-processing.com\/wp-content\/uploads\/2025\/10\/peanuts-roasting-machine-16x12.webp 16w\" sizes=\"auto, (max-width: 720px) 100vw, 720px\" \/><\/figure><div class=\"wp-block-media-text__content\"> <ul class=\"wp-block-list\"> <li>Capacit\u00e9 : 80-120 kg\/h<\/li>    <li>Puissance du moteur : 1,1 kW<\/li>    <li>Puissance de chauffage : 23 kW<\/li> <\/ul> <\/div><\/div>    <h3 class=\"wp-block-heading\">2. Machine \u00e0 \u00e9plucher les cacahu\u00e8tes<\/h3>    <p>En utilisant un syst\u00e8me de rouleaux de friction doux, ce \u00e9plucheur enl\u00e8ve efficacement la peau des cacahu\u00e8tes torr\u00e9fi\u00e9es avec un taux de puret\u00e9 \u00e9lev\u00e9, assurant un aspect propre pour le produit final sans endommager les noix.<\/p>    <div class=\"wp-block-media-text is-stacked-on-mobile\"><figure class=\"wp-block-media-text__media\"><img loading=\"lazy\" decoding=\"async\" width=\"720\" height=\"540\" src=\"https:\/\/www.cashewnut-processing.com\/wp-content\/uploads\/2025\/10\/dry-peanut-peeler.webp\" alt=\"dry peanut peeler\" class=\"wp-image-7243 size-full\" title=\"\" srcset=\"https:\/\/www.cashewnut-processing.com\/wp-content\/uploads\/2025\/10\/dry-peanut-peeler.webp 720w, https:\/\/www.cashewnut-processing.com\/wp-content\/uploads\/2025\/10\/dry-peanut-peeler-300x225.webp 300w, https:\/\/www.cashewnut-processing.com\/wp-content\/uploads\/2025\/10\/dry-peanut-peeler-16x12.webp 16w\" sizes=\"auto, (max-width: 720px) 100vw, 720px\" \/><\/figure><div class=\"wp-block-media-text__content\"> <ul class=\"wp-block-list\"> <li>Capacit\u00e9 : 200-300 kg\/h<\/li>    <li>Taux de puret\u00e9 : 98%<\/li> <\/ul> <\/div><\/div>    <h3 class=\"wp-block-heading\">3. Cuve de cuisson du sucre<\/h3>    <p>Ce chaudron en acier inoxydable 304, \u00e9quip\u00e9 d\u2019un chauffage \u00e9lectrique stable et d\u2019un agitateur int\u00e9gr\u00e9, produit un sirop de liaison parfaitement homog\u00e8ne, \u00e9vitant la br\u00fblure et garantissant une qualit\u00e9 uniforme.<\/p>    <div class=\"wp-block-media-text is-stacked-on-mobile\"><figure class=\"wp-block-media-text__media\"><img loading=\"lazy\" decoding=\"async\" width=\"720\" height=\"540\" src=\"https:\/\/www.cashewnut-processing.com\/wp-content\/uploads\/2026\/01\/sugar-boiled-pot.webp\" alt=\"sugar boiled pot\" class=\"wp-image-7294 size-full\" title=\"\" srcset=\"https:\/\/www.cashewnut-processing.com\/wp-content\/uploads\/2026\/01\/sugar-boiled-pot.webp 720w, https:\/\/www.cashewnut-processing.com\/wp-content\/uploads\/2026\/01\/sugar-boiled-pot-300x225.webp 300w, https:\/\/www.cashewnut-processing.com\/wp-content\/uploads\/2026\/01\/sugar-boiled-pot-16x12.webp 16w\" sizes=\"auto, (max-width: 720px) 100vw, 720px\" \/><\/figure><div class=\"wp-block-media-text__content\"> <ul class=\"wp-block-list\"> <li>Capacit\u00e9 : 200L<\/li>    <li>Puissance : 18 kW<\/li>    <li>Caract\u00e9ristiques : Corps inclinable pour une d\u00e9charge facile, acier inoxydable 304 de qualit\u00e9 alimentaire<\/li> <\/ul> <\/div><\/div>    <h3 class=\"wp-block-heading\">4. Machine \u00e0 m\u00e9langer les mat\u00e9riaux<\/h3>    <p>Designed for perfect blending, this machine features a heated, insulated pot that maintains the syrup&#8217;s temperature while its powerful arm thoroughly coats every ingredient for a homogenous mixture.<\/p>    <ul class=\"wp-block-list\"> <li>Capacit\u00e9 : 15 kg\/lot<\/li>    <li>Puissance : 1,1 kW<\/li>    <li>Caract\u00e9ristique : Pot \u00e0 double \u00e9tage pour la conservation de la chaleur<\/li> <\/ul>    <h3 class=\"wp-block-heading\">5. Machine de formage et de d\u00e9coupe<\/h3>    <p>C\u2019est le c\u0153ur de la ligne. Il utilise une s\u00e9rie de rouleaux de pression r\u00e9glables pour aplatir le m\u00e9lange en une plaque uniforme, puis emploie un ensemble de lames longitudinales et lat\u00e9rales pr\u00e9cises pour le d\u00e9couper selon vos dimensions souhait\u00e9es.<\/p>    <div class=\"wp-block-media-text is-stacked-on-mobile\"><figure class=\"wp-block-media-text__media\"><img loading=\"lazy\" decoding=\"async\" width=\"720\" height=\"540\" src=\"https:\/\/www.cashewnut-processing.com\/wp-content\/uploads\/2026\/01\/Peanut-brittle-molding-and-cutting-machine.webp\" alt=\"Machine de moulage et de d\u00e9coupe du caramel aux arachides\" class=\"wp-image-7291 size-full\" title=\"\" srcset=\"https:\/\/www.cashewnut-processing.com\/wp-content\/uploads\/2026\/01\/Peanut-brittle-molding-and-cutting-machine.webp 720w, https:\/\/www.cashewnut-processing.com\/wp-content\/uploads\/2026\/01\/Peanut-brittle-molding-and-cutting-machine-300x225.webp 300w, https:\/\/www.cashewnut-processing.com\/wp-content\/uploads\/2026\/01\/Peanut-brittle-molding-and-cutting-machine-16x12.webp 16w\" sizes=\"auto, (max-width: 720px) 100vw, 720px\" \/><\/figure><div class=\"wp-block-media-text__content\"> <ul class=\"wp-block-list\"> <li>Capacit\u00e9 : 300-400 kg\/h<\/li>    <li>Puissance : 2,5 kW<\/li>    <li>Largeur de la bande : 560 mm (\u00e9paisseur de formation ajustable)<\/li> <\/ul> <\/div><\/div>    <h3 class=\"wp-block-heading\">6. Convoyeur de refroidissement<\/h3>    <p>Les barres fra\u00eechement coup\u00e9es sont transf\u00e9r\u00e9es sur ce convoyeur. Le temps de voyage prolong\u00e9 permet aux produits de refroidir et de durcir naturellement, leur donnant la texture croustillante parfaite avant l\u2019emballage.<\/p>    <ul class=\"wp-block-list\"> <li>Puissance : 0,37 kW<\/li>    <li>Dimensions : 5000*1000*800 mm (longueur personnalisable)<\/li> <\/ul>    <h3 class=\"wp-block-heading\">7. Machine d\u2019emballage automatique<\/h3>    <p>Cette machine apporte la touche finale professionnelle, enroulant et scellant automatiquement chaque barre. Elle peut \u00eatre \u00e9quip\u00e9e d\u2019une fonction de codage pour imprimer dates ou num\u00e9ros de lot pour une tra\u00e7abilit\u00e9 compl\u00e8te.<\/p>    <div class=\"wp-block-media-text is-stacked-on-mobile\"><figure class=\"wp-block-media-text__media\"><img loading=\"lazy\" decoding=\"async\" width=\"720\" height=\"540\" src=\"https:\/\/www.cashewnut-processing.com\/wp-content\/uploads\/2026\/01\/peanut-packaging-machine.webp\" alt=\"peanut packaging machine\" class=\"wp-image-7293 size-full\" title=\"\" srcset=\"https:\/\/www.cashewnut-processing.com\/wp-content\/uploads\/2026\/01\/peanut-packaging-machine.webp 720w, https:\/\/www.cashewnut-processing.com\/wp-content\/uploads\/2026\/01\/peanut-packaging-machine-300x225.webp 300w, https:\/\/www.cashewnut-processing.com\/wp-content\/uploads\/2026\/01\/peanut-packaging-machine-16x12.webp 16w\" sizes=\"auto, (max-width: 720px) 100vw, 720px\" \/><\/figure><div class=\"wp-block-media-text__content\"> <ul class=\"wp-block-list\"> <li>Puissance : 1,92 kW<\/li>    <li>Largeur maximale du film : 250 mm<\/li>    <li>Fonction : Emballage, scellage, et codage optionnel<\/li> <\/ul> <\/div><\/div>    <h2 class=\"wp-block-heading\">Sp\u00e9cifications de la ligne de production de caramel de cacahu\u00e8te<\/h2>    <figure class=\"wp-block-table\"><table><thead><tr><th class=\"has-text-align-left\" data-align=\"left\">Caract\u00e9ristique<\/th><th class=\"has-text-align-left\" data-align=\"left\">Sp\u00e9cification<\/th><\/tr><\/thead><tbody><tr><td class=\"has-text-align-left\" data-align=\"left\"><strong>Capacit\u00e9 de la ligne<\/strong><\/td><td class=\"has-text-align-left\" data-align=\"left\">300-400 kg\/h (configuration d\u2019exemple)<\/td><\/tr><tr><td class=\"has-text-align-left\" data-align=\"left\"><strong>Taille du produit fini<\/strong><\/td><td class=\"has-text-align-left\" data-align=\"left\">Longueur &amp; largeur ajustables via la machine de d\u00e9coupe<\/td><\/tr><tr><td class=\"has-text-align-left\" data-align=\"left\"><strong>Tension<\/strong><\/td><td class=\"has-text-align-left\" data-align=\"left\">Customized to match your country&#8217;s standard (e.g., 220V\/380V, 50Hz\/60Hz)<\/td><\/tr><tr><td class=\"has-text-align-left\" data-align=\"left\"><strong>Mat\u00e9riaux principaux<\/strong><\/td><td class=\"has-text-align-left\" data-align=\"left\">Les pi\u00e8ces en contact avec les aliments sont en acier inoxydable de haute qualit\u00e9<\/td><\/tr><tr><td class=\"has-text-align-left\" data-align=\"left\"><strong>Disposition &amp; Configuration<\/strong><\/td><td class=\"has-text-align-left\" data-align=\"left\">Enti\u00e8rement personnalisable ; des machines peuvent \u00eatre ajout\u00e9es ou retir\u00e9es pour r\u00e9pondre \u00e0 vos besoins<\/td><\/tr><tr><td class=\"has-text-align-left\" data-align=\"left\"><strong>D\u00e9lai de livraison<\/strong><\/td><td class=\"has-text-align-left\" data-align=\"left\">D\u00e9lai de 10-15 jours ouvrables apr\u00e8s r\u00e9ception du paiement<\/td><\/tr><tr><td class=\"has-text-align-left\" data-align=\"left\"><strong>Garantie de qualit\u00e9<\/strong><\/td><td class=\"has-text-align-left\" data-align=\"left\">12 mois pour tous les dysfonctionnements caus\u00e9s par la machine elle-m\u00eame et la qualit\u00e9<\/td><\/tr><tr><td class=\"has-text-align-left\" data-align=\"left\"><strong>Service apr\u00e8s-vente<\/strong><\/td><td class=\"has-text-align-left\" data-align=\"left\">Support technique \u00e0 vie, vid\u00e9os d\u2019op\u00e9ration, et conseils professionnels<\/td><\/tr><\/tbody><\/table><\/figure>    <h2 class=\"wp-block-heading\">Contactez-nous pour votre solution personnalis\u00e9e<\/h2>    <p>Pr\u00eat \u00e0 automatiser et \u00e0 faire \u00e9voluer votre entreprise de confiserie ? Contactez-nous d\u00e8s aujourd\u2019hui pour discuter de vos besoins. Nous fournirons un devis d\u00e9taill\u00e9, sans obligation, pour une ligne de production de caramel de cacahu\u00e8te con\u00e7ue pour vous aider \u00e0 r\u00e9ussir.<\/p>","protected":false},"excerpt":{"rendered":"<p>Shuliy Machinery&#8217;s peanut brittle production line is a fully automated solution engineered for the efficient, large-scale production of high-quality peanut brittle, nut bars, and other confectionery snacks. This integrated system is designed to boost your output, ensure product consistency, and reduce labor costs, making it the ideal investment for modern food processing enterprises. This article [&hellip;]<\/p>\n","protected":false},"author":1,"featured_media":7295,"parent":0,"template":"","tags":[],"product-type":[12],"class_list":["post-7289","product","type-product","status-publish","has-post-thumbnail","hentry","product-type-nut-processing-line"],"_links":{"self":[{"href":"https:\/\/www.cashewnut-processing.com\/fr\/wp-json\/wp\/v2\/product\/7289","targetHints":{"allow":["GET"]}}],"collection":[{"href":"https:\/\/www.cashewnut-processing.com\/fr\/wp-json\/wp\/v2\/product"}],"about":[{"href":"https:\/\/www.cashewnut-processing.com\/fr\/wp-json\/wp\/v2\/types\/product"}],"author":[{"embeddable":true,"href":"https:\/\/www.cashewnut-processing.com\/fr\/wp-json\/wp\/v2\/users\/1"}],"wp:featuredmedia":[{"embeddable":true,"href":"https:\/\/www.cashewnut-processing.com\/fr\/wp-json\/wp\/v2\/media\/7295"}],"wp:attachment":[{"href":"https:\/\/www.cashewnut-processing.com\/fr\/wp-json\/wp\/v2\/media?parent=7289"}],"wp:term":[{"taxonomy":"post_tag","embeddable":true,"href":"https:\/\/www.cashewnut-processing.com\/fr\/wp-json\/wp\/v2\/tags?post=7289"},{"taxonomy":"product-type","embeddable":true,"href":"https:\/\/www.cashewnut-processing.com\/fr\/wp-json\/wp\/v2\/product-type?post=7289"}],"curies":[{"name":"wp","href":"https:\/\/api.w.org\/{rel}","templated":true}]}}