{"id":69,"date":"2018-08-09T09:09:46","date_gmt":"2018-08-09T09:09:46","guid":{"rendered":"http:\/\/www.cashewnut-processing.com\/?p=69"},"modified":"2025-10-28T15:06:42","modified_gmt":"2025-10-28T07:06:42","slug":"cashew-classifier-machine","status":"publish","type":"product","link":"https:\/\/www.cashewnut-processing.com\/fr\/cashew-classifier-machine.html","title":{"rendered":"Machine de classement des noix de cajou crues | Niveleuse de noix de cajou"},"content":{"rendered":"<p>La machine de classement des noix de cajou est divis\u00e9e en machine de classement des noix de cajou brutes et machine de classement des amandes de cajou. Ces deux machines peuvent rapidement aider les clients \u00e0 trier diff\u00e9rentes tailles de noix de cajou brutes et d'amandes de cajou.<\/p>    <figure class=\"wp-block-embed is-type-video is-provider-youtube wp-block-embed-youtube wp-embed-aspect-16-9 wp-has-aspect-ratio\"><div class=\"wp-block-embed__wrapper\"> <iframe loading=\"lazy\" title=\"Machine de classement des noix de cajou brutes | calibreuse de noix de cajou\" width=\"500\" height=\"281\" src=\"https:\/\/www.youtube.com\/embed\/trQZ4ReiO9k?feature=oembed\" frameborder=\"0\" allow=\"accelerometer; autoplay; clipboard-write; encrypted-media; gyroscope; picture-in-picture; web-share\" referrerpolicy=\"strict-origin-when-cross-origin\" allowfullscreen><\/iframe> <\/div><figcaption class=\"wp-element-caption\">machine de classement de noix de cajou<\/figcaption><\/figure>    <h2 class=\"wp-block-heading\">Introduction de la machine de classement des noix de cajou en rang\u00e9e<\/h2>    <p class=\"translation-block\">Cette machine de calibrage de noix de cajou brutes est une \u00e9tape de traitement pr\u00e9alable de la <a href=\"https:\/\/www.cashewnut-processing.com\/fr\/products\/cashewnut-processing-line\/\">ligne de traitement compl\u00e8te de noix de cajou<\/a>. Fabriqu\u00e9e \u00e0 partir de mat\u00e9riaux robustes et durables, la calibreuse de noix de cajou est le meilleur choix pour les usines de traitement de noix de cajou. Elle pourrait r\u00e9duire la charge de travail du traitement suivant. Et son fonctionnement simple permet \u00e0 toute usine d'utiliser cette machine. Bien s\u00fbr, vous pouvez choisir d'utiliser cette calibreuse s\u00e9par\u00e9ment ou dans une ligne de production.<\/p>    <div class=\"wp-block-columns is-layout-flex wp-container-core-columns-is-layout-9d6595d7 wp-block-columns-is-layout-flex\"> <div class=\"wp-block-column is-layout-flow wp-block-column-is-layout-flow\"> <figure class=\"wp-block-image size-full\"><img loading=\"lazy\" decoding=\"async\" width=\"720\" height=\"540\" src=\"https:\/\/www.cashewnut-processing.com\/wp-content\/uploads\/2018\/08\/raw-cashew.webp\" alt=\"noix de cajou crue\" class=\"wp-image-7030\" title=\"\"><figcaption class=\"wp-element-caption\">Noix De Cajou Crue<\/figcaption><\/figure> <\/div>    <div class=\"wp-block-column is-layout-flow wp-block-column-is-layout-flow\"> <figure class=\"wp-block-image size-full\"><img loading=\"lazy\" decoding=\"async\" width=\"720\" height=\"540\" src=\"https:\/\/www.cashewnut-processing.com\/wp-content\/uploads\/2022\/10\/cashewnuts.jpg\" alt=\"noix de cajou\" class=\"wp-image-5192\" title=\"\" srcset=\"https:\/\/www.cashewnut-processing.com\/wp-content\/uploads\/2022\/10\/cashewnuts.jpg 720w, https:\/\/www.cashewnut-processing.com\/wp-content\/uploads\/2022\/10\/cashewnuts-300x225.jpg 300w\" sizes=\"auto, (max-width: 720px) 100vw, 720px\" \/><figcaption class=\"wp-element-caption\">Noyau de cajou<\/figcaption><\/figure> <\/div> <\/div>    <h2 class=\"wp-block-heading\">Le caract\u00e8re de la machine de classement des noix de cajou crues<\/h2>    <p>La trieuse de noix de cajou est utilis\u00e9e pour trier les noix en plusieurs qualit\u00e9s diff\u00e9rentes afin d'am\u00e9liorer le taux d'ouverture suivante des coques. Il comprend g\u00e9n\u00e9ralement 3 \u00e0 5 grades : 26 mm. Et cela pourrait \u00eatre fait selon les exigences du client.<\/p>    <p>Cette niveleuse de noix de cajou est compos\u00e9e d'une transmission, d'une hi\u00e9rarchie, d'un ch\u00e2ssis et d'autres composants. Il n\u2019a pas de structure complexe et c\u2019est automatique.<\/p>    <figure class=\"wp-block-gallery has-nested-images columns-2 is-cropped wp-block-gallery-2 is-layout-flex wp-block-gallery-is-layout-flex\"> <figure class=\"wp-block-image size-large\"><img loading=\"lazy\" decoding=\"async\" width=\"720\" height=\"540\" data-id=\"1814\" src=\"https:\/\/www.cashewnut-processing.com\/wp-content\/uploads\/2018\/08\/cashew-grading-machine-1.jpg\" alt=\"machine de tri de noix de cajou\" class=\"wp-image-1814\" title=\"\" srcset=\"https:\/\/www.cashewnut-processing.com\/wp-content\/uploads\/2018\/08\/cashew-grading-machine-1.jpg 720w, https:\/\/www.cashewnut-processing.com\/wp-content\/uploads\/2018\/08\/cashew-grading-machine-1-300x225.jpg 300w\" sizes=\"auto, (max-width: 720px) 100vw, 720px\" \/><figcaption class=\"wp-element-caption\">Machine de classement des noix de cajou crues<\/figcaption><\/figure>    <figure class=\"wp-block-image size-large\"><img loading=\"lazy\" decoding=\"async\" width=\"1024\" height=\"768\" data-id=\"23\" src=\"https:\/\/www.cashewnut-processing.com\/wp-content\/uploads\/2018\/08\/3-1024x768.jpg\" alt=\"machine de classement des noix de cajou\" class=\"wp-image-23\" title=\"\" srcset=\"https:\/\/www.cashewnut-processing.com\/wp-content\/uploads\/2018\/08\/3-1024x768.jpg 1024w, https:\/\/www.cashewnut-processing.com\/wp-content\/uploads\/2018\/08\/3-300x225.jpg 300w, https:\/\/www.cashewnut-processing.com\/wp-content\/uploads\/2018\/08\/3-768x576.jpg 768w\" sizes=\"auto, (max-width: 1024px) 100vw, 1024px\" \/><figcaption class=\"wp-element-caption\">Niveleuse de noix de cajou<\/figcaption><\/figure> <\/figure>    <h2 class=\"wp-block-heading\">M\u00e9thodes de fonctionnement de la machine de classement des noix de cajou brutes<\/h2>    <ol class=\"wp-block-list\"> <li>V\u00e9rifiez le circuit avant de commencer.<\/li>    <li>Connectez le <a href=\"https:\/\/en.wikipedia.org\/wiki\/Power_(physics)\" target=\"_blank\" rel=\"noopener\">pouvoir<\/a> alimentez selon le sens de la fl\u00e8che et rappelez-vous que le fonctionnement est irr\u00e9versible.<\/li>    <li>Versez continuellement les fruits crus dans la tr\u00e9mie, ajustez la taille de la porte d'alimentation et entrez dans le baril de classement uniforme des noix de cajou.<\/li>    <li>Le godet de classification comporte trois tailles de trous diff\u00e9rentes, correspondant \u00e0 la tr\u00e9mie de r\u00e9ception suivante.<\/li>    <li>Le baril de classement des noix de cajou tourne sous la rotation et laisse \u00e9galement un petit nombre de noix \u00e0 reclasser.<\/li>    <li>Les gros \u00e9crous tournent encore et encore du tambour au niveau suivant pour obtenir l'effet de classification.<\/li>    <li>Bien que le tambour tourne, les \u00e9crous traversent un seul trou de bouchage pour que le rouleau d'\u00e9bavurage tourne de mani\u00e8re synchrone et sont envoy\u00e9s dans l'air.<\/li> <\/ol>    <h2 class=\"wp-block-heading\">Param\u00e8tre technique de la trieuse de noix de cajou<\/h2>    <figure class=\"wp-block-table\"><table><tbody><tr><td>Mod\u00e8le<\/td><td>TZ-YG 400<\/td><\/tr><tr><td>Capacit\u00e9<\/td><td>400kg\/h<\/td><\/tr><tr><td>Pouvoir<\/td><td>1,1 kW<\/td><\/tr><tr><td>Tension<\/td><td>380 V 50 Hz<\/td><\/tr><tr><td>Dimension<\/td><td>3800*900*1600mm<\/td><\/tr><tr><td>Poids<\/td><td>350kg<\/td><\/tr><\/tbody><\/table><figcaption class=\"wp-element-caption\">trieuse de noix de cajou<\/figcaption><\/figure>    <p>Nous classons les noix de cajou avant leur transformation ult\u00e9rieure, non seulement pour des raisons de commodit\u00e9, mais \u00e9galement pour leur valeur marchande, ou simplement leur prix. La plupart du temps, les vendeurs conditionnent les noix de cajou en fonction de leur taille et les vendent \u00e0 des prix diff\u00e9rents. Les usines choisissent de classer les noix de cajou en premier ou en dernier. Quoi qu\u2019il en soit, le classement vise \u00e0 tirer le meilleur parti des noix. Par cons\u00e9quent, une machine de classement des noix de cajou brutes est n\u00e9cessaire.<\/p>    <h2 class=\"wp-block-heading\">Terminer les \u00e9tapes de transformation de la noix de cajou<\/h2>    <p>Les \u00e9tapes compl\u00e8tes de transformation des noix de cajou comprennent le lavage, le classement des noix de cajou brutes, la cuisson \u00e0 la vapeur, le d\u00e9corticage, la s\u00e9paration coque-noyau, le s\u00e9chage, le pelage, le classement des noix de cajou brutes, la torr\u00e9faction et l'emballage.<\/p>   <div class=\"wp-block-image\"> <figure class=\"aligncenter size-full\"><img loading=\"lazy\" decoding=\"async\" width=\"720\" height=\"540\" src=\"https:\/\/www.cashewnut-processing.com\/wp-content\/uploads\/2023\/07\/taizy-cashew-nut-processing-line.webp\" alt=\"ligne de transformation de noix de cajou\" class=\"wp-image-7081\" title=\"\"><figcaption class=\"wp-element-caption\">ligne de transformation de noix de cajou<\/figcaption><\/figure> <\/div>   <h2 class=\"wp-block-heading\">Qu'est-ce qu'une machine de classement des amandes de cajou\u00a0?<\/h2>    <p>Contrairement \u00e0 la machine de classement des noix de cajou brutes, la machine de classement des amandes de cajou est le dernier processus de la cha\u00eene de transformation des noix de cajou. Les noix de cajou trait\u00e9es par cette machine de tri des amandes de cajou seront tamis\u00e9es selon diff\u00e9rentes tailles. Le commer\u00e7ant peut conditionner et vendre les noix de cajou selon diff\u00e9rents indices.<\/p>   <div class=\"wp-block-image\"> <figure class=\"aligncenter size-full\"><img loading=\"lazy\" decoding=\"async\" width=\"720\" height=\"540\" src=\"https:\/\/www.cashewnut-processing.com\/wp-content\/uploads\/2018\/08\/cashew-kernel-classifying-machine.webp\" alt=\"machine de classification des noix de cajou\" class=\"wp-image-7016\" title=\"\"><figcaption class=\"wp-element-caption\">machine de classification des noix de cajou<\/figcaption><\/figure> <\/div>   <h2 class=\"wp-block-heading\">Comment les amandes de cajou sont-elles class\u00e9es\u00a0?<\/h2>    <p>Il y a trois couches de tambours sur la niveleuse de noix de cajou. Chaque couche de tambours peut tamiser une taille d'amandes de cajou. Par cons\u00e9quent, la machine de tri par taille de noix de cajou peut tamiser les amandes de cajou selon 3 qualit\u00e9s diff\u00e9rentes. Les clients peuvent \u00e9galement ajuster l'\u00e9cart entre les rouleaux pour obtenir la taille souhait\u00e9e en fonction de leurs besoins r\u00e9els.<\/p>   <div class=\"wp-block-image\"> <figure class=\"aligncenter size-full\"><img loading=\"lazy\" decoding=\"async\" width=\"720\" height=\"540\" src=\"https:\/\/www.cashewnut-processing.com\/wp-content\/uploads\/2021\/08\/taizy-cashew-kernel-classifying-machine.webp\" alt=\"machine de classement des noix de cajou\" class=\"wp-image-7004\" title=\"\"><figcaption class=\"wp-element-caption\">machine de classement des noix de cajou<\/figcaption><\/figure> <\/div>   <h2 class=\"wp-block-heading\">Param\u00e8tres techniques de la machine de classement des noix de cajou<\/h2>    <figure class=\"wp-block-table\"><table><tbody><tr><td>Mod\u00e8le<\/td><td>TZ-K500<\/td><\/tr><tr><td>Capacit\u00e9 (kg\/h)<\/td><td>500<\/td><\/tr><tr><td>Puissance (kw)<\/td><td>0.75<\/td><\/tr><tr><td>Tension (v)<\/td><td>380<\/td><\/tr><tr><td>Fr\u00e9quence (hz)<\/td><td>50<\/td><\/tr><tr><td>Taille M)<\/td><td>2&#215;0.8&#215;1.4<\/td><\/tr><tr><td>Poids (kg)<\/td><td>300<\/td><\/tr><\/tbody><\/table><figcaption class=\"wp-element-caption\">machine de classement des noix de cajou<\/figcaption><\/figure>    <p>Ce sont les param\u00e8tres techniques de la machine de classement des noix de cajou avec le mod\u00e8le TZ-K500. La capacit\u00e9 de cette machine est de 500 kg\/h. La taille est de 2 \u00d7 0,8 \u00d7 1,4 m. La puissance est de 0,75 kW. Si vous souhaitez en savoir plus, veuillez nous contacter via la fen\u00eatre pop-up en bas \u00e0 droite !<\/p>   <div class=\"wp-block-image\"> <figure class=\"aligncenter size-full\"><img loading=\"lazy\" decoding=\"async\" width=\"600\" height=\"402\" src=\"https:\/\/www.cashewnut-processing.com\/wp-content\/uploads\/2018\/10\/Cashew-2-1.jpg\" alt=\"noix de cajou\" class=\"wp-image-341\" title=\"\"><figcaption class=\"wp-element-caption\">noix de cajou<\/figcaption><\/figure> <\/div>   <h2 class=\"wp-block-heading\">R\u00e9sum\u00e9<\/h2>    <p>Si vous avez besoin d'une calibreuse de noix de cajou brute ou d'une machine de classement de noyaux de noix de cajou, n'h\u00e9sitez pas \u00e0 nous contacter. Nous vous contacterons dans les plus brefs d\u00e9lais et vous ferons un devis d\u00e9taill\u00e9.<\/p>","protected":false},"excerpt":{"rendered":"<p>La machine de classement des noix de cajou brutes est une \u00e9tape de transformation de la cha\u00eene de production. Cela pourrait r\u00e9duire la charge de travail du traitement suivant.<\/p>","protected":false},"author":1,"featured_media":1994,"parent":0,"template":"","tags":[172],"product-type":[415],"class_list":["post-69","product","type-product","status-publish","has-post-thumbnail","hentry","tag-raw-cashew-grading-machine","product-type-sorting-grading-machine"],"_links":{"self":[{"href":"https:\/\/www.cashewnut-processing.com\/fr\/wp-json\/wp\/v2\/product\/69","targetHints":{"allow":["GET"]}}],"collection":[{"href":"https:\/\/www.cashewnut-processing.com\/fr\/wp-json\/wp\/v2\/product"}],"about":[{"href":"https:\/\/www.cashewnut-processing.com\/fr\/wp-json\/wp\/v2\/types\/product"}],"author":[{"embeddable":true,"href":"https:\/\/www.cashewnut-processing.com\/fr\/wp-json\/wp\/v2\/users\/1"}],"wp:featuredmedia":[{"embeddable":true,"href":"https:\/\/www.cashewnut-processing.com\/fr\/wp-json\/wp\/v2\/media\/1994"}],"wp:attachment":[{"href":"https:\/\/www.cashewnut-processing.com\/fr\/wp-json\/wp\/v2\/media?parent=69"}],"wp:term":[{"taxonomy":"post_tag","embeddable":true,"href":"https:\/\/www.cashewnut-processing.com\/fr\/wp-json\/wp\/v2\/tags?post=69"},{"taxonomy":"product-type","embeddable":true,"href":"https:\/\/www.cashewnut-processing.com\/fr\/wp-json\/wp\/v2\/product-type?post=69"}],"curies":[{"name":"wp","href":"https:\/\/api.w.org\/{rel}","templated":true}]}}