{"id":62,"date":"2018-08-09T09:07:16","date_gmt":"2018-08-09T09:07:16","guid":{"rendered":"http:\/\/www.cashewnut-processing.com\/?p=62"},"modified":"2025-10-28T15:05:55","modified_gmt":"2025-10-28T07:05:55","slug":"cashew-nut-cooker","status":"publish","type":"product","link":"https:\/\/www.cashewnut-processing.com\/fr\/cashew-nut-cooker.html","title":{"rendered":"Machine de cuisson de noix de cajou | Cuiseur de noix de cajou"},"content":{"rendered":"<p>Cette machine \u00e0 cuire les noix de cajou est une \u00e9tape importante avant de casser les noix. Le processus de cuisson pourrait ramollir la coque et am\u00e9liorer la vitesse de fissuration. La plupart du temps, ce cuiseur est associ\u00e9 \u00e0 une chaudi\u00e8re \u00e0 vapeur car il a besoin d\u2019une grande quantit\u00e9 de vapeur pour cuire les noix de cajou. Et les clients pouvaient personnaliser la cuisini\u00e8re en fonction de leur demande de po\u00eales \u00e0 vapeur. Quant au processus op\u00e9ratoire, il existe quelques pr\u00e9cautions.<\/p>    <h2 class=\"wp-block-heading\"><strong>Introduction de la machine de cuisson des noix de cajou<\/strong><\/h2>    <p class=\"translation-block\">Le cuiseur de noix de cajou d\u00e9velopp\u00e9 et fabriqu\u00e9 par Zhengzhou Shuli Machinery Equipment Co., Ltd. est un \u00e9quipement sp\u00e9cialis\u00e9 pour la cuisson des noix de cajou et des noix similaires. Il peut \u00eatre utilis\u00e9 seul ou en association avec diff\u00e9rentes cha\u00eenes de production. Le principe consiste \u00e0 proc\u00e9der au criblage puis \u00e0 cuire avec un cuiseur de noix de cajou afin de cr\u00e9er un espace entre la coque et les noix, ce qui facilite l\u2019\u00e9tape suivante de <a href=\"https:\/\/www.cashewnut-processing.com\/fr\/cashew-nut-shelling-and-cracking-machine.html\/\">d\u00e9corticage<\/a>.<\/p>    <figure class=\"wp-block-gallery has-nested-images columns-3 is-cropped wp-block-gallery-2 is-layout-flex wp-block-gallery-is-layout-flex\"> <figure class=\"wp-block-image size-full\"><img loading=\"lazy\" decoding=\"async\" width=\"720\" height=\"540\" data-id=\"7009\" src=\"https:\/\/www.cashewnut-processing.com\/wp-content\/uploads\/2018\/08\/cashew-nut-cooker-machine.webp\" alt=\"machine \u00e0 cuire les noix de cajou\" class=\"wp-image-7009\" title=\"\"><figcaption class=\"wp-element-caption\">Machine \u00e0 cuire les noix de cajou<\/figcaption><\/figure>    <figure class=\"wp-block-image size-large\"><img loading=\"lazy\" decoding=\"async\" width=\"768\" height=\"1024\" data-id=\"66\" src=\"https:\/\/www.cashewnut-processing.com\/wp-content\/uploads\/2018\/08\/3-2-768x1024.jpg\" alt=\"machine \u00e0 vapeur pour noix de cajou\" class=\"wp-image-66\" title=\"\" srcset=\"https:\/\/www.cashewnut-processing.com\/wp-content\/uploads\/2018\/08\/3-2-768x1024.jpg 768w, https:\/\/www.cashewnut-processing.com\/wp-content\/uploads\/2018\/08\/3-2-225x300.jpg 225w, https:\/\/www.cashewnut-processing.com\/wp-content\/uploads\/2018\/08\/3-2.jpg 1200w\" sizes=\"auto, (max-width: 768px) 100vw, 768px\" \/><figcaption class=\"wp-element-caption\">Machine \u00e0 vapeur pour noix de cajou<\/figcaption><\/figure>    <figure class=\"wp-block-image size-large\"><img loading=\"lazy\" decoding=\"async\" width=\"720\" height=\"540\" data-id=\"1788\" src=\"https:\/\/www.cashewnut-processing.com\/wp-content\/uploads\/2018\/08\/inner-side.jpg\" alt=\"c\u00f4t\u00e9 int\u00e9rieur de la machine\" class=\"wp-image-1788\" title=\"\" srcset=\"https:\/\/www.cashewnut-processing.com\/wp-content\/uploads\/2018\/08\/inner-side.jpg 720w, https:\/\/www.cashewnut-processing.com\/wp-content\/uploads\/2018\/08\/inner-side-300x225.jpg 300w\" sizes=\"auto, (max-width: 720px) 100vw, 720px\" \/><figcaption class=\"wp-element-caption\">C\u00f4t\u00e9 int\u00e9rieur de la machine<\/figcaption><\/figure> <\/figure>    <h2 class=\"wp-block-heading\">Comment utiliser la cuisini\u00e8re<\/h2>    <ol class=\"wp-block-list\"> <li>V\u00e9rifiez la tension et assurez-vous qu'elle est la m\u00eame.<\/li>    <li>Il doit installer un interrupteur de protection contre les fuites et la machine \u00e0 cuire les noix de cajou doit \u00eatre reli\u00e9e \u00e0 la bonne ligne de mise \u00e0 la terre de protection. Il est strictement interdit de le raccorder \u00e0 une conduite d\u2019eau ou \u00e0 un gazoduc.<\/li>    <li>Apr\u00e8s avoir bien reli\u00e9 l'arriv\u00e9e d'eau, mettez le plat dans la machine et faites chauffer pendant 30 minutes.<\/li>    <li>Il pourrait utiliser un chauffage \u00e9lectrique ou de la vapeur externe. Mais vous ne pouvez pas utiliser les deux en m\u00eame temps.<\/li>    <li>Une fois les aliments cuits, coupez l\u2019alimentation \u00e9lectrique ou la vanne vapeur. Lorsque vous retirez les aliments de la machine, veillez \u00e0 ce que vous ne puissiez pas vous tenir debout \u00e0 l'oppos\u00e9. Ouvrez lentement la porte et sortez de la machine avec les gants.<\/li>    <li>Cette machine de cuisson de noix de cajou est un r\u00e9cipient herm\u00e9tique \u00e0 haute pression, un peu de vapeur provenant de la fissure du d\u00e9versement est un ph\u00e9nom\u00e8ne normal.<\/li> <\/ol>    <h2 class=\"wp-block-heading\">Pr\u00e9cautions <strong>de Machine de cuisson de noix de cajou<\/strong><\/h2>    <ol class=\"wp-block-list\"> <li>Le chauffage \u00e9lectrique et l\u2019apport externe de vapeur ne peuvent pas fonctionner en m\u00eame temps\u00a0! La pression externe ne doit pas d\u00e9passer les exigences d'utilisation.<\/li>    <li>5% <a href=\"https:\/\/en.wikipedia.org\/wiki\/Citric_acid\" target=\"_blank\" rel=\"noopener\">acide citrique<\/a> Une solution peut \u00eatre inject\u00e9e dans le r\u00e9servoir d\u2019eau pour \u00e9liminer le tartre.<\/li>    <li>Apr\u00e8s chaque intervention, l\u2019alimentation \u00e9lectrique de la cabine vapeur doit \u00eatre coup\u00e9e. La vanne principale d'entr\u00e9e de vapeur doit \u00eatre ferm\u00e9e lorsque le travail de chauffage \u00e0 la vapeur est termin\u00e9.<\/li>    <li>Si la machine tombe en panne, ne la d\u00e9montez pas vous-m\u00eame. Demandez au personnel professionnel de maintenance \u00e9lectrique de le r\u00e9parer.<\/li> <\/ol>    <h2 class=\"wp-block-heading\"><strong>Param\u00e8tre technique<\/strong><\/h2>    <figure class=\"wp-block-table\"><table><tbody><tr><td>Mod\u00e8le<\/td><td>Capacit\u00e9<\/td><td>Pouvoir<\/td><td>Tension<\/td><td>Taille<\/td><\/tr><tr><td>TZJ-10<\/td><td>1000kg\/h<\/td><td>1,1 kW<\/td><td>380 V\/50 Hz<\/td><td>2*1*2,8 m<\/td><\/tr><\/tbody><\/table><\/figure>    <h2 class=\"wp-block-heading\"><strong>Plus de d\u00e9tails:<\/strong><\/h2>    <figure class=\"wp-block-gallery has-nested-images columns-3 is-cropped wp-block-gallery-3 is-layout-flex wp-block-gallery-is-layout-flex\"> <figure class=\"wp-block-image size-large\"><img loading=\"lazy\" decoding=\"async\" width=\"720\" height=\"540\" data-id=\"1789\" src=\"https:\/\/www.cashewnut-processing.com\/wp-content\/uploads\/2018\/08\/cashew-cooker.jpg\" alt=\"machine de cuisson de noix de cajou\" class=\"wp-image-1789\" title=\"\" srcset=\"https:\/\/www.cashewnut-processing.com\/wp-content\/uploads\/2018\/08\/cashew-cooker.jpg 720w, https:\/\/www.cashewnut-processing.com\/wp-content\/uploads\/2018\/08\/cashew-cooker-300x225.jpg 300w\" sizes=\"auto, (max-width: 720px) 100vw, 720px\" \/><figcaption class=\"wp-element-caption\">Machine de cuisson de noix de cajou<\/figcaption><\/figure>    <figure class=\"wp-block-image size-large\"><img loading=\"lazy\" decoding=\"async\" width=\"720\" height=\"540\" data-id=\"1790\" src=\"https:\/\/www.cashewnut-processing.com\/wp-content\/uploads\/2018\/08\/cashew-steaming-machine.jpg\" alt=\"machine \u00e0 vapeur pour noix de cajou\" class=\"wp-image-1790\" title=\"\" srcset=\"https:\/\/www.cashewnut-processing.com\/wp-content\/uploads\/2018\/08\/cashew-steaming-machine.jpg 720w, https:\/\/www.cashewnut-processing.com\/wp-content\/uploads\/2018\/08\/cashew-steaming-machine-300x225.jpg 300w\" sizes=\"auto, (max-width: 720px) 100vw, 720px\" \/><figcaption class=\"wp-element-caption\">Machine \u00e0 vapeur pour noix de cajou<\/figcaption><\/figure>    <figure class=\"wp-block-image size-large\"><img loading=\"lazy\" decoding=\"async\" width=\"720\" height=\"540\" data-id=\"1791\" src=\"https:\/\/www.cashewnut-processing.com\/wp-content\/uploads\/2018\/08\/steam-boiler.jpg\" alt=\"chaudi\u00e8re \u00e0 vapeur\" class=\"wp-image-1791\" title=\"\" srcset=\"https:\/\/www.cashewnut-processing.com\/wp-content\/uploads\/2018\/08\/steam-boiler.jpg 720w, https:\/\/www.cashewnut-processing.com\/wp-content\/uploads\/2018\/08\/steam-boiler-300x225.jpg 300w\" sizes=\"auto, (max-width: 720px) 100vw, 720px\" \/><figcaption class=\"wp-element-caption\">Chaudi\u00e8re \u00e0 vapeur<\/figcaption><\/figure> <\/figure>","protected":false},"excerpt":{"rendered":"<p>Cette machine \u00e0 cuire les noix de cajou est une \u00e9tape importante avant de casser les noix. Le processus de cuisson pourrait ramollir la coque et am\u00e9liorer le taux de fissuration.<\/p>","protected":false},"author":1,"featured_media":7009,"parent":0,"template":"","tags":[99],"product-type":[415],"class_list":["post-62","product","type-product","status-publish","has-post-thumbnail","hentry","tag-cashew-cooking-machine","product-type-sorting-grading-machine"],"_links":{"self":[{"href":"https:\/\/www.cashewnut-processing.com\/fr\/wp-json\/wp\/v2\/product\/62","targetHints":{"allow":["GET"]}}],"collection":[{"href":"https:\/\/www.cashewnut-processing.com\/fr\/wp-json\/wp\/v2\/product"}],"about":[{"href":"https:\/\/www.cashewnut-processing.com\/fr\/wp-json\/wp\/v2\/types\/product"}],"author":[{"embeddable":true,"href":"https:\/\/www.cashewnut-processing.com\/fr\/wp-json\/wp\/v2\/users\/1"}],"wp:featuredmedia":[{"embeddable":true,"href":"https:\/\/www.cashewnut-processing.com\/fr\/wp-json\/wp\/v2\/media\/7009"}],"wp:attachment":[{"href":"https:\/\/www.cashewnut-processing.com\/fr\/wp-json\/wp\/v2\/media?parent=62"}],"wp:term":[{"taxonomy":"post_tag","embeddable":true,"href":"https:\/\/www.cashewnut-processing.com\/fr\/wp-json\/wp\/v2\/tags?post=62"},{"taxonomy":"product-type","embeddable":true,"href":"https:\/\/www.cashewnut-processing.com\/fr\/wp-json\/wp\/v2\/product-type?post=62"}],"curies":[{"name":"wp","href":"https:\/\/api.w.org\/{rel}","templated":true}]}}