{"id":56,"date":"2018-08-09T09:04:47","date_gmt":"2018-08-09T09:04:47","guid":{"rendered":"http:\/\/www.cashewnut-processing.com\/?p=56"},"modified":"2025-10-28T15:02:52","modified_gmt":"2025-10-28T07:02:52","slug":"cashew-nut-shelling-and-cracking-machine","status":"publish","type":"product","link":"https:\/\/www.cashewnut-processing.com\/fr\/cashew-nut-shelling-and-cracking-machine.html","title":{"rendered":"Machine \u00e0 d\u00e9cortiquer les noix de cajou"},"content":{"rendered":"<p>Une d\u00e9cortiqueuse de noix de cajou est une d\u00e9cortiqueuse qui aide \u00e0 briser les coques des noix de cajou. Selon le degr\u00e9 d'automatisation, la machine \u00e0 casser les noix de cajou est de type manuel, de type semi-automatique, de d\u00e9cortiqueuse automatique et de grand groupe de d\u00e9corticage. \u00c0 mesure que la production des machines \u00e0 d\u00e9cortiquer les noix de cajou augmente, le degr\u00e9 d\u2019automatisation et la production des machines \u00e0 d\u00e9cortiquer les noix de cajou augmentent en cons\u00e9quence.<\/p>    <h2 class=\"wp-block-heading\">Regardez la vid\u00e9o de la d\u00e9cortiqueuse de noix de cajou<\/h2>    <figure class=\"wp-block-embed is-type-video is-provider-youtube wp-block-embed-youtube wp-embed-aspect-16-9 wp-has-aspect-ratio\"><div class=\"wp-block-embed__wrapper\"> <iframe loading=\"lazy\" title=\"Machine automatique \u00e0 d\u00e9cortiquer et \u00e0 casser les noix de cajou | d\u00e9cortiqueuse semi-automatique et manuelle\" width=\"500\" height=\"281\" src=\"https:\/\/www.youtube.com\/embed\/6ixgMhv-BrY?feature=oembed\" frameborder=\"0\" allow=\"accelerometer; autoplay; clipboard-write; encrypted-media; gyroscope; picture-in-picture; web-share\" referrerpolicy=\"strict-origin-when-cross-origin\" allowfullscreen><\/iframe> <\/div><\/figure>    <h2 class=\"wp-block-heading\"><strong>Machine automatique de cassage et de d\u00e9corticage de noix de cajou<\/strong><\/h2>    <p class=\"translation-block\">L'unit\u00e9 de d\u00e9corticage de noix de cajou est sp\u00e9cialis\u00e9e dans l'\u00e9limination de la coque de noix de cajou. La ligne de production compl\u00e8te est automatique, d'abord les noix de cajou sont s\u00e9par\u00e9es en 3-5 grades (18 mm, 20 mm, 22 mm, 24 mm, 26 mm) par travail manuel ou machine, l'alimentation est effectu\u00e9e automatiquement. Le fonctionnement simple et l'efficacit\u00e9 \u00e9lev\u00e9e en font un bon choix pour <a href=\"https:\/\/www.cashewnut-processing.com\/fr\/automatic-cashew-nut-processing-line.html\/\">le traitement des noix de cajou<\/a>.<\/p>   <div class=\"wp-block-image size-full wp-image-1297\"> <figure class=\"aligncenter\"><img loading=\"lazy\" decoding=\"async\" width=\"720\" height=\"540\" src=\"https:\/\/www.cashewnut-processing.com\/wp-content\/uploads\/2018\/08\/automatic-cashew-nut-shelling-machine-for-sale.webp\" alt=\"d\u00e9cortiqueuse automatique de noix de cajou \u00e0 vendre\" class=\"wp-image-7006\" title=\"\"><figcaption class=\"wp-element-caption\">d\u00e9cortiqueuse automatique de noix de cajou \u00e0 vendre<\/figcaption><\/figure> <\/div>   <h3 class=\"wp-block-heading\">Principe de fonctionnement de la machine \u00e0 casser les noix de cajou<\/h3>    <p>La d\u00e9cortiqueuse de noix de cajou reprend le principe du d\u00e9corticage manuel. Apr\u00e8s avoir vers\u00e9 les noix de cajou dans la tr\u00e9mie d'alimentation de l'\u00e9plucheur, les noix de cajou tombent dans les petits trous gr\u00e2ce \u00e0 la rotation de la cha\u00eene. Ensuite, la cha\u00eene de la machine emm\u00e8ne les noix de cajou jusqu'\u00e0 la position de la lame pour briser la coque. La d\u00e9cortiqueuse de noix peut \u00eatre \u00e9quip\u00e9e d'une machine de criblage pour augmenter l'efficacit\u00e9 du freinage.<\/p>    <h3 class=\"wp-block-heading\">Machine \u00e0 casser les noix de cajou&nbsp;<strong>Caract\u00e9ristiques:<\/strong><\/h3>    <ol class=\"wp-block-list\"> <li>Facile \u00e0 utiliser, faible consommation d'\u00e9nergie.<\/li>    <li>Avec une capacit\u00e9 \u00e9lev\u00e9e et un faible bruit. Vous pouvez casser 6, 8, 10, 12, 14 noix de cajou, et ainsi de suite en m\u00eame temps.<\/li>    <li>Conception raisonnable, structure exquise et petit espace au sol.<\/li>    <li>La d\u00e9cortiqueuse de noix de cajou pr\u00e9sente un degr\u00e9 \u00e9lev\u00e9 d'automatisation, ce qui r\u00e9duit l'intensit\u00e9 du travail manuel.<\/li>    <li>Il propose une vari\u00e9t\u00e9 de mod\u00e8les parmi lesquels choisir, qui peuvent r\u00e9pondre aux exigences de production de fabricants de diff\u00e9rentes sp\u00e9cifications.<\/li>    <li>La d\u00e9cortiqueuse automatique de noix de cajou adopte le placement horizontal des mat\u00e9riaux pour augmenter l'efficacit\u00e9 du d\u00e9corticage et r\u00e9duire le taux de casse.<\/li>    <li>La partie de contact avec les noix de cajou de la machine adopte de l'acier inoxydable et le reste adopte <a href=\"https:\/\/en.wikipedia.org\/wiki\/Carbon_steel\" target=\"_blank\" rel=\"noopener\">Acier Carbone<\/a>. Il r\u00e9duit les co\u00fbts de production tout en r\u00e9pondant aux exigences de production en mati\u00e8re de s\u00e9curit\u00e9 alimentaire. Nous pouvons personnaliser la machine selon les exigences du client.<\/li>    <li>Le d\u00e9corticage apr\u00e8s classement par le classificateur, le taux de d\u00e9corticage et le taux d\u2019amandes enti\u00e8res des noix de cajou peuvent \u00eatre am\u00e9lior\u00e9s.<\/li> <\/ol>    <figure class=\"wp-block-gallery has-nested-images columns-2 is-cropped wp-block-gallery-2 is-layout-flex wp-block-gallery-is-layout-flex\"> <figure class=\"wp-block-image size-full\"><img loading=\"lazy\" decoding=\"async\" width=\"720\" height=\"540\" data-id=\"7007\" src=\"https:\/\/www.cashewnut-processing.com\/wp-content\/uploads\/2018\/08\/cashew-nut-cracking-machine.webp\" alt=\"machine \u00e0 casser les noix de cajou\" class=\"wp-image-7007\" title=\"\"><figcaption class=\"wp-element-caption\">Machine \u00e0 casser les noix de cajou<\/figcaption><\/figure>    <figure class=\"wp-block-image size-full\"><img loading=\"lazy\" decoding=\"async\" width=\"720\" height=\"540\" data-id=\"7008\" src=\"https:\/\/www.cashewnut-processing.com\/wp-content\/uploads\/2018\/08\/taizy-cashew-shelling-machine.webp\" alt=\"d\u00e9cortiqueuse de noix de cajou Taizy\" class=\"wp-image-7008\" title=\"\"><figcaption class=\"wp-element-caption\">Machine \u00e0 d\u00e9cortiquer les noix de cajou Taizy<\/figcaption><\/figure> <\/figure>    <h3 class=\"wp-block-heading\"><strong>Param\u00e8tres d\u00e9taill\u00e9s\u00a0:<\/strong><\/h3>   <div class=\"wp-block-image wp-image-2039\"> <figure class=\"aligncenter\"><img loading=\"lazy\" decoding=\"async\" width=\"1007\" height=\"422\" src=\"https:\/\/www.cashewnut-processing.com\/wp-content\/uploads\/2018\/08\/2.png\" alt=\"d\u00e9corticage de noix de cajou\" class=\"wp-image-2039\" title=\"\" srcset=\"https:\/\/www.cashewnut-processing.com\/wp-content\/uploads\/2018\/08\/2.png 1007w, https:\/\/www.cashewnut-processing.com\/wp-content\/uploads\/2018\/08\/2-300x126.png 300w, https:\/\/www.cashewnut-processing.com\/wp-content\/uploads\/2018\/08\/2-768x322.png 768w\" sizes=\"auto, (max-width: 1007px) 100vw, 1007px\" \/><figcaption class=\"wp-element-caption\">d\u00e9corticage de noix de cajou<\/figcaption><\/figure> <\/div>   <figure class=\"wp-block-table\"><table><tbody><tr><td>Fr\u00e9quence<\/td><td>50HZ<\/td><\/tr><tr><td>Taux d'ouverture des coques<\/td><td>90-95%<\/td><\/tr><tr><td>Tarif non ouvert<\/td><td>3%<\/td><\/tr><tr><td>Taux de casse<\/td><td>moins de 5-10%<\/td><\/tr><\/tbody><\/table><\/figure>    <h2 class=\"wp-block-heading\">Machine \u00e0 d\u00e9cortiquer les noix de cajou semi-automatique<\/h2>    <p>La d\u00e9cortiqueuse semi-automatique de noix de cajou est divis\u00e9e en machines semi-automatiques pneumatiques et m\u00e9caniques.<\/p>   <div class=\"wp-block-image\"> <figure class=\"aligncenter size-full\"><img loading=\"lazy\" decoding=\"async\" width=\"720\" height=\"540\" src=\"https:\/\/www.cashewnut-processing.com\/wp-content\/uploads\/2020\/11\/pneumatic-cashew-shell-cracking-machine.jpg\" alt=\"Machine pneumatique \u00e0 casser les coquilles de noix de cajou\" class=\"wp-image-1295\" title=\"\" srcset=\"https:\/\/www.cashewnut-processing.com\/wp-content\/uploads\/2020\/11\/pneumatic-cashew-shell-cracking-machine.jpg 720w, https:\/\/www.cashewnut-processing.com\/wp-content\/uploads\/2020\/11\/pneumatic-cashew-shell-cracking-machine-300x225.jpg 300w\" sizes=\"auto, (max-width: 720px) 100vw, 720px\" \/><figcaption class=\"wp-element-caption\">Machine pneumatique \u00e0 casser les coquilles de noix de cajou<\/figcaption><\/figure> <\/div>   <h3 class=\"wp-block-heading\">Pr\u00e9sentation de la machine<\/h3>    <p>La d\u00e9cortiqueuse pneumatique de noix de cajou utilise une pompe \u00e0 air pour contr\u00f4ler la tige m\u00e9canique afin d'appuyer sur les noix de cajou, tandis que la machine m\u00e9canique utilise un moteur pour entra\u00eener la machine.<\/p>    <p>Les deux machines n\u00e9cessitent un placement manuel du mat\u00e9riau. La grande diff\u00e9rence avec la machine \u00e0 \u00e9plucher manuellement est que la machine \u00e0 casser les noix de cajou peut placer plusieurs noix de cajou en m\u00eame temps, ce qui augmente consid\u00e9rablement l'efficacit\u00e9 de la production.<\/p>    <h3 class=\"wp-block-heading\"><strong>Param\u00e8tres d\u00e9taill\u00e9s\u00a0:<\/strong><\/h3>   <div class=\"wp-block-image size-full wp-image-2044\"> <figure class=\"aligncenter\"><img loading=\"lazy\" decoding=\"async\" width=\"769\" height=\"447\" src=\"https:\/\/www.cashewnut-processing.com\/wp-content\/uploads\/2018\/08\/semi-automatic-cashew-shelling.png\" alt=\"d\u00e9corticage semi-automatique des noix de cajou\" class=\"wp-image-2044\" title=\"\" srcset=\"https:\/\/www.cashewnut-processing.com\/wp-content\/uploads\/2018\/08\/semi-automatic-cashew-shelling.png 769w, https:\/\/www.cashewnut-processing.com\/wp-content\/uploads\/2018\/08\/semi-automatic-cashew-shelling-300x174.png 300w\" sizes=\"auto, (max-width: 769px) 100vw, 769px\" \/><figcaption class=\"wp-element-caption\">d\u00e9corticage semi-automatique des noix de cajou<\/figcaption><\/figure> <\/div>   <h2 class=\"wp-block-heading\">Machine manuelle \u00e0 d\u00e9cortiquer les noix de cajou<\/h2>    <p>La d\u00e9cortiqueuse manuelle est la machine la plus ancienne dans le d\u00e9veloppement de la d\u00e9cortiqueuse. La machine utilise une commande au pied et un d\u00e9chargement manuel. Lors de la rupture de la coque, il est n\u00e9cessaire de faire correspondre manuellement la noix de cajou avec la lame de la machine. Ensuite, la p\u00e9dale fait tourner la lame pour ouvrir la coque. La machine \u00e0 casser les noix n\u00e9cessite de la main d'\u0153uvre, l'efficacit\u00e9 de l'ouverture de la coque est faible et le taux d'ouverture de la coque n'est pas satisfaisant.<\/p>    <figure class=\"wp-block-gallery has-nested-images columns-2 is-cropped wp-block-gallery-3 is-layout-flex wp-block-gallery-is-layout-flex\"> <figure class=\"wp-block-image size-large\"><img loading=\"lazy\" decoding=\"async\" width=\"589\" height=\"587\" data-id=\"1881\" src=\"https:\/\/www.cashewnut-processing.com\/wp-content\/uploads\/2021\/07\/manual-cashew-shelling-machine.png\" alt=\"d\u00e9cortiqueuse manuelle de noix de cajou\" class=\"wp-image-1881\" title=\"\" srcset=\"https:\/\/www.cashewnut-processing.com\/wp-content\/uploads\/2021\/07\/manual-cashew-shelling-machine.png 589w, https:\/\/www.cashewnut-processing.com\/wp-content\/uploads\/2021\/07\/manual-cashew-shelling-machine-300x300.png 300w, https:\/\/www.cashewnut-processing.com\/wp-content\/uploads\/2021\/07\/manual-cashew-shelling-machine-150x150.png 150w\" sizes=\"auto, (max-width: 589px) 100vw, 589px\" \/><figcaption class=\"wp-element-caption\">D\u00e9cortiqueuse manuelle de noix de cajou<\/figcaption><\/figure>    <figure class=\"wp-block-image size-large\"><img loading=\"lazy\" decoding=\"async\" width=\"720\" height=\"519\" data-id=\"1294\" src=\"https:\/\/www.cashewnut-processing.com\/wp-content\/uploads\/2020\/11\/manual-cashew-nut-sheller-machine.jpg\" alt=\"d\u00e9cortiqueuse manuelle de noix de cajou\" class=\"wp-image-1294\" title=\"\" srcset=\"https:\/\/www.cashewnut-processing.com\/wp-content\/uploads\/2020\/11\/manual-cashew-nut-sheller-machine.jpg 720w, https:\/\/www.cashewnut-processing.com\/wp-content\/uploads\/2020\/11\/manual-cashew-nut-sheller-machine-300x216.jpg 300w\" sizes=\"auto, (max-width: 720px) 100vw, 720px\" \/><figcaption class=\"wp-element-caption\">Machine manuelle \u00e0 d\u00e9cortiquer les noix de cajou<\/figcaption><\/figure> <\/figure>    <h2 class=\"wp-block-heading\">Grand groupe de machines \u00e0 casser les coquilles de noix de cajou<\/h2>    <p>La d\u00e9cortiqueuse enti\u00e8rement automatique est une combinaison de d\u00e9cortiqueuses de noix de cajou simples. Selon les exigences de sortie, vous pouvez faire correspondre diff\u00e9rents nombres de d\u00e9cortiqueuses. L'unit\u00e9 de d\u00e9corticage automatique est g\u00e9n\u00e9ralement compos\u00e9e d'un palan, d'un distributeur, de plusieurs machines automatiques de cassage de noix de cajou et d'un cribleur.<\/p>   <div class=\"wp-block-image size-full wp-image-1298\"> <figure class=\"aligncenter\"><img loading=\"lazy\" decoding=\"async\" width=\"720\" height=\"540\" src=\"http:\/\/www.cashewnut-processing.com\/wp-content\/uploads\/2020\/11\/cashew-shelling-machine.jpg\" alt=\"d\u00e9cortiqueuse de noix de cajou\" class=\"wp-image-1298\" title=\"\" srcset=\"https:\/\/www.cashewnut-processing.com\/wp-content\/uploads\/2020\/11\/cashew-shelling-machine.jpg 720w, https:\/\/www.cashewnut-processing.com\/wp-content\/uploads\/2020\/11\/cashew-shelling-machine-300x225.jpg 300w\" sizes=\"auto, (max-width: 720px) 100vw, 720px\" \/><figcaption class=\"wp-element-caption\">d\u00e9cortiqueuse de noix de cajou<\/figcaption><\/figure> <\/div>   <h3 class=\"wp-block-heading\">Principe de fonctionnement de la d\u00e9cortiqueuse de noix<\/h3>    <p>Tout d\u2019abord, utilisez le tapis roulant pour transporter les noix de cajou jusqu\u2019\u00e0 la tr\u00e9mie du distributeur. Le fond de la tr\u00e9mie entre en contact avec plusieurs tuyaux de transport de mat\u00e9riaux. Gr\u00e2ce aux tuyaux, ces noix de cajou sont r\u00e9parties dans diff\u00e9rentes positions de la d\u00e9cortiqueuse. Le distributeur peut contr\u00f4ler automatiquement la quantit\u00e9 de mat\u00e9riau divis\u00e9e \u00e0 chaque fois. Une fois que la noix de cajou entre dans la d\u00e9cortiqueuse, les coques et les amandes s\u00e9par\u00e9es tombent sur la machine \u00e0 cribler. Sous l\u2019action du tamis vibrant, les amandes et coques de cajou de poids diff\u00e9rents sont s\u00e9par\u00e9es.<\/p>    <h3 class=\"wp-block-heading\">Caract\u00e9ristiques de la machine \u00e0 casser les noix de cajou<\/h3>    <p>1. Les machines \u00e0 casser les noix de cajou enti\u00e8rement automatiques peuvent r\u00e9aliser l'ensemble du processus depuis l'alimentation, l'\u00e9pluchage et le criblage, avec un haut degr\u00e9 d'automatisation.<br>2. La machine a une structure stable, une efficacit\u00e9 de pelage \u00e9lev\u00e9e et un taux de grains entiers \u00e9lev\u00e9.<br>3. Ce grand groupe de d\u00e9cortiqueuses de noix de cajou convient aux grandes usines de transformation de noix de cajou et a une efficacit\u00e9 de production \u00e9lev\u00e9e.<br>4. Il peut \u00eatre associ\u00e9 \u00e0 plusieurs d\u00e9cortiqueuses de noix de cajou pour r\u00e9pondre \u00e0 diff\u00e9rentes exigences de sortie.<\/p>","protected":false},"excerpt":{"rendered":"<p>La d\u00e9cortiqueuse de noix de cajou est divis\u00e9e en types manuels, semi-automatiques, automatiques et enti\u00e8rement automatiques. La machine \u00e0 casser les noix de cajou pr\u00e9sente les caract\u00e9ristiques d'un degr\u00e9 \u00e9lev\u00e9 d'automatisation et d'un taux de d\u00e9corticage \u00e9lev\u00e9.<\/p>","protected":false},"author":1,"featured_media":1997,"parent":0,"template":"","tags":[68],"product-type":[417],"class_list":["post-56","product","type-product","status-publish","has-post-thumbnail","hentry","tag-cashew-shelling-machine","product-type-shelling-peeling-machine"],"_links":{"self":[{"href":"https:\/\/www.cashewnut-processing.com\/fr\/wp-json\/wp\/v2\/product\/56","targetHints":{"allow":["GET"]}}],"collection":[{"href":"https:\/\/www.cashewnut-processing.com\/fr\/wp-json\/wp\/v2\/product"}],"about":[{"href":"https:\/\/www.cashewnut-processing.com\/fr\/wp-json\/wp\/v2\/types\/product"}],"author":[{"embeddable":true,"href":"https:\/\/www.cashewnut-processing.com\/fr\/wp-json\/wp\/v2\/users\/1"}],"wp:featuredmedia":[{"embeddable":true,"href":"https:\/\/www.cashewnut-processing.com\/fr\/wp-json\/wp\/v2\/media\/1997"}],"wp:attachment":[{"href":"https:\/\/www.cashewnut-processing.com\/fr\/wp-json\/wp\/v2\/media?parent=56"}],"wp:term":[{"taxonomy":"post_tag","embeddable":true,"href":"https:\/\/www.cashewnut-processing.com\/fr\/wp-json\/wp\/v2\/tags?post=56"},{"taxonomy":"product-type","embeddable":true,"href":"https:\/\/www.cashewnut-processing.com\/fr\/wp-json\/wp\/v2\/product-type?post=56"}],"curies":[{"name":"wp","href":"https:\/\/api.w.org\/{rel}","templated":true}]}}