{"id":52,"date":"2018-08-09T09:00:59","date_gmt":"2018-08-09T09:00:59","guid":{"rendered":"http:\/\/www.cashewnut-processing.com\/?p=52"},"modified":"2025-10-28T15:03:15","modified_gmt":"2025-10-28T07:03:15","slug":"cashew-vibrate-conveyor","status":"publish","type":"product","link":"https:\/\/www.cashewnut-processing.com\/fr\/cashew-vibrate-conveyor.html","title":{"rendered":"S\u00e9parateur vibrant de noix de cajou | Machine de s\u00e9paration de coquilles de cajou"},"content":{"rendered":"<p class=\"translation-block\">La machine de s\u00e9paration des coques de noix de cajou est utilis\u00e9e pour s\u00e9parer les noix et les coques des noix de cajou, <a href=\"https:\/\/en.wikipedia.org\/wiki\/Almond\" target=\"_blank\" rel=\"noopener\">amandes<\/a>, cacahu\u00e8tes, etc. Les noix de cajou s\u00e9par\u00e9es par l'\u00e9quipement entreront dans l'\u00e9tape suivante de la <a href=\"https:\/\/www.cashewnut-processing.com\/fr\/products\/cashewnut-processing-line\/\">ligne de traitement des noix de cajou<\/a>. Selon les diff\u00e9rentes utilisations, le s\u00e9parateur vibrant de noix de cajou peut \u00eatre personnalis\u00e9 \u00e0 une longueur sp\u00e9cifique. La machine a une op\u00e9ration simple et est largement utilis\u00e9e dans les usines de noix.<\/p>    <figure class=\"wp-block-embed is-type-video is-provider-youtube wp-block-embed-youtube wp-embed-aspect-4-3 wp-has-aspect-ratio\"><div class=\"wp-block-embed__wrapper\"> <iframe loading=\"lazy\" title=\"Machine \u00e0 s\u00e9parer les coquilles et les noyaux de cajou | s\u00e9parateur vibrant de noix de cajou\" width=\"500\" height=\"375\" src=\"https:\/\/www.youtube.com\/embed\/rtROHGiWgUk?feature=oembed\" frameborder=\"0\" allow=\"accelerometer; autoplay; clipboard-write; encrypted-media; gyroscope; picture-in-picture; web-share\" referrerpolicy=\"strict-origin-when-cross-origin\" allowfullscreen><\/iframe> <\/div><\/figure>    <h2 class=\"wp-block-heading\">Introduction de la machine de s\u00e9paration des coquilles et des noyaux de noix de cajou<\/h2>    <p>La machine \u00e0 s\u00e9parer les coques de noix de cajou a une vitesse rapide. Le taux de s\u00e9paration \u00e9lev\u00e9 et le faible risque de casse des \u00e9crous font de cette machine le meilleur choix pour les usines. Par cons\u00e9quent, il convient aux usines d\u2019appliquer ce s\u00e9parateur dans la cha\u00eene de production de noix.<\/p>    <p>Et nous avons deux types de s\u00e9parateurs, ils fonctionnent essentiellement selon le m\u00eame principe. Le seul point diff\u00e9rent est la tr\u00e9mie.<\/p>    <div class=\"wp-block-columns is-layout-flex wp-container-core-columns-is-layout-9d6595d7 wp-block-columns-is-layout-flex\"> <div class=\"wp-block-column is-layout-flow wp-block-column-is-layout-flow\"> <figure class=\"wp-block-image size-full\"><img loading=\"lazy\" decoding=\"async\" width=\"720\" height=\"540\" src=\"https:\/\/www.cashewnut-processing.com\/wp-content\/uploads\/2018\/08\/cashew-shell-separator.jpg\" alt=\"s\u00e9parateur de coquilles et de noyaux de noix de cajou\" class=\"wp-image-1766\" title=\"\" srcset=\"https:\/\/www.cashewnut-processing.com\/wp-content\/uploads\/2018\/08\/cashew-shell-separator.jpg 720w, https:\/\/www.cashewnut-processing.com\/wp-content\/uploads\/2018\/08\/cashew-shell-separator-300x225.jpg 300w\" sizes=\"auto, (max-width: 720px) 100vw, 720px\" \/><figcaption class=\"wp-element-caption\">Machine de s\u00e9paration de coquilles et de noyaux de noix de cajou<\/figcaption><\/figure> <\/div>    <div class=\"wp-block-column is-layout-flow wp-block-column-is-layout-flow\"> <figure class=\"wp-block-image size-full\"><img loading=\"lazy\" decoding=\"async\" width=\"720\" height=\"540\" src=\"https:\/\/www.cashewnut-processing.com\/wp-content\/uploads\/2018\/08\/cashew-vibrate-separator-machine.jpg\" alt=\"s\u00e9parateur vibrant de noix de cajou\" class=\"wp-image-1767\" title=\"\" srcset=\"https:\/\/www.cashewnut-processing.com\/wp-content\/uploads\/2018\/08\/cashew-vibrate-separator-machine.jpg 720w, https:\/\/www.cashewnut-processing.com\/wp-content\/uploads\/2018\/08\/cashew-vibrate-separator-machine-300x225.jpg 300w\" sizes=\"auto, (max-width: 720px) 100vw, 720px\" \/><figcaption class=\"wp-element-caption\">S\u00e9parateur vibrant de noix de cajou<\/figcaption><\/figure> <\/div> <\/div>    <h2 class=\"wp-block-heading\">Principe de fonctionnement<\/h2>    <p>Le s\u00e9parateur vibrant de noix de cajou est utilis\u00e9 pour s\u00e9parer la coque de noix de cajou et l'amande de cajou. La machine utilise un crible vibrant pour s\u00e9parer les noix de cajou et les coques de cajou. La coque et l\u2019amande de cajou tamis\u00e9es sont \u00e9vacu\u00e9es depuis diff\u00e9rentes sorties de la machine.<\/p>    <h2 class=\"wp-block-heading\">Avantages de la machine de s\u00e9paration des coquilles et des grains de cajou<\/h2>    <h3 class=\"wp-block-heading\">Haute efficacit\u00e9<\/h3>    <p>L'alimentation n'a besoin qu'une seule fois et le noyau de la coque est s\u00e9par\u00e9 automatiquement. L'op\u00e9ration est \u00e9galement simple.<\/p>    <h3 class=\"wp-block-heading\">Utilisations diverses<\/h3>    <p>Cette machine n'est pas uniquement destin\u00e9e \u00e0 la s\u00e9paration des noix de cajou. Il peut \u00e9galement s\u00e9parer d\u2019autres noix, comme les cacahu\u00e8tes et les amandes.<\/p>    <h3 class=\"wp-block-heading\">Ligne de production<\/h3>    <p>La machine peut \u00eatre utilis\u00e9e avec la cha\u00eene de montage ou travailler seule, avec un rendement important. Et cela prend un petit espace.<\/p>    <h2 class=\"wp-block-heading\">Comment entretenir la machine<\/h2>    <ul class=\"wp-block-list\"> <li>Veuillez nettoyer et entretenir la machine r\u00e9guli\u00e8rement.<\/li>    <li>Les experts professionnels doivent v\u00e9rifier r\u00e9guli\u00e8rement certaines pi\u00e8ces pour \u00e9viter que la machine ne soit endommag\u00e9e.<\/li> <\/ul>    <p>Le s\u00e9parateur vibrant de noix de cajou est \u00e9galement un \u00e9l\u00e9ment important de la cha\u00eene de transformation des noix de cajou. Si vous \u00eates int\u00e9ress\u00e9 par la machine de s\u00e9paration ou la ligne de production, veuillez nous contacter. Nous attendons vos messages avec impatience.<\/p>    <h2 class=\"wp-block-heading\">Param\u00e8tre de la machine<\/h2>    <h3 class=\"wp-block-heading\">Mod\u00e8le 1<\/h3>    <figure class=\"wp-block-image size-full\"><img loading=\"lazy\" decoding=\"async\" width=\"720\" height=\"540\" src=\"https:\/\/www.cashewnut-processing.com\/wp-content\/uploads\/2018\/08\/cashew-shell-separating-machine.jpg\" alt=\"machine de s\u00e9paration de coquilles de cajou\" class=\"wp-image-1764\" title=\"\" srcset=\"https:\/\/www.cashewnut-processing.com\/wp-content\/uploads\/2018\/08\/cashew-shell-separating-machine.jpg 720w, https:\/\/www.cashewnut-processing.com\/wp-content\/uploads\/2018\/08\/cashew-shell-separating-machine-300x225.jpg 300w\" sizes=\"auto, (max-width: 720px) 100vw, 720px\" \/><figcaption class=\"wp-element-caption\">Machine de s\u00e9paration de coquilles de cajou<\/figcaption><\/figure>    <figure class=\"wp-block-table\"><table><tbody><tr><td>Mod\u00e8le<\/td><td>TZJ-200<\/td><\/tr><tr><td>Capacit\u00e9<\/td><td>1200kg\/h<\/td><\/tr><tr><td>Taille<\/td><td>2600x600x1500mm<\/td><\/tr><tr><td>Tension<\/td><td>380 V\/50 Hz<\/td><\/tr><tr><td>Pouvoir<\/td><td>1,85 kW<\/td><\/tr><\/tbody><\/table><\/figure>    <h3 class=\"wp-block-heading\">Mod\u00e8le 2<\/h3>    <figure class=\"wp-block-image size-full\"><img loading=\"lazy\" decoding=\"async\" width=\"720\" height=\"540\" src=\"https:\/\/www.cashewnut-processing.com\/wp-content\/uploads\/2018\/08\/cashew-vibrate-separator.jpg\" alt=\"s\u00e9parateur vibrant de noix de cajou\" class=\"wp-image-1765\" title=\"\" srcset=\"https:\/\/www.cashewnut-processing.com\/wp-content\/uploads\/2018\/08\/cashew-vibrate-separator.jpg 720w, https:\/\/www.cashewnut-processing.com\/wp-content\/uploads\/2018\/08\/cashew-vibrate-separator-300x225.jpg 300w\" sizes=\"auto, (max-width: 720px) 100vw, 720px\" \/><figcaption class=\"wp-element-caption\">S\u00e9parateur vibrant de noix de cajou<\/figcaption><\/figure>    <figure class=\"wp-block-table\"><table><tbody><tr><td>Mod\u00e8le<\/td><td>TZ-ZD 1200<\/td><\/tr><tr><td>Capacit\u00e9<\/td><td>1200kg\/h<\/td><\/tr><tr><td>Dimension<\/td><td>5000*600*800 millim\u00e8tres<\/td><\/tr><tr><td>Tension<\/td><td>380 V 50 Hz<\/td><\/tr><tr><td>Pouvoir<\/td><td>1,5 kW<\/td><\/tr><tr><td>Poids<\/td><td>350kg<\/td><\/tr><\/tbody><\/table><\/figure>","protected":false},"excerpt":{"rendered":"<p>La machine \u00e0 s\u00e9parer les coquilles de cajou est utilis\u00e9e pour s\u00e9parer les coquilles de cajou. La noix de cajou s\u00e9par\u00e9e peut \u00eatre transform\u00e9e dans la cha\u00eene de production.<\/p>","protected":false},"author":1,"featured_media":1998,"parent":0,"template":"","tags":[175],"product-type":[415],"class_list":["post-52","product","type-product","status-publish","has-post-thumbnail","hentry","tag-cashew-shell-separating-machine","product-type-sorting-grading-machine"],"_links":{"self":[{"href":"https:\/\/www.cashewnut-processing.com\/fr\/wp-json\/wp\/v2\/product\/52","targetHints":{"allow":["GET"]}}],"collection":[{"href":"https:\/\/www.cashewnut-processing.com\/fr\/wp-json\/wp\/v2\/product"}],"about":[{"href":"https:\/\/www.cashewnut-processing.com\/fr\/wp-json\/wp\/v2\/types\/product"}],"author":[{"embeddable":true,"href":"https:\/\/www.cashewnut-processing.com\/fr\/wp-json\/wp\/v2\/users\/1"}],"wp:featuredmedia":[{"embeddable":true,"href":"https:\/\/www.cashewnut-processing.com\/fr\/wp-json\/wp\/v2\/media\/1998"}],"wp:attachment":[{"href":"https:\/\/www.cashewnut-processing.com\/fr\/wp-json\/wp\/v2\/media?parent=52"}],"wp:term":[{"taxonomy":"post_tag","embeddable":true,"href":"https:\/\/www.cashewnut-processing.com\/fr\/wp-json\/wp\/v2\/tags?post=52"},{"taxonomy":"product-type","embeddable":true,"href":"https:\/\/www.cashewnut-processing.com\/fr\/wp-json\/wp\/v2\/product-type?post=52"}],"curies":[{"name":"wp","href":"https:\/\/api.w.org\/{rel}","templated":true}]}}