{"id":468,"date":"2019-01-19T02:39:14","date_gmt":"2019-01-19T02:39:14","guid":{"rendered":"http:\/\/www.cashewnut-processing.com\/?p=468"},"modified":"2025-10-28T15:02:45","modified_gmt":"2025-10-28T07:02:45","slug":"cashew-peanut-roasting-machine","status":"publish","type":"product","link":"https:\/\/www.cashewnut-processing.com\/fr\/cashew-peanut-roasting-machine.html","title":{"rendered":"Machine \u00e0 r\u00f4tir les noix de cajou | Machine \u00e0 r\u00f4tir les noix de cajou \u00e0 rev\u00eatement pivotant"},"content":{"rendered":"<p>La machine \u00e0 r\u00f4tir les noix de cajou Taizy peut r\u00e9duire efficacement la teneur en humidit\u00e9 des noix de cajou \u00e0 2%-3%. Chez Taizy Machinery, nous proposons aux clients deux m\u00e9thodes de chauffage : le chauffage \u00e9lectrique et le chauffage au gaz.<\/p>    <p>Gr\u00e2ce \u00e0 un contr\u00f4le avanc\u00e9 de la temp\u00e9rature et \u00e0 des processus automatis\u00e9s, il garantit que chaque lot de noix est torr\u00e9fi\u00e9 \u00e0 la perfection. <\/p>    <p>Que vous exploitiez une petite entreprise de noix de cajou ou une grande op\u00e9ration industrielle, investir dans une torr\u00e9facteur de noix de cajou peut augmenter consid\u00e9rablement votre productivit\u00e9.<\/p>    <h2 class=\"wp-block-heading\">La vid\u00e9o de la torr\u00e9faction de noix de cajou \u00e0 tambour<\/h2>    <figure class=\"wp-block-embed is-type-video is-provider-youtube wp-block-embed-youtube wp-embed-aspect-16-9 wp-has-aspect-ratio\"><div class=\"wp-block-embed__wrapper\"> <iframe loading=\"lazy\" title=\"Comment r\u00f4tir et cuire des noix de cajou | torr\u00e9facteur d&#039;arachide\" width=\"500\" height=\"281\" src=\"https:\/\/www.youtube.com\/embed\/EzV2KctFYrs?feature=oembed\" frameborder=\"0\" allow=\"accelerometer; autoplay; clipboard-write; encrypted-media; gyroscope; picture-in-picture; web-share\" referrerpolicy=\"strict-origin-when-cross-origin\" allowfullscreen><\/iframe> <\/div><figcaption class=\"wp-element-caption\">machine \u00e0 r\u00f4tir les noix de cajou<\/figcaption><\/figure>    <h2 class=\"wp-block-heading\">Application de la machine \u00e0 r\u00f4tir les noix de cajou<\/h2>    <p class=\"translation-block\">Cette machine \u00e0 r\u00f4tir les noix de cajou est principalement utilis\u00e9e dans l'industrie de la transformation alimentaire. Vous pouvez l'utiliser pour r\u00f4tir des noix de cajou, des amandes, des cacahu\u00e8tes, des noisettes, des <a href=\"https:\/\/en.wikipedia.org\/wiki\/Chestnut\" target=\"_blank\" rel=\"noopener\">ch\u00e2taignes<\/a>, des pignons de pin et autres.<\/p>    <p>La machine peut \u00e9galement r\u00f4tir du soja, des pois chiches, des grains de caf\u00e9, des f\u00e8ves de cacao et d'autres l\u00e9gumineuses. De plus, vous pouvez \u00e9galement utiliser cette machine pour r\u00f4tir des graines de citrouille, des graines de tournesol, des graines de melon, des graines de s\u00e9same et d'autres graines.<\/p>    <figure class=\"wp-block-gallery has-nested-images columns-2 is-cropped wp-block-gallery-2 is-layout-flex wp-block-gallery-is-layout-flex\"> <figure class=\"wp-block-image size-full\"><img loading=\"lazy\" decoding=\"async\" width=\"720\" height=\"540\" data-id=\"7175\" src=\"https:\/\/www.cashewnut-processing.com\/wp-content\/uploads\/2019\/01\/almonds.webp\" alt=\"amandes\" class=\"wp-image-7175\" title=\"\" srcset=\"https:\/\/www.cashewnut-processing.com\/wp-content\/uploads\/2019\/01\/almonds.webp 720w, https:\/\/www.cashewnut-processing.com\/wp-content\/uploads\/2019\/01\/almonds-300x225.webp 300w, https:\/\/www.cashewnut-processing.com\/wp-content\/uploads\/2019\/01\/almonds-16x12.webp 16w\" sizes=\"auto, (max-width: 720px) 100vw, 720px\" \/><figcaption class=\"wp-element-caption\">Amandes<\/figcaption><\/figure>    <figure class=\"wp-block-image size-full\"><img loading=\"lazy\" decoding=\"async\" width=\"720\" height=\"540\" data-id=\"7174\" src=\"https:\/\/www.cashewnut-processing.com\/wp-content\/uploads\/2019\/01\/roasted-peanuts.webp\" alt=\"cacahu\u00e8tes grill\u00e9es\" class=\"wp-image-7174\" title=\"\" srcset=\"https:\/\/www.cashewnut-processing.com\/wp-content\/uploads\/2019\/01\/roasted-peanuts.webp 720w, https:\/\/www.cashewnut-processing.com\/wp-content\/uploads\/2019\/01\/roasted-peanuts-300x225.webp 300w, https:\/\/www.cashewnut-processing.com\/wp-content\/uploads\/2019\/01\/roasted-peanuts-16x12.webp 16w\" sizes=\"auto, (max-width: 720px) 100vw, 720px\" \/><figcaption class=\"wp-element-caption\">Cacahu\u00e8tes grill\u00e9es<\/figcaption><\/figure> <\/figure>    <h2 class=\"wp-block-heading\">Types de machines \u00e0 r\u00f4tir les noix de cajou<\/h2>    <p class=\"translation-block\">Les deux types de machines \u00e0 r\u00f4tir les noix de cajou couramment vendus sur le march\u00e9 sont le type \u00e0 tambour et le type oscillant. En tant que fabricant professionnel de <a href=\"https:\/\/www.cashewnut-processing.com\/fr\/automatic-cashew-nut-processing-line.html\/\">machines \u00e0 noix de cajou<\/a>, nous pouvons fournir les deux types d'\u00e9quipements de torr\u00e9faction de noix de cajou.<\/p>    <figure class=\"wp-block-gallery has-nested-images columns-2 is-cropped wp-block-gallery-3 is-layout-flex wp-block-gallery-is-layout-flex\"> <figure class=\"wp-block-image size-large\"><img loading=\"lazy\" decoding=\"async\" width=\"720\" height=\"540\" data-id=\"7172\" src=\"https:\/\/www.cashewnut-processing.com\/wp-content\/uploads\/2019\/01\/drum-cashew-roasting-machine.webp\" alt=\"machine \u00e0 r\u00f4tir les noix de cajou \u00e0 tambour\" class=\"wp-image-7172\" title=\"\" srcset=\"https:\/\/www.cashewnut-processing.com\/wp-content\/uploads\/2019\/01\/drum-cashew-roasting-machine.webp 720w, https:\/\/www.cashewnut-processing.com\/wp-content\/uploads\/2019\/01\/drum-cashew-roasting-machine-300x225.webp 300w, https:\/\/www.cashewnut-processing.com\/wp-content\/uploads\/2019\/01\/drum-cashew-roasting-machine-16x12.webp 16w\" sizes=\"auto, (max-width: 720px) 100vw, 720px\" \/><figcaption class=\"wp-element-caption\">Machine \u00e0 r\u00f4tir les noix de cajou \u00e0 tambour<\/figcaption><\/figure>    <figure class=\"wp-block-image size-large\"><img loading=\"lazy\" decoding=\"async\" width=\"720\" height=\"540\" data-id=\"7173\" src=\"https:\/\/www.cashewnut-processing.com\/wp-content\/uploads\/2019\/01\/swing-coated-cashew-oven.webp\" alt=\"four \u00e0 noix de cajou enrob\u00e9\" class=\"wp-image-7173\" title=\"\" srcset=\"https:\/\/www.cashewnut-processing.com\/wp-content\/uploads\/2019\/01\/swing-coated-cashew-oven.webp 720w, https:\/\/www.cashewnut-processing.com\/wp-content\/uploads\/2019\/01\/swing-coated-cashew-oven-300x225.webp 300w, https:\/\/www.cashewnut-processing.com\/wp-content\/uploads\/2019\/01\/swing-coated-cashew-oven-16x12.webp 16w\" sizes=\"auto, (max-width: 720px) 100vw, 720px\" \/><figcaption class=\"wp-element-caption\">Four \u00e0 noix de cajou enrob\u00e9 Swing<\/figcaption><\/figure> <\/figure>    <h2 class=\"wp-block-heading\">Machine \u00e0 r\u00f4tir les noix de cajou \u00e0 tambour<\/h2>    <p>La torr\u00e9facteur de noix de cajou adopte un tambour rotatif et applique les principes de conduction thermique et de rayonnement thermique. Son co\u00fbt de production est peu \u00e9lev\u00e9 et l'objet \u00e0 cuire n'est pas en contact avec le feu lors de la torr\u00e9faction. <\/p>   <div class=\"wp-block-image\"> <figure class=\"aligncenter size-full\"><img loading=\"lazy\" decoding=\"async\" width=\"720\" height=\"540\" src=\"https:\/\/www.cashewnut-processing.com\/wp-content\/uploads\/2019\/01\/drum-cashew-roaster-machine.webp\" alt=\"Machine \u00e0 r\u00f4tir les noix de cajou \u00e0 tambour\" class=\"wp-image-7177\" title=\"\" srcset=\"https:\/\/www.cashewnut-processing.com\/wp-content\/uploads\/2019\/01\/drum-cashew-roaster-machine.webp 720w, https:\/\/www.cashewnut-processing.com\/wp-content\/uploads\/2019\/01\/drum-cashew-roaster-machine-300x225.webp 300w, https:\/\/www.cashewnut-processing.com\/wp-content\/uploads\/2019\/01\/drum-cashew-roaster-machine-16x12.webp 16w\" sizes=\"auto, (max-width: 720px) 100vw, 720px\" \/><figcaption class=\"wp-element-caption\">Machine \u00e0 r\u00f4tir les noix de cajou \u00e0 tambour<\/figcaption><\/figure> <\/div>   <h3 class=\"wp-block-heading\">Pourquoi choisir cette machine \u00e0 r\u00f4tir les noix de cajou \u00e0 tambour\u00a0?<\/h3>    <p>Il a \u00e9t\u00e9 prouv\u00e9 par de nombreuses usines de production de noix de cajou que la machine pr\u00e9sente les avantages d'une utilisation pratique, d'un rendement \u00e9lev\u00e9, d'une \u00e9conomie d'\u00e9nergie et d'une durabilit\u00e9. Les produits torr\u00e9fi\u00e9s sont de bonne qualit\u00e9, propres et hygi\u00e9niques, au go\u00fbt pur, r\u00e9pondant aux normes d'exportation.<\/p>    <figure class=\"wp-block-gallery has-nested-images columns-default is-cropped wp-block-gallery-4 is-layout-flex wp-block-gallery-is-layout-flex\"> <figure class=\"wp-block-image size-large\"><img loading=\"lazy\" decoding=\"async\" width=\"720\" height=\"540\" data-id=\"7170\" src=\"https:\/\/www.cashewnut-processing.com\/wp-content\/uploads\/2019\/01\/roast-cashews-at-120-degrees-for-30-minutes.webp\" alt=\"r\u00f4tir les noix de cajou \u00e0 120 degr\u00e9s pendant 30 minutes\" class=\"wp-image-7170\" title=\"\" srcset=\"https:\/\/www.cashewnut-processing.com\/wp-content\/uploads\/2019\/01\/roast-cashews-at-120-degrees-for-30-minutes.webp 720w, https:\/\/www.cashewnut-processing.com\/wp-content\/uploads\/2019\/01\/roast-cashews-at-120-degrees-for-30-minutes-300x225.webp 300w, https:\/\/www.cashewnut-processing.com\/wp-content\/uploads\/2019\/01\/roast-cashews-at-120-degrees-for-30-minutes-16x12.webp 16w\" sizes=\"auto, (max-width: 720px) 100vw, 720px\" \/><figcaption class=\"wp-element-caption\">Noix de cajou r\u00f4ties \u00e0 120 degr\u00e9s pendant 30 minutes<\/figcaption><\/figure>    <figure class=\"wp-block-image size-large\"><img loading=\"lazy\" decoding=\"async\" width=\"720\" height=\"540\" data-id=\"7171\" src=\"https:\/\/www.cashewnut-processing.com\/wp-content\/uploads\/2019\/01\/roast-cashews-at-120-degrees-for-20-minutes.webp\" alt=\"r\u00f4tir les noix de cajou \u00e0 120 degr\u00e9s pendant 20 minutes\" class=\"wp-image-7171\" title=\"\" srcset=\"https:\/\/www.cashewnut-processing.com\/wp-content\/uploads\/2019\/01\/roast-cashews-at-120-degrees-for-20-minutes.webp 720w, https:\/\/www.cashewnut-processing.com\/wp-content\/uploads\/2019\/01\/roast-cashews-at-120-degrees-for-20-minutes-300x225.webp 300w, https:\/\/www.cashewnut-processing.com\/wp-content\/uploads\/2019\/01\/roast-cashews-at-120-degrees-for-20-minutes-16x12.webp 16w\" sizes=\"auto, (max-width: 720px) 100vw, 720px\" \/><figcaption class=\"wp-element-caption\">Noix de cajou r\u00f4ties \u00e0 120 degr\u00e9s pendant 20 minutes<\/figcaption><\/figure> <\/figure>    <h3 class=\"wp-block-heading\">Donn\u00e9es techniques de la machine \u00e0 r\u00f4tir les noix de cajou \u00e0 tambour<\/h3>    <figure class=\"wp-block-table\"><table><tbody><tr><td>Mod\u00e8le<\/td><td>Taille (mm)<\/td><td>Capacit\u00e9 (kg\/h)<\/td><td>Puissance du moteur (kw)<\/td><td>Chauffage \u00e9lectrique (kw)<\/td><td>Chauffage au gaz (kg)<\/td><\/tr><tr><td>MHK-1<\/td><td>3000*1200*1700<\/td><td>80-120<\/td><td>1.1<\/td><td>18<\/td><td>0.9-2<\/td><\/tr><tr><td>MHK-2<\/td><td>3000*2200*1700<\/td><td>180-250<\/td><td>2.2<\/td><td>35<\/td><td>1.8-3<\/td><\/tr><tr><td>MHK-3<\/td><td>3000*3300*1700<\/td><td>280-350<\/td><td>3.3<\/td><td>45<\/td><td>2.6-4<\/td><\/tr><tr><td>MHK-4<\/td><td>3000*4400*1700<\/td><td>380-450<\/td><td>4.4<\/td><td>60<\/td><td>4-6<\/td><\/tr><tr><td>MHK-5<\/td><td>3000*5500*1700<\/td><td>500-650<\/td><td>5.5<\/td><td>75<\/td><td>6-8<\/td><\/tr><\/tbody><\/table><figcaption class=\"wp-element-caption\">machine \u00e0 r\u00f4tir les noix de cajou \u00e0 tambour<\/figcaption><\/figure>    <p>La plage de capacit\u00e9 de cette machine \u00e0 r\u00f4tir les noix de cajou \u00e0 tambour est de 80 \u00e0 650 kg\/h. Par cons\u00e9quent, vous pouvez utiliser cette machine dans les petites, moyennes et grandes usines de transformation de noix de cajou. <\/p>    <p>En plus des donn\u00e9es ci-dessus, souhaitez-vous en savoir plus sur cette machine ? Bienvenue \u00e0 nous contacter via les informations de contact dans le coin inf\u00e9rieur droit.<\/p>   <div class=\"wp-block-image\"> <figure class=\"aligncenter size-full\"><img loading=\"lazy\" decoding=\"async\" width=\"720\" height=\"540\" src=\"https:\/\/www.cashewnut-processing.com\/wp-content\/uploads\/2019\/01\/three-oven-cashew-nut-roaster-machine.webp\" alt=\"Machine \u00e0 r\u00f4tir les noix de cajou \u00e0 trois fours\" class=\"wp-image-7178\" title=\"\" srcset=\"https:\/\/www.cashewnut-processing.com\/wp-content\/uploads\/2019\/01\/three-oven-cashew-nut-roaster-machine.webp 720w, https:\/\/www.cashewnut-processing.com\/wp-content\/uploads\/2019\/01\/three-oven-cashew-nut-roaster-machine-300x225.webp 300w, https:\/\/www.cashewnut-processing.com\/wp-content\/uploads\/2019\/01\/three-oven-cashew-nut-roaster-machine-16x12.webp 16w\" sizes=\"auto, (max-width: 720px) 100vw, 720px\" \/><figcaption class=\"wp-element-caption\">Machine \u00e0 r\u00f4tir les noix de cajou \u00e0 trois fours<\/figcaption><\/figure> <\/div>   <h2 class=\"wp-block-heading\">Machine \u00e0 r\u00f4tir les noix de cajou Swing pour noix de cajou enrob\u00e9es<\/h2>    <p>Le four \u00e0 noix de cajou pivotant est compos\u00e9 d'un po\u00eale int\u00e9rieur, d'un support \u00e0 r\u00f4tir, de supports mobiles, etc. Il adopte le principe de fonctionnement de la transmission de chaleur et du rayonnement thermique.<\/p>    <p>La machine est \u00e9quip\u00e9e d'un plateau plat, qui est entra\u00een\u00e9 par le plateau rotatif \u00e0 travers deux supports mobiles pouvant tourner horizontalement et en continu. <\/p>   <div class=\"wp-block-image\"> <figure class=\"aligncenter size-full\"><img loading=\"lazy\" decoding=\"async\" width=\"720\" height=\"540\" src=\"https:\/\/www.cashewnut-processing.com\/wp-content\/uploads\/2019\/01\/cashew-swing-oven.webp\" alt=\"four \u00e0 noix de cajou\" class=\"wp-image-7185\" title=\"\" srcset=\"https:\/\/www.cashewnut-processing.com\/wp-content\/uploads\/2019\/01\/cashew-swing-oven.webp 720w, https:\/\/www.cashewnut-processing.com\/wp-content\/uploads\/2019\/01\/cashew-swing-oven-300x225.webp 300w, https:\/\/www.cashewnut-processing.com\/wp-content\/uploads\/2019\/01\/cashew-swing-oven-16x12.webp 16w\" sizes=\"auto, (max-width: 720px) 100vw, 720px\" \/><figcaption class=\"wp-element-caption\">four \u00e0 noix de cajou<\/figcaption><\/figure> <\/div>   <p>Le plateau amovible transporte les noix de cajou enrob\u00e9es semi-finies, garantissant que chaque noix de cajou enrob\u00e9e est chauff\u00e9e uniform\u00e9ment. Les noix de cajou enrob\u00e9es sont constamment roul\u00e9es pendant le processus de torr\u00e9faction pour obtenir l'effet de torr\u00e9faction id\u00e9al.<\/p>    <h3 class=\"wp-block-heading\">Pourquoi choisir un torr\u00e9facteur de noix de cajou de type swing ?<\/h3>    <p>Les noix de cajou enrob\u00e9es sont collantes, la m\u00e9thode de torr\u00e9faction g\u00e9n\u00e9rale ne permet donc pas d'obtenir une torr\u00e9faction uniforme. La m\u00e9thode de torr\u00e9faction g\u00e9n\u00e9rale ne peut r\u00f4tir que deux c\u00f4t\u00e9s des noix de cajou enrob\u00e9es au maximum. Le torr\u00e9facteur de noix de cajou de notre entreprise peut r\u00f4tir uniform\u00e9ment tous les c\u00f4t\u00e9s des noix de cajou.<\/p>   <div class=\"wp-block-image\"> <figure class=\"aligncenter size-full\"><img loading=\"lazy\" decoding=\"async\" width=\"720\" height=\"540\" src=\"https:\/\/www.cashewnut-processing.com\/wp-content\/uploads\/2019\/01\/finished-products.webp\" alt=\"produits finis\" class=\"wp-image-7168\" title=\"\" srcset=\"https:\/\/www.cashewnut-processing.com\/wp-content\/uploads\/2019\/01\/finished-products.webp 720w, https:\/\/www.cashewnut-processing.com\/wp-content\/uploads\/2019\/01\/finished-products-300x225.webp 300w, https:\/\/www.cashewnut-processing.com\/wp-content\/uploads\/2019\/01\/finished-products-16x12.webp 16w\" sizes=\"auto, (max-width: 720px) 100vw, 720px\" \/><figcaption class=\"wp-element-caption\">produits finis<\/figcaption><\/figure> <\/div>   <h3 class=\"wp-block-heading\">Param\u00e8tres de la machine \u00e0 r\u00f4tir les noix de cajou<\/h3>    <figure class=\"wp-block-table\"><table><tbody><tr><td>Capacit\u00e9<\/td><td>80-100kg\/heure<\/td><\/tr><tr><td>Taille<\/td><td>2,2*2*1,4m<\/td><\/tr><tr><td>Tension<\/td><td>380 V 50 Hz<\/td><\/tr><tr><td>Pouvoir<\/td><td>25kw<\/td><\/tr><tr><td>Temp\u00e9rature<\/td><td>180-220 \u2103<\/td><\/tr><\/tbody><\/table><figcaption class=\"wp-element-caption\">torr\u00e9facteur de noix de cajou<\/figcaption><\/figure>    <p>Le rendement de la machine \u00e0 r\u00f4tir les noix de cajou est de 80 \u00e0 100 kg\/h. La taille est de 2,2x2x1,4m. Il convient aux petites et moyennes usines de transformation de noix de cajou.<\/p>   <div class=\"wp-block-image\"> <figure class=\"aligncenter size-full\"><img loading=\"lazy\" decoding=\"async\" width=\"720\" height=\"540\" src=\"https:\/\/www.cashewnut-processing.com\/wp-content\/uploads\/2019\/01\/coated-cashew-swing-oven.webp\" alt=\"four \u00e0 bascule pour noix de cajou enrob\u00e9es\" class=\"wp-image-7176\" title=\"\" srcset=\"https:\/\/www.cashewnut-processing.com\/wp-content\/uploads\/2019\/01\/coated-cashew-swing-oven.webp 720w, https:\/\/www.cashewnut-processing.com\/wp-content\/uploads\/2019\/01\/coated-cashew-swing-oven-300x225.webp 300w, https:\/\/www.cashewnut-processing.com\/wp-content\/uploads\/2019\/01\/coated-cashew-swing-oven-16x12.webp 16w\" sizes=\"auto, (max-width: 720px) 100vw, 720px\" \/><figcaption class=\"wp-element-caption\">four \u00e0 bascule pour noix de cajou enrob\u00e9es<\/figcaption><\/figure> <\/div>   <h2 class=\"wp-block-heading\">Avantages de la torr\u00e9faction de noix de cajou Taizy<\/h2>    <ol class=\"wp-block-list\"> <li>Mat\u00e9riaux de haute qualit\u00e9. Les deux machines sont fabriqu\u00e9es en acier inoxydable, robuste et durable.<\/li>    <li>Large gamme d'applications. Les machines \u00e0 r\u00f4tir les noix de cajou peuvent \u00e9galement r\u00f4tir des haricots, des c\u00e9r\u00e9ales, des graines et des noix.<\/li>    <li>Moins de perte de chaleur. La conception en coton d'isolation thermique \u00e0 l'int\u00e9rieur de la machine peut r\u00e9duire les pertes de chaleur pendant le fonctionnement de la machine.<\/li>    <li>Op\u00e9ration simple. Le fonctionnement des boutons permet aux travailleurs de faire fonctionner cette machine facilement.<\/li> <\/ol>   <div class=\"wp-block-image\"> <figure class=\"aligncenter size-full\"><img loading=\"lazy\" decoding=\"async\" width=\"720\" height=\"540\" src=\"https:\/\/www.cashewnut-processing.com\/wp-content\/uploads\/2019\/01\/structure-of-the-nut-roasting-machine.webp\" alt=\"d\u00e9tails de la machine \u00e0 r\u00f4tir les noix\" class=\"wp-image-7179\" title=\"\" srcset=\"https:\/\/www.cashewnut-processing.com\/wp-content\/uploads\/2019\/01\/structure-of-the-nut-roasting-machine.webp 720w, https:\/\/www.cashewnut-processing.com\/wp-content\/uploads\/2019\/01\/structure-of-the-nut-roasting-machine-300x225.webp 300w, https:\/\/www.cashewnut-processing.com\/wp-content\/uploads\/2019\/01\/structure-of-the-nut-roasting-machine-16x12.webp 16w\" sizes=\"auto, (max-width: 720px) 100vw, 720px\" \/><figcaption class=\"wp-element-caption\">d\u00e9tails de la machine \u00e0 r\u00f4tir les noix<\/figcaption><\/figure> <\/div>   <h2 class=\"wp-block-heading\">Quel est le prix d\u2019une torr\u00e9faction de noix de cajou ?<\/h2>    <p>Le prix d\u2019une machine \u00e0 r\u00f4tir les noix de cajou peut varier consid\u00e9rablement en fonction du mod\u00e8le, de la capacit\u00e9, des caract\u00e9ristiques et de la marque de la machine. <\/p>    <p>Les mod\u00e8les d'entr\u00e9e de gamme, adapt\u00e9s aux op\u00e9rations \u00e0 petite \u00e9chelle, peuvent commencer \u00e0 environ 1 500 $, tandis que les machines de grande capacit\u00e9 de qualit\u00e9 industrielle peuvent co\u00fbter plus de 10 000 $. <\/p>    <p>Les facteurs influen\u00e7ant le prix incluent le type de chauffage (\u00e9lectrique ou gaz), le niveau d'automatisation et des fonctionnalit\u00e9s suppl\u00e9mentaires telles que le contr\u00f4le de la temp\u00e9rature et les capacit\u00e9s de torr\u00e9faction uniforme. <\/p>    <p>Si vous souhaitez conna\u00eetre le prix d'une torr\u00e9faction de noix de cajou, n'h\u00e9sitez pas \u00e0 nous contacter.<\/p>    <figure class=\"wp-block-gallery has-nested-images columns-default is-cropped wp-block-gallery-5 is-layout-flex wp-block-gallery-is-layout-flex\"> <figure class=\"wp-block-image size-large\"><img loading=\"lazy\" decoding=\"async\" width=\"720\" height=\"540\" data-id=\"7184\" src=\"https:\/\/www.cashewnut-processing.com\/wp-content\/uploads\/2019\/01\/cashew-nut-roasting-machine-shipped-to-USA.webp\" alt=\"Machine \u00e0 r\u00f4tir les noix de cajou exp\u00e9di\u00e9e aux \u00c9tats-Unis\" class=\"wp-image-7184\" title=\"\" srcset=\"https:\/\/www.cashewnut-processing.com\/wp-content\/uploads\/2019\/01\/cashew-nut-roasting-machine-shipped-to-USA.webp 720w, https:\/\/www.cashewnut-processing.com\/wp-content\/uploads\/2019\/01\/cashew-nut-roasting-machine-shipped-to-USA-300x225.webp 300w, https:\/\/www.cashewnut-processing.com\/wp-content\/uploads\/2019\/01\/cashew-nut-roasting-machine-shipped-to-USA-16x12.webp 16w\" sizes=\"auto, (max-width: 720px) 100vw, 720px\" \/><figcaption class=\"wp-element-caption\">Machine \u00e0 r\u00f4tir les noix de cajou exp\u00e9di\u00e9e aux \u00c9tats-Unis<\/figcaption><\/figure>    <figure class=\"wp-block-image size-large\"><img loading=\"lazy\" decoding=\"async\" width=\"720\" height=\"540\" data-id=\"7183\" src=\"https:\/\/www.cashewnut-processing.com\/wp-content\/uploads\/2019\/01\/shipment-picture-of-the-cashew-roaster.webp\" alt=\"photo d&#039;exp\u00e9dition du torr\u00e9facteur de noix de cajou\" class=\"wp-image-7183\" title=\"\" srcset=\"https:\/\/www.cashewnut-processing.com\/wp-content\/uploads\/2019\/01\/shipment-picture-of-the-cashew-roaster.webp 720w, https:\/\/www.cashewnut-processing.com\/wp-content\/uploads\/2019\/01\/shipment-picture-of-the-cashew-roaster-300x225.webp 300w, https:\/\/www.cashewnut-processing.com\/wp-content\/uploads\/2019\/01\/shipment-picture-of-the-cashew-roaster-16x12.webp 16w\" sizes=\"auto, (max-width: 720px) 100vw, 720px\" \/><figcaption class=\"wp-element-caption\">Photo d'emballage du torr\u00e9facteur de noix de cajou<\/figcaption><\/figure> <\/figure>    <h2 class=\"wp-block-heading\">Processus de travail de la machine \u00e0 r\u00f4tir les noix de cajou<\/h2>    <ul class=\"wp-block-list\"> <li>Pr\u00e9chauffez la machine : allumez le syst\u00e8me de chauffage et r\u00e9glez la temp\u00e9rature \u00e0 la temp\u00e9rature de torr\u00e9faction souhait\u00e9e.<\/li>    <li>Alimentation\u00a0: mettez les noix de cajou dans la machine \u00e0 r\u00f4tir les noix de cajou via le port d'alimentation.<\/li>    <li>Torr\u00e9faction : d\u00e9marrez le syst\u00e8me de rotation, les noix de cajou rouleront uniform\u00e9ment dans le tambour et chaufferont pendant un temps pr\u00e9d\u00e9termin\u00e9.<\/li>    <li>D\u00e9chargement\u00a0: apr\u00e8s la torr\u00e9faction, le syst\u00e8me de d\u00e9chargement automatique d\u00e9chargera les noix de cajou cuites du port de d\u00e9chargement.<\/li> <\/ul>    <figure class=\"wp-block-embed is-type-video is-provider-youtube wp-block-embed-youtube wp-embed-aspect-16-9 wp-has-aspect-ratio\"><div class=\"wp-block-embed__wrapper\"> <iframe loading=\"lazy\" title=\"R\u00f4tissoire \u00e0 four pivotant pour noix de cajou, cacahu\u00e8tes\" width=\"500\" height=\"281\" src=\"https:\/\/www.youtube.com\/embed\/6Cn5DPWVty4?feature=oembed\" frameborder=\"0\" allow=\"accelerometer; autoplay; clipboard-write; encrypted-media; gyroscope; picture-in-picture; web-share\" referrerpolicy=\"strict-origin-when-cross-origin\" allowfullscreen><\/iframe> <\/div><figcaption class=\"wp-element-caption\">vid\u00e9o de travail de la machine \u00e0 r\u00f4tir les noix de cajou<\/figcaption><\/figure>    <h2 class=\"wp-block-heading\">Pr\u00e9cautions d'utilisation de la r\u00f4tissoire kaju<\/h2>    <ol class=\"wp-block-list\"> <li>Avant de d\u00e9marrer la r\u00f4tissoire kaju, v\u00e9rifiez si le syst\u00e8me de commande \u00e9lectrique de la cage rotative est normal, si les boulons de la partie rotative sont desserr\u00e9s et si l'indicateur du thermocouple ou l'affichage num\u00e9rique est flexible.<\/li>    <li>V\u00e9rifiez r\u00e9guli\u00e8rement l'huile et la graisse des engrenages dans le r\u00e9ducteur de la cage rotative et les roulements aux deux extr\u00e9mit\u00e9s pour \u00e9viter tout dommage d\u00fb au manque d'huile.<\/li>    <li>V\u00e9rifiez le fond de la cage rotative pour \u00e9liminer les cendres accumul\u00e9es et autres d\u00e9bris dans la machine afin d'\u00e9viter que la fum\u00e9e et le feu ne polluent les aliments r\u00f4tis.<\/li> <\/ol>","protected":false},"excerpt":{"rendered":"<p>R\u00f4tissoire de noix de cajou \u00e0 tambour rotatif et torr\u00e9facteur de noix de cajou pivotant \u00e0 choisir. Il peut \u00e9galement r\u00f4tir des cacahu\u00e8tes, des amandes, des noisettes, des pistaches, etc.<\/p>","protected":false},"author":1,"featured_media":1991,"parent":0,"template":"","tags":[176,177],"product-type":[416],"class_list":["post-468","product","type-product","status-publish","has-post-thumbnail","hentry","tag-cashew-roasting-machine","tag-swing-coated-peanut-raosting-oven","product-type-roasting-drying-machine"],"_links":{"self":[{"href":"https:\/\/www.cashewnut-processing.com\/fr\/wp-json\/wp\/v2\/product\/468","targetHints":{"allow":["GET"]}}],"collection":[{"href":"https:\/\/www.cashewnut-processing.com\/fr\/wp-json\/wp\/v2\/product"}],"about":[{"href":"https:\/\/www.cashewnut-processing.com\/fr\/wp-json\/wp\/v2\/types\/product"}],"author":[{"embeddable":true,"href":"https:\/\/www.cashewnut-processing.com\/fr\/wp-json\/wp\/v2\/users\/1"}],"wp:featuredmedia":[{"embeddable":true,"href":"https:\/\/www.cashewnut-processing.com\/fr\/wp-json\/wp\/v2\/media\/1991"}],"wp:attachment":[{"href":"https:\/\/www.cashewnut-processing.com\/fr\/wp-json\/wp\/v2\/media?parent=468"}],"wp:term":[{"taxonomy":"post_tag","embeddable":true,"href":"https:\/\/www.cashewnut-processing.com\/fr\/wp-json\/wp\/v2\/tags?post=468"},{"taxonomy":"product-type","embeddable":true,"href":"https:\/\/www.cashewnut-processing.com\/fr\/wp-json\/wp\/v2\/product-type?post=468"}],"curies":[{"name":"wp","href":"https:\/\/api.w.org\/{rel}","templated":true}]}}