{"id":40,"date":"2018-08-09T08:56:17","date_gmt":"2018-08-09T08:56:17","guid":{"rendered":"http:\/\/www.cashewnut-processing.com\/?p=40"},"modified":"2025-10-28T15:06:18","modified_gmt":"2025-10-28T07:06:18","slug":"cashew-nut-dryer","status":"publish","type":"product","link":"https:\/\/www.cashewnut-processing.com\/fr\/cashew-nut-dryer.html","title":{"rendered":"S\u00e9choir multifonction pour noix de cajou | Machine de s\u00e9chage de noix de cajou en forme de bo\u00eete"},"content":{"rendered":"<p class=\"translation-block\">Le s\u00e9choir \u00e0 noix de cajou est un s\u00e9choir \u00e0 plateaux, qui peut s\u00e9cher des noix, des l\u00e9gumes, des m\u00e9dicaments et d'autres produits alimentaires. Il est souvent utilis\u00e9 dans les <a href=\"https:\/\/www.cashewnut-processing.com\/fr\/automatic-cashew-nut-processing-line.html\/\">usines de traitement de noix de cajou<\/a>, les lignes de production de noix et d'autres traitements alimentaires. La machine de s\u00e9chage alimentaire en acier inoxydable a une structure stable. La fonction de contr\u00f4le automatique de la temp\u00e9rature de la machine de d\u00e9shydratation peut maintenir une temp\u00e9rature et une humidit\u00e9 constantes pendant le processus de s\u00e9chage. Ainsi, les aliments peuvent conserver leur meilleure saveur.<\/p>    <figure class=\"wp-block-embed is-type-video is-provider-youtube wp-block-embed-youtube wp-embed-aspect-16-9 wp-has-aspect-ratio\"><div class=\"wp-block-embed__wrapper\"> <iframe loading=\"lazy\" title=\"Comment s\u00e9cher les noix de cajou | Machine de s\u00e9chage de noix de cajou | Machine de s\u00e9chage de noix de cajou #shorts\" width=\"500\" height=\"281\" src=\"https:\/\/www.youtube.com\/embed\/279UA74gfeM?feature=oembed\" frameborder=\"0\" allow=\"accelerometer; autoplay; clipboard-write; encrypted-media; gyroscope; picture-in-picture; web-share\" referrerpolicy=\"strict-origin-when-cross-origin\" allowfullscreen><\/iframe> <\/div><\/figure>    <h2 class=\"wp-block-heading\">Pourquoi devons-nous s\u00e9cher les noix de cajou ?<\/h2>    <p class=\"translation-block\">La noix de cajou a une coquille dure, et la coquille est \u00e9troitement connect\u00e9e \u00e0 son amande. Ainsi, pour rendre le d\u00e9corticage des noix de cajou plus efficace, nous utilisons souvent une <a href=\"https:\/\/www.cashewnut-processing.com\/fr\/cashew-nut-cooker.html\/\">machine de cuisson des noix de cajou<\/a> pour ramollir les coquilles dures. Mais apr\u00e8s le <a href=\"https:\/\/www.cashewnut-processing.com\/fr\/cashew-nut-shelling-and-cracking-machine.html\/\">processus de d\u00e9corticage<\/a>, il reste encore une peau \u00e0 l'ext\u00e9rieur des amandes de cajou. Pour faciliter le pelage des amandes de cajou, nous utilisons une machine de s\u00e9chage de noix de cajou pour s\u00e9cher la peau. Et ensuite, lors du pelage des amandes de cajou, il sera plus facile d'enlever la peau s\u00e8che.<\/p>    <h2 class=\"wp-block-heading\"><strong>Introduction du s\u00e9choir \u00e0 noix de cajou<\/strong><\/h2>    <p>La machine \u00e0 s\u00e9cher les noix de cajou est \u00e9galement appel\u00e9e s\u00e9choir \u00e0 plateaux. Il utilise le chauffage \u00e9lectrique pour s\u00e9cher les noix de cajou. Le s\u00e9choir \u00e0 noix de cajou adopte un ventilateur de circulation r\u00e9sistant aux temp\u00e9ratures ultra-\u00e9lev\u00e9es. Et l'air chaud forc\u00e9 chauff\u00e9 par le tube chauffant \u00e9lectrique ou l'\u00e9changeur de chaleur \u00e0 vapeur circule dans la bo\u00eete. Le s\u00e9choir \u00e0 noix adopte un syst\u00e8me de contr\u00f4le intelligent PLC pour faire fonctionner la machine, r\u00e9duisant ainsi l'utilisation manuelle.<\/p>   <div class=\"wp-block-image size-full wp-image-2439\"> <figure class=\"aligncenter\"><img loading=\"lazy\" decoding=\"async\" width=\"720\" height=\"540\" src=\"https:\/\/www.cashewnut-processing.com\/wp-content\/uploads\/2018\/08\/1-multi-functional-cashew-nut-dryer-machine.jpg\" alt=\"Machine multifonctionnelle de s\u00e9chage de noix de cajou\" class=\"wp-image-2439\" title=\"\" srcset=\"https:\/\/www.cashewnut-processing.com\/wp-content\/uploads\/2018\/08\/1-multi-functional-cashew-nut-dryer-machine.jpg 720w, https:\/\/www.cashewnut-processing.com\/wp-content\/uploads\/2018\/08\/1-multi-functional-cashew-nut-dryer-machine-300x225.jpg 300w\" sizes=\"auto, (max-width: 720px) 100vw, 720px\" \/><figcaption class=\"wp-element-caption\">Machine multifonctionnelle de s\u00e9chage de noix de cajou<\/figcaption><\/figure> <\/div>   <h2 class=\"wp-block-heading\">Comment s\u00e9cher les noix de cajou avec un s\u00e9choir industriel ?<\/h2>    <p>Le principe de base du s\u00e9choir alimentaire \u00e0 circulation d'air chaud est d'utiliser de la vapeur ou de l'\u00e9lectricit\u00e9 comme source d'\u00e9nergie thermique. Le radiateur \u00e0 vapeur ou \u00e9l\u00e9ment chauffant \u00e9lectrique g\u00e9n\u00e8re de la chaleur. Le ventilateur est utilis\u00e9 pour l'\u00e9change thermique par convection, le transfert de chaleur vers le mat\u00e9riau et reconstitue constamment l'air frais pour \u00e9vacuer l'air humide. Sa principale caract\u00e9ristique est que la majeure partie de l'air chaud circule dans la bo\u00eete, ce qui am\u00e9liore l'efficacit\u00e9 thermique et \u00e9conomise de l'\u00e9nergie.<\/p>    <p>Dans un d\u00e9shydrateur de noix de cajou, le s\u00e9chage des noix de cajou passe par trois \u00e9tapes : chauffage, d\u00e9shumidification et refroidissement. La machine de s\u00e9chage \u00e0 plateaux ex\u00e9cutera le processus de s\u00e9chage apr\u00e8s avoir r\u00e9gl\u00e9 la temp\u00e9rature de chauffage et la temp\u00e9rature de d\u00e9shumidification. Pendant le processus de s\u00e9chage, la pi\u00e8ce int\u00e9rieure maintiendra une temp\u00e9rature et une humidit\u00e9 constantes.<\/p>    <h3 class=\"wp-block-heading\">\u00c9tapes de fonctionnement de la machine \u00e0 s\u00e9cher les aliments<\/h3>    <p>Fermez bien la porte et tournez la poign\u00e9e du robinet de vidange en position \u00ab circulation \u00bb.<\/p>    <p>Allumez l\u2019interrupteur d\u2019alimentation du contr\u00f4leur du four.<\/p>    <p>R\u00e9glez la temp\u00e9rature de contr\u00f4le du s\u00e9chage et la temp\u00e9rature d'alarme limite sup\u00e9rieure et inf\u00e9rieure conform\u00e9ment aux instructions du \u00ab\u00a0Manuel d'instructions du contr\u00f4leur du s\u00e8che-linge\u00a0\u00bb.<\/p>    <p>Appuyez sur le \u00ab\u00a0ventilateur\u00a0\u00bb pour d\u00e9marrer l'interrupteur\u00a0; r\u00e9glez le temps de d\u00e9shumidification (relais temporis\u00e9), puis allumez le chauffage.<\/p>    <p>R\u00e9glez la temp\u00e9rature de l'instrument, appuyez sur l'interrupteur de chauffage et le four commencera \u00e0 chauffer.<\/p>    <p>Apr\u00e8s s\u00e9chage, appuyez sur le bouton \u00ab\u00a0stop\u00a0\u00bb du ventilateur et appuyez sur le bouton \u00ab\u00a0arr\u00eat\u00a0\u00bb.<\/p>   <div class=\"wp-block-image size-full wp-image-2441\"> <figure class=\"aligncenter\"><img loading=\"lazy\" decoding=\"async\" width=\"720\" height=\"540\" src=\"https:\/\/www.cashewnut-processing.com\/wp-content\/uploads\/2018\/08\/3-food-dryer-machine.jpg\" alt=\"machine de s\u00e9chage de nourriture\" class=\"wp-image-2441\" title=\"\" srcset=\"https:\/\/www.cashewnut-processing.com\/wp-content\/uploads\/2018\/08\/3-food-dryer-machine.jpg 720w, https:\/\/www.cashewnut-processing.com\/wp-content\/uploads\/2018\/08\/3-food-dryer-machine-300x225.jpg 300w\" sizes=\"auto, (max-width: 720px) 100vw, 720px\" \/><figcaption class=\"wp-element-caption\">machine de s\u00e9chage de nourriture<\/figcaption><\/figure> <\/div>   <h3 class=\"wp-block-heading\">Notes d'op\u00e9ration<\/h3>    <ul class=\"wp-block-list\"> <li>Lorsque vous utilisez le s\u00e9choir \u00e0 noix de cajou pour la premi\u00e8re fois, faites attention \u00e0 savoir si la direction de chaque ventilateur est correcte.<\/li>    <li>L'angle d'ouverture du robinet de vidange est d\u00e9termin\u00e9 en fonction de la teneur en humidit\u00e9 du mat\u00e9riau.<\/li>    <li>Lisez le manuel d'instructions de l'instrument en d\u00e9tail avant d'utiliser la machine.<\/li>    <li>La bande d'\u00e9tanch\u00e9it\u00e9 de la porte est vieillissante et invalide et doit \u00eatre remplac\u00e9e \u00e0 temps.<\/li>    <li>La surface du s\u00e9choir \u00e0 noix de cajou doit \u00e9viter les dommages caus\u00e9s par la collision d'objets durs et d'objets lourds.<\/li>    <li>Le s\u00e9chage de mati\u00e8res inflammables et explosives est strictement interdit.<\/li>    <li>La pression de service maximale du radiateur \u00e0 vapeur est de 0,8 MPa et l'utilisation de surpression est interdite.<\/li>    <li>Si la temp\u00e9rature de fonctionnement du four doit atteindre 120 ~ 140 \u2103, la pression de la vapeur doit \u00eatre comprise entre 0,4 et 0,8 Mpa. Si la temp\u00e9rature dans la bo\u00eete doit atteindre 80 ~ 120 \u2103, la pression de la vapeur doit \u00eatre de 0,2 ~ 0,4 MPa.<\/li>    <li>Pour les fours chauff\u00e9s \u00e0 la vapeur nouvellement install\u00e9s et r\u00e9utilis\u00e9s apr\u00e8s une mise hors service \u00e0 long terme, assurez-vous de fermer les vannes d'arr\u00eat avant et arri\u00e8re de l'\u00e9lectrovanne, d'ouvrir la vanne de d\u00e9rivation et de rincer la salet\u00e9 et les eaux us\u00e9es dans la canalisation avec de la vapeur pour emp\u00eacher le sol\u00e9no\u00efde la vanne ne soit pas bloqu\u00e9e et ne fonctionne pas correctement.<\/li>    <li>La vanne d'entr\u00e9e de vapeur doit \u00eatre ouverte lentement et le filtre \u00e0 vapeur doit \u00eatre nettoy\u00e9 r\u00e9guli\u00e8rement.<\/li>    <li>Apr\u00e8s un an d'utilisation, le service de test local doit tester les diff\u00e9rentes exigences m\u00e9caniques et de s\u00e9curit\u00e9 de cet \u00e9quipement et d\u00e9cider de continuer \u00e0 l'utiliser une fois que les r\u00e9sultats des tests ont atteint la norme. Si le test ne r\u00e9pond pas aux indicateurs, arr\u00eatez de l'utiliser.<\/li> <\/ul>    <h2 class=\"wp-block-heading\">Application du s\u00e9choir \u00e0 noix de cajou<\/h2>    <p>Le s\u00e9choir \u00e0 plateaux est largement utilis\u00e9 pour s\u00e9cher des mati\u00e8res premi\u00e8res ou des produits tels que des produits pharmaceutiques, chimiques, \u00e0 base de noix, agricoles et secondaires. Il convient \u00e9galement au s\u00e9chage des fruits, des l\u00e9gumes d\u00e9shydrat\u00e9s agricoles et subsidiaires, des aliments pour animaux, des condiments, des v\u00eatements, de l'alimentation et d'autres industries.<\/p>   <div class=\"wp-block-image size-full wp-image-2442\"> <figure class=\"aligncenter\"><img loading=\"lazy\" decoding=\"async\" width=\"752\" height=\"752\" src=\"https:\/\/www.cashewnut-processing.com\/wp-content\/uploads\/2018\/08\/4-box-cashew-nut-dryer-application.jpg\" alt=\"application de s\u00e9choir \u00e0 noix de cajou en bo\u00eete\" class=\"wp-image-2442\" title=\"\" srcset=\"https:\/\/www.cashewnut-processing.com\/wp-content\/uploads\/2018\/08\/4-box-cashew-nut-dryer-application.jpg 752w, https:\/\/www.cashewnut-processing.com\/wp-content\/uploads\/2018\/08\/4-box-cashew-nut-dryer-application-300x300.jpg 300w, https:\/\/www.cashewnut-processing.com\/wp-content\/uploads\/2018\/08\/4-box-cashew-nut-dryer-application-150x150.jpg 150w\" sizes=\"auto, (max-width: 752px) 100vw, 752px\" \/><figcaption class=\"wp-element-caption\">application de s\u00e9choir \u00e0 noix de cajou en bo\u00eete<\/figcaption><\/figure> <\/div>   <h2 class=\"wp-block-heading\">Points forts de la machine de s\u00e9chage de noix de cajou<\/h2>    <ol class=\"wp-block-list\"> <li>Le corps du s\u00e9choir \u00e0 noix adopte une structure enti\u00e8rement ferm\u00e9e, circulant dans la bo\u00eete \u00e0 air chaud, \u00e9vacuant raisonnablement l'air chaud et humide et reconstituant l'air frais.<\/li>    <li>Le transfert de chaleur est am\u00e9lior\u00e9, le taux d'\u00e9vaporation de l'eau est augment\u00e9 et le temps de s\u00e9chage est raccourci.<\/li>    <li>L'ensemble du s\u00e9choir \u00e0 noix de cajou a un fonctionnement silencieux et \u00e9quilibr\u00e9, un contr\u00f4le automatique de la temp\u00e9rature et une installation et un entretien pratiques.<\/li>    <li>Il a une large gamme d\u2019applications et peut s\u00e9cher toutes sortes de mat\u00e9riaux.<\/li>    <li>Le s\u00e9choir \u00e0 noix de cajou est \u00e9quip\u00e9 d'un syst\u00e8me de contr\u00f4le automatique de la temp\u00e9rature pour contr\u00f4ler la temp\u00e9rature avec pr\u00e9cision. Un panneau de distribution d'air r\u00e9glable est dispos\u00e9 dans la bo\u00eete et la temp\u00e9rature \u00e0 l'int\u00e9rieur de la bo\u00eete est uniforme.<\/li>    <li>L'utilisation d'un ventilateur de circulation int\u00e9gr\u00e9 \u00e0 faible bruit et \u00e9conome en \u00e9nergie, l'\u00e9quilibre de fonctionnement, a consid\u00e9rablement r\u00e9duit le bruit et la perte de chaleur de l'\u00e9quipement, entr\u00e9e d'air avec filtre \u00e0 air, marquage du dispositif de mouillage.<\/li> <\/ol>    <h2 class=\"wp-block-heading\">Param\u00e8tres du s\u00e9choir \u00e0 noix de cajou de type bo\u00eete<\/h2>    <figure class=\"wp-block-table\"><table><tbody><tr><td>Mod\u00e8le<\/td><td>Capacit\u00e9 (kg\/h)<\/td><td>Puissance (kw)<\/td><td>Consommer de la vapeur (kg\/h)<\/td><td>Zone de dissipation de chaleur (\u33a1)<\/td><td>Volume d'air (m3\/h)<\/td><td>Dimension (L\u00d7L\u00d7H)mm<\/td><\/tr><tr><td>TZ-25<\/td><td>25<\/td><td>0.45<\/td><td>5<\/td><td>5<\/td><td>3400<\/td><td>1550\u00d71000\u00d72044<\/td><\/tr><tr><td>TZ-50<\/td><td>50<\/td><td>0.45<\/td><td>10<\/td><td>10<\/td><td>3400<\/td><td>1400\u00d71200\u00d72000<\/td><\/tr><tr><td>TZ-100<\/td><td>100<\/td><td>1.1<\/td><td><code>20<\/code><\/td><td>20<\/td><td><code>1400<\/code><\/td><td>2430\u00d71200\u00d72375<\/td><\/tr><tr><td>TZ-200<\/td><td><code>200<\/code><\/td><td>1.1<\/td><td>40<\/td><td>40<\/td><td>5200<\/td><td>2430\u00d72200\u00d72433<\/td><\/tr><tr><td>TZ-300<\/td><td>300<\/td><td>2.2<\/td><td>60<\/td><td>80<\/td><td>9800<\/td><td>3430\u00d72200\u00d72620<\/td><\/tr><tr><td>TZ-400<\/td><td>400<\/td><td>2.2<\/td><td>80<\/td><td>100<\/td><td>9800<\/td><td>4380\u00d72200\u00d72620<\/td><\/tr><tr><td>TZ-D100<\/td><td>100<\/td><td>0.45<\/td><td>18<\/td><td>20<\/td><td>3450<\/td><td>2300\u00d71200\u00d72000<\/td><\/tr><tr><td>TZ-D200<\/td><td>200<\/td><td>0.9<\/td><td>36<\/td><td>40<\/td><td>6900<\/td><td>2300\u00d72200\u00d72000<\/td><\/tr><tr><td>TZ-D300<\/td><td>300<\/td><td>1.35<\/td><td>54<\/td><td>80<\/td><td>10350<\/td><td>2300\u00d73220\u00d72290<\/td><\/tr><tr><td>TZ-D400<\/td><td>400<\/td><td>1.8<\/td><td>72<\/td><td>100<\/td><td>13800<\/td><td>4460\u00d72200\u00d72290<\/td><\/tr><tr><td>TZ-X120<\/td><td>120<\/td><td>0.9<\/td><td>20<\/td><td>25<\/td><td>6900<\/td><td>1460\u00d72160\u00d72250<\/td><\/tr><\/tbody><\/table><\/figure>    <h2 class=\"wp-block-heading\"><strong>Installation d'une machine \u00e0 s\u00e9cher les noix de cajou<\/strong><\/h2>    <p>L'utilisateur pose le pipeline de vapeur et le cordon d'alimentation \u00e0 l'ext\u00e9rieur de la machine de s\u00e9chage des aliments, selon les besoins.<br>Connectez le cordon d'alimentation et mettez fermement \u00e0 la terre la paroi ext\u00e9rieure de l'appareil. Connectez le tuyau de ventilation \u00e0 l'ext\u00e9rieur.<\/p>   <div class=\"wp-block-image size-full wp-image-2440\"> <figure class=\"aligncenter\"><img loading=\"lazy\" decoding=\"async\" width=\"750\" height=\"750\" src=\"https:\/\/www.cashewnut-processing.com\/wp-content\/uploads\/2018\/08\/2-cashew-nut-drying-machine.jpg\" alt=\"machine de s\u00e9chage de noix de cajou\" class=\"wp-image-2440\" title=\"\" srcset=\"https:\/\/www.cashewnut-processing.com\/wp-content\/uploads\/2018\/08\/2-cashew-nut-drying-machine.jpg 750w, https:\/\/www.cashewnut-processing.com\/wp-content\/uploads\/2018\/08\/2-cashew-nut-drying-machine-300x300.jpg 300w, https:\/\/www.cashewnut-processing.com\/wp-content\/uploads\/2018\/08\/2-cashew-nut-drying-machine-150x150.jpg 150w\" sizes=\"auto, (max-width: 750px) 100vw, 750px\" \/><figcaption class=\"wp-element-caption\">machine de s\u00e9chage de noix de cajou<\/figcaption><\/figure> <\/div>   <ol class=\"wp-block-list\"> <li>La machine de s\u00e9chage de noix de cajou multicouche doit \u00eatre install\u00e9e sur un sol plat.<\/li>    <li>L'entr\u00e9e d'alimentation de l'\u00e9quipement est constitu\u00e9e de fils triphas\u00e9s et d'un fil neutre. La puissance totale est de 12,73 kW, la tension est de 380 V et la fr\u00e9quence est de 50 Hz.<\/li>    <li>La paroi ext\u00e9rieure de la machine \u00e0 s\u00e9cher les noix de cajou doit \u00eatre fermement mise \u00e0 la terre.<\/li>    <li>Ajustez l'ouverture des plaques de guidage d'air des deux c\u00f4t\u00e9s de la bo\u00eete pour uniformiser la temp\u00e9rature dans la bo\u00eete. Selon l'exp\u00e9rience, l'ouverture de la partie sup\u00e9rieure du d\u00e9flecteur d'air du c\u00f4t\u00e9 du ventilateur du four (pression n\u00e9gative de l'air de circulation) est relativement petite, et l'ouverture de la partie inf\u00e9rieure est relativement grande. L'ouverture du d\u00e9flecteur de vent de l'autre c\u00f4t\u00e9 (pression positive du vent en circulation) est \u00e0 l'oppos\u00e9, la partie sup\u00e9rieure \u00e9tant plus grande et la partie inf\u00e9rieure \u00e9tant plus petite. Si la temp\u00e9rature d'un certain endroit s'av\u00e8re basse apr\u00e8s le test de chauffage du four, le d\u00e9flecteur d'air \u00e0 proximit\u00e9 de l'endroit doit \u00eatre ouvert correctement\u00a0; au contraire, lorsque la temp\u00e9rature est \u00e9lev\u00e9e, il doit \u00eatre correctement ferm\u00e9.<\/li>    <li>Une fois l'\u00e9quipement install\u00e9, fermez l'interrupteur \u00e9lectrique et v\u00e9rifiez si le circuit est connect\u00e9 (le voyant du contr\u00f4leur est allum\u00e9).<\/li>    <li>Appuyez tour \u00e0 tour sur les boutons \u00ab Power On \u00bb et \u00ab Fan Start \u00bb du contr\u00f4leur pour d\u00e9marrer le ventilateur. Et v\u00e9rifiez si la direction du ventilateur est conforme \u00e0 la direction indiqu\u00e9e par la fl\u00e8che et s'il y a un bruit anormal.<\/li> <\/ol>    <h2 class=\"wp-block-heading\">Pr\u00e9cautions avant d'utiliser la machine de s\u00e9chage de noix de cajou en bo\u00eete<\/h2>   <div class=\"wp-block-image size-full wp-image-2443\"> <figure class=\"aligncenter\"><img loading=\"lazy\" decoding=\"async\" width=\"752\" height=\"752\" src=\"https:\/\/www.cashewnut-processing.com\/wp-content\/uploads\/2018\/08\/5-vegetable-dryer-machine-details.jpg\" alt=\"D\u00e9tails de la machine \u00e0 s\u00e9cher les l\u00e9gumes\" class=\"wp-image-2443\" title=\"\" srcset=\"https:\/\/www.cashewnut-processing.com\/wp-content\/uploads\/2018\/08\/5-vegetable-dryer-machine-details.jpg 752w, https:\/\/www.cashewnut-processing.com\/wp-content\/uploads\/2018\/08\/5-vegetable-dryer-machine-details-300x300.jpg 300w, https:\/\/www.cashewnut-processing.com\/wp-content\/uploads\/2018\/08\/5-vegetable-dryer-machine-details-150x150.jpg 150w\" sizes=\"auto, (max-width: 752px) 100vw, 752px\" \/><figcaption class=\"wp-element-caption\">D\u00e9tails de la machine \u00e0 s\u00e9cher les l\u00e9gumes<\/figcaption><\/figure> <\/div>   <ol class=\"wp-block-list\"> <li>Achetez les s\u00e9ries CT, CT-C de fours \u00e0 circulation d'air chaud de notre entreprise (qu'ils soient chauffants \u00e0 vapeur ou \u00e9lectriques, ci-apr\u00e8s d\u00e9nomm\u00e9s fours), si les fours de notre entreprise n'indiquent pas \u00ab\u00a0Autoriser l'utilisation conjointe de mat\u00e9riaux inflammables et explosifs\u00a0\u00bb, inflammable est strictement interdit. Les substances explosives p\u00e9n\u00e8trent dans le four mentionn\u00e9 ci-dessus.<\/li>    <li>Pour le s\u00e9choir \u00e0 noix de cajou utilis\u00e9, nettoyez r\u00e9guli\u00e8rement l'int\u00e9rieur du four, y compris le syst\u00e8me de ventilation et le chauffage. Et nettoyez la poussi\u00e8re accumul\u00e9e sur la surface pour \u00e9viter sa carbonisation et son inflammation.<\/li>    <li>Conform\u00e9ment aux r\u00e8gles nationales d'essai des instruments de mesure, les instruments (instruments primaires et secondaires), les actionneurs de commande automatique, les \u00e9quipements \u00e9lectriques et les circuits utilis\u00e9s dans les fours de notre entreprise sont r\u00e9guli\u00e8rement inspect\u00e9s et mesur\u00e9s pour garantir leur s\u00e9curit\u00e9, leur fiabilit\u00e9 et leur pr\u00e9cision.<\/li>    <li>Pour tous les fours utilis\u00e9s, nettoyez et remplacez r\u00e9guli\u00e8rement les filtres d\u2019entr\u00e9e et de sortie d\u2019air.<\/li>    <li>Lors de l'utilisation du four, il est strictement interdit de rester sans surveillance sur place. En cas de ph\u00e9nom\u00e8ne anormal, coupez imm\u00e9diatement l'alimentation \u00e9lectrique et laissez-la refroidir \u00e0 temp\u00e9rature ambiante avant d'ouvrir la porte.<\/li>    <li>Lorsque l'op\u00e9rateur quitte le chantier apr\u00e8s avoir quitt\u00e9 son travail, l'alimentation \u00e9lectrique principale du four doit \u00eatre coup\u00e9e.<\/li>    <li>Le s\u00e9choir \u00e0 noix de cajou qui n'a pas \u00e9t\u00e9 utilis\u00e9 depuis longtemps peut \u00eatre remis en service apr\u00e8s avoir r\u00e9ex\u00e9cut\u00e9 les \u00e9l\u00e9ments 2, 3 et 4 ci-dessus lorsqu'il est \u00e0 nouveau utilis\u00e9.<\/li> <\/ol>","protected":false},"excerpt":{"rendered":"<p>Le s\u00e9choir \u00e0 noix de cajou est un s\u00e9choir \u00e0 plateaux qui peut s\u00e9cher des noix, des l\u00e9gumes, des m\u00e9dicaments et d'autres produits. Il est en acier inoxydable.<\/p>","protected":false},"author":1,"featured_media":41,"parent":0,"template":"","tags":[6],"product-type":[416],"class_list":["post-40","product","type-product","status-publish","has-post-thumbnail","hentry","tag-cashew-nut-dryer","product-type-roasting-drying-machine"],"_links":{"self":[{"href":"https:\/\/www.cashewnut-processing.com\/fr\/wp-json\/wp\/v2\/product\/40","targetHints":{"allow":["GET"]}}],"collection":[{"href":"https:\/\/www.cashewnut-processing.com\/fr\/wp-json\/wp\/v2\/product"}],"about":[{"href":"https:\/\/www.cashewnut-processing.com\/fr\/wp-json\/wp\/v2\/types\/product"}],"author":[{"embeddable":true,"href":"https:\/\/www.cashewnut-processing.com\/fr\/wp-json\/wp\/v2\/users\/1"}],"wp:featuredmedia":[{"embeddable":true,"href":"https:\/\/www.cashewnut-processing.com\/fr\/wp-json\/wp\/v2\/media\/41"}],"wp:attachment":[{"href":"https:\/\/www.cashewnut-processing.com\/fr\/wp-json\/wp\/v2\/media?parent=40"}],"wp:term":[{"taxonomy":"post_tag","embeddable":true,"href":"https:\/\/www.cashewnut-processing.com\/fr\/wp-json\/wp\/v2\/tags?post=40"},{"taxonomy":"product-type","embeddable":true,"href":"https:\/\/www.cashewnut-processing.com\/fr\/wp-json\/wp\/v2\/product-type?post=40"}],"curies":[{"name":"wp","href":"https:\/\/api.w.org\/{rel}","templated":true}]}}