{"id":34,"date":"2018-08-09T08:51:26","date_gmt":"2018-08-09T08:51:26","guid":{"rendered":"http:\/\/www.cashewnut-processing.com\/?p=34"},"modified":"2025-10-28T15:02:37","modified_gmt":"2025-10-28T07:02:37","slug":"cashew-peeling-machine-2","status":"publish","type":"product","link":"https:\/\/www.cashewnut-processing.com\/fr\/cashew-peeling-machine-2.html","title":{"rendered":"Machine \u00e0 \u00e9plucher les noix de cajou | \u00c9plucheur de lots de noix de cajou"},"content":{"rendered":"La machine \u00e0 \u00e9plucher les noix de cajou est compos\u00e9e d'une tr\u00e9mie, d'un compresseur d'air et d'une sortie. Les noix de cajou pel\u00e9es par l'\u00e9quipement peuvent \u00eatre conditionn\u00e9es dans des sacs pour la vente. La machine a un fonctionnement simple et un rendement \u00e9lev\u00e9. Il est largement utilis\u00e9 dans les usines. <h2 id=\"block-933c0b49-6767-43d2-82fe-3c28d4cd238a\" class=\"block-editor-rich-text__editable block-editor-block-list__block wp-block is-selected rich-text\" tabindex=\"0\" role=\"group\" contenteditable=\"true\" aria-multiline=\"true\" aria-label=\"Bloc\u00a0:\u00a0En-t\u00eate\" data-block=\"933c0b49-6767-43d2-82fe-3c28d4cd238a\" data-type=\"core\/heading\" data-title=\"Heading\"><strong data-rich-text-format-boundary=\"true\">Pr\u00e9sentation de la machine \u00e0 \u00e9plucher les noix de cajou<\/strong><\/h2> La machine \u00e0 \u00e9plucher les noix de cajou peut \u00e9plucher de grandes quantit\u00e9s de noix \u00e0 une vitesse rapide. Par cons\u00e9quent, les machines \u00e0 \u00e9plucher les noix de cajou conviennent aux grandes usines pour produire des noix de cajou en sacs. Les noix de cajou trait\u00e9es par la machine peuvent \u00eatre facilement emball\u00e9es plus tard, puis mises sur le march\u00e9 pour la vente. R\u00e9cemment, <a href=\"https:\/\/www.cashewnut-processing.com\/fr\/cashew-nut-processing-industry-in-vietnam.html\/\">au Vietnam, la machine \u00e0 \u00e9plucher les noix de cajou<\/a> a \u00e9t\u00e9 utilis\u00e9 pour la production. Ou la machine peut \u00e9galement \u00e9plucher l'ail et vous entendrez peut-\u00eatre la machine \u00e0 \u00e9plucher l'ail. En fait, ils ont fondamentalement le m\u00eame principe de fonctionnement.  <div id='gallery-1' class='gallery galleryid-34 gallery-columns-2 gallery-size-thumbnail'><figure class='gallery-item'> \t\t\t<div class='gallery-icon landscape'> \t\t\t\t<a href='https:\/\/www.cashewnut-processing.com\/fr\/cashew-peeling-machine-2.html\/attachment\/008'><img loading=\"lazy\" decoding=\"async\" width=\"150\" height=\"150\" src=\"https:\/\/www.cashewnut-processing.com\/wp-content\/uploads\/2018\/08\/008-150x150.jpg\" class=\"attachment-thumbnail size-thumbnail\" alt=\"machine \u00e0 \u00e9plucher les noix de cajou\" aria-describedby=\"gallery-1-38\" srcset=\"https:\/\/www.cashewnut-processing.com\/wp-content\/uploads\/2018\/08\/008-150x150.jpg 150w, https:\/\/www.cashewnut-processing.com\/wp-content\/uploads\/2018\/08\/008-300x300.jpg 300w, https:\/\/www.cashewnut-processing.com\/wp-content\/uploads\/2018\/08\/008.jpg 750w\" sizes=\"auto, (max-width: 150px) 100vw, 150px\" title=\"\"><\/a> \t\t\t<\/div> \t\t\t\t<figcaption class='wp-caption-text gallery-caption' id='gallery-1-38'> \t\t\t\tmachine \u00e0 \u00e9plucher les noix de cajou \t\t\t\t<\/figcaption><\/figure><figure class='gallery-item'> \t\t\t<div class='gallery-icon landscape'> \t\t\t\t<a href='https:\/\/www.cashewnut-processing.com\/fr\/cashew-peeling-machine-2.html\/attachment\/00-2'><img loading=\"lazy\" decoding=\"async\" width=\"150\" height=\"150\" src=\"https:\/\/www.cashewnut-processing.com\/wp-content\/uploads\/2018\/08\/00-1-150x150.jpg\" class=\"attachment-thumbnail size-thumbnail\" alt=\"\u00e9plucheur m\u00e9canis\u00e9 de noix de cajou\" aria-describedby=\"gallery-1-36\" title=\"\"><\/a> \t\t\t<\/div> \t\t\t\t<figcaption class='wp-caption-text gallery-caption' id='gallery-1-36'> \t\t\t\tMachine \u00e0 \u00e9plucher les noix de cajou \t\t\t\t<\/figcaption><\/figure> \t\t<\/div>  <h2 class=\"block-editor-rich-text__editable block-editor-block-list__block wp-block is-selected rich-text\" tabindex=\"0\" role=\"group\" contenteditable=\"true\" aria-multiline=\"true\" aria-label=\"Bloc\u00a0:\u00a0En-t\u00eate\" data-block=\"496be0f8-b43a-4aac-aa5c-0edf609cb0d8\" data-type=\"core\/heading\" data-title=\"Heading\"><strong data-rich-text-format-boundary=\"true\">Le <\/strong><strong data-rich-text-format-boundary=\"true\">Principe de fonctionnement de la machine \u00e0 \u00e9plucher la peau de noix de cajou<\/strong><\/h2> Il adopte la m\u00e9thode de pelage pneumatique, qui convient au pelage de noix telles que les noix de cajou et les cacahu\u00e8tes. Tout d'abord, mettez les mati\u00e8res premi\u00e8res dans la tr\u00e9mie et les mati\u00e8res premi\u00e8res sont m\u00e9lang\u00e9es \u00e0 l'air sous l'action du <a href=\"https:\/\/en.wikipedia.org\/wiki\/Air_compressor\" target=\"_blank\" rel=\"noopener\">compresseur d'air<\/a> et pel\u00e9. Apr\u00e8s cela, les peaux sont plac\u00e9es dans une sortie tandis que les noix pel\u00e9es sont pouss\u00e9es vers l\u2019autre sortie.  <iframe loading=\"lazy\" title=\"Machine \u00e0 \u00e9plucher les noix de cajou | \u00e9plucheur m\u00e9canis\u00e9 de noix de cajou\" width=\"500\" height=\"281\" src=\"https:\/\/www.youtube.com\/embed\/23TevWIvXck?feature=oembed\" frameborder=\"0\" allow=\"accelerometer; autoplay; clipboard-write; encrypted-media; gyroscope; picture-in-picture; web-share\" referrerpolicy=\"strict-origin-when-cross-origin\" allowfullscreen><\/iframe> <h2 id=\"block-5a32ba2f-6f1f-43ae-89b2-10bd07f19798\" class=\"block-editor-rich-text__editable block-editor-block-list__block wp-block is-selected rich-text\" tabindex=\"0\" role=\"group\" contenteditable=\"true\" aria-multiline=\"true\" aria-label=\"Bloc\u00a0:\u00a0En-t\u00eate\" data-block=\"5a32ba2f-6f1f-43ae-89b2-10bd07f19798\" data-type=\"core\/heading\" data-title=\"Heading\"><strong data-rich-text-format-boundary=\"true\">Comment utiliser la machine \u00e0 \u00e9plucher les noix de cajou\u00a0?<\/strong><\/h2> <ol>  \t<li>Versez les noix de cajou dans la tr\u00e9mie. Nous n\u2019avons pas besoin de faire tremper les noix avant, ce qui est pratique et facile \u00e0 utiliser pour la plupart des gens.<\/li>  \t<li>Allumez l\u2019alimentation de l\u2019\u00e9quipement et attendez un moment.<\/li>  \t<li>Mettez un sac sur la prise et r\u00e9cup\u00e9rez les noix de cajou pel\u00e9es.<\/li> <\/ol> <h2 id=\"h-machine-parameter\"><strong>Param\u00e8tre de la machine<\/strong><\/h2> <!-- \/wp:post-content -->  <!-- wp:table --> <figure class=\"wp-block-table\"> <table style=\"height: 265px;\" width=\"503\"> <tbody> <tr> <td>Mod\u00e8le<\/td> <td>TZ-TP200<\/td> <\/tr> <tr> <td>Dimension<\/td> <td>650*650*1300 millim\u00e8tres<\/td> <\/tr> <tr> <td>Tension<\/td> <td>220 V 50 Hz<\/td> <\/tr> <tr> <td>Pouvoir<\/td> <td>0,2 kW<\/td> <\/tr> <tr> <td>Taux de bombardement<\/td> <td>80-90%<\/td> <\/tr> <tr> <td>Poids<\/td> <td>60 kg<\/td> <\/tr> <tr> <td>Flux d'air<\/td> <td>1,5 m\u00b3\/min<\/td> <\/tr> <tr> <td>Capacit\u00e9<\/td> <td>200kg\/h<\/td> <\/tr> <\/tbody> <\/table> <\/figure> <!-- \/wp:table --> <h2><strong data-rich-text-format-boundary=\"true\">Avantages de l'\u00e9plucheur continu de noix de cajou<\/strong><\/h2> <ol>  \t<li>La surface des aliments ne sera pas endommag\u00e9e et la forte fra\u00eecheur de la noix de cajou restera. La machine ne provoque aucune pollution pour l'environnement.<\/li>  \t<li>Le pelage s'effectue en une seule \u00e9tape, avec une efficacit\u00e9 de production \u00e9lev\u00e9e et moins de risques d'\u00e9chec. Cela pourrait r\u00e9duire les proc\u00e9dures complexes de <a href=\"https:\/\/www.cashewnut-processing.com\/fr\/cashew-nut-from-farm-to-fork.html\/\" target=\"_blank\" rel=\"noreferrer noopener\">les noix de cajou de la ferme au travail<\/a>.<\/li>  \t<li>L'ensemble du processus automatique, y compris le contr\u00f4le de la temp\u00e9rature et la s\u00e9paration automatique des noix de cajou et de la peau, r\u00e9duit les obstacles au fonctionnement.<\/li> <\/ol> <h2 id=\"block-c55abc64-83e9-48d9-b186-361af68f81cc\" class=\"block-editor-rich-text__editable block-editor-block-list__block wp-block is-selected rich-text\" tabindex=\"0\" role=\"group\" contenteditable=\"true\" aria-multiline=\"true\" aria-label=\"Bloc\u00a0:\u00a0En-t\u00eate\" data-block=\"c55abc64-83e9-48d9-b186-361af68f81cc\" data-type=\"core\/heading\" data-title=\"Heading\"><strong data-rich-text-format-boundary=\"true\">Pr\u00e9cautions d'utilisation de la machine \u00e0 \u00e9plucher les noix de cajou<\/strong><\/h2> <ul>  \t<li>Lors du nettoyage de la machine, la premi\u00e8re \u00e9tape consiste \u00e0 couper l\u2019alimentation \u00e9lectrique.<\/li>  \t<li>Lors du nettoyage du corps de la machine, vous pouvez utiliser un chiffon sec pour essuyer la machine au lieu de l'eau.<\/li>  \t<li>La tension utilis\u00e9e par la machine doit \u00eatre la m\u00eame que la tension affich\u00e9e sur la plaque signal\u00e9tique ou \u00e0 10% de la diff\u00e9rence.<\/li> <\/ul> <h2 id=\"block-cad264e4-af9b-4dc3-b471-8d548fc4fd19\" class=\"block-editor-rich-text__editable block-editor-block-list__block wp-block is-selected rich-text\" tabindex=\"0\" role=\"group\" contenteditable=\"true\" aria-multiline=\"true\" aria-label=\"Bloc\u00a0:\u00a0En-t\u00eate\" data-block=\"cad264e4-af9b-4dc3-b471-8d548fc4fd19\" data-type=\"core\/heading\" data-title=\"Heading\"><strong data-rich-text-format-boundary=\"true\">Entretien de l'\u00e9plucheur m\u00e9canis\u00e9 de noix de cajou<\/strong><\/h2> <!-- wp:paragraph -->  La meilleure fa\u00e7on de garantir que la machine \u00e0 \u00e9plucher les noix de cajou ait une longue dur\u00e9e d'utilisation et une efficacit\u00e9 \u00e9lev\u00e9e est un nettoyage et un entretien p\u00e9riodiques. Voici donc les suggestions sur la fa\u00e7on d\u2019entretenir l\u2019\u00e9quipement.  <!-- \/wp:paragraph -->  <!-- wp:list --> <ul>  \t<li>Nettoyez et entretenez r\u00e9guli\u00e8rement la machine. Appliquez de l'huile lubrifiante sur les accessoires si n\u00e9cessaire pour am\u00e9liorer la stabilit\u00e9 et la dur\u00e9e de vie de la machine.<\/li>  \t<li>Certaines pi\u00e8ces doivent \u00eatre remplac\u00e9es r\u00e9guli\u00e8rement, comme la tr\u00e9mie, pour \u00e9viter que la machine ne puisse fonctionner en raison de dommages.<\/li>  \t<li>En cas de dysfonctionnement de la machine, vous devriez faire appel \u00e0 un expert en maintenance professionnel pour la r\u00e9parer afin d'\u00e9viter des dommages plus graves.<\/li> <\/ul>","protected":false},"excerpt":{"rendered":"<p>La machine \u00e0 \u00e9plucher les noix de cajou est compos\u00e9e d'une tr\u00e9mie, d'un compresseur d'air et d'une sortie. La noix de cajou pel\u00e9e peut \u00eatre conditionn\u00e9e dans des sacs pour la vente.<\/p>","protected":false},"author":1,"featured_media":2001,"parent":0,"template":"","tags":[5],"product-type":[417],"class_list":["post-34","product","type-product","status-publish","has-post-thumbnail","hentry","tag-cashew-peeling-machine","product-type-shelling-peeling-machine"],"_links":{"self":[{"href":"https:\/\/www.cashewnut-processing.com\/fr\/wp-json\/wp\/v2\/product\/34","targetHints":{"allow":["GET"]}}],"collection":[{"href":"https:\/\/www.cashewnut-processing.com\/fr\/wp-json\/wp\/v2\/product"}],"about":[{"href":"https:\/\/www.cashewnut-processing.com\/fr\/wp-json\/wp\/v2\/types\/product"}],"author":[{"embeddable":true,"href":"https:\/\/www.cashewnut-processing.com\/fr\/wp-json\/wp\/v2\/users\/1"}],"wp:featuredmedia":[{"embeddable":true,"href":"https:\/\/www.cashewnut-processing.com\/fr\/wp-json\/wp\/v2\/media\/2001"}],"wp:attachment":[{"href":"https:\/\/www.cashewnut-processing.com\/fr\/wp-json\/wp\/v2\/media?parent=34"}],"wp:term":[{"taxonomy":"post_tag","embeddable":true,"href":"https:\/\/www.cashewnut-processing.com\/fr\/wp-json\/wp\/v2\/tags?post=34"},{"taxonomy":"product-type","embeddable":true,"href":"https:\/\/www.cashewnut-processing.com\/fr\/wp-json\/wp\/v2\/product-type?post=34"}],"curies":[{"name":"wp","href":"https:\/\/api.w.org\/{rel}","templated":true}]}}