{"id":28,"date":"2018-08-09T08:48:21","date_gmt":"2018-08-09T08:48:21","guid":{"rendered":"http:\/\/www.cashewnut-processing.com\/?p=28"},"modified":"2025-10-28T15:02:27","modified_gmt":"2025-10-28T07:02:27","slug":"cashew-nut-sieveing-machine","status":"publish","type":"product","link":"https:\/\/www.cashewnut-processing.com\/fr\/cashew-nut-sieveing-machine.html","title":{"rendered":"Machine de classification des noyaux de cajou | Trieur de taille de noyaux de noix de cajou"},"content":{"rendered":"<p class=\"translation-block\">This cashew kernel classifying machine belongs to the final stage of the <a href=\"https:\/\/www.cashewnut-processing.com\/fr\/automatic-cashew-nut-processing-line.html\/\">cashew nut processing machine<\/a>. After sorting, sellers could package cashew by different standards and sell them. This machine also includes three size grades. For the whole operation is automatic, you can easily learn to use the machine.<\/p>    <figure class=\"wp-block-embed is-type-video is-provider-youtube wp-block-embed-youtube wp-embed-aspect-16-9 wp-has-aspect-ratio\"><div class=\"wp-block-embed__wrapper\"> <iframe loading=\"lazy\" title=\"Machine de classification des noix de cajou | calibreuse de noix de cajou\" width=\"500\" height=\"281\" src=\"https:\/\/www.youtube.com\/embed\/WEGV5DSwB5k?feature=oembed\" frameborder=\"0\" allow=\"accelerometer; autoplay; clipboard-write; encrypted-media; gyroscope; picture-in-picture; web-share\" referrerpolicy=\"strict-origin-when-cross-origin\" allowfullscreen><\/iframe> <\/div><\/figure>    <h2 class=\"wp-block-heading\"><strong>Introduction de la machine de classification des noyaux de cajou<\/strong><\/h2>    <p class=\"translation-block\">The cashew kernel size sorter is independently developed by <a href=\"https:\/\/www.cashewnut-processing.com\/fr\/\">Zhengzhou Shuliy Machinery Co., Ltd<\/a>. It is specially designed for grading peeled cashew kernels. And the machine usually includes 3 grades, which could be tailor-made according to the requirements of customers.<\/p>    <p>La niveleuse comprend une tr\u00e9mie, trois couches de rouleaux et des sorties. Avec un rendement \u00e9lev\u00e9 et moins de dommages \u00e0 la forme, ce trieur de tailles pourrait \u00eatre un choix parfait pour les usines de la cha\u00eene de traitement.<\/p>    <figure class=\"wp-block-gallery has-nested-images columns-2 is-cropped wp-block-gallery-2 is-layout-flex wp-block-gallery-is-layout-flex\"> <figure class=\"wp-block-image size-large\"><img loading=\"lazy\" decoding=\"async\" width=\"720\" height=\"540\" data-id=\"1816\" src=\"https:\/\/www.cashewnut-processing.com\/wp-content\/uploads\/2018\/08\/cashew-kernel-classifying-machine-1.jpg\" alt=\"machine de classification des noix de cajou\" class=\"wp-image-1816\" title=\"\" srcset=\"https:\/\/www.cashewnut-processing.com\/wp-content\/uploads\/2018\/08\/cashew-kernel-classifying-machine-1.jpg 720w, https:\/\/www.cashewnut-processing.com\/wp-content\/uploads\/2018\/08\/cashew-kernel-classifying-machine-1-300x225.jpg 300w\" sizes=\"auto, (max-width: 720px) 100vw, 720px\" \/><figcaption class=\"wp-element-caption\">Machine de classification des noyaux de cajou<\/figcaption><\/figure>    <figure class=\"wp-block-image size-large\"><img loading=\"lazy\" decoding=\"async\" width=\"720\" height=\"540\" data-id=\"1778\" src=\"https:\/\/www.cashewnut-processing.com\/wp-content\/uploads\/2018\/08\/cashew-kernel-classifying-machine.jpg\" alt=\"machine de classification des noix de cajou\" class=\"wp-image-1778\" title=\"\" srcset=\"https:\/\/www.cashewnut-processing.com\/wp-content\/uploads\/2018\/08\/cashew-kernel-classifying-machine.jpg 720w, https:\/\/www.cashewnut-processing.com\/wp-content\/uploads\/2018\/08\/cashew-kernel-classifying-machine-300x225.jpg 300w\" sizes=\"auto, (max-width: 720px) 100vw, 720px\" \/><figcaption class=\"wp-element-caption\">Trieur de taille de noyaux de cajou<\/figcaption><\/figure> <\/figure>    <h2 class=\"wp-block-heading\"><strong>Principe de fonctionnement<\/strong><\/h2>    <p class=\"translation-block\">The cashew kernel grader is mainly used for classifying cashew kernels. And the size of <a href=\"https:\/\/en.wikipedia.org\/wiki\/Cashew\" target=\"_blank\" rel=\"noopener\">cashew kernels<\/a> is uneven, it is generally divided into three grades. Or customers could choose their sizes.<\/p>    <p>Sur la photo, nous pouvons voir que la machine est compos\u00e9e de trois couches de rouleaux. Les clients peuvent ajuster l'\u00e9cart entre les rouleaux et obtenir la taille de qualit\u00e9 qu'ils souhaitent.<\/p>    <h2 class=\"wp-block-heading\"><strong>Les avantages de <\/strong><strong>Machine de classification des noyaux de cajou<\/strong><\/h2>    <ul class=\"wp-block-list\"> <li><strong>Op\u00e9ration facile<\/strong><\/li> <\/ul>    <p>L\u2019op\u00e9ration de tri des amandes de cajou est simple et une seule personne peut terminer l\u2019op\u00e9ration.<\/p>    <ul class=\"wp-block-list\"> <li><strong>Traitement intact<\/strong><\/li> <\/ul>    <p>Une conception raisonnable et une structure exquise r\u00e9duisent les dommages caus\u00e9s au noyau lors du tri.<\/p>    <ul class=\"wp-block-list\"> <li><strong>Qualit\u00e9 fiable<\/strong><\/li> <\/ul>    <p>Cette machine a un rendement important, moins de bruit et une garantie d'un an. Et c\u2019est \u00e9galement \u00e9conome en \u00e9nergie.<\/p>    <h2 class=\"wp-block-heading\"><strong>Param\u00e8tre de la machine<\/strong><\/h2>    <figure class=\"wp-block-table\"><table><tbody><tr><td>Mod\u00e8le<\/td><td>Capacit\u00e9<\/td><td>Tension<\/td><td>Taille<\/td><td>Poids<\/td><td>Pouvoir<\/td><\/tr><tr><td>TZ-100<\/td><td>400kg\/h<\/td><td>380V<\/td><td>2,3*0,8*1,6m<\/td><td>180 kg<\/td><td>1,1 kW<\/td><\/tr><\/tbody><\/table><\/figure>    <p>Cette machine de classification des noix de cajou est similaire \u00e0 la machine de classement des noix de cajou brutes. Ils sont tous deux con\u00e7us pour trier les noix de cajou. Mais ils sont utilis\u00e9s \u00e0 diff\u00e9rentes \u00e9tapes de la cha\u00eene de transformation. Et ils transforment diff\u00e9rentes noix de cajou. Les clients peuvent choisir en fonction de leurs besoins de production pour obtenir les meilleurs effets.<\/p>","protected":false},"excerpt":{"rendered":"<p>Cette machine de classification des noix de cajou appartient \u00e0 l'\u00e9tape finale de la ligne de traitement. Gr\u00e2ce au tri, les vendeurs pouvaient emballer et vendre.<\/p>","protected":false},"author":1,"featured_media":7016,"parent":0,"template":"","tags":[173],"product-type":[415],"class_list":["post-28","product","type-product","status-publish","has-post-thumbnail","hentry","tag-cashew-kernel-classifying-machine","product-type-sorting-grading-machine"],"_links":{"self":[{"href":"https:\/\/www.cashewnut-processing.com\/fr\/wp-json\/wp\/v2\/product\/28","targetHints":{"allow":["GET"]}}],"collection":[{"href":"https:\/\/www.cashewnut-processing.com\/fr\/wp-json\/wp\/v2\/product"}],"about":[{"href":"https:\/\/www.cashewnut-processing.com\/fr\/wp-json\/wp\/v2\/types\/product"}],"author":[{"embeddable":true,"href":"https:\/\/www.cashewnut-processing.com\/fr\/wp-json\/wp\/v2\/users\/1"}],"wp:featuredmedia":[{"embeddable":true,"href":"https:\/\/www.cashewnut-processing.com\/fr\/wp-json\/wp\/v2\/media\/7016"}],"wp:attachment":[{"href":"https:\/\/www.cashewnut-processing.com\/fr\/wp-json\/wp\/v2\/media?parent=28"}],"wp:term":[{"taxonomy":"post_tag","embeddable":true,"href":"https:\/\/www.cashewnut-processing.com\/fr\/wp-json\/wp\/v2\/tags?post=28"},{"taxonomy":"product-type","embeddable":true,"href":"https:\/\/www.cashewnut-processing.com\/fr\/wp-json\/wp\/v2\/product-type?post=28"}],"curies":[{"name":"wp","href":"https:\/\/api.w.org\/{rel}","templated":true}]}}