{"id":5,"date":"2018-08-09T07:41:48","date_gmt":"2018-08-09T07:41:48","guid":{"rendered":"http:\/\/www.cashewnut-processing.com\/?page_id=5"},"modified":"2020-10-27T02:38:14","modified_gmt":"2020-10-27T02:38:14","slug":"about-us","status":"publish","type":"page","link":"https:\/\/www.cashewnut-processing.com\/fr\/about-us","title":{"rendered":"\u00c0 propos de nous"},"content":{"rendered":"<p class=\"translation-block\"><strong>Nos principaux produits et march\u00e9s<\/strong><\/p> <p>Nos principaux produits comprennent une d\u00e9cortiqueuse de noix de cajou, un classificateur de noix de cajou, un s\u00e9parateur de coquilles et de noyaux, une machine de cuisson de noix de cajou, une r\u00f4tissoire et d'autres machines de traitement de noix de cajou. Et nous fournissons \u00e9galement une ligne de production pour les petites, moyennes et grandes usines de transformation de noix de cajou. .Ces derni\u00e8res ann\u00e9es, nos produits ont joui d'une grande popularit\u00e9 sur les march\u00e9s d'Am\u00e9rique latine et d'Afrique, comme le Br\u00e9sil, le Maroc, l'Espagne, le Venezuela, les Philippines, l'Indon\u00e9sie et d'autres pays.<\/p> <p class=\"translation-block\"><strong>Notre capacit\u00e9 de R&amp;D<\/strong><\/p> <p>Nous croyons toujours fermement que la technologie est la principale force productive. Guid\u00e9s par un tel concept, nous avons investi beaucoup d\u2019argent dans l\u2019embauche de nombreux experts en m\u00e9canique exceptionnels en tant que consultants, nous avons donc une excellente capacit\u00e9 \u00e0 rechercher et d\u00e9velopper de nouveaux produits et \u00e0 am\u00e9liorer la qualit\u00e9 des machines traditionnelles.<\/p> <p><strong><img loading=\"lazy\" decoding=\"async\" class=\"alignnone wp-image-93\" src=\"http:\/\/www.cashewnut-processing.com\/wp-content\/uploads\/2018\/08\/about-us-1.jpg\" alt=\"\" width=\"789\" height=\"329\" title=\"\"><\/strong><\/p> <p class=\"translation-block\"><strong>Notre QC et notre service<\/strong><\/p> <p>Nous visons toujours l'excellence. Gr\u00e2ce \u00e0 une main-d'\u0153uvre bien form\u00e9e, un syst\u00e8me d'assurance qualit\u00e9 strict, une gestion optimis\u00e9e de l'ensemble du processus de production et des syst\u00e8mes de service apr\u00e8s-vente parfaits, nos produits et services sont tr\u00e8s appr\u00e9ci\u00e9s par les clients nationaux et \u00e9trangers. Bas\u00e9 sur le principe de la qualit\u00e9, de la bonne r\u00e9putation et du client d'abord, nous avons la foi de cr\u00e9er des produits de haute qualit\u00e9 parmi les industries concern\u00e9es et d'offrir d'excellentes performances depuis des lustres. Nous nous engageons grandement \u00e0 fournir des produits de qualit\u00e9 sup\u00e9rieure et un service satisfaisant \u00e0 tous. clients, et nous attendons avec impatience une coop\u00e9ration sinc\u00e8re avec eux pour un avenir radieux. Notre entreprise vise \u00e0 innover dans la pratique et \u00e0 fournir une garantie fiable de la production \u00e0 la vente. Notre d\u00e9claration de qualit\u00e9 se r\u00e9sume en un seul mot \u2013 engagement \u2013 \u200b\u200benvers l\u2019agriculture, les agriculteurs et les consommateurs de produits, que nous nous effor\u00e7ons de respecter chaque jour.<\/p> <p class=\"translation-block\"><strong>Nos objectifs pour l'Afrique<\/strong><\/p> <p>Depuis la cr\u00e9ation de la R\u00e9publique populaire de Chine en 1949, elle a toujours accord\u00e9 une grande attention \u00e0 l'agriculture. Aujourd'hui, la Chine est l'un des plus grands pays agricoles au monde. Le gouvernement chinois appelle les entreprises chinoises \u00e0 aider et \u00e0 soutenir le d\u00e9veloppement de l'Afrique ces derni\u00e8res ann\u00e9es. En tant que l'un des fournisseurs agricoles les plus professionnels en Chine, notre soci\u00e9t\u00e9 a acquis une grande exp\u00e9rience dans le domaine des machines agricoles et ma\u00eetrise la technologie de pointe au cours de son d\u00e9veloppement depuis 70 ans. Nous r\u00e9pondons positivement \u00e0 la politique du gouvernement et participons \u00e0 des expositions, enqu\u00eatant sur le march\u00e9 africain et fournir nos machines agricoles \u00e0 bas prix et de haute qualit\u00e9. Nous resterons notre premi\u00e8re aspiration \u00e0 aider les agriculteurs \u00e0 r\u00e9colter davantage de c\u00e9r\u00e9ales et \u00e0 r\u00e9soudre le probl\u00e8me de l'alimentation et de l'agriculture. Nous aimons le monde et la paix et visons \u00e0 nous unir dans des efforts concert\u00e9s avec nos amis africains pour cr\u00e9er une vie belle.<\/p>","protected":false},"excerpt":{"rendered":"<p>Our Main Products and Market Our main products include a cashew nut shelling machine, cashew nut classifier, shell and kernel separator, cashew nut cooking machine, roasting machine, and other cashew nut processing machines. And we also provide a production line for small, medium, and large cashew nuts processing plant. .In recent years,our products have enjoyed [&hellip;]<\/p>\n","protected":false},"author":1,"featured_media":0,"parent":0,"menu_order":0,"comment_status":"open","ping_status":"closed","template":"","meta":{"footnotes":""},"class_list":["post-5","page","type-page","status-publish","hentry"],"_links":{"self":[{"href":"https:\/\/www.cashewnut-processing.com\/fr\/wp-json\/wp\/v2\/pages\/5","targetHints":{"allow":["GET"]}}],"collection":[{"href":"https:\/\/www.cashewnut-processing.com\/fr\/wp-json\/wp\/v2\/pages"}],"about":[{"href":"https:\/\/www.cashewnut-processing.com\/fr\/wp-json\/wp\/v2\/types\/page"}],"author":[{"embeddable":true,"href":"https:\/\/www.cashewnut-processing.com\/fr\/wp-json\/wp\/v2\/users\/1"}],"replies":[{"embeddable":true,"href":"https:\/\/www.cashewnut-processing.com\/fr\/wp-json\/wp\/v2\/comments?post=5"}],"version-history":[{"count":0,"href":"https:\/\/www.cashewnut-processing.com\/fr\/wp-json\/wp\/v2\/pages\/5\/revisions"}],"wp:attachment":[{"href":"https:\/\/www.cashewnut-processing.com\/fr\/wp-json\/wp\/v2\/media?parent=5"}],"curies":[{"name":"wp","href":"https:\/\/api.w.org\/{rel}","templated":true}]}}