{"id":7355,"date":"2026-04-27T10:47:19","date_gmt":"2026-04-27T02:47:19","guid":{"rendered":"https:\/\/www.cashewnut-processing.com\/?post_type=product&#038;p=7355"},"modified":"2026-04-27T16:24:45","modified_gmt":"2026-04-27T08:24:45","slug":"hazelnut-opening-line","status":"publish","type":"product","link":"https:\/\/www.cashewnut-processing.com\/es\/hazelnut-opening-line.html","title":{"rendered":"L\u00ednea de apertura de avellanas: Soluci\u00f3n automatizada de procesamiento de frutos secos"},"content":{"rendered":"<p>\u00bfBusca mejorar sus capacidades de procesamiento de nueces, garantizar una calidad superior del producto y aumentar la eficiencia de producci\u00f3n? La l\u00ednea de apertura de avellanas de Shuliy Machinery es la soluci\u00f3n automatizada definitiva dise\u00f1ada para su \u00e9xito. Este sistema completo est\u00e1 dise\u00f1ado para crear con precisi\u00f3n una ranura uniforme en las c\u00e1scaras de las avellanas, optimizando todo el proceso desde las nueces crudas hasta productos listos para el mercado.<\/p>    <p>Our expertise is in providing turnkey solutions. This state-of-the-art hazelnut opening line is more than just machinery; it&#8217;s a comprehensive system built to drive your business forward and deliver an exceptional return on investment.<\/p>    <h2 class=\"wp-block-heading\">Desde la avellana cruda hasta un producto premium<\/h2>    <ul class=\"wp-block-list\"> <li><strong>Materia prima:<\/strong> Avellanas enteras, sin c\u00e1scara.<\/li>    <li><strong>Producto terminado:<\/strong> Avellanas con una ranura limpia y uniforme. Esto no solo a\u00f1ade valor est\u00e9tico y comodidad para el consumidor, sino que tambi\u00e9n permite una penetraci\u00f3n m\u00e1s profunda de sabor durante el tostado y sazonado posteriores, aumentando significativamente el valor de mercado de su producto.<\/li> <\/ul>   <div class=\"wp-block-image\"> <figure class=\"aligncenter size-full\"><img loading=\"lazy\" decoding=\"async\" width=\"719\" height=\"540\" src=\"https:\/\/www.cashewnut-processing.com\/wp-content\/uploads\/2026\/04\/Shelled-hazelnuts.png\" alt=\"Avellanas peladas\" class=\"wp-image-7359\" title=\"\" srcset=\"https:\/\/www.cashewnut-processing.com\/wp-content\/uploads\/2026\/04\/Shelled-hazelnuts.png 719w, https:\/\/www.cashewnut-processing.com\/wp-content\/uploads\/2026\/04\/Shelled-hazelnuts-300x225.png 300w, https:\/\/www.cashewnut-processing.com\/wp-content\/uploads\/2026\/04\/Shelled-hazelnuts-16x12.png 16w\" sizes=\"auto, (max-width: 719px) 100vw, 719px\" \/><figcaption class=\"wp-element-caption\">Avellanas peladas<\/figcaption><\/figure> <\/div>   <h2 class=\"wp-block-heading\">Nuestro flujo de trabajo integrado: c\u00f3mo automatizamos su \u00e9xito<\/h2>    <p>La l\u00ednea de apertura de avellanas de Shuliy transforma una tarea compleja y laboriosa en un flujo de trabajo automatizado y sin problemas. As\u00ed funciona nuestra soluci\u00f3n de procesamiento de nueces:<\/p>    <ul class=\"wp-block-list\"> <li><strong>Suavizado y preparaci\u00f3n de la c\u00e1scara:<\/strong> Las avellanas crudas se remojan primero en agua tibia usando nuestra m\u00e1quina de remojo de avellanas. Este paso cr\u00edtico suaviza la c\u00e1scara dura, lo cual es esencial para lograr una alta tasa de apertura y minimizar la rotura de nueces.<\/li>    <li><strong>Alimentaci\u00f3n automatizada:<\/strong> Despu\u00e9s de remojar, las avellanas se transfieren mediante una cinta transportadora a la tolva de la m\u00e1quina de apertura.<\/li>    <li><strong>Apertura de precisi\u00f3n:<\/strong> Dentro de la m\u00e1quina de romper avellanas, las nueces se procesan mediante discos de extrusi\u00f3n especialmente dise\u00f1ados. Con tecnolog\u00eda asistida por vapor, se realiza una ranura precisa y uniforme en cada c\u00e1scara.<\/li>    <li><strong>Transporte del producto terminado:<\/strong> Las avellanas perfectamente abiertas se descargan en una cinta transportadora, listas para la siguiente etapa, como secado, sazonado o envasado inmediato.<\/li> <\/ul>    <h2 class=\"wp-block-heading\">Componentes principales de la l\u00ednea de apertura de avellanas<\/h2>    <p>Nuestra l\u00ednea de producci\u00f3n es modular, permiti\u00e9ndole construir un sistema que se adapte perfectamente a sus necesidades operativas y presupuesto.<\/p>    <ul class=\"wp-block-list\"> <li><strong>M\u00e1quina de remojo de avellanas:<\/strong> Una unidad preparatoria esencial que utiliza agua tibia para suavizar las c\u00e1scaras, mejorando dr\u00e1sticamente la eficiencia de toda la configuraci\u00f3n de la m\u00e1quina de procesamiento de avellanas.<\/li>    <li><strong>M\u00e1quina de apertura de avellanas:<\/strong> Este es el coraz\u00f3n de la l\u00ednea. Utilizando una combinaci\u00f3n de presi\u00f3n mec\u00e1nica y vapor, crea la apertura perfecta. Ofrecemos varios modelos, incluyendo configuraciones de 10, 15 y 20 canales, para satisfacer diversas demandas de producci\u00f3n. Esta m\u00e1quina es un cambio de juego para cualquier operaci\u00f3n seria de c\u00e1scara de nueces.<\/li>    <li><strong>M\u00e1quina de secado de avellanas:<\/strong> After opening, the nuts can be moved to an industrial hazelnut drying machine to reduce moisture content. This improves the nut&#8217;s texture, enhances flavor, and extends shelf life.<\/li>    <li><strong>M\u00e1quina de envasado de avellanas:<\/strong> Ofrecemos soluciones completas de envasado, incluyendo sistemas de vac\u00edo y bolsas. Un envasado adecuado con una m\u00e1quina de envasado de avellanas de calidad protege el producto final de la humedad y la oxidaci\u00f3n, preservando su frescura para mercados minoristas y de exportaci\u00f3n.<\/li> <\/ul>   <div class=\"wp-block-image\"> <figure class=\"aligncenter size-full\"><img loading=\"lazy\" decoding=\"async\" width=\"720\" height=\"540\" src=\"https:\/\/www.cashewnut-processing.com\/wp-content\/uploads\/2026\/04\/Inside-the-soaking-tank.png\" alt=\"Dentro del tanque de remojo\" class=\"wp-image-7358\" title=\"\" srcset=\"https:\/\/www.cashewnut-processing.com\/wp-content\/uploads\/2026\/04\/Inside-the-soaking-tank.png 720w, https:\/\/www.cashewnut-processing.com\/wp-content\/uploads\/2026\/04\/Inside-the-soaking-tank-300x225.png 300w, https:\/\/www.cashewnut-processing.com\/wp-content\/uploads\/2026\/04\/Inside-the-soaking-tank-16x12.png 16w\" sizes=\"auto, (max-width: 720px) 100vw, 720px\" \/><figcaption class=\"wp-element-caption\">Dentro del tanque de remojo<\/figcaption><\/figure> <\/div>   <h2 class=\"wp-block-heading\">Historia de \u00e9xito: una soluci\u00f3n personalizada para nuestro cliente en Uzbekist\u00e1n<\/h2>    <p>El Sr. MakhmudJon, un empresario innovador de Uzbekist\u00e1n, se asoci\u00f3 con Shuliy Machinery para expandir su negocio de procesamiento de nueces.<\/p>    <ul class=\"wp-block-list\"> <li><strong>Client&#8217;s Goal:<\/strong> Requiri\u00f3 una l\u00ednea de apertura de avellanas automatizada de alta capacidad compatible con el est\u00e1ndar de energ\u00eda local de 380V.<\/li>    <li><strong>Shuliy&#8217;s Solution:<\/strong> We configured and delivered a &#8220;three-group, 15-channel&#8221; line tailored to his exact needs. <ul class=\"wp-block-list\"> <li>Capacidad: La l\u00ednea logra una producci\u00f3n constante de 350-450 kg\/h, coincidiendo perfectamente con sus objetivos de producci\u00f3n.<\/li>    <li>Configuraci\u00f3n: La soluci\u00f3n llave en mano de 35,000 USD inclu\u00eda una tolva de 4 m\u00b3, transportadores de alimentaci\u00f3n, la m\u00e1quina de apertura de avellanas de 15 canales y transportadores de salida.<\/li>    <li>Construcci\u00f3n de calidad: Los componentes clave fueron fabricados en acero inoxidable 201 para garantizar la seguridad alimentaria y la durabilidad a largo plazo.<\/li> <\/ul> <\/li>    <li><strong>Resultado:<\/strong> El Sr. MakhmudJon lanz\u00f3 con \u00e9xito su producci\u00f3n automatizada, entregando avellanas abiertas de alta calidad de manera constante a su mercado. Esta inversi\u00f3n se ha convertido en un motor potente para el crecimiento de su negocio.<\/li> <\/ul>    <h2 class=\"wp-block-heading\">Especificaciones t\u00e9cnicas de un vistazo<\/h2>    <figure class=\"wp-block-table\"><table><thead><tr><th class=\"has-text-align-left\" data-align=\"left\">Modelo<\/th><th class=\"has-text-align-left\" data-align=\"left\">Dos grupos (10 canales)<\/th><th class=\"has-text-align-left\" data-align=\"left\"><strong>Tres grupos (15 canales)<\/strong><\/th><th class=\"has-text-align-left\" data-align=\"left\">Cuatro grupos (20 canales)<\/th><\/tr><\/thead><tbody><tr><td class=\"has-text-align-left\" data-align=\"left\"><strong>Capacidad<\/strong><\/td><td class=\"has-text-align-left\" data-align=\"left\">250-300 kg\/h<\/td><td class=\"has-text-align-left\" data-align=\"left\"><strong>350-450 kg\/h<\/strong><\/td><td class=\"has-text-align-left\" data-align=\"left\">500-600 kg\/h<\/td><\/tr><tr><td class=\"has-text-align-left\" data-align=\"left\"><strong>Potencia total<\/strong><\/td><td class=\"has-text-align-left\" data-align=\"left\">13.1 kW<\/td><td class=\"has-text-align-left\" data-align=\"left\"><strong>16 kW<\/strong><\/td><td class=\"has-text-align-left\" data-align=\"left\">18 kW<\/td><\/tr><tr><td class=\"has-text-align-left\" data-align=\"left\"><strong>Evaporaci\u00f3n por vapor<\/strong><\/td><td class=\"has-text-align-left\" data-align=\"left\">70-90 kg\/h<\/td><td class=\"has-text-align-left\" data-align=\"left\"><strong>80-110 kg\/h<\/strong><\/td><td class=\"has-text-align-left\" data-align=\"left\">80-110 kg\/h<\/td><\/tr><\/tbody><\/table><\/figure>    <p class=\"translation-block\"><em>(Nota: Las especificaciones anteriores son para nuestros modelos est\u00e1ndar. Todo el equipo puede ser completamente personalizado seg\u00fan sus requisitos de producci\u00f3n, distribuci\u00f3n de la f\u00e1brica y est\u00e1ndares de voltaje locales.)<\/em><\/p>    <h2 class=\"wp-block-heading\">\u00bfPor qu\u00e9 asociarse con Shuliy Machinery?<\/h2>    <ul class=\"wp-block-list\"> <li><strong>Rentabilidad:<\/strong> Nuestras l\u00edneas automatizadas reducen dr\u00e1sticamente los costos laborales, minimizan el desperdicio de material y aumentan el valor de su producto final.<\/li>    <li><strong>Flexibilidad:<\/strong> Ya sea que necesite una sola m\u00e1quina o una l\u00ednea completa de apertura de avellanas, nuestros dise\u00f1os modulares se adaptan a sus objetivos comerciales. Nuestra experiencia tambi\u00e9n se extiende a otras nueces, con soluciones probadas como nuestra l\u00ednea de producci\u00f3n de c\u00e1scara de almendra y m\u00e1quina de c\u00e1scara de nuez.<\/li>    <li><strong>Personalizaci\u00f3n:<\/strong> We don&#8217;t believe in one-size-fits-all. We analyze your needs to provide a truly tailored processing solution.<\/li>    <li><strong>Confianza global:<\/strong> Con instalaciones exitosas en todo el mundo, Shuliy Machinery es un nombre reconocido y confiable a nivel global en tecnolog\u00eda de procesamiento de nueces.<\/li> <\/ul>","protected":false},"excerpt":{"rendered":"<p>Are you looking to enhance your nut processing capabilities, ensure superior product quality, and boost production efficiency? The Hazelnut Opening Line from Shuliy Machinery is the definitive automated solution engineered for your success. This complete system is designed to precisely create a uniform slit on hazelnut shells, streamlining the entire process from raw nuts to [&hellip;]<\/p>\n","protected":false},"author":1,"featured_media":7357,"parent":0,"template":"","tags":[],"product-type":[12],"class_list":["post-7355","product","type-product","status-publish","has-post-thumbnail","hentry","product-type-nut-processing-line"],"_links":{"self":[{"href":"https:\/\/www.cashewnut-processing.com\/es\/wp-json\/wp\/v2\/product\/7355","targetHints":{"allow":["GET"]}}],"collection":[{"href":"https:\/\/www.cashewnut-processing.com\/es\/wp-json\/wp\/v2\/product"}],"about":[{"href":"https:\/\/www.cashewnut-processing.com\/es\/wp-json\/wp\/v2\/types\/product"}],"author":[{"embeddable":true,"href":"https:\/\/www.cashewnut-processing.com\/es\/wp-json\/wp\/v2\/users\/1"}],"wp:featuredmedia":[{"embeddable":true,"href":"https:\/\/www.cashewnut-processing.com\/es\/wp-json\/wp\/v2\/media\/7357"}],"wp:attachment":[{"href":"https:\/\/www.cashewnut-processing.com\/es\/wp-json\/wp\/v2\/media?parent=7355"}],"wp:term":[{"taxonomy":"post_tag","embeddable":true,"href":"https:\/\/www.cashewnut-processing.com\/es\/wp-json\/wp\/v2\/tags?post=7355"},{"taxonomy":"product-type","embeddable":true,"href":"https:\/\/www.cashewnut-processing.com\/es\/wp-json\/wp\/v2\/product-type?post=7355"}],"curies":[{"name":"wp","href":"https:\/\/api.w.org\/{rel}","templated":true}]}}