{"id":7289,"date":"2026-01-26T16:02:02","date_gmt":"2026-01-26T08:02:02","guid":{"rendered":"https:\/\/www.cashewnut-processing.com\/?post_type=product&#038;p=7289"},"modified":"2026-01-27T14:30:31","modified_gmt":"2026-01-27T06:30:31","slug":"peanut-brittle-production-line","status":"publish","type":"product","link":"https:\/\/www.cashewnut-processing.com\/es\/peanut-brittle-production-line.html","title":{"rendered":"L\u00ednea de producci\u00f3n de alto rendimiento de caramelo de man\u00ed"},"content":{"rendered":"<p>Shuliy Machinery&#8217;s peanut brittle production line is a fully automated solution engineered for the efficient, large-scale production of high-quality peanut brittle, nut bars, and other confectionery snacks. This integrated system is designed to boost your output, ensure product consistency, and reduce labor costs, making it the ideal investment for modern food processing enterprises.<\/p>    <p>Este art\u00edculo detalla una l\u00ednea representativa de 300-400kg\/h. Tenga en cuenta que nos especializamos en personalizar cada soluci\u00f3n para cumplir con sus objetivos de producci\u00f3n espec\u00edficos y necesidades del mercado.<\/p>    <h2 class=\"wp-block-heading\">Ventajas clave de nuestra l\u00ednea de producci\u00f3n<\/h2>    <ul class=\"wp-block-list\"> <li><strong>Alta automatizaci\u00f3n:<\/strong> Reduce significativamente el trabajo manual, minimiza errores operativos y disminuye los costos de producci\u00f3n a largo plazo.<\/li>    <li><strong>Calidad consistente:<\/strong> El proceso automatizado asegura que cada barra tenga un grosor, tama\u00f1o y sabor uniformes para un producto final de primera calidad.<\/li>    <li><strong>Durabilidad apta para alimentos:<\/strong> Los componentes clave est\u00e1n fabricados con acero inoxidable de alta calidad, garantizando durabilidad y cumplimiento con las normas internacionales de seguridad alimentaria.<\/li>    <li><strong>Versatilidad de producci\u00f3n:<\/strong> Esta l\u00ednea no se limita a un solo producto. Su dise\u00f1o adaptable permite la producci\u00f3n diversa de barras de snack.<\/li> <\/ul>    <h2 class=\"wp-block-heading\">Materias primas y productos terminados vers\u00e1tiles<\/h2>    <p>Aunque es perfecta para el turr\u00f3n de cacahuete cl\u00e1sico, la verdadera fortaleza de esta l\u00ednea de producci\u00f3n de turr\u00f3n de cacahuete radica en su versatilidad. Puede adaptar f\u00e1cilmente su producci\u00f3n para satisfacer las tendencias cambiantes del mercado.<\/p>    <figure class=\"wp-block-image size-full\"><img loading=\"lazy\" decoding=\"async\" width=\"720\" height=\"540\" src=\"https:\/\/www.cashewnut-processing.com\/wp-content\/uploads\/2026\/01\/final-products-of-our-peanut-brittle-production-line.webp\" alt=\"final products of our peanut brittle production line\" class=\"wp-image-7290\" title=\"\" srcset=\"https:\/\/www.cashewnut-processing.com\/wp-content\/uploads\/2026\/01\/final-products-of-our-peanut-brittle-production-line.webp 720w, https:\/\/www.cashewnut-processing.com\/wp-content\/uploads\/2026\/01\/final-products-of-our-peanut-brittle-production-line-300x225.webp 300w, https:\/\/www.cashewnut-processing.com\/wp-content\/uploads\/2026\/01\/final-products-of-our-peanut-brittle-production-line-16x12.webp 16w\" sizes=\"auto, (max-width: 720px) 100vw, 720px\" \/><figcaption class=\"wp-element-caption\">Productos finales de nuestra l\u00ednea de producci\u00f3n de turr\u00f3n de cacahuete<\/figcaption><\/figure>    <p class=\"translation-block\"><strong>Materias primas aplicables:<\/strong><\/p>    <ul class=\"wp-block-list\"> <li>Nueces: cacahuetes, almendras, nueces, anacardos, avellanas.<\/li>    <li>Semillas: semillas de s\u00e9samo, semillas de girasol, semillas de calabaza.<\/li>    <li>Granos y cereales: arroz inflado, avena, granola, cereales crujientes.<\/li>    <li>Frutas: se pueden mezclar frutas secas como pasas o ar\u00e1ndanos.<\/li>    <li>Aglutinante: az\u00facar, jarabe, miel o chocolate.<\/li> <\/ul>    <p class=\"translation-block\"><strong>Aplicaciones del producto terminado:<\/strong><\/p>    <ul class=\"wp-block-list\"> <li>Turr\u00f3n de cacahuete (Peanut Chikki)<\/li>    <li>Barras de caramelos de s\u00e9samo<\/li>    <li>Barritas de almendra y nueces mixtas<\/li>    <li>Barras de granola y barras de cereales<\/li>    <li>Barras energ\u00e9ticas<\/li> <\/ul>    <h2 class=\"wp-block-heading\">Nuestro flujo de trabajo automatizado: desde el ingrediente hasta el producto final<\/h2>    <h3 class=\"wp-block-heading\">1. <a href=\"https:\/\/www.cashewnut-processing.com\/es\/cashew-peanut-roasting-machine.html\/\" data-type=\"link\" data-id=\"https:\/\/www.cashewnut-processing.com\/cashew-peanut-roasting-machine.html\">M\u00e1quina de tostado<\/a><\/h3>    <p>Esta m\u00e1quina utiliza un tambor giratorio calefactado el\u00e9ctricamente de manera constante para garantizar que cada nuez se tueste de manera uniforme, desbloqueando el m\u00e1ximo sabor y un aroma perfecto.<\/p>    <div class=\"wp-block-media-text is-stacked-on-mobile\"><figure class=\"wp-block-media-text__media\"><img loading=\"lazy\" decoding=\"async\" width=\"720\" height=\"540\" src=\"https:\/\/www.cashewnut-processing.com\/wp-content\/uploads\/2025\/10\/peanuts-roasting-machine.webp\" alt=\"peanuts roasting machine\" class=\"wp-image-7254 size-full\" title=\"\" srcset=\"https:\/\/www.cashewnut-processing.com\/wp-content\/uploads\/2025\/10\/peanuts-roasting-machine.webp 720w, https:\/\/www.cashewnut-processing.com\/wp-content\/uploads\/2025\/10\/peanuts-roasting-machine-300x225.webp 300w, https:\/\/www.cashewnut-processing.com\/wp-content\/uploads\/2025\/10\/peanuts-roasting-machine-16x12.webp 16w\" sizes=\"auto, (max-width: 720px) 100vw, 720px\" \/><\/figure><div class=\"wp-block-media-text__content\"> <ul class=\"wp-block-list\"> <li>Capacidad: 80-120 kg\/h<\/li>    <li>Potencia del motor: 1.1kw<\/li>    <li>Potencia de calefacci\u00f3n: 23kw<\/li> <\/ul> <\/div><\/div>    <h3 class=\"wp-block-heading\">2. M\u00e1quina de pelado de cacahuetes<\/h3>    <p>Utilizando un sistema de rodillos de fricci\u00f3n suave, este pelador elimina eficientemente las pieles de los cacahuetes tostados con una tasa de pureza alta, asegurando una apariencia limpia para el producto final sin da\u00f1ar las nueces.<\/p>    <div class=\"wp-block-media-text is-stacked-on-mobile\"><figure class=\"wp-block-media-text__media\"><img loading=\"lazy\" decoding=\"async\" width=\"720\" height=\"540\" src=\"https:\/\/www.cashewnut-processing.com\/wp-content\/uploads\/2025\/10\/dry-peanut-peeler.webp\" alt=\"dry peanut peeler\" class=\"wp-image-7243 size-full\" title=\"\" srcset=\"https:\/\/www.cashewnut-processing.com\/wp-content\/uploads\/2025\/10\/dry-peanut-peeler.webp 720w, https:\/\/www.cashewnut-processing.com\/wp-content\/uploads\/2025\/10\/dry-peanut-peeler-300x225.webp 300w, https:\/\/www.cashewnut-processing.com\/wp-content\/uploads\/2025\/10\/dry-peanut-peeler-16x12.webp 16w\" sizes=\"auto, (max-width: 720px) 100vw, 720px\" \/><\/figure><div class=\"wp-block-media-text__content\"> <ul class=\"wp-block-list\"> <li>Capacidad: 200-300 kg\/h<\/li>    <li>Tasa de pureza: 98%<\/li> <\/ul> <\/div><\/div>    <h3 class=\"wp-block-heading\">3. Olla de az\u00facar hervida<\/h3>    <p>Esta olla de acero inoxidable 304 con recubrimiento aislante utiliza calefacci\u00f3n el\u00e9ctrica estable y un agitador integrado para producir un jarabe de aglutinante perfectamente consistente, evitando quemaduras y asegurando calidad uniforme.<\/p>    <div class=\"wp-block-media-text is-stacked-on-mobile\"><figure class=\"wp-block-media-text__media\"><img loading=\"lazy\" decoding=\"async\" width=\"720\" height=\"540\" src=\"https:\/\/www.cashewnut-processing.com\/wp-content\/uploads\/2026\/01\/sugar-boiled-pot.webp\" alt=\"sugar boiled pot\" class=\"wp-image-7294 size-full\" title=\"\" srcset=\"https:\/\/www.cashewnut-processing.com\/wp-content\/uploads\/2026\/01\/sugar-boiled-pot.webp 720w, https:\/\/www.cashewnut-processing.com\/wp-content\/uploads\/2026\/01\/sugar-boiled-pot-300x225.webp 300w, https:\/\/www.cashewnut-processing.com\/wp-content\/uploads\/2026\/01\/sugar-boiled-pot-16x12.webp 16w\" sizes=\"auto, (max-width: 720px) 100vw, 720px\" \/><\/figure><div class=\"wp-block-media-text__content\"> <ul class=\"wp-block-list\"> <li>Capacidad: 200L<\/li>    <li>Potencia: 18kw<\/li>    <li>Caracter\u00edsticas: Cuerpo inclinable para facilitar el descarga, acero inoxidable 304 apto para alimentos<\/li> <\/ul> <\/div><\/div>    <h3 class=\"wp-block-heading\">4. M\u00e1quina de mezcla de materiales<\/h3>    <p>Designed for perfect blending, this machine features a heated, insulated pot that maintains the syrup&#8217;s temperature while its powerful arm thoroughly coats every ingredient for a homogenous mixture.<\/p>    <ul class=\"wp-block-list\"> <li>Capacidad: 15 kg\/lote<\/li>    <li>Potencia: 1.1kw<\/li>    <li>Caracter\u00edstica: olla de doble nivel para conservaci\u00f3n del calor<\/li> <\/ul>    <h3 class=\"wp-block-heading\">5. M\u00e1quina de formaci\u00f3n y corte<\/h3>    <p>Este es el n\u00facleo de la l\u00ednea. Utiliza una serie de rodillos de presi\u00f3n ajustables para aplanar la mezcla en una losa uniforme, y luego emplea un conjunto de cuchillas longitudinales y transversales precisas para cortarla en las dimensiones deseadas del producto.<\/p>    <div class=\"wp-block-media-text is-stacked-on-mobile\"><figure class=\"wp-block-media-text__media\"><img loading=\"lazy\" decoding=\"async\" width=\"720\" height=\"540\" src=\"https:\/\/www.cashewnut-processing.com\/wp-content\/uploads\/2026\/01\/Peanut-brittle-molding-and-cutting-machine.webp\" alt=\"M\u00e1quina de moldeo y corte de turr\u00f3n de cacahuete\" class=\"wp-image-7291 size-full\" title=\"\" srcset=\"https:\/\/www.cashewnut-processing.com\/wp-content\/uploads\/2026\/01\/Peanut-brittle-molding-and-cutting-machine.webp 720w, https:\/\/www.cashewnut-processing.com\/wp-content\/uploads\/2026\/01\/Peanut-brittle-molding-and-cutting-machine-300x225.webp 300w, https:\/\/www.cashewnut-processing.com\/wp-content\/uploads\/2026\/01\/Peanut-brittle-molding-and-cutting-machine-16x12.webp 16w\" sizes=\"auto, (max-width: 720px) 100vw, 720px\" \/><\/figure><div class=\"wp-block-media-text__content\"> <ul class=\"wp-block-list\"> <li>Capacidad: 300-400 kg\/h<\/li>    <li>Potencia: 2.5kw<\/li>    <li>Ancho de banda: 560 mm (grosor de formaci\u00f3n ajustable)<\/li> <\/ul> <\/div><\/div>    <h3 class=\"wp-block-heading\">6. Transportador de enfriamiento<\/h3>    <p>Las barras reci\u00e9n cortadas se transfieren a esta cinta transportadora. El tiempo de viaje extendido permite que los productos se enfr\u00eden y endurezcan naturalmente, d\u00e1ndoles la textura crujiente perfecta antes del envasado.<\/p>    <ul class=\"wp-block-list\"> <li>Potencia: 0.37kw<\/li>    <li>Dimensiones: 5000*1000*800 mm (longitud personalizable)<\/li> <\/ul>    <h3 class=\"wp-block-heading\">7. M\u00e1quina de envasado autom\u00e1tica<\/h3>    <p>Esta m\u00e1quina proporciona el toque profesional final, envolviendo y sellando autom\u00e1ticamente cada barra. Puede estar equipada con una funci\u00f3n de codificaci\u00f3n para imprimir fechas o n\u00fameros de lote para una trazabilidad completa.<\/p>    <div class=\"wp-block-media-text is-stacked-on-mobile\"><figure class=\"wp-block-media-text__media\"><img loading=\"lazy\" decoding=\"async\" width=\"720\" height=\"540\" src=\"https:\/\/www.cashewnut-processing.com\/wp-content\/uploads\/2026\/01\/peanut-packaging-machine.webp\" alt=\"peanut packaging machine\" class=\"wp-image-7293 size-full\" title=\"\" srcset=\"https:\/\/www.cashewnut-processing.com\/wp-content\/uploads\/2026\/01\/peanut-packaging-machine.webp 720w, https:\/\/www.cashewnut-processing.com\/wp-content\/uploads\/2026\/01\/peanut-packaging-machine-300x225.webp 300w, https:\/\/www.cashewnut-processing.com\/wp-content\/uploads\/2026\/01\/peanut-packaging-machine-16x12.webp 16w\" sizes=\"auto, (max-width: 720px) 100vw, 720px\" \/><\/figure><div class=\"wp-block-media-text__content\"> <ul class=\"wp-block-list\"> <li>Potencia: 1.92kw<\/li>    <li>Ancho m\u00e1ximo de pel\u00edcula: 250 mm<\/li>    <li>Funci\u00f3n: Envoltura, sellado y codificaci\u00f3n opcional<\/li> <\/ul> <\/div><\/div>    <h2 class=\"wp-block-heading\">Especificaciones de la l\u00ednea de producci\u00f3n de turr\u00f3n de cacahuete<\/h2>    <figure class=\"wp-block-table\"><table><thead><tr><th class=\"has-text-align-left\" data-align=\"left\">Caracter\u00edstica<\/th><th class=\"has-text-align-left\" data-align=\"left\">Especificaci\u00f3n<\/th><\/tr><\/thead><tbody><tr><td class=\"has-text-align-left\" data-align=\"left\"><strong>Capacidad de la l\u00ednea<\/strong><\/td><td class=\"has-text-align-left\" data-align=\"left\">300-400 kg\/h (Configuraci\u00f3n de ejemplo)<\/td><\/tr><tr><td class=\"has-text-align-left\" data-align=\"left\"><strong>Tama\u00f1o del producto terminado<\/strong><\/td><td class=\"has-text-align-left\" data-align=\"left\">Longitud y ancho ajustables mediante la m\u00e1quina de corte<\/td><\/tr><tr><td class=\"has-text-align-left\" data-align=\"left\"><strong>Voltaje<\/strong><\/td><td class=\"has-text-align-left\" data-align=\"left\">Customized to match your country&#8217;s standard (e.g., 220V\/380V, 50Hz\/60Hz)<\/td><\/tr><tr><td class=\"has-text-align-left\" data-align=\"left\"><strong>Materiales principales<\/strong><\/td><td class=\"has-text-align-left\" data-align=\"left\">Las partes en contacto con alimentos est\u00e1n hechas de acero inoxidable de alta calidad<\/td><\/tr><tr><td class=\"has-text-align-left\" data-align=\"left\"><strong>Dise\u00f1o y Configuraci\u00f3n<\/strong><\/td><td class=\"has-text-align-left\" data-align=\"left\">Totalmente personalizable; se pueden agregar o quitar m\u00e1quinas seg\u00fan sus necesidades<\/td><\/tr><tr><td class=\"has-text-align-left\" data-align=\"left\"><strong>Tiempo de entrega<\/strong><\/td><td class=\"has-text-align-left\" data-align=\"left\">10-15 d\u00edas laborables despu\u00e9s de recibir el pago<\/td><\/tr><tr><td class=\"has-text-align-left\" data-align=\"left\"><strong>Garant\u00eda de calidad<\/strong><\/td><td class=\"has-text-align-left\" data-align=\"left\">12 meses para todas las fallas causadas por la m\u00e1quina y la calidad<\/td><\/tr><tr><td class=\"has-text-align-left\" data-align=\"left\"><strong>Servicio postventa<\/strong><\/td><td class=\"has-text-align-left\" data-align=\"left\">Soporte t\u00e9cnico de por vida, videos de operaci\u00f3n y asesoramiento profesional<\/td><\/tr><\/tbody><\/table><\/figure>    <h2 class=\"wp-block-heading\">Cont\u00e1ctenos para su soluci\u00f3n personalizada<\/h2>    <p>\u00bfListo para automatizar y escalar su negocio de confiter\u00eda? Cont\u00e1ctenos hoy para discutir los requisitos de su proyecto. Le proporcionaremos una cotizaci\u00f3n detallada y sin compromiso para una l\u00ednea de producci\u00f3n de turr\u00f3n de cacahuete dise\u00f1ada para ayudarle a tener \u00e9xito.<\/p>","protected":false},"excerpt":{"rendered":"<p>Shuliy Machinery&#8217;s peanut brittle production line is a fully automated solution engineered for the efficient, large-scale production of high-quality peanut brittle, nut bars, and other confectionery snacks. This integrated system is designed to boost your output, ensure product consistency, and reduce labor costs, making it the ideal investment for modern food processing enterprises. This article [&hellip;]<\/p>\n","protected":false},"author":1,"featured_media":7295,"parent":0,"template":"","tags":[],"product-type":[12],"class_list":["post-7289","product","type-product","status-publish","has-post-thumbnail","hentry","product-type-nut-processing-line"],"_links":{"self":[{"href":"https:\/\/www.cashewnut-processing.com\/es\/wp-json\/wp\/v2\/product\/7289","targetHints":{"allow":["GET"]}}],"collection":[{"href":"https:\/\/www.cashewnut-processing.com\/es\/wp-json\/wp\/v2\/product"}],"about":[{"href":"https:\/\/www.cashewnut-processing.com\/es\/wp-json\/wp\/v2\/types\/product"}],"author":[{"embeddable":true,"href":"https:\/\/www.cashewnut-processing.com\/es\/wp-json\/wp\/v2\/users\/1"}],"wp:featuredmedia":[{"embeddable":true,"href":"https:\/\/www.cashewnut-processing.com\/es\/wp-json\/wp\/v2\/media\/7295"}],"wp:attachment":[{"href":"https:\/\/www.cashewnut-processing.com\/es\/wp-json\/wp\/v2\/media?parent=7289"}],"wp:term":[{"taxonomy":"post_tag","embeddable":true,"href":"https:\/\/www.cashewnut-processing.com\/es\/wp-json\/wp\/v2\/tags?post=7289"},{"taxonomy":"product-type","embeddable":true,"href":"https:\/\/www.cashewnut-processing.com\/es\/wp-json\/wp\/v2\/product-type?post=7289"}],"curies":[{"name":"wp","href":"https:\/\/api.w.org\/{rel}","templated":true}]}}