{"id":7227,"date":"2025-10-31T17:21:57","date_gmt":"2025-10-31T09:21:57","guid":{"rendered":"https:\/\/www.cashewnut-processing.com\/?post_type=product&#038;p=7227"},"modified":"2026-01-28T17:21:36","modified_gmt":"2026-01-28T09:21:36","slug":"almond-shelling-machines","status":"publish","type":"product","link":"https:\/\/www.cashewnut-processing.com\/es\/almond-shelling-machines.html","title":{"rendered":"M\u00e1quinas industriales de descascarado de almendras"},"content":{"rendered":"<p>Deja de perder dinero por n\u00facleos rotos y trabajo manual lento. Nuestra l\u00ednea de m\u00e1quinas industriales de descascarado de almendras es tu soluci\u00f3n todo en uno para lograr una tasa de integridad del n\u00facleo de hasta el 98% mientras procesas de 1.000 a 1.500 kg de almendras crudas por hora. Esto no es solo una m\u00e1quina; es un sistema automatizado de alto rendimiento dise\u00f1ado para productores serios que exigen la m\u00e1xima producci\u00f3n y calidad sin compromisos.<\/p>    <figure class=\"wp-block-gallery has-nested-images columns-default is-cropped wp-block-gallery-2 is-layout-flex wp-block-gallery-is-layout-flex\"> <figure class=\"wp-block-image size-large\"><img loading=\"lazy\" decoding=\"async\" width=\"720\" height=\"540\" data-id=\"7267\" src=\"https:\/\/www.cashewnut-processing.com\/wp-content\/uploads\/2025\/10\/Almonds-before-shelling.webp\" alt=\"Almendras antes de pelar\" class=\"wp-image-7267\" title=\"\" srcset=\"https:\/\/www.cashewnut-processing.com\/wp-content\/uploads\/2025\/10\/Almonds-before-shelling.webp 720w, https:\/\/www.cashewnut-processing.com\/wp-content\/uploads\/2025\/10\/Almonds-before-shelling-300x225.webp 300w, https:\/\/www.cashewnut-processing.com\/wp-content\/uploads\/2025\/10\/Almonds-before-shelling-16x12.webp 16w\" sizes=\"auto, (max-width: 720px) 100vw, 720px\" \/><figcaption class=\"wp-element-caption\">Almendras antes de pelar<\/figcaption><\/figure>    <figure class=\"wp-block-image size-large\"><img loading=\"lazy\" decoding=\"async\" width=\"720\" height=\"540\" data-id=\"7275\" src=\"https:\/\/www.cashewnut-processing.com\/wp-content\/uploads\/2025\/10\/shelled-almonds.webp\" alt=\"shelled almonds\" class=\"wp-image-7275\" title=\"\" srcset=\"https:\/\/www.cashewnut-processing.com\/wp-content\/uploads\/2025\/10\/shelled-almonds.webp 720w, https:\/\/www.cashewnut-processing.com\/wp-content\/uploads\/2025\/10\/shelled-almonds-300x225.webp 300w, https:\/\/www.cashewnut-processing.com\/wp-content\/uploads\/2025\/10\/shelled-almonds-16x12.webp 16w\" sizes=\"auto, (max-width: 720px) 100vw, 720px\" \/><figcaption class=\"wp-element-caption\">Almendras peladas<\/figcaption><\/figure> <\/figure>    <h2 class=\"wp-block-heading\">\u00bfPor qu\u00e9 elegir nuestra soluci\u00f3n de pelado de almendras?<\/h2>    <ul class=\"wp-block-list\"> <li><strong>M\u00e1xima rentabilidad:<\/strong> Con hasta un 98% de n\u00facleos enteros, produce un producto de mayor calidad que obtiene un mejor precio en el mercado.<\/li>    <li><strong>Eficiencia inigualable:<\/strong> Nuestro sistema de separaci\u00f3n de control dual utiliza una combinaci\u00f3n precisa de vibraci\u00f3n y flujo de aire para separar claramente c\u00e1scaras y n\u00facleos, eliminando pr\u00e1cticamente la necesidad de clasificaci\u00f3n manual.<\/li>    <li><strong>Inversi\u00f3n vers\u00e1til:<\/strong> Aunque destaca como m\u00e1quina descascaradora de almendras, su dise\u00f1o personalizable le permite procesar otros frutos secos de alto valor como avellanas, nueces de palma y nueces de macadamia, maximizando su retorno de inversi\u00f3n.<\/li>    <li><strong>Construido para producci\u00f3n continua:<\/strong> Todas las piezas en contacto con alimentos son de acero inoxidable de grado alimentario, montadas sobre un marco de acero al carbono de alta resistencia dise\u00f1ado para un funcionamiento ininterrumpido, 24\/7.<\/li> <\/ul>    <h2 class=\"wp-block-heading\">Desglose t\u00e9cnico: La ingenier\u00eda detr\u00e1s del rendimiento<\/h2>    <p>La superioridad de nuestra almendra descascaradora en venta radica en su proceso inteligente y de m\u00faltiples etapas. Cada componente est\u00e1 optimizado para una tarea espec\u00edfica.<\/p>    <h3 class=\"wp-block-heading\">Etapa 1: Clasificaci\u00f3n de precisi\u00f3n (Tamiz rotatorio)<\/h3>    <p class=\"translation-block\">El proceso comienza clasificando las almendras crudas en 3-4 tama\u00f1os uniformes con el<a href=\"https:\/\/www.cashewnut-processing.com\/es\/cashew-classifier-machine.html\/\" data-type=\"link\" data-id=\"https:\/\/www.cashewnut-processing.com\/cashew-classifier-machine.html\">tamiz rotatorio<\/a>. Este es el paso crucial para lograr una alta tasa de pelado. El tamiz usa orificios de pantalla de tama\u00f1o personalizado (por ejemplo, orificios planos para el grosor de la almendra) para garantizar precisi\u00f3n.<\/p>    <ul class=\"wp-block-list\"> <li>Capacidad: ~1,000 kg\/h; <\/li>    <li>Potencia: 2.2kw<\/li> <\/ul>    <figure class=\"wp-block-gallery has-nested-images columns-default is-cropped wp-block-gallery-3 is-layout-flex wp-block-gallery-is-layout-flex\"> <figure class=\"wp-block-image size-full\"><img loading=\"lazy\" decoding=\"async\" width=\"720\" height=\"540\" data-id=\"7269\" src=\"https:\/\/www.cashewnut-processing.com\/wp-content\/uploads\/2025\/10\/Feeding-elevator-and-rotary-drum-grading-machine-for-nut-processing-line.webp\" alt=\"Elevador de alimentaci\u00f3n y m\u00e1quina de clasificaci\u00f3n de tambor rotatorio para l\u00ednea de procesamiento de nueces\" class=\"wp-image-7269\" title=\"\" srcset=\"https:\/\/www.cashewnut-processing.com\/wp-content\/uploads\/2025\/10\/Feeding-elevator-and-rotary-drum-grading-machine-for-nut-processing-line.webp 720w, https:\/\/www.cashewnut-processing.com\/wp-content\/uploads\/2025\/10\/Feeding-elevator-and-rotary-drum-grading-machine-for-nut-processing-line-300x225.webp 300w, https:\/\/www.cashewnut-processing.com\/wp-content\/uploads\/2025\/10\/Feeding-elevator-and-rotary-drum-grading-machine-for-nut-processing-line-16x12.webp 16w\" sizes=\"auto, (max-width: 720px) 100vw, 720px\" \/><figcaption class=\"wp-element-caption\">Elevador de alimentaci\u00f3n y m\u00e1quina de clasificaci\u00f3n de tambor rotatorio para l\u00ednea de procesamiento de nueces<\/figcaption><\/figure>    <figure class=\"wp-block-image size-full\"><img loading=\"lazy\" decoding=\"async\" width=\"720\" height=\"540\" data-id=\"7272\" src=\"https:\/\/www.cashewnut-processing.com\/wp-content\/uploads\/2025\/10\/rotary-drum-grading-machine-with-raised-frame.webp\" alt=\"rotary drum grading machine with raised frame\" class=\"wp-image-7272\" title=\"\" srcset=\"https:\/\/www.cashewnut-processing.com\/wp-content\/uploads\/2025\/10\/rotary-drum-grading-machine-with-raised-frame.webp 720w, https:\/\/www.cashewnut-processing.com\/wp-content\/uploads\/2025\/10\/rotary-drum-grading-machine-with-raised-frame-300x225.webp 300w, https:\/\/www.cashewnut-processing.com\/wp-content\/uploads\/2025\/10\/rotary-drum-grading-machine-with-raised-frame-16x12.webp 16w\" sizes=\"auto, (max-width: 720px) 100vw, 720px\" \/><figcaption class=\"wp-element-caption\">M\u00e1quina de clasificaci\u00f3n de tambor rotatorio con marco elevado<\/figcaption><\/figure>    <figure class=\"wp-block-image size-full\"><img loading=\"lazy\" decoding=\"async\" width=\"720\" height=\"540\" data-id=\"7268\" src=\"https:\/\/www.cashewnut-processing.com\/wp-content\/uploads\/2025\/10\/automatic-weighing-hopper-for-precise-feeding.webp\" alt=\"automatic weighing hopper for precise feeding\" class=\"wp-image-7268\" title=\"\" srcset=\"https:\/\/www.cashewnut-processing.com\/wp-content\/uploads\/2025\/10\/automatic-weighing-hopper-for-precise-feeding.webp 720w, https:\/\/www.cashewnut-processing.com\/wp-content\/uploads\/2025\/10\/automatic-weighing-hopper-for-precise-feeding-300x225.webp 300w, https:\/\/www.cashewnut-processing.com\/wp-content\/uploads\/2025\/10\/automatic-weighing-hopper-for-precise-feeding-16x12.webp 16w\" sizes=\"auto, (max-width: 720px) 100vw, 720px\" \/><figcaption class=\"wp-element-caption\">Tolva de pesaje autom\u00e1tica para una alimentaci\u00f3n precisa<\/figcaption><\/figure> <\/figure>    <h3 class=\"wp-block-heading\">Etapa 2: Rotura controlada (El pelador de almendras)<\/h3>    <p class=\"translation-block\">Las almendras de tama\u00f1o se alimentan en m\u00e1quinas de pelado de almendras dedicadas. Ajustando la separaci\u00f3n para cada tama\u00f1o, aplicamos la presi\u00f3n perfecta para romper la c\u00e1scara sin da\u00f1ar el n\u00facleo.<\/p>    <ul class=\"wp-block-list\"> <li>Potencia: 3kw por unidad; <\/li>    <li>Componentes de pelado: Acero inoxidable<\/li> <\/ul>    <figure class=\"wp-block-gallery has-nested-images columns-default is-cropped wp-block-gallery-4 is-layout-flex wp-block-gallery-is-layout-flex\"> <figure class=\"wp-block-image size-full\"><img loading=\"lazy\" decoding=\"async\" width=\"720\" height=\"540\" data-id=\"7265\" src=\"https:\/\/www.cashewnut-processing.com\/wp-content\/uploads\/2025\/10\/almond-shelling-machine-1.webp\" alt=\"m\u00e1quina de pelado de almendras\" class=\"wp-image-7265\" title=\"\" srcset=\"https:\/\/www.cashewnut-processing.com\/wp-content\/uploads\/2025\/10\/almond-shelling-machine-1.webp 720w, https:\/\/www.cashewnut-processing.com\/wp-content\/uploads\/2025\/10\/almond-shelling-machine-1-300x225.webp 300w, https:\/\/www.cashewnut-processing.com\/wp-content\/uploads\/2025\/10\/almond-shelling-machine-1-16x12.webp 16w\" sizes=\"auto, (max-width: 720px) 100vw, 720px\" \/><figcaption class=\"wp-element-caption\">M\u00e1quina de descascarado de almendras<\/figcaption><\/figure>    <figure class=\"wp-block-image size-full\"><img loading=\"lazy\" decoding=\"async\" width=\"720\" height=\"540\" data-id=\"7264\" src=\"https:\/\/www.cashewnut-processing.com\/wp-content\/uploads\/2025\/10\/almond-sheller-connected-to-the-weighing-hopper.webp\" alt=\"almond sheller connected to the weighing hopper\" class=\"wp-image-7264\" title=\"\" srcset=\"https:\/\/www.cashewnut-processing.com\/wp-content\/uploads\/2025\/10\/almond-sheller-connected-to-the-weighing-hopper.webp 720w, https:\/\/www.cashewnut-processing.com\/wp-content\/uploads\/2025\/10\/almond-sheller-connected-to-the-weighing-hopper-300x225.webp 300w, https:\/\/www.cashewnut-processing.com\/wp-content\/uploads\/2025\/10\/almond-sheller-connected-to-the-weighing-hopper-16x12.webp 16w\" sizes=\"auto, (max-width: 720px) 100vw, 720px\" \/><figcaption class=\"wp-element-caption\">C\u00e1scara de almendra conectada a la tolva de pesaje<\/figcaption><\/figure> <\/figure>    <h3 class=\"wp-block-heading\">Etapa 3: Separaci\u00f3n avanzada (Separador de control dual)<\/h3>    <p>Este es nuestro n\u00facleo tecnol\u00f3gico. Una mezcla de n\u00facleos y c\u00e1scaras entra en el separador, que utiliza dos motores de frecuencia variable para controlar la vibraci\u00f3n y el flujo de aire de manera independiente. Esto crea un \u201ccama fluidizada\u201d que levanta las c\u00e1scaras ligeras, mientras que los n\u00facleos pesados se descargan limpiamente.<\/p>    <ul class=\"wp-block-list\"> <li>Potencia: 1.5kw   3kw (VFD); <\/li>    <li>Tablas de tamiz: Acero inoxidable<\/li> <\/ul>   <div class=\"wp-block-image\"> <figure class=\"aligncenter size-full\"><img loading=\"lazy\" decoding=\"async\" width=\"720\" height=\"540\" src=\"https:\/\/www.cashewnut-processing.com\/wp-content\/uploads\/2025\/10\/Shell-and-kernel-separator.webp\" alt=\"Separador de c\u00e1scara y n\u00facleo\" class=\"wp-image-7274\" title=\"\" srcset=\"https:\/\/www.cashewnut-processing.com\/wp-content\/uploads\/2025\/10\/Shell-and-kernel-separator.webp 720w, https:\/\/www.cashewnut-processing.com\/wp-content\/uploads\/2025\/10\/Shell-and-kernel-separator-300x225.webp 300w, https:\/\/www.cashewnut-processing.com\/wp-content\/uploads\/2025\/10\/Shell-and-kernel-separator-16x12.webp 16w\" sizes=\"auto, (max-width: 720px) 100vw, 720px\" \/><figcaption class=\"wp-element-caption\">Separador de c\u00e1scara y n\u00facleo<\/figcaption><\/figure> <\/div>   <h3 class=\"wp-block-heading\">Etapa 4: Clasificaci\u00f3n final e inspecci\u00f3n<\/h3>    <p>Los n\u00facleos limpios pueden pasar por una pantalla multicapa final para ser clasificados en hasta 5 grados comerciales, listos para envasar.<\/p>   <div class=\"wp-block-image\"> <figure class=\"aligncenter size-full\"><img loading=\"lazy\" decoding=\"async\" width=\"720\" height=\"540\" src=\"https:\/\/www.cashewnut-processing.com\/wp-content\/uploads\/2025\/10\/Multi-layer-screening-machine.webp\" alt=\"M\u00e1quina de cribado multicapa\" class=\"wp-image-7271\" title=\"\" srcset=\"https:\/\/www.cashewnut-processing.com\/wp-content\/uploads\/2025\/10\/Multi-layer-screening-machine.webp 720w, https:\/\/www.cashewnut-processing.com\/wp-content\/uploads\/2025\/10\/Multi-layer-screening-machine-300x225.webp 300w, https:\/\/www.cashewnut-processing.com\/wp-content\/uploads\/2025\/10\/Multi-layer-screening-machine-16x12.webp 16w\" sizes=\"auto, (max-width: 720px) 100vw, 720px\" \/><figcaption class=\"wp-element-caption\">M\u00e1quina de cribado multicapa<\/figcaption><\/figure> <\/div>   <h2 class=\"wp-block-heading\">M\u00e1s all\u00e1 de las almendras: una potencia de procesamiento de m\u00faltiples frutos secos<\/h2>    <p>El verdadero valor de estas m\u00e1quinas de eliminaci\u00f3n de c\u00e1scaras de almendra es su adaptabilidad. Con solo cambiar las pantallas y ajustar las configuraciones, puede desbloquear nuevas fuentes de ingreso:<\/p>    <ul class=\"wp-block-list\"> <li>Pelado de avellanas: Rompe y separa f\u00e1cilmente las avellanas para confiter\u00eda o producci\u00f3n de aceite.<\/li>    <li>Procesamiento de Palma y Badamu: La construcci\u00f3n robusta maneja con facilidad las c\u00e1scaras m\u00e1s duras de las palmas.<\/li>    <li>Pelado de nueces de macadamia: Puede configurarse para romper incluso las c\u00e1scaras m\u00e1s duras de las nueces de macadamia.<\/li> <\/ul>    <p>Esta versatilidad transforma una m\u00e1quina de un solo prop\u00f3sito en un activo central para toda su operaci\u00f3n de procesamiento de frutos secos.<\/p>    <figure class=\"wp-block-gallery has-nested-images columns-default is-cropped wp-block-gallery-5 is-layout-flex wp-block-gallery-is-layout-flex\"> <figure class=\"wp-block-image size-large\"><img loading=\"lazy\" decoding=\"async\" width=\"719\" height=\"540\" data-id=\"7230\" src=\"https:\/\/www.cashewnut-processing.com\/wp-content\/uploads\/2025\/10\/Shelled-hazelnuts.webp\" alt=\"Avellanas peladas\" class=\"wp-image-7230\" title=\"\" srcset=\"https:\/\/www.cashewnut-processing.com\/wp-content\/uploads\/2025\/10\/Shelled-hazelnuts.webp 719w, https:\/\/www.cashewnut-processing.com\/wp-content\/uploads\/2025\/10\/Shelled-hazelnuts-300x225.webp 300w, https:\/\/www.cashewnut-processing.com\/wp-content\/uploads\/2025\/10\/Shelled-hazelnuts-16x12.webp 16w\" sizes=\"auto, (max-width: 719px) 100vw, 719px\" \/><figcaption class=\"wp-element-caption\">Avellanas peladas<\/figcaption><\/figure>    <figure class=\"wp-block-image size-large\"><img loading=\"lazy\" decoding=\"async\" width=\"720\" height=\"540\" data-id=\"7229\" src=\"https:\/\/www.cashewnut-processing.com\/wp-content\/uploads\/2025\/10\/Blanched-almonds.webp\" alt=\"Almendras blanqueadas\" class=\"wp-image-7229\" title=\"\" srcset=\"https:\/\/www.cashewnut-processing.com\/wp-content\/uploads\/2025\/10\/Blanched-almonds.webp 720w, https:\/\/www.cashewnut-processing.com\/wp-content\/uploads\/2025\/10\/Blanched-almonds-300x225.webp 300w, https:\/\/www.cashewnut-processing.com\/wp-content\/uploads\/2025\/10\/Blanched-almonds-16x12.webp 16w\" sizes=\"auto, (max-width: 720px) 100vw, 720px\" \/><figcaption class=\"wp-element-caption\">Almendras blanqueadas<\/figcaption><\/figure> <\/figure>    <figure class=\"wp-block-gallery has-nested-images columns-default is-cropped wp-block-gallery-6 is-layout-flex wp-block-gallery-is-layout-flex\"> <figure class=\"wp-block-image size-large\"><img loading=\"lazy\" decoding=\"async\" width=\"720\" height=\"540\" data-id=\"7276\" src=\"https:\/\/www.cashewnut-processing.com\/wp-content\/uploads\/2025\/10\/Unshelled-macadamia-nuts.webp\" alt=\"Nueces de macadamia sin pelar\" class=\"wp-image-7276\" title=\"\" srcset=\"https:\/\/www.cashewnut-processing.com\/wp-content\/uploads\/2025\/10\/Unshelled-macadamia-nuts.webp 720w, https:\/\/www.cashewnut-processing.com\/wp-content\/uploads\/2025\/10\/Unshelled-macadamia-nuts-300x225.webp 300w, https:\/\/www.cashewnut-processing.com\/wp-content\/uploads\/2025\/10\/Unshelled-macadamia-nuts-16x12.webp 16w\" sizes=\"auto, (max-width: 720px) 100vw, 720px\" \/><figcaption class=\"wp-element-caption\">Nueces de macadamia sin pelar<\/figcaption><\/figure>    <figure class=\"wp-block-image size-large\"><img loading=\"lazy\" decoding=\"async\" width=\"720\" height=\"540\" data-id=\"7270\" src=\"https:\/\/www.cashewnut-processing.com\/wp-content\/uploads\/2025\/10\/Macadamia-nuts-after-using-the-Shuliy-shelling-machine.webp\" alt=\"Macadamia nuts after using the Shuliy shelling machine\" class=\"wp-image-7270\" title=\"\" srcset=\"https:\/\/www.cashewnut-processing.com\/wp-content\/uploads\/2025\/10\/Macadamia-nuts-after-using-the-Shuliy-shelling-machine.webp 720w, https:\/\/www.cashewnut-processing.com\/wp-content\/uploads\/2025\/10\/Macadamia-nuts-after-using-the-Shuliy-shelling-machine-300x225.webp 300w, https:\/\/www.cashewnut-processing.com\/wp-content\/uploads\/2025\/10\/Macadamia-nuts-after-using-the-Shuliy-shelling-machine-16x12.webp 16w\" sizes=\"auto, (max-width: 720px) 100vw, 720px\" \/><figcaption class=\"wp-element-caption\">Nueces de macadamia despu\u00e9s de usar la m\u00e1quina de descascarado Shuliy<\/figcaption><\/figure> <\/figure>    <h2 class=\"wp-block-heading\">Su socio en procesamiento de frutos secos<\/h2>    <p>No solo vendemos m\u00e1quinas; ofrecemos soluciones completas y personalizadas. Nuestro equipo de ingenieros trabajar\u00e1 contigo para dise\u00f1ar una l\u00ednea de descascarado de almendras que se adapte a tu espacio, cumpla con tus necesidades de capacidad y supere tus expectativas de calidad.<\/p>    <p>Las necesidades de cada productor son \u00fanicas. Por eso ofrecemos consultas detalladas para asegurarnos de que obtengas la mejor configuraci\u00f3n posible. Tenemos la m\u00e1quina de descascarado de almendras adecuada para vender y elevar tu negocio.<\/p>   <div class=\"wp-block-image\"> <figure class=\"aligncenter size-full\"><img loading=\"lazy\" decoding=\"async\" width=\"720\" height=\"540\" src=\"https:\/\/www.cashewnut-processing.com\/wp-content\/uploads\/2025\/10\/screenshot_2026-01-16_13-34-12_\u7ed3\u679c.webp\" alt=\"Nuestra l\u00ednea de descascarado de almendras enviada a Kenia.\" class=\"wp-image-7273\" title=\"\" srcset=\"https:\/\/www.cashewnut-processing.com\/wp-content\/uploads\/2025\/10\/screenshot_2026-01-16_13-34-12_\u7ed3\u679c.webp 720w, https:\/\/www.cashewnut-processing.com\/wp-content\/uploads\/2025\/10\/screenshot_2026-01-16_13-34-12_\u7ed3\u679c-300x225.webp 300w, https:\/\/www.cashewnut-processing.com\/wp-content\/uploads\/2025\/10\/screenshot_2026-01-16_13-34-12_\u7ed3\u679c-16x12.webp 16w\" sizes=\"auto, (max-width: 720px) 100vw, 720px\" \/><figcaption class=\"wp-element-caption\">Nuestra l\u00ednea de descascarado de almendras enviada a Kenia.<\/figcaption><\/figure> <\/div>   <h2 class=\"wp-block-heading\">\u00bfListo para aumentar su producci\u00f3n y calidad?<\/h2>    <p>Cont\u00e1ctanos hoy para una consulta gratuita y una cotizaci\u00f3n personalizada. Discutamos tu proyecto y te proporcionemos un precio competitivo para una m\u00e1quina de descascarado de almendras que tenga sentido para tu negocio.<\/p>    <h2 class=\"wp-block-heading\">Preguntas frecuentes<\/h2>   <div id=\"rank-math-faq\" class=\"rank-math-block\"> <div class=\"rank-math-list\"> <div id=\"faq-question-1761789569069\" class=\"rank-math-list-item\"> <h3 class=\"rank-math-question\">\u00bfCu\u00e1l es la huella t\u00edpica de una l\u00ednea de 1 tonelada por hora?<\/h3> <div class=\"rank-math-answer\">  <p>Una l\u00ednea est\u00e1ndar requiere un espacio rectangular, pero la distribuci\u00f3n es flexible. Proporcionamos dibujos CAD detallados para adaptar el sistema de manera \u00f3ptima a su instalaci\u00f3n.<\/p>  <\/div> <\/div> <div id=\"faq-question-1761789585609\" class=\"rank-math-list-item\"> <h3 class=\"rank-math-question\">\u00bfPuede la m\u00e1quina de pelado de almendras manejar almendras con diferentes niveles de humedad?<\/h3> <div class=\"rank-math-answer\">  <p>S\u00ed. Aunque la peladura \u00f3ptima ocurre a un contenido de humedad espec\u00edfico, las configuraciones ajustables de nuestra peladora y separadora permiten un procesamiento efectivo de frutos secos con diferentes niveles de humedad.<\/p>  <\/div> <\/div> <div id=\"faq-question-1761789602148\" class=\"rank-math-list-item\"> <h3 class=\"rank-math-question\">\u00bfQu\u00e9 mantenimiento se requiere?<\/h3> <div class=\"rank-math-answer\">  <p>El mantenimiento es m\u00ednimo. Implica limpieza regular, revisi\u00f3n de la tensi\u00f3n de la correa y lubricaci\u00f3n peri\u00f3dica de los rodamientos. Proporcionamos un programa completo de mantenimiento y soporte.<\/p>  <\/div> <\/div> <div id=\"faq-question-1761789934398\" class=\"rank-math-list-item\"> <h3 class=\"rank-math-question\">\u00bfOfrecen instalaci\u00f3n y capacitaci\u00f3n?<\/h3> <div class=\"rank-math-answer\">  <p>S\u00ed, ofrecemos servicios completos de instalaci\u00f3n y capacitaci\u00f3n en sitio para sus operadores, para garantizar que pueda operar la l\u00ednea con m\u00e1xima eficiencia desde el primer d\u00eda. (Nota: Consulte sobre t\u00e9rminos y condiciones).<\/p>  <\/div> <\/div> <\/div> <\/div>","protected":false},"excerpt":{"rendered":"<p>Stop losing money to broken kernels and slow, manual labor. Our industrial almond shelling machine line is your all-in-one solution to achieve a kernel integrity rate of up to 98% while processing 1,000-1,500 kg of raw almonds per hour. This isn&#8217;t just a machine; it&#8217;s a high-yield automated system engineered for serious producers who demand [&hellip;]<\/p>\n","protected":false},"author":1,"featured_media":7327,"parent":0,"template":"","tags":[],"product-type":[12],"class_list":["post-7227","product","type-product","status-publish","has-post-thumbnail","hentry","product-type-nut-processing-line"],"_links":{"self":[{"href":"https:\/\/www.cashewnut-processing.com\/es\/wp-json\/wp\/v2\/product\/7227","targetHints":{"allow":["GET"]}}],"collection":[{"href":"https:\/\/www.cashewnut-processing.com\/es\/wp-json\/wp\/v2\/product"}],"about":[{"href":"https:\/\/www.cashewnut-processing.com\/es\/wp-json\/wp\/v2\/types\/product"}],"author":[{"embeddable":true,"href":"https:\/\/www.cashewnut-processing.com\/es\/wp-json\/wp\/v2\/users\/1"}],"wp:featuredmedia":[{"embeddable":true,"href":"https:\/\/www.cashewnut-processing.com\/es\/wp-json\/wp\/v2\/media\/7327"}],"wp:attachment":[{"href":"https:\/\/www.cashewnut-processing.com\/es\/wp-json\/wp\/v2\/media?parent=7227"}],"wp:term":[{"taxonomy":"post_tag","embeddable":true,"href":"https:\/\/www.cashewnut-processing.com\/es\/wp-json\/wp\/v2\/tags?post=7227"},{"taxonomy":"product-type","embeddable":true,"href":"https:\/\/www.cashewnut-processing.com\/es\/wp-json\/wp\/v2\/product-type?post=7227"}],"curies":[{"name":"wp","href":"https:\/\/api.w.org\/{rel}","templated":true}]}}