{"id":7048,"date":"2023-04-03T10:09:25","date_gmt":"2023-04-03T02:09:25","guid":{"rendered":"https:\/\/www.cashewnut-processing.com\/?post_type=product&#038;p=7048"},"modified":"2025-10-28T15:06:09","modified_gmt":"2025-10-28T07:06:09","slug":"kaju-grinding-machine","status":"publish","type":"product","link":"https:\/\/www.cashewnut-processing.com\/es\/kaju-grinding-machine.html","title":{"rendered":"M\u00e1quina trituradora Kaju para hacer mantequilla de anacardo"},"content":{"rendered":"<p>Una m\u00e1quina trituradora de kaju es una m\u00e1quina que se utiliza para moler varios frutos secos como anacardos, man\u00ed, etc. Puede moler anacardos hasta obtener una deliciosa mantequilla de anacardo. Entonces, si tambi\u00e9n necesita una m\u00e1quina rectificadora de nueces, esta m\u00e1quina es una buena opci\u00f3n.<\/p>    <p>En este art\u00edculo, presentaremos en detalle el principio de funcionamiento, los par\u00e1metros y el rango de aplicaci\u00f3n de la m\u00e1quina trituradora de anacardos.<\/p>   <div class=\"wp-block-image\"> <figure class=\"aligncenter size-full\"><img loading=\"lazy\" decoding=\"async\" width=\"720\" height=\"540\" src=\"https:\/\/www.cashewnut-processing.com\/wp-content\/uploads\/2023\/04\/kaju-grinding-machine.webp\" alt=\"maquina trituradora kaju\" class=\"wp-image-7052\" title=\"\"><figcaption class=\"wp-element-caption\">maquina trituradora kaju<\/figcaption><\/figure> <\/div>   <h2 class=\"wp-block-heading\">\u00bfC\u00f3mo moler anacardos?<\/h2>    <p>El molinillo de anacardos utiliza la interacci\u00f3n entre el disco de molienda giratorio de alta velocidad y los dientes de molienda dentro de la m\u00e1quina para moler las nueces de anacardo hasta obtener mantequilla de anacardo. El principio de funcionamiento de la m\u00e1quina es el siguiente.<\/p>    <p class=\"translation-block\">Dentro de la m\u00e1quina de molienda de kaju hay un par de discos de molienda que interact\u00faan. Uno es estacionario y se llama disco fijo. El otro est\u00e1 girando y se llama disco m\u00f3vil. Cuando los <a href=\"https:\/\/www.cashewnut-processing.com\/es\/cashew-nut-shelling-and-cracking-machine.html\/\">anacardos descascarillados<\/a> se vierten en la m\u00e1quina desde el puerto de alimentaci\u00f3n, se llevan a los dientes de molienda entre los discos de molienda. Bajo la acci\u00f3n de cizallamiento y molienda a alta velocidad de los dientes de molienda, los anacardos se moler\u00e1n.<\/p>    <p>Si desea obtener mantequilla de anacardo m\u00e1s fina, s\u00f3lo necesita ajustar el espacio entre los discos de molienda y la velocidad de rotaci\u00f3n. Finalmente, el material molido ser\u00e1 descargado por el puerto de descarga.<\/p>   <div class=\"wp-block-image\"> <figure class=\"aligncenter size-full\"><img loading=\"lazy\" decoding=\"async\" width=\"720\" height=\"540\" src=\"https:\/\/www.cashewnut-processing.com\/wp-content\/uploads\/2023\/04\/how-to-grind-cashew-nuts.webp\" alt=\"c\u00f3mo moler anacardos\" class=\"wp-image-7056\" title=\"\"><figcaption class=\"wp-element-caption\">c\u00f3mo moler anacardos<\/figcaption><\/figure> <\/div>   <h2 class=\"wp-block-heading\">Par\u00e1metros de la m\u00e1quina<\/h2>    <figure class=\"wp-block-table\"><table><tbody><tr><td>Modelo<\/td><td>Capacidad (kg\/h)<\/td><td>Tama\u00f1o de la m\u00e1quina (mm)<\/td><td>Potencia (kilovatios)<\/td><td>Peso (kg)<\/td><\/tr><tr><td>TZ-70<\/td><td>50-80<\/td><td>650x320x650<\/td><td>2.2<\/td><td>70<\/td><\/tr><tr><td>TZ-85<\/td><td>100-500<\/td><td>900x350x900<\/td><td>5.5<\/td><td>170<\/td><\/tr><tr><td>TZ-130<\/td><td>200-300<\/td><td>1000x350x1000<\/td><td>11<\/td><td>270<\/td><\/tr><tr><td>TZ-185<\/td><td>500-800<\/td><td>1200x450x1200<\/td><td>30<\/td><td>470<\/td><\/tr><tr><td>TZ-200<\/td><td>600-1000<\/td><td>1200x500x1200<\/td><td>37<\/td><td>500<\/td><\/tr><\/tbody><\/table><\/figure>    <h2 class=\"wp-block-heading\">Ventajas de la rectificadora kaju<\/h2>    <ol class=\"wp-block-list\"> <li>Alta eficiencia de producci\u00f3n. La capacidad de producci\u00f3n del molinillo de anacardos es de entre 50 y 1000 kg\/h. Entonces, si tienes un <a href=\"https:\/\/www.cashewnut-processing.com\/es\/automatic-cashew-nut-processing-line.html\/\">planta de procesamiento de anacardos<\/a>, esta m\u00e1quina puede satisfacer sus necesidades.<\/li>    <li>El tama\u00f1o de part\u00edcula del producto terminado es uniforme. La m\u00e1quina trituradora kaju utiliza una fuerza de corte giratoria de alta velocidad para hacer mantequilla de anacardo. La mantequilla de anacardo elaborada de esta manera tiene un tama\u00f1o de part\u00edcula uniforme y una alta calidad del producto.<\/li>    <li>La m\u00e1quina es f\u00e1cil de operar. El usuario s\u00f3lo necesita encender la m\u00e1quina y verter el material en el puerto de alimentaci\u00f3n. Puede ser operado f\u00e1cilmente por una sola persona.<\/li>    <li>Seguridad e higiene. Las partes de la trituradora de anacardos en contacto con el material est\u00e1n hechas de calidad alimentaria. <a href=\"https:\/\/en.wikipedia.org\/wiki\/Stainless_steel\" target=\"_blank\" rel=\"noopener\">acero inoxidable<\/a>, que tiene las ventajas de higiene, seguridad y f\u00e1cil limpieza.<\/li>    <li>Estructura simple y f\u00e1cil mantenimiento.<\/li> <\/ol>   <div class=\"wp-block-image\"> <figure class=\"aligncenter size-full\"><img loading=\"lazy\" decoding=\"async\" width=\"720\" height=\"540\" src=\"https:\/\/www.cashewnut-processing.com\/wp-content\/uploads\/2023\/04\/cashew-nut-butter.webp\" alt=\"mantequilla de anacardo\" class=\"wp-image-7051\" title=\"\"><figcaption class=\"wp-element-caption\">mantequilla de anacardo<\/figcaption><\/figure> <\/div>   <h2 class=\"wp-block-heading\">Rango de aplicaci\u00f3n de la rectificadora kaju<\/h2>    <ol class=\"wp-block-list\"> <li>Industria de alimentos. La m\u00e1quina se utiliza ampliamente en las principales f\u00e1bricas de alimentos. Puede usarlo para preparar diversos alimentos l\u00edquidos y semifluidos, como mantequilla de man\u00ed, mermelada, ketchup, pasta de frijoles, salsa de chile, etc.<\/li>    <li>Industria cosm\u00e9tica. Las m\u00e1quinas trituradoras de anacardos tambi\u00e9n se utilizan ampliamente en la industria cosm\u00e9tica. Puede usarlo para preparar cremas faciales, champ\u00fas, pasta de dientes y otras necesidades diarias.<\/li>    <li>Industria farmac\u00e9utica. La m\u00e1quina se puede utilizar para fabricar emulsiones m\u00e9dicas, inyecciones y otros suministros m\u00e9dicos.<\/li>    <li>Industria qu\u00edmica. Las m\u00e1quinas tambi\u00e9n se pueden utilizar para producir lubricantes, pinturas, tintes, revestimientos, etc.<\/li> <\/ol>    <h2 class=\"wp-block-heading\">\u00bfC\u00f3mo elegir la m\u00e1quina trituradora de anacardos que m\u00e1s le convenga?<\/h2>    <p>Si desea elegir la rectificadora kaju adecuada. Debe determinar la capacidad de producci\u00f3n, el efecto de molienda y la calidad de la m\u00e1quina que desea. En segundo lugar, es necesario comprender detalles como la seguridad de la m\u00e1quina y lo f\u00e1cil que es operarla. Luego, debe determinar las calificaciones del fabricante del molinillo de anacardos y si tiene una amplia experiencia en exportaci\u00f3n y fabricaci\u00f3n. Por \u00faltimo, tambi\u00e9n es necesario tener en cuenta su propio presupuesto y elegir una m\u00e1quina rentable que se ajuste a su presupuesto.<\/p>   <div class=\"wp-block-image\"> <figure class=\"aligncenter size-full\"><img loading=\"lazy\" decoding=\"async\" width=\"720\" height=\"540\" src=\"https:\/\/www.cashewnut-processing.com\/wp-content\/uploads\/2023\/04\/nut-grinding-machine.webp\" alt=\"venta de maquina para moler nueces\" class=\"wp-image-7053\" title=\"\"><figcaption class=\"wp-element-caption\">venta de maquina para moler nueces<\/figcaption><\/figure> <\/div>   <h2 class=\"wp-block-heading\">\u00bfC\u00f3mo utilizar correctamente un molinillo de anacardos?<\/h2>    <ol class=\"wp-block-list\"> <li>Limpiar la m\u00e1quina.<\/li>    <li>Ajuste el espacio del disco. Seg\u00fan las diferentes caracter\u00edsticas del material y el tama\u00f1o de part\u00edcula requerido, ajuste la distancia entre los discos abrasivos. Generalmente se recomienda que la distancia entre los discos abrasivos est\u00e9 entre 0,1 y 2,5 mm.<\/li>    <li>Enciende y ajusta la velocidad. Conecte la fuente de alimentaci\u00f3n a la toma de corriente y encienda el interruptor de alimentaci\u00f3n. Luego ajuste la velocidad de la rectificadora kaju; se recomienda que la velocidad est\u00e9 entre 1000 y 3000 rpm.<\/li>    <li>Alimentaci\u00f3n: agregue uniformemente anacardos a la m\u00e1quina. El usuario puede aumentar gradualmente la velocidad de alimentaci\u00f3n mientras observa si la salida est\u00e1 bloqueada.<\/li>    <li>Limpieza: apague la alimentaci\u00f3n despu\u00e9s de moler. Luego descargue el material en el molino coloidal. Finalmente, enjuague con agua limpia.<\/li> <\/ol>   <div class=\"wp-block-image\"> <figure class=\"aligncenter size-full\"><img loading=\"lazy\" decoding=\"async\" width=\"720\" height=\"540\" src=\"https:\/\/www.cashewnut-processing.com\/wp-content\/uploads\/2023\/04\/cashew-butter.webp\" alt=\"mantequilla de anacardo\" class=\"wp-image-7049\" title=\"\"><figcaption class=\"wp-element-caption\">mantequilla de anacardo<\/figcaption><\/figure> <\/div>   <h2 class=\"wp-block-heading\">Cont\u00e1ctenos<\/h2>    <p class=\"translation-block\">La F\u00e1brica de Maquinaria de Anacardos Taizy es un fabricante de maquinaria de anacardos con rica experiencia. Adem\u00e1s de la m\u00e1quina de molienda de kaju, tambi\u00e9n tenemos la l\u00ednea de procesamiento de anacardos, la m\u00e1quina descascarilladora de anacardos, la <a href=\"https:\/\/www.cashewnut-processing.com\/es\/cashew-peeling-machine-2.html\/\">m\u00e1quina peladora de anacardos<\/a> y otras m\u00e1quinas. Si necesita alguna m\u00e1quina, puede contactarnos en cualquier momento y le responderemos lo antes posible.<\/p>","protected":false},"excerpt":{"rendered":"<p>A kaju grinding machine is a machine used to grind various nuts such as cashews, peanuts, etc. It can grind cashews into delicious cashew butter. So, if you also need a nut grinding machine, this machine is a good choice. In this article, we will introduce the working principle, parameters and application range of cashew [&hellip;]<\/p>\n","protected":false},"author":1,"featured_media":7050,"parent":0,"template":"","tags":[405],"product-type":[418],"class_list":["post-7048","product","type-product","status-publish","has-post-thumbnail","hentry","tag-kaju-grinding-machine","product-type-grinding-further-processing"],"_links":{"self":[{"href":"https:\/\/www.cashewnut-processing.com\/es\/wp-json\/wp\/v2\/product\/7048","targetHints":{"allow":["GET"]}}],"collection":[{"href":"https:\/\/www.cashewnut-processing.com\/es\/wp-json\/wp\/v2\/product"}],"about":[{"href":"https:\/\/www.cashewnut-processing.com\/es\/wp-json\/wp\/v2\/types\/product"}],"author":[{"embeddable":true,"href":"https:\/\/www.cashewnut-processing.com\/es\/wp-json\/wp\/v2\/users\/1"}],"wp:featuredmedia":[{"embeddable":true,"href":"https:\/\/www.cashewnut-processing.com\/es\/wp-json\/wp\/v2\/media\/7050"}],"wp:attachment":[{"href":"https:\/\/www.cashewnut-processing.com\/es\/wp-json\/wp\/v2\/media?parent=7048"}],"wp:term":[{"taxonomy":"post_tag","embeddable":true,"href":"https:\/\/www.cashewnut-processing.com\/es\/wp-json\/wp\/v2\/tags?post=7048"},{"taxonomy":"product-type","embeddable":true,"href":"https:\/\/www.cashewnut-processing.com\/es\/wp-json\/wp\/v2\/product-type?post=7048"}],"curies":[{"name":"wp","href":"https:\/\/api.w.org\/{rel}","templated":true}]}}