{"id":69,"date":"2018-08-09T09:09:46","date_gmt":"2018-08-09T09:09:46","guid":{"rendered":"http:\/\/www.cashewnut-processing.com\/?p=69"},"modified":"2025-10-28T15:06:42","modified_gmt":"2025-10-28T07:06:42","slug":"cashew-classifier-machine","status":"publish","type":"product","link":"https:\/\/www.cashewnut-processing.com\/es\/cashew-classifier-machine.html","title":{"rendered":"M\u00e1quina clasificadora de anacardos crudos | Clasificador de anacardos"},"content":{"rendered":"<p>La m\u00e1quina clasificadora de anacardos se divide en m\u00e1quina clasificadora de anacardos crudos y m\u00e1quina clasificadora de nueces de anacardo. Estas dos m\u00e1quinas pueden ayudar r\u00e1pidamente a los clientes a tamizar diferentes tama\u00f1os de anacardos y anacardos crudos.<\/p>    <figure class=\"wp-block-embed is-type-video is-provider-youtube wp-block-embed-youtube wp-embed-aspect-16-9 wp-has-aspect-ratio\"><div class=\"wp-block-embed__wrapper\"> <iframe loading=\"lazy\" title=\"Clasificadora de anacardos crudos | clasificador de anacardos\" width=\"500\" height=\"281\" src=\"https:\/\/www.youtube.com\/embed\/trQZ4ReiO9k?feature=oembed\" frameborder=\"0\" allow=\"accelerometer; autoplay; clipboard-write; encrypted-media; gyroscope; picture-in-picture; web-share\" referrerpolicy=\"strict-origin-when-cross-origin\" allowfullscreen><\/iframe> <\/div><figcaption class=\"wp-element-caption\">clasificadora de anacardos<\/figcaption><\/figure>    <h2 class=\"wp-block-heading\">Introducci\u00f3n de la m\u00e1quina clasificadora de anacardos en fila<\/h2>    <p class=\"translation-block\">Esta m\u00e1quina clasificadora de anacardos crudos es un paso de procesamiento previo de la <a href=\"https:\/\/www.cashewnut-processing.com\/es\/products\/cashewnut-processing-line\/\">l\u00ednea de procesamiento de anacardos<\/a> completa. Fabricada con materiales resistentes y duraderos, la clasificadora de anacardos es la mejor opci\u00f3n para las plantas de procesamiento de anacardos. Podr\u00eda reducir la carga de trabajo del procesamiento posterior. Y la facilidad de operaci\u00f3n permite que cualquier planta utilice esta m\u00e1quina. Por supuesto, puede optar por utilizar esta clasificadora por separado o en una l\u00ednea de producci\u00f3n.<\/p>    <div class=\"wp-block-columns is-layout-flex wp-container-core-columns-is-layout-9d6595d7 wp-block-columns-is-layout-flex\"> <div class=\"wp-block-column is-layout-flow wp-block-column-is-layout-flow\"> <figure class=\"wp-block-image size-full\"><img loading=\"lazy\" decoding=\"async\" width=\"720\" height=\"540\" src=\"https:\/\/www.cashewnut-processing.com\/wp-content\/uploads\/2018\/08\/raw-cashew.webp\" alt=\"anacardo crudo\" class=\"wp-image-7030\" title=\"\"><figcaption class=\"wp-element-caption\">Anacardo crudo<\/figcaption><\/figure> <\/div>    <div class=\"wp-block-column is-layout-flow wp-block-column-is-layout-flow\"> <figure class=\"wp-block-image size-full\"><img loading=\"lazy\" decoding=\"async\" width=\"720\" height=\"540\" src=\"https:\/\/www.cashewnut-processing.com\/wp-content\/uploads\/2022\/10\/cashewnuts.jpg\" alt=\"nuez de anacardo\" class=\"wp-image-5192\" title=\"\" srcset=\"https:\/\/www.cashewnut-processing.com\/wp-content\/uploads\/2022\/10\/cashewnuts.jpg 720w, https:\/\/www.cashewnut-processing.com\/wp-content\/uploads\/2022\/10\/cashewnuts-300x225.jpg 300w\" sizes=\"auto, (max-width: 720px) 100vw, 720px\" \/><figcaption class=\"wp-element-caption\">Anacardo<\/figcaption><\/figure> <\/div> <\/div>    <h2 class=\"wp-block-heading\">El car\u00e1cter de la m\u00e1quina clasificadora de anacardo crudo.<\/h2>    <p>El clasificador de anacardos se utiliza para clasificar las nueces en varios grados diferentes para mejorar la tasa de apertura de la siguiente c\u00e1scara. Suele incluir de 3 a 5 grados: 26 mm. Y esto podr\u00eda hacerse seg\u00fan los requisitos del cliente.<\/p>    <p>Esta clasificadora de anacardos se compone de transmisi\u00f3n, jerarqu\u00eda, chasis y otros componentes. No tiene una estructura compleja y es autom\u00e1tico.<\/p>    <figure class=\"wp-block-gallery has-nested-images columns-2 is-cropped wp-block-gallery-2 is-layout-flex wp-block-gallery-is-layout-flex\"> <figure class=\"wp-block-image size-large\"><img loading=\"lazy\" decoding=\"async\" width=\"720\" height=\"540\" data-id=\"1814\" src=\"https:\/\/www.cashewnut-processing.com\/wp-content\/uploads\/2018\/08\/cashew-grading-machine-1.jpg\" alt=\"clasificadora de anacardos\" class=\"wp-image-1814\" title=\"\" srcset=\"https:\/\/www.cashewnut-processing.com\/wp-content\/uploads\/2018\/08\/cashew-grading-machine-1.jpg 720w, https:\/\/www.cashewnut-processing.com\/wp-content\/uploads\/2018\/08\/cashew-grading-machine-1-300x225.jpg 300w\" sizes=\"auto, (max-width: 720px) 100vw, 720px\" \/><figcaption class=\"wp-element-caption\">M\u00e1quina clasificadora de anacardos crudos<\/figcaption><\/figure>    <figure class=\"wp-block-image size-large\"><img loading=\"lazy\" decoding=\"async\" width=\"1024\" height=\"768\" data-id=\"23\" src=\"https:\/\/www.cashewnut-processing.com\/wp-content\/uploads\/2018\/08\/3-1024x768.jpg\" alt=\"clasificadora de anacardos\" class=\"wp-image-23\" title=\"\" srcset=\"https:\/\/www.cashewnut-processing.com\/wp-content\/uploads\/2018\/08\/3-1024x768.jpg 1024w, https:\/\/www.cashewnut-processing.com\/wp-content\/uploads\/2018\/08\/3-300x225.jpg 300w, https:\/\/www.cashewnut-processing.com\/wp-content\/uploads\/2018\/08\/3-768x576.jpg 768w\" sizes=\"auto, (max-width: 1024px) 100vw, 1024px\" \/><figcaption class=\"wp-element-caption\">Clasificador de anacardos<\/figcaption><\/figure> <\/figure>    <h2 class=\"wp-block-heading\">M\u00e9todos de operaci\u00f3n de la m\u00e1quina clasificadora de anacardo crudo.<\/h2>    <ol class=\"wp-block-list\"> <li>Verifique el circuito antes de comenzar.<\/li>    <li>Conecta el <a href=\"https:\/\/en.wikipedia.org\/wiki\/Power_(physics)\" target=\"_blank\" rel=\"noopener\">fuerza<\/a> suministre seg\u00fan la direcci\u00f3n de la flecha y recuerde que la operaci\u00f3n es irreversible.<\/li>    <li>Vierta continuamente frutas crudas en la tolva, ajuste el tama\u00f1o de la puerta de alimentaci\u00f3n e ingrese al barril de clasificaci\u00f3n uniforme de anacardos.<\/li>    <li>La cubeta de clasificaci\u00f3n dispone de tres tama\u00f1os diferentes de orificios, correspondientes a la siguiente tolva receptora.<\/li>    <li>El barril de clasificaci\u00f3n de anacardos gira bajo rotaci\u00f3n y tambi\u00e9n deja una peque\u00f1a cantidad de nueces para reclasificar.<\/li>    <li>Las tuercas grandes giran una y otra vez desde el tambor al siguiente nivel para lograr el efecto de clasificaci\u00f3n.<\/li>    <li>Aunque el tambor gira, las tuercas pasan a trav\u00e9s de un \u00fanico orificio de obturaci\u00f3n hasta el rodillo desbarbador, giran sincr\u00f3nicamente y se env\u00edan al aire.<\/li> <\/ol>    <h2 class=\"wp-block-heading\">Par\u00e1metro t\u00e9cnico de la m\u00e1quina clasificadora de anacardos.<\/h2>    <figure class=\"wp-block-table\"><table><tbody><tr><td>Modelo<\/td><td>TZ-YG 400<\/td><\/tr><tr><td>Capacidad<\/td><td>400 kilos por hora<\/td><\/tr><tr><td>Fuerza<\/td><td>1,1 kilovatios<\/td><\/tr><tr><td>Voltaje<\/td><td>380v 50hz<\/td><\/tr><tr><td>Dimensi\u00f3n<\/td><td>3800*900*1600mm<\/td><\/tr><tr><td>Peso<\/td><td>350 kilogramos<\/td><\/tr><\/tbody><\/table><figcaption class=\"wp-element-caption\">clasificadora de anacardos<\/figcaption><\/figure>    <p>Clasificamos los anacardos antes de procesarlos no solo por conveniencia sino tambi\u00e9n por su valor de mercado, o simplemente precio. En su mayor\u00eda, los vendedores empaquetan los anacardos seg\u00fan su tama\u00f1o y los venden a diferentes precios. Las plantas eligen clasificar los anacardos en el primer paso o en el \u00faltimo. De todos modos, la clasificaci\u00f3n es para obtener el mayor valor de las nueces. Por lo tanto, es necesaria una m\u00e1quina clasificadora de anacardos crudos.<\/p>    <h2 class=\"wp-block-heading\">Complete los pasos de procesamiento de anacardos<\/h2>    <p>Los pasos completos del procesamiento de anacardos incluyen lavado, clasificaci\u00f3n de anacardos crudos, cocci\u00f3n al vapor, descascarado, separaci\u00f3n de c\u00e1scara y grano, secado, pelado, clasificaci\u00f3n de anacardos crudos, tostado y envasado.<\/p>   <div class=\"wp-block-image\"> <figure class=\"aligncenter size-full\"><img loading=\"lazy\" decoding=\"async\" width=\"720\" height=\"540\" src=\"https:\/\/www.cashewnut-processing.com\/wp-content\/uploads\/2023\/07\/taizy-cashew-nut-processing-line.webp\" alt=\"l\u00ednea de procesamiento de anacardos\" class=\"wp-image-7081\" title=\"\"><figcaption class=\"wp-element-caption\">l\u00ednea de procesamiento de anacardos<\/figcaption><\/figure> <\/div>   <h2 class=\"wp-block-heading\">\u00bfQu\u00e9 es una m\u00e1quina clasificadora de anacardos?<\/h2>    <p>A diferencia de la m\u00e1quina clasificadora de anacardos crudos, la m\u00e1quina clasificadora de anacardos es el \u00faltimo proceso de la l\u00ednea de procesamiento de anacardos. Los anacardos procesados \u200b\u200bpor esta m\u00e1quina clasificadora de anacardos se tamizar\u00e1n seg\u00fan diferentes tama\u00f1os. El comerciante puede envasar y vender los anacardos seg\u00fan diferentes \u00edndices.<\/p>   <div class=\"wp-block-image\"> <figure class=\"aligncenter size-full\"><img loading=\"lazy\" decoding=\"async\" width=\"720\" height=\"540\" src=\"https:\/\/www.cashewnut-processing.com\/wp-content\/uploads\/2018\/08\/cashew-kernel-classifying-machine.webp\" alt=\"clasificadora de anacardo\" class=\"wp-image-7016\" title=\"\"><figcaption class=\"wp-element-caption\">clasificadora de anacardo<\/figcaption><\/figure> <\/div>   <h2 class=\"wp-block-heading\">\u00bfC\u00f3mo se clasifica el anacardo?<\/h2>    <p>Hay tres capas de tambores en la m\u00e1quina clasificadora de anacardos. Cada capa de tambores puede tamizar un tama\u00f1o de anacardos. Por lo tanto, la m\u00e1quina clasificadora por tama\u00f1o de anacardos puede tamizar los anacardos seg\u00fan 3 grados diferentes. Los clientes tambi\u00e9n pueden ajustar el espacio entre los rodillos para lograr el tama\u00f1o que desean seg\u00fan sus necesidades reales.<\/p>   <div class=\"wp-block-image\"> <figure class=\"aligncenter size-full\"><img loading=\"lazy\" decoding=\"async\" width=\"720\" height=\"540\" src=\"https:\/\/www.cashewnut-processing.com\/wp-content\/uploads\/2021\/08\/taizy-cashew-kernel-classifying-machine.webp\" alt=\"clasificadora de anacardo\" class=\"wp-image-7004\" title=\"\"><figcaption class=\"wp-element-caption\">clasificadora de anacardo<\/figcaption><\/figure> <\/div>   <h2 class=\"wp-block-heading\">Par\u00e1metros t\u00e9cnicos de la clasificadora de anacardos.<\/h2>    <figure class=\"wp-block-table\"><table><tbody><tr><td>Modelo<\/td><td>TZ-K500<\/td><\/tr><tr><td>Capacidad (kg\/h)<\/td><td>500<\/td><\/tr><tr><td>Potencia (kilovatios)<\/td><td>0.75<\/td><\/tr><tr><td>Voltaje(v)<\/td><td>380<\/td><\/tr><tr><td>Frecuencia (hz)<\/td><td>50<\/td><\/tr><tr><td>Talla M)<\/td><td>2&#215;0.8&#215;1.4<\/td><\/tr><tr><td>Peso (kg)<\/td><td>300<\/td><\/tr><\/tbody><\/table><figcaption class=\"wp-element-caption\">clasificadora de anacardo<\/figcaption><\/figure>    <p>Estos son los par\u00e1metros t\u00e9cnicos de la clasificadora de anacardos con modelo TZ-K500. La capacidad de esta m\u00e1quina es de 500 kg\/h. El tama\u00f1o es de 2\u00d70,8\u00d71,4m. La potencia es de 0,75 kw. Si desea obtener m\u00e1s informaci\u00f3n al respecto, cont\u00e1ctenos a trav\u00e9s de la ventana emergente en la esquina inferior derecha.<\/p>   <div class=\"wp-block-image\"> <figure class=\"aligncenter size-full\"><img loading=\"lazy\" decoding=\"async\" width=\"600\" height=\"402\" src=\"https:\/\/www.cashewnut-processing.com\/wp-content\/uploads\/2018\/10\/Cashew-2-1.jpg\" alt=\"nuez de anacardo\" class=\"wp-image-341\" title=\"\"><figcaption class=\"wp-element-caption\">nuez de anacardo<\/figcaption><\/figure> <\/div>   <h2 class=\"wp-block-heading\">Resumen<\/h2>    <p>Si necesita una clasificadora de anacardos crudos o una m\u00e1quina clasificadora de nueces de anacardo, no dude en contactarnos. Nos pondremos en contacto con usted lo antes posible y le daremos un presupuesto detallado.<\/p>","protected":false},"excerpt":{"rendered":"<p>La m\u00e1quina clasificadora de anacardos crudos es un paso de procesamiento de la l\u00ednea de producci\u00f3n. Podr\u00eda disminuir las cargas de trabajo del siguiente procesamiento.<\/p>","protected":false},"author":1,"featured_media":1994,"parent":0,"template":"","tags":[172],"product-type":[415],"class_list":["post-69","product","type-product","status-publish","has-post-thumbnail","hentry","tag-raw-cashew-grading-machine","product-type-sorting-grading-machine"],"_links":{"self":[{"href":"https:\/\/www.cashewnut-processing.com\/es\/wp-json\/wp\/v2\/product\/69","targetHints":{"allow":["GET"]}}],"collection":[{"href":"https:\/\/www.cashewnut-processing.com\/es\/wp-json\/wp\/v2\/product"}],"about":[{"href":"https:\/\/www.cashewnut-processing.com\/es\/wp-json\/wp\/v2\/types\/product"}],"author":[{"embeddable":true,"href":"https:\/\/www.cashewnut-processing.com\/es\/wp-json\/wp\/v2\/users\/1"}],"wp:featuredmedia":[{"embeddable":true,"href":"https:\/\/www.cashewnut-processing.com\/es\/wp-json\/wp\/v2\/media\/1994"}],"wp:attachment":[{"href":"https:\/\/www.cashewnut-processing.com\/es\/wp-json\/wp\/v2\/media?parent=69"}],"wp:term":[{"taxonomy":"post_tag","embeddable":true,"href":"https:\/\/www.cashewnut-processing.com\/es\/wp-json\/wp\/v2\/tags?post=69"},{"taxonomy":"product-type","embeddable":true,"href":"https:\/\/www.cashewnut-processing.com\/es\/wp-json\/wp\/v2\/product-type?post=69"}],"curies":[{"name":"wp","href":"https:\/\/api.w.org\/{rel}","templated":true}]}}