{"id":62,"date":"2018-08-09T09:07:16","date_gmt":"2018-08-09T09:07:16","guid":{"rendered":"http:\/\/www.cashewnut-processing.com\/?p=62"},"modified":"2025-10-28T15:05:55","modified_gmt":"2025-10-28T07:05:55","slug":"cashew-nut-cooker","status":"publish","type":"product","link":"https:\/\/www.cashewnut-processing.com\/es\/cashew-nut-cooker.html","title":{"rendered":"M\u00e1quina para cocinar anacardos | Cocedor de anacardos"},"content":{"rendered":"<p>Esta m\u00e1quina para cocinar anacardos es un paso importante antes de cascar las nueces. El proceso de cocci\u00f3n podr\u00eda ablandar la c\u00e1scara y mejorar la velocidad de agrietamiento. B\u00e1sicamente, esta cocina se combina con una caldera de vapor, ya que necesita una gran cantidad de vapor para cocinar anacardos. Y los clientes pueden personalizar la cocina seg\u00fan su demanda de recipientes para cocinar al vapor. En cuanto al proceso de operaci\u00f3n, existen algunas precauciones.<\/p>    <h2 class=\"wp-block-heading\"><strong>Introducci\u00f3n de la m\u00e1quina para cocinar anacardos<\/strong><\/h2>    <p class=\"translation-block\">La cocedora de anacardos desarrollada y fabricada por Zhengzhou Shuli Machinery Equipment Co., Ltd. es un equipo especializado para cocinar anacardos y similares. Se puede usar de forma independiente o en combinaci\u00f3n con varias l\u00edneas de producci\u00f3n. El principio es realizar la clasificaci\u00f3n y luego cocinar con una cocedora de anacardos para crear un espacio entre la c\u00e1scara y los anacardos, lo que resulta conveniente para el siguiente paso de <a href=\"https:\/\/www.cashewnut-processing.com\/es\/cashew-nut-shelling-and-cracking-machine.html\/\">descascarillado<\/a>.<\/p>    <figure class=\"wp-block-gallery has-nested-images columns-3 is-cropped wp-block-gallery-2 is-layout-flex wp-block-gallery-is-layout-flex\"> <figure class=\"wp-block-image size-full\"><img loading=\"lazy\" decoding=\"async\" width=\"720\" height=\"540\" data-id=\"7009\" src=\"https:\/\/www.cashewnut-processing.com\/wp-content\/uploads\/2018\/08\/cashew-nut-cooker-machine.webp\" alt=\"m\u00e1quina de cocci\u00f3n de anacardos\" class=\"wp-image-7009\" title=\"\"><figcaption class=\"wp-element-caption\">M\u00e1quina para cocinar anacardos<\/figcaption><\/figure>    <figure class=\"wp-block-image size-large\"><img loading=\"lazy\" decoding=\"async\" width=\"768\" height=\"1024\" data-id=\"66\" src=\"https:\/\/www.cashewnut-processing.com\/wp-content\/uploads\/2018\/08\/3-2-768x1024.jpg\" alt=\"m\u00e1quina de vapor de anacardos\" class=\"wp-image-66\" title=\"\" srcset=\"https:\/\/www.cashewnut-processing.com\/wp-content\/uploads\/2018\/08\/3-2-768x1024.jpg 768w, https:\/\/www.cashewnut-processing.com\/wp-content\/uploads\/2018\/08\/3-2-225x300.jpg 225w, https:\/\/www.cashewnut-processing.com\/wp-content\/uploads\/2018\/08\/3-2.jpg 1200w\" sizes=\"auto, (max-width: 768px) 100vw, 768px\" \/><figcaption class=\"wp-element-caption\">M\u00e1quina de cocci\u00f3n al vapor de anacardos<\/figcaption><\/figure>    <figure class=\"wp-block-image size-large\"><img loading=\"lazy\" decoding=\"async\" width=\"720\" height=\"540\" data-id=\"1788\" src=\"https:\/\/www.cashewnut-processing.com\/wp-content\/uploads\/2018\/08\/inner-side.jpg\" alt=\"lado interior de la m\u00e1quina\" class=\"wp-image-1788\" title=\"\" srcset=\"https:\/\/www.cashewnut-processing.com\/wp-content\/uploads\/2018\/08\/inner-side.jpg 720w, https:\/\/www.cashewnut-processing.com\/wp-content\/uploads\/2018\/08\/inner-side-300x225.jpg 300w\" sizes=\"auto, (max-width: 720px) 100vw, 720px\" \/><figcaption class=\"wp-element-caption\">Lado interior de la m\u00e1quina<\/figcaption><\/figure> <\/figure>    <h2 class=\"wp-block-heading\">C\u00f3mo utilizar la cocina<\/h2>    <ol class=\"wp-block-list\"> <li>Verifique el voltaje y aseg\u00farese de que el voltaje sea el mismo.<\/li>    <li>Se debe instalar un interruptor de protecci\u00f3n contra fugas y la m\u00e1quina de cocci\u00f3n de anacardos debe estar conectada a la l\u00ednea de tierra de protecci\u00f3n adecuada. Est\u00e1 estrictamente prohibido conectarlo a una tuber\u00eda de agua o gas.<\/li>    <li>Despu\u00e9s de conectar bien la entrada de agua, introducir el plato en la m\u00e1quina y calentar durante 30 minutos.<\/li>    <li>Podr\u00eda utilizar calefacci\u00f3n el\u00e9ctrica o vapor externo. Pero no puedes utilizar los dos al mismo tiempo.<\/li>    <li>Despu\u00e9s de cocinar la comida, cierre el suministro de energ\u00eda o la v\u00e1lvula de vapor. Cuando retire la comida de la m\u00e1quina, preste atenci\u00f3n a que no pueda pararse en el lado opuesto. Abra lentamente la puerta y salga de la m\u00e1quina con los guantes.<\/li>    <li>Esta m\u00e1quina para cocinar anacardos es un recipiente herm\u00e9tico de alta presi\u00f3n, un poco de vapor por la grieta del derrame es un fen\u00f3meno normal.<\/li> <\/ol>    <h2 class=\"wp-block-heading\">Precauciones <strong>de la m\u00e1quina para cocinar anacardos<\/strong><\/h2>    <ol class=\"wp-block-list\"> <li>\u00a1La calefacci\u00f3n el\u00e9ctrica y el vapor de entrada externo no pueden funcionar al mismo tiempo! La presi\u00f3n externa no debe exceder los requisitos de uso.<\/li>    <li>5% <a href=\"https:\/\/en.wikipedia.org\/wiki\/Citric_acid\" target=\"_blank\" rel=\"noopener\">\u00e1cido c\u00edtrico<\/a> Se puede inyectar soluci\u00f3n en el tanque de agua para eliminar las incrustaciones.<\/li>    <li>Despu\u00e9s de cada trabajo, se debe cortar la alimentaci\u00f3n el\u00e9ctrica de la cabina de vapor. La v\u00e1lvula principal de entrada de vapor debe cerrarse cuando se completa el trabajo con calentamiento con vapor.<\/li>    <li>Si la m\u00e1quina se aver\u00eda, no la desmonte usted mismo. Pida a personal profesional de mantenimiento el\u00e9ctrico que lo repare.<\/li> <\/ol>    <h2 class=\"wp-block-heading\"><strong>Par\u00e1metro t\u00e9cnico<\/strong><\/h2>    <figure class=\"wp-block-table\"><table><tbody><tr><td>Modelo<\/td><td>Capacidad<\/td><td>Fuerza<\/td><td>Voltaje<\/td><td>Tama\u00f1o<\/td><\/tr><tr><td>TZJ-10<\/td><td>1000 kilos por hora<\/td><td>1,1 kilovatios<\/td><td>380v\/50HZ<\/td><td>2*1*2,8m<\/td><\/tr><\/tbody><\/table><\/figure>    <h2 class=\"wp-block-heading\"><strong>M\u00e1s detalles:<\/strong><\/h2>    <figure class=\"wp-block-gallery has-nested-images columns-3 is-cropped wp-block-gallery-3 is-layout-flex wp-block-gallery-is-layout-flex\"> <figure class=\"wp-block-image size-large\"><img loading=\"lazy\" decoding=\"async\" width=\"720\" height=\"540\" data-id=\"1789\" src=\"https:\/\/www.cashewnut-processing.com\/wp-content\/uploads\/2018\/08\/cashew-cooker.jpg\" alt=\"maquina para cocinar anacardos\" class=\"wp-image-1789\" title=\"\" srcset=\"https:\/\/www.cashewnut-processing.com\/wp-content\/uploads\/2018\/08\/cashew-cooker.jpg 720w, https:\/\/www.cashewnut-processing.com\/wp-content\/uploads\/2018\/08\/cashew-cooker-300x225.jpg 300w\" sizes=\"auto, (max-width: 720px) 100vw, 720px\" \/><figcaption class=\"wp-element-caption\">M\u00e1quina de cocci\u00f3n de anacardos en caja<\/figcaption><\/figure>    <figure class=\"wp-block-image size-large\"><img loading=\"lazy\" decoding=\"async\" width=\"720\" height=\"540\" data-id=\"1790\" src=\"https:\/\/www.cashewnut-processing.com\/wp-content\/uploads\/2018\/08\/cashew-steaming-machine.jpg\" alt=\"m\u00e1quina de vapor de anacardos\" class=\"wp-image-1790\" title=\"\" srcset=\"https:\/\/www.cashewnut-processing.com\/wp-content\/uploads\/2018\/08\/cashew-steaming-machine.jpg 720w, https:\/\/www.cashewnut-processing.com\/wp-content\/uploads\/2018\/08\/cashew-steaming-machine-300x225.jpg 300w\" sizes=\"auto, (max-width: 720px) 100vw, 720px\" \/><figcaption class=\"wp-element-caption\">M\u00e1quina de cocci\u00f3n al vapor de anacardos<\/figcaption><\/figure>    <figure class=\"wp-block-image size-large\"><img loading=\"lazy\" decoding=\"async\" width=\"720\" height=\"540\" data-id=\"1791\" src=\"https:\/\/www.cashewnut-processing.com\/wp-content\/uploads\/2018\/08\/steam-boiler.jpg\" alt=\"Caldera de vapor\" class=\"wp-image-1791\" title=\"\" srcset=\"https:\/\/www.cashewnut-processing.com\/wp-content\/uploads\/2018\/08\/steam-boiler.jpg 720w, https:\/\/www.cashewnut-processing.com\/wp-content\/uploads\/2018\/08\/steam-boiler-300x225.jpg 300w\" sizes=\"auto, (max-width: 720px) 100vw, 720px\" \/><figcaption class=\"wp-element-caption\">Caldera de vapor<\/figcaption><\/figure> <\/figure>","protected":false},"excerpt":{"rendered":"<p>Esta m\u00e1quina para cocinar anacardos es un paso importante antes de cascar las nueces. El proceso de cocci\u00f3n podr\u00eda ablandar la c\u00e1scara y mejorar la tasa de agrietamiento.<\/p>","protected":false},"author":1,"featured_media":7009,"parent":0,"template":"","tags":[99],"product-type":[415],"class_list":["post-62","product","type-product","status-publish","has-post-thumbnail","hentry","tag-cashew-cooking-machine","product-type-sorting-grading-machine"],"_links":{"self":[{"href":"https:\/\/www.cashewnut-processing.com\/es\/wp-json\/wp\/v2\/product\/62","targetHints":{"allow":["GET"]}}],"collection":[{"href":"https:\/\/www.cashewnut-processing.com\/es\/wp-json\/wp\/v2\/product"}],"about":[{"href":"https:\/\/www.cashewnut-processing.com\/es\/wp-json\/wp\/v2\/types\/product"}],"author":[{"embeddable":true,"href":"https:\/\/www.cashewnut-processing.com\/es\/wp-json\/wp\/v2\/users\/1"}],"wp:featuredmedia":[{"embeddable":true,"href":"https:\/\/www.cashewnut-processing.com\/es\/wp-json\/wp\/v2\/media\/7009"}],"wp:attachment":[{"href":"https:\/\/www.cashewnut-processing.com\/es\/wp-json\/wp\/v2\/media?parent=62"}],"wp:term":[{"taxonomy":"post_tag","embeddable":true,"href":"https:\/\/www.cashewnut-processing.com\/es\/wp-json\/wp\/v2\/tags?post=62"},{"taxonomy":"product-type","embeddable":true,"href":"https:\/\/www.cashewnut-processing.com\/es\/wp-json\/wp\/v2\/product-type?post=62"}],"curies":[{"name":"wp","href":"https:\/\/api.w.org\/{rel}","templated":true}]}}