{"id":56,"date":"2018-08-09T09:04:47","date_gmt":"2018-08-09T09:04:47","guid":{"rendered":"http:\/\/www.cashewnut-processing.com\/?p=56"},"modified":"2025-10-28T15:02:52","modified_gmt":"2025-10-28T07:02:52","slug":"cashew-nut-shelling-and-cracking-machine","status":"publish","type":"product","link":"https:\/\/www.cashewnut-processing.com\/es\/cashew-nut-shelling-and-cracking-machine.html","title":{"rendered":"M\u00e1quina descascaradora de anacardos"},"content":{"rendered":"<p>Una m\u00e1quina descascaradora de anacardos es una m\u00e1quina descascaradora que ayuda a romper las c\u00e1scaras de los anacardos. Seg\u00fan el grado de automatizaci\u00f3n, la m\u00e1quina trituradora de anacardos tiene un tipo manual, un tipo semiautom\u00e1tico, una m\u00e1quina desgranadora autom\u00e1tica y un grupo desgranador grande. A medida que aumenta la producci\u00f3n de las m\u00e1quinas descascaradoras, el grado de automatizaci\u00f3n y la producci\u00f3n de las m\u00e1quinas descascaradoras de anacardos aumentan en consecuencia.<\/p>    <h2 class=\"wp-block-heading\">Mira el v\u00eddeo de la m\u00e1quina descascaradora de anacardos<\/h2>    <figure class=\"wp-block-embed is-type-video is-provider-youtube wp-block-embed-youtube wp-embed-aspect-16-9 wp-has-aspect-ratio\"><div class=\"wp-block-embed__wrapper\"> <iframe loading=\"lazy\" title=\"M\u00e1quina autom\u00e1tica de descascarado y craqueo de anacardos | desgranadora semiautom\u00e1tica y manual\" width=\"500\" height=\"281\" src=\"https:\/\/www.youtube.com\/embed\/6ixgMhv-BrY?feature=oembed\" frameborder=\"0\" allow=\"accelerometer; autoplay; clipboard-write; encrypted-media; gyroscope; picture-in-picture; web-share\" referrerpolicy=\"strict-origin-when-cross-origin\" allowfullscreen><\/iframe> <\/div><\/figure>    <h2 class=\"wp-block-heading\"><strong>M\u00e1quina autom\u00e1tica para craquear y descascarar anacardos<\/strong><\/h2>    <p class=\"translation-block\">La unidad descascarilladora de anacardos est\u00e1 especializada en la eliminaci\u00f3n de la c\u00e1scara del anacardo. La l\u00ednea de producci\u00f3n completa es autom\u00e1tica, primero separa los anacardos en 3-5 grados (18 mm, 20 mm, 22 mm, 24 mm, 26 mm) por trabajo manual o m\u00e1quina, la acci\u00f3n de alimentaci\u00f3n se completa autom\u00e1ticamente. La operaci\u00f3n simple y la alta eficiencia la convierten en una buena opci\u00f3n para <a href=\"https:\/\/www.cashewnut-processing.com\/es\/automatic-cashew-nut-processing-line.html\/\">procesar anacardos<\/a>.<\/p>   <div class=\"wp-block-image size-full wp-image-1297\"> <figure class=\"aligncenter\"><img loading=\"lazy\" decoding=\"async\" width=\"720\" height=\"540\" src=\"https:\/\/www.cashewnut-processing.com\/wp-content\/uploads\/2018\/08\/automatic-cashew-nut-shelling-machine-for-sale.webp\" alt=\"M\u00e1quina peladora autom\u00e1tica de anacardos a la venta\" class=\"wp-image-7006\" title=\"\"><figcaption class=\"wp-element-caption\">M\u00e1quina peladora autom\u00e1tica de anacardos a la venta<\/figcaption><\/figure> <\/div>   <h3 class=\"wp-block-heading\">Principio de funcionamiento de la m\u00e1quina para romper nueces de anacardo<\/h3>    <p>La m\u00e1quina peladora de anacardos contin\u00faa el principio del pelado manual. Despu\u00e9s de verter los anacardos en la tolva de alimentaci\u00f3n del pelador, los anacardos caen en los peque\u00f1os agujeros con la rotaci\u00f3n de la cadena. Luego, la cadena de la m\u00e1quina lleva los anacardos a la posici\u00f3n de la cuchilla para romper la c\u00e1scara. La m\u00e1quina peladora de nueces puede equiparse con una m\u00e1quina cribadora para aumentar la eficiencia de frenado.<\/p>    <h3 class=\"wp-block-heading\">M\u00e1quina para romper anacardos&nbsp;<strong>Caracter\u00edsticas:<\/strong><\/h3>    <ol class=\"wp-block-list\"> <li>F\u00e1cil de operar, bajo consumo de energ\u00eda.<\/li>    <li>Con alta capacidad y bajo nivel de ruido. Puedes romper 6, 8, 10, 12, 14 anacardos, etc., al mismo tiempo.<\/li>    <li>Dise\u00f1o razonable, estructura exquisita y espacio reducido.<\/li>    <li>La m\u00e1quina peladora de anacardos tiene un alto grado de automatizaci\u00f3n, lo que reduce la intensidad del trabajo manual.<\/li>    <li>Tiene una variedad de modelos para elegir, que pueden satisfacer los requisitos de producci\u00f3n de fabricantes de diferentes especificaciones.<\/li>    <li>La m\u00e1quina descascaradora autom\u00e1tica de anacardos adopta la colocaci\u00f3n horizontal de materiales para aumentar la eficiencia del descascarado y reducir la tasa de rotura.<\/li>    <li>La parte de contacto de anacardo de la m\u00e1quina adopta acero inoxidable y el resto adopta <a href=\"https:\/\/en.wikipedia.org\/wiki\/Carbon_steel\" target=\"_blank\" rel=\"noopener\">acero carbono<\/a>. Reduce los costos de producci\u00f3n al tiempo que cumple con los requisitos de producci\u00f3n de seguridad alimentaria. Podemos personalizar la m\u00e1quina seg\u00fan los requisitos del cliente.<\/li>    <li>Se puede mejorar el desgranado despu\u00e9s de la clasificaci\u00f3n por parte del clasificador, la tasa de descascarado y la tasa de grano entero de los anacardos.<\/li> <\/ol>    <figure class=\"wp-block-gallery has-nested-images columns-2 is-cropped wp-block-gallery-2 is-layout-flex wp-block-gallery-is-layout-flex\"> <figure class=\"wp-block-image size-full\"><img loading=\"lazy\" decoding=\"async\" width=\"720\" height=\"540\" data-id=\"7007\" src=\"https:\/\/www.cashewnut-processing.com\/wp-content\/uploads\/2018\/08\/cashew-nut-cracking-machine.webp\" alt=\"m\u00e1quina para romper nueces de anacardo\" class=\"wp-image-7007\" title=\"\"><figcaption class=\"wp-element-caption\">M\u00e1quina para romper anacardos<\/figcaption><\/figure>    <figure class=\"wp-block-image size-full\"><img loading=\"lazy\" decoding=\"async\" width=\"720\" height=\"540\" data-id=\"7008\" src=\"https:\/\/www.cashewnut-processing.com\/wp-content\/uploads\/2018\/08\/taizy-cashew-shelling-machine.webp\" alt=\"m\u00e1quina descascaradora de anacardos taizy\" class=\"wp-image-7008\" title=\"\"><figcaption class=\"wp-element-caption\">M\u00e1quina descascaradora de anacardos Taizy<\/figcaption><\/figure> <\/figure>    <h3 class=\"wp-block-heading\"><strong>Par\u00e1metros de detalles:<\/strong><\/h3>   <div class=\"wp-block-image wp-image-2039\"> <figure class=\"aligncenter\"><img loading=\"lazy\" decoding=\"async\" width=\"1007\" height=\"422\" src=\"https:\/\/www.cashewnut-processing.com\/wp-content\/uploads\/2018\/08\/2.png\" alt=\"c\u00e1scara de anacardo\" class=\"wp-image-2039\" title=\"\" srcset=\"https:\/\/www.cashewnut-processing.com\/wp-content\/uploads\/2018\/08\/2.png 1007w, https:\/\/www.cashewnut-processing.com\/wp-content\/uploads\/2018\/08\/2-300x126.png 300w, https:\/\/www.cashewnut-processing.com\/wp-content\/uploads\/2018\/08\/2-768x322.png 768w\" sizes=\"auto, (max-width: 1007px) 100vw, 1007px\" \/><figcaption class=\"wp-element-caption\">c\u00e1scara de anacardo<\/figcaption><\/figure> <\/div>   <figure class=\"wp-block-table\"><table><tbody><tr><td>Frecuencia<\/td><td>50HZ<\/td><\/tr><tr><td>Tasa de apertura de conchas<\/td><td>90\u201395%<\/td><\/tr><tr><td>Tarifa sin abrir<\/td><td>3%<\/td><\/tr><tr><td>Tasa de rotura<\/td><td>menos de 5-10%<\/td><\/tr><\/tbody><\/table><\/figure>    <h2 class=\"wp-block-heading\">M\u00e1quina desgranadora de anacardos semiautom\u00e1tica<\/h2>    <p>La m\u00e1quina descascaradora de anacardos semiautom\u00e1tica se divide en m\u00e1quinas semiautom\u00e1ticas neum\u00e1ticas y mec\u00e1nicas.<\/p>   <div class=\"wp-block-image\"> <figure class=\"aligncenter size-full\"><img loading=\"lazy\" decoding=\"async\" width=\"720\" height=\"540\" src=\"https:\/\/www.cashewnut-processing.com\/wp-content\/uploads\/2020\/11\/pneumatic-cashew-shell-cracking-machine.jpg\" alt=\"m\u00e1quina neum\u00e1tica para romper c\u00e1scaras de anacardo\" class=\"wp-image-1295\" title=\"\" srcset=\"https:\/\/www.cashewnut-processing.com\/wp-content\/uploads\/2020\/11\/pneumatic-cashew-shell-cracking-machine.jpg 720w, https:\/\/www.cashewnut-processing.com\/wp-content\/uploads\/2020\/11\/pneumatic-cashew-shell-cracking-machine-300x225.jpg 300w\" sizes=\"auto, (max-width: 720px) 100vw, 720px\" \/><figcaption class=\"wp-element-caption\">m\u00e1quina neum\u00e1tica para romper c\u00e1scaras de anacardo<\/figcaption><\/figure> <\/div>   <h3 class=\"wp-block-heading\">Introducci\u00f3n a la m\u00e1quina<\/h3>    <p>La m\u00e1quina descascaradora neum\u00e1tica de anacardos utiliza una bomba de aire para controlar la varilla mec\u00e1nica para presionar las nueces de anacardo, mientras que la m\u00e1quina mec\u00e1nica utiliza un motor para impulsar la m\u00e1quina.<\/p>    <p>Ambas m\u00e1quinas requieren la colocaci\u00f3n manual del material. La gran diferencia con la m\u00e1quina peladora manual es que la m\u00e1quina cascadora de anacardos puede colocar varios anacardos a la vez, lo que aumenta en gran medida la eficiencia de producci\u00f3n.<\/p>    <h3 class=\"wp-block-heading\"><strong>Par\u00e1metros de detalles:<\/strong><\/h3>   <div class=\"wp-block-image size-full wp-image-2044\"> <figure class=\"aligncenter\"><img loading=\"lazy\" decoding=\"async\" width=\"769\" height=\"447\" src=\"https:\/\/www.cashewnut-processing.com\/wp-content\/uploads\/2018\/08\/semi-automatic-cashew-shelling.png\" alt=\"descascarado semiautom\u00e1tico de anacardos\" class=\"wp-image-2044\" title=\"\" srcset=\"https:\/\/www.cashewnut-processing.com\/wp-content\/uploads\/2018\/08\/semi-automatic-cashew-shelling.png 769w, https:\/\/www.cashewnut-processing.com\/wp-content\/uploads\/2018\/08\/semi-automatic-cashew-shelling-300x174.png 300w\" sizes=\"auto, (max-width: 769px) 100vw, 769px\" \/><figcaption class=\"wp-element-caption\">descascarado semiautom\u00e1tico de anacardos<\/figcaption><\/figure> <\/div>   <h2 class=\"wp-block-heading\">M\u00e1quina peladora manual de anacardos<\/h2>    <p>La m\u00e1quina desgranadora manual es la m\u00e1quina m\u00e1s antigua en el desarrollo de la desgranadora. La m\u00e1quina utiliza una operaci\u00f3n accionada con el pie y descarga manual. Al romper la c\u00e1scara, es necesario hacer coincidir manualmente el anacardo con la cuchilla de la m\u00e1quina. Luego, el interruptor de pedal hace que la hoja gire para abrir la carcasa. La m\u00e1quina para cascar nueces requiere mano de obra, la eficiencia de apertura de la c\u00e1scara es baja y la tasa de apertura de la c\u00e1scara no es satisfactoria.<\/p>    <figure class=\"wp-block-gallery has-nested-images columns-2 is-cropped wp-block-gallery-3 is-layout-flex wp-block-gallery-is-layout-flex\"> <figure class=\"wp-block-image size-large\"><img loading=\"lazy\" decoding=\"async\" width=\"589\" height=\"587\" data-id=\"1881\" src=\"https:\/\/www.cashewnut-processing.com\/wp-content\/uploads\/2021\/07\/manual-cashew-shelling-machine.png\" alt=\"m\u00e1quina descascaradora manual de anacardos\" class=\"wp-image-1881\" title=\"\" srcset=\"https:\/\/www.cashewnut-processing.com\/wp-content\/uploads\/2021\/07\/manual-cashew-shelling-machine.png 589w, https:\/\/www.cashewnut-processing.com\/wp-content\/uploads\/2021\/07\/manual-cashew-shelling-machine-300x300.png 300w, https:\/\/www.cashewnut-processing.com\/wp-content\/uploads\/2021\/07\/manual-cashew-shelling-machine-150x150.png 150w\" sizes=\"auto, (max-width: 589px) 100vw, 589px\" \/><figcaption class=\"wp-element-caption\">Desgranadora manual de anacardos<\/figcaption><\/figure>    <figure class=\"wp-block-image size-large\"><img loading=\"lazy\" decoding=\"async\" width=\"720\" height=\"519\" data-id=\"1294\" src=\"https:\/\/www.cashewnut-processing.com\/wp-content\/uploads\/2020\/11\/manual-cashew-nut-sheller-machine.jpg\" alt=\"M\u00e1quina desgranadora manual de anacardos\" class=\"wp-image-1294\" title=\"\" srcset=\"https:\/\/www.cashewnut-processing.com\/wp-content\/uploads\/2020\/11\/manual-cashew-nut-sheller-machine.jpg 720w, https:\/\/www.cashewnut-processing.com\/wp-content\/uploads\/2020\/11\/manual-cashew-nut-sheller-machine-300x216.jpg 300w\" sizes=\"auto, (max-width: 720px) 100vw, 720px\" \/><figcaption class=\"wp-element-caption\">M\u00e1quina desgranadora manual de anacardos<\/figcaption><\/figure> <\/figure>    <h2 class=\"wp-block-heading\">Grupo grande de m\u00e1quinas para romper c\u00e1scaras de anacardo<\/h2>    <p>La m\u00e1quina desgranadora completamente autom\u00e1tica es una combinaci\u00f3n de m\u00e1quinas desgranadoras de anacardos individuales. Seg\u00fan los requisitos de la salida, puede combinar con diferentes n\u00fameros de m\u00e1quinas descascaradoras. La unidad de descascarado autom\u00e1tico suele estar compuesta por un polipasto, un distribuidor, varias m\u00e1quinas autom\u00e1ticas para romper anacardos y una m\u00e1quina cribadora.<\/p>   <div class=\"wp-block-image size-full wp-image-1298\"> <figure class=\"aligncenter\"><img loading=\"lazy\" decoding=\"async\" width=\"720\" height=\"540\" src=\"http:\/\/www.cashewnut-processing.com\/wp-content\/uploads\/2020\/11\/cashew-shelling-machine.jpg\" alt=\"m\u00e1quina descascaradora de anacardos\" class=\"wp-image-1298\" title=\"\" srcset=\"https:\/\/www.cashewnut-processing.com\/wp-content\/uploads\/2020\/11\/cashew-shelling-machine.jpg 720w, https:\/\/www.cashewnut-processing.com\/wp-content\/uploads\/2020\/11\/cashew-shelling-machine-300x225.jpg 300w\" sizes=\"auto, (max-width: 720px) 100vw, 720px\" \/><figcaption class=\"wp-element-caption\">m\u00e1quina descascaradora de anacardos<\/figcaption><\/figure> <\/div>   <h3 class=\"wp-block-heading\">Principio de funcionamiento de la m\u00e1quina peladora de nueces.<\/h3>    <p>Primero, utilice la cinta transportadora para transportar los anacardos hasta la tolva del dispensador. El fondo de la tolva contacta con varios tubos de transporte de material. A trav\u00e9s de los tubos, estos anacardos se dividen en diferentes posiciones de la m\u00e1quina desgranadora. El dispensador puede controlar autom\u00e1ticamente la cantidad de material dividido cada vez. Despu\u00e9s de que el anacardo ingresa a la m\u00e1quina descascaradora, las c\u00e1scaras y los granos separados caen sobre la m\u00e1quina de criba. Bajo la acci\u00f3n de la criba vibratoria, se separan los anacardos y las c\u00e1scaras de diferentes pesos.<\/p>    <h3 class=\"wp-block-heading\">Caracter\u00edsticas de la m\u00e1quina para romper anacardos<\/h3>    <p>1. Las m\u00e1quinas trituradoras de anacardos totalmente autom\u00e1ticas pueden realizar todo el proceso desde la alimentaci\u00f3n, el pelado y el cribado, con un alto grado de automatizaci\u00f3n.<br>2. La m\u00e1quina tiene una estructura estable, alta eficiencia de pelado y una alta tasa de granos enteros.<br>3. Este grupo grande de m\u00e1quinas descascaradoras de anacardos es adecuado para grandes plantas procesadoras de anacardos y tiene una alta eficiencia de producci\u00f3n.<br>4. Puede combinarse con m\u00faltiples m\u00e1quinas peladoras de anacardos para lograr diferentes requisitos de producci\u00f3n.<\/p>","protected":false},"excerpt":{"rendered":"<p>La m\u00e1quina peladora de anacardos se divide en tipos manuales, semiautom\u00e1ticas, autom\u00e1ticas y completamente autom\u00e1ticas. La m\u00e1quina trituradora de anacardos tiene las caracter\u00edsticas de un alto grado de automatizaci\u00f3n y una alta tasa de descascarado.<\/p>","protected":false},"author":1,"featured_media":1997,"parent":0,"template":"","tags":[68],"product-type":[417],"class_list":["post-56","product","type-product","status-publish","has-post-thumbnail","hentry","tag-cashew-shelling-machine","product-type-shelling-peeling-machine"],"_links":{"self":[{"href":"https:\/\/www.cashewnut-processing.com\/es\/wp-json\/wp\/v2\/product\/56","targetHints":{"allow":["GET"]}}],"collection":[{"href":"https:\/\/www.cashewnut-processing.com\/es\/wp-json\/wp\/v2\/product"}],"about":[{"href":"https:\/\/www.cashewnut-processing.com\/es\/wp-json\/wp\/v2\/types\/product"}],"author":[{"embeddable":true,"href":"https:\/\/www.cashewnut-processing.com\/es\/wp-json\/wp\/v2\/users\/1"}],"wp:featuredmedia":[{"embeddable":true,"href":"https:\/\/www.cashewnut-processing.com\/es\/wp-json\/wp\/v2\/media\/1997"}],"wp:attachment":[{"href":"https:\/\/www.cashewnut-processing.com\/es\/wp-json\/wp\/v2\/media?parent=56"}],"wp:term":[{"taxonomy":"post_tag","embeddable":true,"href":"https:\/\/www.cashewnut-processing.com\/es\/wp-json\/wp\/v2\/tags?post=56"},{"taxonomy":"product-type","embeddable":true,"href":"https:\/\/www.cashewnut-processing.com\/es\/wp-json\/wp\/v2\/product-type?post=56"}],"curies":[{"name":"wp","href":"https:\/\/api.w.org\/{rel}","templated":true}]}}