{"id":52,"date":"2018-08-09T09:00:59","date_gmt":"2018-08-09T09:00:59","guid":{"rendered":"http:\/\/www.cashewnut-processing.com\/?p=52"},"modified":"2025-10-28T15:03:15","modified_gmt":"2025-10-28T07:03:15","slug":"cashew-vibrate-conveyor","status":"publish","type":"product","link":"https:\/\/www.cashewnut-processing.com\/es\/cashew-vibrate-conveyor.html","title":{"rendered":"Separador vibratorio de anacardos | M\u00e1quina separadora de c\u00e1scara de anacardo"},"content":{"rendered":"<p class=\"translation-block\">La m\u00e1quina separadora de c\u00e1scaras de anacardo se utiliza para separar nueces y c\u00e1scaras de anacardos, <a href=\"https:\/\/en.wikipedia.org\/wiki\/Almond\" target=\"_blank\" rel=\"noopener\">almendras<\/a>, cacahuetes, etc. Las nueces de anacardo separadas por el equipo entrar\u00e1n en el siguiente paso de la <a href=\"https:\/\/www.cashewnut-processing.com\/es\/products\/cashewnut-processing-line\/\">l\u00ednea de procesamiento de anacardos<\/a>. Seg\u00fan los diferentes usos, el separador vibratorio de anacardos se podr\u00eda personalizar a una longitud espec\u00edfica. La m\u00e1quina tiene una operaci\u00f3n simple y es ampliamente utilizada en f\u00e1bricas de frutos secos.<\/p>    <figure class=\"wp-block-embed is-type-video is-provider-youtube wp-block-embed-youtube wp-embed-aspect-4-3 wp-has-aspect-ratio\"><div class=\"wp-block-embed__wrapper\"> <iframe loading=\"lazy\" title=\"M\u00e1quina separadora de c\u00e1scaras y granos de anacardo | separador vibratorio de anacardos\" width=\"500\" height=\"375\" src=\"https:\/\/www.youtube.com\/embed\/rtROHGiWgUk?feature=oembed\" frameborder=\"0\" allow=\"accelerometer; autoplay; clipboard-write; encrypted-media; gyroscope; picture-in-picture; web-share\" referrerpolicy=\"strict-origin-when-cross-origin\" allowfullscreen><\/iframe> <\/div><\/figure>    <h2 class=\"wp-block-heading\">Introducci\u00f3n de la m\u00e1quina separadora de c\u00e1scaras y granos de anacardo<\/h2>    <p>La m\u00e1quina separadora de c\u00e1scaras de anacardo tiene una velocidad r\u00e1pida. La alta tasa de separaci\u00f3n y el bajo riesgo de romper nueces ayudan a que la m\u00e1quina sea la mejor opci\u00f3n para las f\u00e1bricas. Por lo tanto, es adecuado que las f\u00e1bricas apliquen este separador en la l\u00ednea de producci\u00f3n de nueces.<\/p>    <p>Y tenemos dos tipos de separadores, funcionan b\u00e1sicamente con el mismo principio. El \u00fanico punto diferente es la tolva.<\/p>    <div class=\"wp-block-columns is-layout-flex wp-container-core-columns-is-layout-9d6595d7 wp-block-columns-is-layout-flex\"> <div class=\"wp-block-column is-layout-flow wp-block-column-is-layout-flow\"> <figure class=\"wp-block-image size-full\"><img loading=\"lazy\" decoding=\"async\" width=\"720\" height=\"540\" src=\"https:\/\/www.cashewnut-processing.com\/wp-content\/uploads\/2018\/08\/cashew-shell-separator.jpg\" alt=\"Separador de c\u00e1scara y n\u00facleo de anacardo\" class=\"wp-image-1766\" title=\"\" srcset=\"https:\/\/www.cashewnut-processing.com\/wp-content\/uploads\/2018\/08\/cashew-shell-separator.jpg 720w, https:\/\/www.cashewnut-processing.com\/wp-content\/uploads\/2018\/08\/cashew-shell-separator-300x225.jpg 300w\" sizes=\"auto, (max-width: 720px) 100vw, 720px\" \/><figcaption class=\"wp-element-caption\">M\u00e1quina separadora de c\u00e1scaras y granos de anacardo<\/figcaption><\/figure> <\/div>    <div class=\"wp-block-column is-layout-flow wp-block-column-is-layout-flow\"> <figure class=\"wp-block-image size-full\"><img loading=\"lazy\" decoding=\"async\" width=\"720\" height=\"540\" src=\"https:\/\/www.cashewnut-processing.com\/wp-content\/uploads\/2018\/08\/cashew-vibrate-separator-machine.jpg\" alt=\"separador vibratorio de anacardos\" class=\"wp-image-1767\" title=\"\" srcset=\"https:\/\/www.cashewnut-processing.com\/wp-content\/uploads\/2018\/08\/cashew-vibrate-separator-machine.jpg 720w, https:\/\/www.cashewnut-processing.com\/wp-content\/uploads\/2018\/08\/cashew-vibrate-separator-machine-300x225.jpg 300w\" sizes=\"auto, (max-width: 720px) 100vw, 720px\" \/><figcaption class=\"wp-element-caption\">Separador vibratorio de anacardos<\/figcaption><\/figure> <\/div> <\/div>    <h2 class=\"wp-block-heading\">Principio de funcionamiento<\/h2>    <p>El separador vibratorio de anacardos se utiliza para separar la c\u00e1scara y la semilla de anacardo. La m\u00e1quina utiliza un cribado por vibraci\u00f3n para separar los anacardos y las c\u00e1scaras de los anacardos. La c\u00e1scara y la semilla de anacardo tamizadas se descargan desde diferentes salidas de la m\u00e1quina.<\/p>    <h2 class=\"wp-block-heading\">Ventajas de la m\u00e1quina separadora de c\u00e1scaras y granos de anacardo<\/h2>    <h3 class=\"wp-block-heading\">Alta eficiencia<\/h3>    <p>La alimentaci\u00f3n solo necesita una vez y el n\u00facleo de la c\u00e1scara se separa autom\u00e1ticamente. El funcionamiento tambi\u00e9n es sencillo.<\/p>    <h3 class=\"wp-block-heading\">Usos diversos<\/h3>    <p>Esta m\u00e1quina no es s\u00f3lo para separar anacardos. Tambi\u00e9n puede separar otros frutos secos, como man\u00ed y almendras.<\/p>    <h3 class=\"wp-block-heading\">L\u00ednea de producci\u00f3n<\/h3>    <p>La m\u00e1quina se puede utilizar con la l\u00ednea de montaje o trabajar sola, con gran rendimiento. Y ocupa poco espacio.<\/p>    <h2 class=\"wp-block-heading\">C\u00f3mo mantener la m\u00e1quina<\/h2>    <ul class=\"wp-block-list\"> <li>Limpie y mantenga la m\u00e1quina con regularidad.<\/li>    <li>Los expertos profesionales deben comprobar algunas piezas peri\u00f3dicamente para evitar da\u00f1os a la m\u00e1quina.<\/li> <\/ul>    <p>El separador vibratorio de anacardos tambi\u00e9n es una parte importante de la l\u00ednea de procesamiento de anacardos. Si est\u00e1 interesado en la m\u00e1quina separadora o la l\u00ednea de producci\u00f3n, cont\u00e1ctenos. Esperamos sus mensajes.<\/p>    <h2 class=\"wp-block-heading\">Par\u00e1metro de la m\u00e1quina<\/h2>    <h3 class=\"wp-block-heading\">Modelo 1<\/h3>    <figure class=\"wp-block-image size-full\"><img loading=\"lazy\" decoding=\"async\" width=\"720\" height=\"540\" src=\"https:\/\/www.cashewnut-processing.com\/wp-content\/uploads\/2018\/08\/cashew-shell-separating-machine.jpg\" alt=\"m\u00e1quina separadora de c\u00e1scara de anacardo\" class=\"wp-image-1764\" title=\"\" srcset=\"https:\/\/www.cashewnut-processing.com\/wp-content\/uploads\/2018\/08\/cashew-shell-separating-machine.jpg 720w, https:\/\/www.cashewnut-processing.com\/wp-content\/uploads\/2018\/08\/cashew-shell-separating-machine-300x225.jpg 300w\" sizes=\"auto, (max-width: 720px) 100vw, 720px\" \/><figcaption class=\"wp-element-caption\">M\u00e1quina separadora de c\u00e1scara de anacardo<\/figcaption><\/figure>    <figure class=\"wp-block-table\"><table><tbody><tr><td>Modelo<\/td><td>TZJ-200<\/td><\/tr><tr><td>Capacidad<\/td><td>1200 kilos por hora<\/td><\/tr><tr><td>Tama\u00f1o<\/td><td>2600x600x1500mm<\/td><\/tr><tr><td>Voltaje<\/td><td>380v\/50HZ<\/td><\/tr><tr><td>Fuerza<\/td><td>1,85 kilovatios<\/td><\/tr><\/tbody><\/table><\/figure>    <h3 class=\"wp-block-heading\">Modelo 2<\/h3>    <figure class=\"wp-block-image size-full\"><img loading=\"lazy\" decoding=\"async\" width=\"720\" height=\"540\" src=\"https:\/\/www.cashewnut-processing.com\/wp-content\/uploads\/2018\/08\/cashew-vibrate-separator.jpg\" alt=\"separador vibratorio de anacardos\" class=\"wp-image-1765\" title=\"\" srcset=\"https:\/\/www.cashewnut-processing.com\/wp-content\/uploads\/2018\/08\/cashew-vibrate-separator.jpg 720w, https:\/\/www.cashewnut-processing.com\/wp-content\/uploads\/2018\/08\/cashew-vibrate-separator-300x225.jpg 300w\" sizes=\"auto, (max-width: 720px) 100vw, 720px\" \/><figcaption class=\"wp-element-caption\">Separador vibratorio de anacardos<\/figcaption><\/figure>    <figure class=\"wp-block-table\"><table><tbody><tr><td>Modelo<\/td><td>TZ-ZD 1200<\/td><\/tr><tr><td>Capacidad<\/td><td>1200 kilos por hora<\/td><\/tr><tr><td>Dimensi\u00f3n<\/td><td>5000*600*800 mil\u00edmetros<\/td><\/tr><tr><td>Voltaje<\/td><td>380v 50hz<\/td><\/tr><tr><td>Fuerza<\/td><td>1,5 kilovatios<\/td><\/tr><tr><td>Peso<\/td><td>350 kilogramos<\/td><\/tr><\/tbody><\/table><\/figure>","protected":false},"excerpt":{"rendered":"<p>La m\u00e1quina separadora de c\u00e1scaras de anacardo se utiliza para separar las c\u00e1scaras de anacardo. El anacardo separado se puede procesar en la l\u00ednea de producci\u00f3n.<\/p>","protected":false},"author":1,"featured_media":1998,"parent":0,"template":"","tags":[175],"product-type":[415],"class_list":["post-52","product","type-product","status-publish","has-post-thumbnail","hentry","tag-cashew-shell-separating-machine","product-type-sorting-grading-machine"],"_links":{"self":[{"href":"https:\/\/www.cashewnut-processing.com\/es\/wp-json\/wp\/v2\/product\/52","targetHints":{"allow":["GET"]}}],"collection":[{"href":"https:\/\/www.cashewnut-processing.com\/es\/wp-json\/wp\/v2\/product"}],"about":[{"href":"https:\/\/www.cashewnut-processing.com\/es\/wp-json\/wp\/v2\/types\/product"}],"author":[{"embeddable":true,"href":"https:\/\/www.cashewnut-processing.com\/es\/wp-json\/wp\/v2\/users\/1"}],"wp:featuredmedia":[{"embeddable":true,"href":"https:\/\/www.cashewnut-processing.com\/es\/wp-json\/wp\/v2\/media\/1998"}],"wp:attachment":[{"href":"https:\/\/www.cashewnut-processing.com\/es\/wp-json\/wp\/v2\/media?parent=52"}],"wp:term":[{"taxonomy":"post_tag","embeddable":true,"href":"https:\/\/www.cashewnut-processing.com\/es\/wp-json\/wp\/v2\/tags?post=52"},{"taxonomy":"product-type","embeddable":true,"href":"https:\/\/www.cashewnut-processing.com\/es\/wp-json\/wp\/v2\/product-type?post=52"}],"curies":[{"name":"wp","href":"https:\/\/api.w.org\/{rel}","templated":true}]}}