{"id":468,"date":"2019-01-19T02:39:14","date_gmt":"2019-01-19T02:39:14","guid":{"rendered":"http:\/\/www.cashewnut-processing.com\/?p=468"},"modified":"2025-10-28T15:02:45","modified_gmt":"2025-10-28T07:02:45","slug":"cashew-peanut-roasting-machine","status":"publish","type":"product","link":"https:\/\/www.cashewnut-processing.com\/es\/cashew-peanut-roasting-machine.html","title":{"rendered":"M\u00e1quina para tostar anacardos | M\u00e1quina tostadora de anacardos con revestimiento oscilante"},"content":{"rendered":"<p>La m\u00e1quina tostadora de anacardos Taizy puede reducir eficazmente el contenido de humedad de los anacardos a 2%-3%. En Taizy Machinery, tenemos dos m\u00e9todos de calefacci\u00f3n para que los clientes elijan: calefacci\u00f3n el\u00e9ctrica y calefacci\u00f3n a gas.<\/p>    <p>Con control de temperatura avanzado y procesos automatizados, garantiza que cada lote de nueces se tueste a la perfecci\u00f3n. <\/p>    <p>Ya sea que opere un negocio de anacardos a peque\u00f1a escala o una operaci\u00f3n industrial grande, invertir en una m\u00e1quina tostadora de anacardos puede aumentar significativamente su productividad.<\/p>    <h2 class=\"wp-block-heading\">El v\u00eddeo de la tostadora de anacardos tipo tambor.<\/h2>    <figure class=\"wp-block-embed is-type-video is-provider-youtube wp-block-embed-youtube wp-embed-aspect-16-9 wp-has-aspect-ratio\"><div class=\"wp-block-embed__wrapper\"> <iframe loading=\"lazy\" title=\"C\u00f3mo tostar y hornear anacardos | tostador de man\u00ed\" width=\"500\" height=\"281\" src=\"https:\/\/www.youtube.com\/embed\/EzV2KctFYrs?feature=oembed\" frameborder=\"0\" allow=\"accelerometer; autoplay; clipboard-write; encrypted-media; gyroscope; picture-in-picture; web-share\" referrerpolicy=\"strict-origin-when-cross-origin\" allowfullscreen><\/iframe> <\/div><figcaption class=\"wp-element-caption\">m\u00e1quina tostadora de anacardos<\/figcaption><\/figure>    <h2 class=\"wp-block-heading\">Aplicaci\u00f3n de la m\u00e1quina tostadora de anacardos.<\/h2>    <p class=\"translation-block\">Esta m\u00e1quina para asar anacardos se utiliza principalmente en la industria de procesamiento de alimentos. Puede usarla para asar anacardos, almendras, cacahuetes, avellanas, <a href=\"https:\/\/en.wikipedia.org\/wiki\/Chestnut\" target=\"_blank\" rel=\"noopener\">casta\u00f1as<\/a>, pi\u00f1ones y otros.<\/p>    <p>La m\u00e1quina tambi\u00e9n puede tostar soja, garbanzos, granos de caf\u00e9, granos de cacao y otras legumbres. Adem\u00e1s, tambi\u00e9n puede utilizar esta m\u00e1quina para tostar semillas de calabaza, semillas de girasol, semillas de mel\u00f3n, semillas de s\u00e9samo y otras semillas.<\/p>    <figure class=\"wp-block-gallery has-nested-images columns-2 is-cropped wp-block-gallery-2 is-layout-flex wp-block-gallery-is-layout-flex\"> <figure class=\"wp-block-image size-full\"><img loading=\"lazy\" decoding=\"async\" width=\"720\" height=\"540\" data-id=\"7175\" src=\"https:\/\/www.cashewnut-processing.com\/wp-content\/uploads\/2019\/01\/almonds.webp\" alt=\"Almendras\" class=\"wp-image-7175\" title=\"\" srcset=\"https:\/\/www.cashewnut-processing.com\/wp-content\/uploads\/2019\/01\/almonds.webp 720w, https:\/\/www.cashewnut-processing.com\/wp-content\/uploads\/2019\/01\/almonds-300x225.webp 300w, https:\/\/www.cashewnut-processing.com\/wp-content\/uploads\/2019\/01\/almonds-16x12.webp 16w\" sizes=\"auto, (max-width: 720px) 100vw, 720px\" \/><figcaption class=\"wp-element-caption\">Almendras<\/figcaption><\/figure>    <figure class=\"wp-block-image size-full\"><img loading=\"lazy\" decoding=\"async\" width=\"720\" height=\"540\" data-id=\"7174\" src=\"https:\/\/www.cashewnut-processing.com\/wp-content\/uploads\/2019\/01\/roasted-peanuts.webp\" alt=\"man\u00ed tostado\" class=\"wp-image-7174\" title=\"\" srcset=\"https:\/\/www.cashewnut-processing.com\/wp-content\/uploads\/2019\/01\/roasted-peanuts.webp 720w, https:\/\/www.cashewnut-processing.com\/wp-content\/uploads\/2019\/01\/roasted-peanuts-300x225.webp 300w, https:\/\/www.cashewnut-processing.com\/wp-content\/uploads\/2019\/01\/roasted-peanuts-16x12.webp 16w\" sizes=\"auto, (max-width: 720px) 100vw, 720px\" \/><figcaption class=\"wp-element-caption\">Man\u00edes tostados<\/figcaption><\/figure> <\/figure>    <h2 class=\"wp-block-heading\">Tipos de m\u00e1quinas tostadoras de anacardos<\/h2>    <p class=\"translation-block\">Los dos tipos de m\u00e1quinas para asar anacardos que se venden com\u00fanmente en el mercado son tipo tambor y tipo giratorio. Como fabricante profesional de <a href=\"https:\/\/www.cashewnut-processing.com\/es\/automatic-cashew-nut-processing-line.html\/\">maquinaria para anacardos<\/a>, podemos proporcionar equipos de asado de anacardos de ambos tipos.<\/p>    <figure class=\"wp-block-gallery has-nested-images columns-2 is-cropped wp-block-gallery-3 is-layout-flex wp-block-gallery-is-layout-flex\"> <figure class=\"wp-block-image size-large\"><img loading=\"lazy\" decoding=\"async\" width=\"720\" height=\"540\" data-id=\"7172\" src=\"https:\/\/www.cashewnut-processing.com\/wp-content\/uploads\/2019\/01\/drum-cashew-roasting-machine.webp\" alt=\"m\u00e1quina tostadora de anacardos de tambor\" class=\"wp-image-7172\" title=\"\" srcset=\"https:\/\/www.cashewnut-processing.com\/wp-content\/uploads\/2019\/01\/drum-cashew-roasting-machine.webp 720w, https:\/\/www.cashewnut-processing.com\/wp-content\/uploads\/2019\/01\/drum-cashew-roasting-machine-300x225.webp 300w, https:\/\/www.cashewnut-processing.com\/wp-content\/uploads\/2019\/01\/drum-cashew-roasting-machine-16x12.webp 16w\" sizes=\"auto, (max-width: 720px) 100vw, 720px\" \/><figcaption class=\"wp-element-caption\">M\u00e1quina tostadora de anacardos en tambor<\/figcaption><\/figure>    <figure class=\"wp-block-image size-large\"><img loading=\"lazy\" decoding=\"async\" width=\"720\" height=\"540\" data-id=\"7173\" src=\"https:\/\/www.cashewnut-processing.com\/wp-content\/uploads\/2019\/01\/swing-coated-cashew-oven.webp\" alt=\"horno de anacardos revestido abatible\" class=\"wp-image-7173\" title=\"\" srcset=\"https:\/\/www.cashewnut-processing.com\/wp-content\/uploads\/2019\/01\/swing-coated-cashew-oven.webp 720w, https:\/\/www.cashewnut-processing.com\/wp-content\/uploads\/2019\/01\/swing-coated-cashew-oven-300x225.webp 300w, https:\/\/www.cashewnut-processing.com\/wp-content\/uploads\/2019\/01\/swing-coated-cashew-oven-16x12.webp 16w\" sizes=\"auto, (max-width: 720px) 100vw, 720px\" \/><figcaption class=\"wp-element-caption\">Horno de anacardos con revestimiento oscilante<\/figcaption><\/figure> <\/figure>    <h2 class=\"wp-block-heading\">Tostadora de anacardos en tambor<\/h2>    <p>La m\u00e1quina tostadora de anacardos adopta un tambor giratorio y aplica los principios de conducci\u00f3n y radiaci\u00f3n de calor. Tiene un coste de producci\u00f3n econ\u00f3mico y el objeto a hornear no est\u00e1 en contacto con el fuego durante el asado. <\/p>   <div class=\"wp-block-image\"> <figure class=\"aligncenter size-full\"><img loading=\"lazy\" decoding=\"async\" width=\"720\" height=\"540\" src=\"https:\/\/www.cashewnut-processing.com\/wp-content\/uploads\/2019\/01\/drum-cashew-roaster-machine.webp\" alt=\"m\u00e1quina tostadora de anacardos de tambor\" class=\"wp-image-7177\" title=\"\" srcset=\"https:\/\/www.cashewnut-processing.com\/wp-content\/uploads\/2019\/01\/drum-cashew-roaster-machine.webp 720w, https:\/\/www.cashewnut-processing.com\/wp-content\/uploads\/2019\/01\/drum-cashew-roaster-machine-300x225.webp 300w, https:\/\/www.cashewnut-processing.com\/wp-content\/uploads\/2019\/01\/drum-cashew-roaster-machine-16x12.webp 16w\" sizes=\"auto, (max-width: 720px) 100vw, 720px\" \/><figcaption class=\"wp-element-caption\">m\u00e1quina tostadora de anacardos de tambor<\/figcaption><\/figure> <\/div>   <h3 class=\"wp-block-heading\">\u00bfPor qu\u00e9 elegir esta m\u00e1quina tostadora de anacardos con tambor?<\/h3>    <p>Muchas f\u00e1bricas de producci\u00f3n de anacardos han demostrado que la m\u00e1quina tiene las ventajas de un uso conveniente, alta eficiencia, ahorro de energ\u00eda y durabilidad. Los productos tostados son de buena calidad, limpios e higi\u00e9nicos, con sabor puro y cumpliendo con los est\u00e1ndares de exportaci\u00f3n.<\/p>    <figure class=\"wp-block-gallery has-nested-images columns-default is-cropped wp-block-gallery-4 is-layout-flex wp-block-gallery-is-layout-flex\"> <figure class=\"wp-block-image size-large\"><img loading=\"lazy\" decoding=\"async\" width=\"720\" height=\"540\" data-id=\"7170\" src=\"https:\/\/www.cashewnut-processing.com\/wp-content\/uploads\/2019\/01\/roast-cashews-at-120-degrees-for-30-minutes.webp\" alt=\"asar anacardos a 120 grados durante 30 minutos\" class=\"wp-image-7170\" title=\"\" srcset=\"https:\/\/www.cashewnut-processing.com\/wp-content\/uploads\/2019\/01\/roast-cashews-at-120-degrees-for-30-minutes.webp 720w, https:\/\/www.cashewnut-processing.com\/wp-content\/uploads\/2019\/01\/roast-cashews-at-120-degrees-for-30-minutes-300x225.webp 300w, https:\/\/www.cashewnut-processing.com\/wp-content\/uploads\/2019\/01\/roast-cashews-at-120-degrees-for-30-minutes-16x12.webp 16w\" sizes=\"auto, (max-width: 720px) 100vw, 720px\" \/><figcaption class=\"wp-element-caption\">Asar anacardos a 120 grados durante 30 minutos<\/figcaption><\/figure>    <figure class=\"wp-block-image size-large\"><img loading=\"lazy\" decoding=\"async\" width=\"720\" height=\"540\" data-id=\"7171\" src=\"https:\/\/www.cashewnut-processing.com\/wp-content\/uploads\/2019\/01\/roast-cashews-at-120-degrees-for-20-minutes.webp\" alt=\"asar anacardos a 120 grados durante 20 minutos\" class=\"wp-image-7171\" title=\"\" srcset=\"https:\/\/www.cashewnut-processing.com\/wp-content\/uploads\/2019\/01\/roast-cashews-at-120-degrees-for-20-minutes.webp 720w, https:\/\/www.cashewnut-processing.com\/wp-content\/uploads\/2019\/01\/roast-cashews-at-120-degrees-for-20-minutes-300x225.webp 300w, https:\/\/www.cashewnut-processing.com\/wp-content\/uploads\/2019\/01\/roast-cashews-at-120-degrees-for-20-minutes-16x12.webp 16w\" sizes=\"auto, (max-width: 720px) 100vw, 720px\" \/><figcaption class=\"wp-element-caption\">Asar anacardos a 120 grados durante 20 minutos<\/figcaption><\/figure> <\/figure>    <h3 class=\"wp-block-heading\">Datos t\u00e9cnicos de la tostadora de anacardos en tambor<\/h3>    <figure class=\"wp-block-table\"><table><tbody><tr><td>Modelo<\/td><td>Tama\u00f1o (mm)<\/td><td>Capacidad (kg\/h)<\/td><td>Potencia del motor (kilovatios)<\/td><td>Calefacci\u00f3n el\u00e9ctrica (kw)<\/td><td>Calefacci\u00f3n de gas (kg)<\/td><\/tr><tr><td>MHK-1<\/td><td>3000*1200*1700<\/td><td>80-120<\/td><td>1.1<\/td><td>18<\/td><td>0.9-2<\/td><\/tr><tr><td>MHK-2<\/td><td>3000*2200*1700<\/td><td>180-250<\/td><td>2.2<\/td><td>35<\/td><td>1.8-3<\/td><\/tr><tr><td>MHK-3<\/td><td>3000*3300*1700<\/td><td>280-350<\/td><td>3.3<\/td><td>45<\/td><td>2.6-4<\/td><\/tr><tr><td>MHK-4<\/td><td>3000*4400*1700<\/td><td>380-450<\/td><td>4.4<\/td><td>60<\/td><td>4-6<\/td><\/tr><tr><td>MHK-5<\/td><td>3000*5500*1700<\/td><td>500-650<\/td><td>5.5<\/td><td>75<\/td><td>6-8<\/td><\/tr><\/tbody><\/table><figcaption class=\"wp-element-caption\">tostadora de anacardos tipo tambor<\/figcaption><\/figure>    <p>El rango de capacidad de esta tostadora de anacardos con tambor es de 80-650 kg\/h. Por lo tanto, puede utilizar esta m\u00e1quina en plantas procesadoras de anacardos peque\u00f1as, medianas y grandes. <\/p>    <p>Adem\u00e1s de los datos anteriores, \u00bfquieres saber m\u00e1s sobre esta m\u00e1quina? Bienvenido a contactarnos a trav\u00e9s de la informaci\u00f3n de contacto en la esquina inferior derecha.<\/p>   <div class=\"wp-block-image\"> <figure class=\"aligncenter size-full\"><img loading=\"lazy\" decoding=\"async\" width=\"720\" height=\"540\" src=\"https:\/\/www.cashewnut-processing.com\/wp-content\/uploads\/2019\/01\/three-oven-cashew-nut-roaster-machine.webp\" alt=\"M\u00e1quina tostadora de anacardos con tres hornos\" class=\"wp-image-7178\" title=\"\" srcset=\"https:\/\/www.cashewnut-processing.com\/wp-content\/uploads\/2019\/01\/three-oven-cashew-nut-roaster-machine.webp 720w, https:\/\/www.cashewnut-processing.com\/wp-content\/uploads\/2019\/01\/three-oven-cashew-nut-roaster-machine-300x225.webp 300w, https:\/\/www.cashewnut-processing.com\/wp-content\/uploads\/2019\/01\/three-oven-cashew-nut-roaster-machine-16x12.webp 16w\" sizes=\"auto, (max-width: 720px) 100vw, 720px\" \/><figcaption class=\"wp-element-caption\">M\u00e1quina tostadora de anacardos con tres hornos<\/figcaption><\/figure> <\/div>   <h2 class=\"wp-block-heading\">M\u00e1quina tostadora de anacardos oscilante para anacardos recubiertos<\/h2>    <p>El horno oscilante para anacardos se compone de una estufa interior, bandeja para asar, soportes m\u00f3viles, etc. Adopta el principio de funcionamiento de transmisi\u00f3n de calor y radiaci\u00f3n t\u00e9rmica.<\/p>    <p>La m\u00e1quina est\u00e1 equipada con una bandeja plana, que es accionada por una placa giratoria a trav\u00e9s de dos soportes m\u00f3viles que pueden girar horizontal y continuamente. <\/p>   <div class=\"wp-block-image\"> <figure class=\"aligncenter size-full\"><img loading=\"lazy\" decoding=\"async\" width=\"720\" height=\"540\" src=\"https:\/\/www.cashewnut-processing.com\/wp-content\/uploads\/2019\/01\/cashew-swing-oven.webp\" alt=\"horno oscilante de anacardos\" class=\"wp-image-7185\" title=\"\" srcset=\"https:\/\/www.cashewnut-processing.com\/wp-content\/uploads\/2019\/01\/cashew-swing-oven.webp 720w, https:\/\/www.cashewnut-processing.com\/wp-content\/uploads\/2019\/01\/cashew-swing-oven-300x225.webp 300w, https:\/\/www.cashewnut-processing.com\/wp-content\/uploads\/2019\/01\/cashew-swing-oven-16x12.webp 16w\" sizes=\"auto, (max-width: 720px) 100vw, 720px\" \/><figcaption class=\"wp-element-caption\">horno oscilante de anacardos<\/figcaption><\/figure> <\/div>   <p>La bandeja extra\u00edble transporta los anacardos revestidos semiacabados, lo que garantiza que cada anacardo revestido se caliente uniformemente. Los anacardos recubiertos se enrollan constantemente durante el proceso de tostado para lograr el efecto de tostado ideal.<\/p>    <h3 class=\"wp-block-heading\">\u00bfPor qu\u00e9 elegir un tostador de anacardos tipo oscilante?<\/h3>    <p>Los anacardos rebozados son pegajosos, por lo que el m\u00e9todo de tostado general no puede lograr un tostado uniforme. El m\u00e9todo de tostado general s\u00f3lo puede tostar dos lados de los anacardos rebozados como m\u00e1ximo. El tostador oscilante de anacardos de nuestra empresa puede tostar uniformemente todos los lados de los anacardos.<\/p>   <div class=\"wp-block-image\"> <figure class=\"aligncenter size-full\"><img loading=\"lazy\" decoding=\"async\" width=\"720\" height=\"540\" src=\"https:\/\/www.cashewnut-processing.com\/wp-content\/uploads\/2019\/01\/finished-products.webp\" alt=\"productos terminados\" class=\"wp-image-7168\" title=\"\" srcset=\"https:\/\/www.cashewnut-processing.com\/wp-content\/uploads\/2019\/01\/finished-products.webp 720w, https:\/\/www.cashewnut-processing.com\/wp-content\/uploads\/2019\/01\/finished-products-300x225.webp 300w, https:\/\/www.cashewnut-processing.com\/wp-content\/uploads\/2019\/01\/finished-products-16x12.webp 16w\" sizes=\"auto, (max-width: 720px) 100vw, 720px\" \/><figcaption class=\"wp-element-caption\">productos terminados<\/figcaption><\/figure> <\/div>   <h3 class=\"wp-block-heading\">Par\u00e1metros de la m\u00e1quina tostadora de anacardos Swing<\/h3>    <figure class=\"wp-block-table\"><table><tbody><tr><td>Capacidad<\/td><td>80-100kg\/hora<\/td><\/tr><tr><td>Tama\u00f1o<\/td><td>2,2*2*1,4 m<\/td><\/tr><tr><td>Voltaje<\/td><td>380v 50hz<\/td><\/tr><tr><td>Fuerza<\/td><td>25kw<\/td><\/tr><tr><td>Temperatura<\/td><td>180-220\u2103<\/td><\/tr><\/tbody><\/table><figcaption class=\"wp-element-caption\">tostador de anacardos oscilante<\/figcaption><\/figure>    <p>La producci\u00f3n de la m\u00e1quina tostadora de anacardos oscilante es de 80-100 kg\/h. El tama\u00f1o es de 2,2x2x1,4m. Es adecuado para plantas procesadoras de anacardos peque\u00f1as y medianas.<\/p>   <div class=\"wp-block-image\"> <figure class=\"aligncenter size-full\"><img loading=\"lazy\" decoding=\"async\" width=\"720\" height=\"540\" src=\"https:\/\/www.cashewnut-processing.com\/wp-content\/uploads\/2019\/01\/coated-cashew-swing-oven.webp\" alt=\"horno oscilante de anacardos revestido\" class=\"wp-image-7176\" title=\"\" srcset=\"https:\/\/www.cashewnut-processing.com\/wp-content\/uploads\/2019\/01\/coated-cashew-swing-oven.webp 720w, https:\/\/www.cashewnut-processing.com\/wp-content\/uploads\/2019\/01\/coated-cashew-swing-oven-300x225.webp 300w, https:\/\/www.cashewnut-processing.com\/wp-content\/uploads\/2019\/01\/coated-cashew-swing-oven-16x12.webp 16w\" sizes=\"auto, (max-width: 720px) 100vw, 720px\" \/><figcaption class=\"wp-element-caption\">horno oscilante de anacardos revestido<\/figcaption><\/figure> <\/div>   <h2 class=\"wp-block-heading\">Ventajas de la tostadora de anacardos Taizy<\/h2>    <ol class=\"wp-block-list\"> <li>Materiales de alta calidad. Ambas m\u00e1quinas est\u00e1n fabricadas en acero inoxidable, que es resistente y duradero.<\/li>    <li>Amplia gama de aplicaciones. Las m\u00e1quinas tostadoras de anacardos tambi\u00e9n pueden tostar frijoles, cereales, semillas y nueces.<\/li>    <li>Menos p\u00e9rdida de calor. El dise\u00f1o de algod\u00f3n con aislamiento t\u00e9rmico dentro de la m\u00e1quina puede reducir la p\u00e9rdida de calor durante el funcionamiento de la m\u00e1quina.<\/li>    <li>Operaci\u00f3n simple. La operaci\u00f3n del bot\u00f3n permite a los trabajadores operar esta m\u00e1quina f\u00e1cilmente.<\/li> <\/ol>   <div class=\"wp-block-image\"> <figure class=\"aligncenter size-full\"><img loading=\"lazy\" decoding=\"async\" width=\"720\" height=\"540\" src=\"https:\/\/www.cashewnut-processing.com\/wp-content\/uploads\/2019\/01\/structure-of-the-nut-roasting-machine.webp\" alt=\"Detalles de la tostadora de nueces.\" class=\"wp-image-7179\" title=\"\" srcset=\"https:\/\/www.cashewnut-processing.com\/wp-content\/uploads\/2019\/01\/structure-of-the-nut-roasting-machine.webp 720w, https:\/\/www.cashewnut-processing.com\/wp-content\/uploads\/2019\/01\/structure-of-the-nut-roasting-machine-300x225.webp 300w, https:\/\/www.cashewnut-processing.com\/wp-content\/uploads\/2019\/01\/structure-of-the-nut-roasting-machine-16x12.webp 16w\" sizes=\"auto, (max-width: 720px) 100vw, 720px\" \/><figcaption class=\"wp-element-caption\">Detalles de la tostadora de nueces.<\/figcaption><\/figure> <\/div>   <h2 class=\"wp-block-heading\">\u00bfCu\u00e1l es el precio de una tostadora de anacardos?<\/h2>    <p>El precio de una m\u00e1quina tostadora de anacardos puede variar ampliamente seg\u00fan el modelo, la capacidad, las caracter\u00edsticas y la marca de la m\u00e1quina. <\/p>    <p>Los modelos b\u00e1sicos, adecuados para operaciones a peque\u00f1a escala, pueden costar alrededor de $1.500, mientras que las m\u00e1quinas de alta capacidad y de grado industrial pueden costar m\u00e1s de $10.000. <\/p>    <p>Los factores que influyen en el precio incluyen el tipo de calefacci\u00f3n (el\u00e9ctrica o gas), el nivel de automatizaci\u00f3n y caracter\u00edsticas adicionales como control de temperatura y capacidad de tostado uniforme. <\/p>    <p>Si desea conocer el precio de una tostadora de anacardos, no dude en contactarnos.<\/p>    <figure class=\"wp-block-gallery has-nested-images columns-default is-cropped wp-block-gallery-5 is-layout-flex wp-block-gallery-is-layout-flex\"> <figure class=\"wp-block-image size-large\"><img loading=\"lazy\" decoding=\"async\" width=\"720\" height=\"540\" data-id=\"7184\" src=\"https:\/\/www.cashewnut-processing.com\/wp-content\/uploads\/2019\/01\/cashew-nut-roasting-machine-shipped-to-USA.webp\" alt=\"M\u00e1quina tostadora de anacardos enviada a EE. UU.\" class=\"wp-image-7184\" title=\"\" srcset=\"https:\/\/www.cashewnut-processing.com\/wp-content\/uploads\/2019\/01\/cashew-nut-roasting-machine-shipped-to-USA.webp 720w, https:\/\/www.cashewnut-processing.com\/wp-content\/uploads\/2019\/01\/cashew-nut-roasting-machine-shipped-to-USA-300x225.webp 300w, https:\/\/www.cashewnut-processing.com\/wp-content\/uploads\/2019\/01\/cashew-nut-roasting-machine-shipped-to-USA-16x12.webp 16w\" sizes=\"auto, (max-width: 720px) 100vw, 720px\" \/><figcaption class=\"wp-element-caption\">M\u00e1quina tostadora de anacardos enviada a EE. UU.<\/figcaption><\/figure>    <figure class=\"wp-block-image size-large\"><img loading=\"lazy\" decoding=\"async\" width=\"720\" height=\"540\" data-id=\"7183\" src=\"https:\/\/www.cashewnut-processing.com\/wp-content\/uploads\/2019\/01\/shipment-picture-of-the-cashew-roaster.webp\" alt=\"Imagen de env\u00edo del tostador de anacardos.\" class=\"wp-image-7183\" title=\"\" srcset=\"https:\/\/www.cashewnut-processing.com\/wp-content\/uploads\/2019\/01\/shipment-picture-of-the-cashew-roaster.webp 720w, https:\/\/www.cashewnut-processing.com\/wp-content\/uploads\/2019\/01\/shipment-picture-of-the-cashew-roaster-300x225.webp 300w, https:\/\/www.cashewnut-processing.com\/wp-content\/uploads\/2019\/01\/shipment-picture-of-the-cashew-roaster-16x12.webp 16w\" sizes=\"auto, (max-width: 720px) 100vw, 720px\" \/><figcaption class=\"wp-element-caption\">Imagen de embalaje del tostador de anacardos<\/figcaption><\/figure> <\/figure>    <h2 class=\"wp-block-heading\">Proceso de trabajo de la m\u00e1quina tostadora de anacardos.<\/h2>    <ul class=\"wp-block-list\"> <li>Precalienta la m\u00e1quina: enciende el sistema de calefacci\u00f3n y ajusta la temperatura a la temperatura de asado requerida.<\/li>    <li>Alimentaci\u00f3n: coloque los anacardos en la m\u00e1quina tostadora de anacardos a trav\u00e9s del puerto de alimentaci\u00f3n.<\/li>    <li>Asado: inicie el sistema giratorio, los anacardos rodar\u00e1n uniformemente en el tambor y se calentar\u00e1n durante un tiempo predeterminado.<\/li>    <li>Descarga: despu\u00e9s de tostar, el sistema de descarga autom\u00e1tica descargar\u00e1 los anacardos horneados desde el puerto de descarga.<\/li> <\/ul>    <figure class=\"wp-block-embed is-type-video is-provider-youtube wp-block-embed-youtube wp-embed-aspect-16-9 wp-has-aspect-ratio\"><div class=\"wp-block-embed__wrapper\"> <iframe loading=\"lazy\" title=\"Tostador de horno basculante para anacardos y cacahuetes\" width=\"500\" height=\"281\" src=\"https:\/\/www.youtube.com\/embed\/6Cn5DPWVty4?feature=oembed\" frameborder=\"0\" allow=\"accelerometer; autoplay; clipboard-write; encrypted-media; gyroscope; picture-in-picture; web-share\" referrerpolicy=\"strict-origin-when-cross-origin\" allowfullscreen><\/iframe> <\/div><figcaption class=\"wp-element-caption\">Video de funcionamiento de la m\u00e1quina tostadora de anacardos oscilante<\/figcaption><\/figure>    <h2 class=\"wp-block-heading\">Precauciones al utilizar la tostadora kaju<\/h2>    <ol class=\"wp-block-list\"> <li>Antes de encender la tostadora kaju, verifique si el sistema de control el\u00e9ctrico de la jaula giratoria es normal, si los pernos de la parte giratoria est\u00e1n flojos y si el puntero del termopar o la pantalla digital son flexibles.<\/li>    <li>Revise peri\u00f3dicamente el aceite y la grasa de engranajes en el reductor de la jaula giratoria y los cojinetes en ambos extremos para evitar da\u00f1os por falta de aceite.<\/li>    <li>Revise el fondo de la jaula giratoria para eliminar las cenizas acumuladas y otros residuos en la m\u00e1quina para evitar que el humo y el fuego contaminen los alimentos asados.<\/li> <\/ol>","protected":false},"excerpt":{"rendered":"<p>Tostadora de anacardos con tambor giratorio y tostadora de anacardos oscilante para que usted elija. Tambi\u00e9n puede tostar cacahuetes, almendras, avellanas, pistachos, etc.<\/p>","protected":false},"author":1,"featured_media":1991,"parent":0,"template":"","tags":[176,177],"product-type":[416],"class_list":["post-468","product","type-product","status-publish","has-post-thumbnail","hentry","tag-cashew-roasting-machine","tag-swing-coated-peanut-raosting-oven","product-type-roasting-drying-machine"],"_links":{"self":[{"href":"https:\/\/www.cashewnut-processing.com\/es\/wp-json\/wp\/v2\/product\/468","targetHints":{"allow":["GET"]}}],"collection":[{"href":"https:\/\/www.cashewnut-processing.com\/es\/wp-json\/wp\/v2\/product"}],"about":[{"href":"https:\/\/www.cashewnut-processing.com\/es\/wp-json\/wp\/v2\/types\/product"}],"author":[{"embeddable":true,"href":"https:\/\/www.cashewnut-processing.com\/es\/wp-json\/wp\/v2\/users\/1"}],"wp:featuredmedia":[{"embeddable":true,"href":"https:\/\/www.cashewnut-processing.com\/es\/wp-json\/wp\/v2\/media\/1991"}],"wp:attachment":[{"href":"https:\/\/www.cashewnut-processing.com\/es\/wp-json\/wp\/v2\/media?parent=468"}],"wp:term":[{"taxonomy":"post_tag","embeddable":true,"href":"https:\/\/www.cashewnut-processing.com\/es\/wp-json\/wp\/v2\/tags?post=468"},{"taxonomy":"product-type","embeddable":true,"href":"https:\/\/www.cashewnut-processing.com\/es\/wp-json\/wp\/v2\/product-type?post=468"}],"curies":[{"name":"wp","href":"https:\/\/api.w.org\/{rel}","templated":true}]}}