{"id":454,"date":"2019-01-14T09:17:55","date_gmt":"2019-01-14T09:17:55","guid":{"rendered":"http:\/\/www.cashewnut-processing.com\/?p=454"},"modified":"2025-10-28T15:05:31","modified_gmt":"2025-10-28T07:05:31","slug":"cashew-fryer-blancher","status":"publish","type":"product","link":"https:\/\/www.cashewnut-processing.com\/es\/cashew-fryer-blancher.html","title":{"rendered":"Fre\u00eddora de anacardos de alta calidad"},"content":{"rendered":"<p class=\"translation-block\">Este freidor de anacardos est\u00e1 dise\u00f1ado para blanquear o fre\u00edr <a href=\"https:\/\/www.cashewnut-processing.com\/es\/cashew-nut-shelling-and-cracking-machine.html\/\">anacardos sin c\u00e1scara<\/a>. Y no solo es \u00fatil para anacardos, sino tambi\u00e9n para otros frutos secos, como cacahuetes y almendras. Esta m\u00e1quina es f\u00e1cil de operar y se puede usar de forma individual o en l\u00ednea. Y se puede personalizar seg\u00fan la demanda de producci\u00f3n del cliente.<\/p>    <h2 class=\"wp-block-heading\">Una breve introducci\u00f3n a la m\u00e1quina para fre\u00edr anacardos<\/h2>    <p class=\"translation-block\">Esta m\u00e1quina blanqueadora freidora de anacardos es un equipo esencial en la <a href=\"https:\/\/www.cashewnut-processing.com\/es\/products\/cashewnut-processing-line\/\">l\u00ednea de producci\u00f3n de anacardos<\/a> aromatizados. Debido a su caracter\u00edstica t\u00f3xica, el anacardo crudo debe preprocesarse mediante la <a href=\"https:\/\/www.cashewnut-processing.com\/es\/cashew-nut-cooker.html\/\">cocci\u00f3n<\/a>. El freidor de anacardos, inventado y desarrollado por Shuliy, es un producto todo en uno. La m\u00e1quina puede alcanzar la fritura de anacardos seg\u00fan los requisitos de producci\u00f3n. Mientras tanto, puede desempe\u00f1ar el papel de freidora. Despu\u00e9s de descascarillar y pelar, el blanqueo de los anacardos puede esterilizar las bacterias da\u00f1inas en la superficie del anacardo crudo para evitar la infecci\u00f3n y contaminaci\u00f3n de las materias primas, asegurando as\u00ed la calidad del producto final.<\/p>    <figure class=\"wp-block-gallery has-nested-images columns-3 is-cropped wp-block-gallery-2 is-layout-flex wp-block-gallery-is-layout-flex\"> <figure class=\"wp-block-image size-full\"><img loading=\"lazy\" decoding=\"async\" width=\"720\" height=\"540\" data-id=\"7020\" src=\"https:\/\/www.cashewnut-processing.com\/wp-content\/uploads\/2019\/01\/cashew-nut-frying-machine.webp\" alt=\"freidora de anacardos\" class=\"wp-image-7020\" title=\"\"><figcaption class=\"wp-element-caption\">Fre\u00eddora de anacardos<\/figcaption><\/figure>    <figure class=\"wp-block-image size-full\"><img loading=\"lazy\" decoding=\"async\" width=\"720\" height=\"540\" data-id=\"7019\" src=\"https:\/\/www.cashewnut-processing.com\/wp-content\/uploads\/2019\/01\/cashew-frying-machine.webp\" alt=\"freidora de anacardos\" class=\"wp-image-7019\" title=\"\"><figcaption class=\"wp-element-caption\">Freidora de anacardos<\/figcaption><\/figure> <\/figure>    <h2 class=\"wp-block-heading\">Aplicaci\u00f3n de la m\u00e1quina para fre\u00edr anacardos<\/h2>    <p>La freidora de tama\u00f1o peque\u00f1o se puede utilizar como m\u00e1quina independiente. Debido a su versatilidad y facilidad de transporte, la freidora es adecuada para f\u00e1bricas de snacks peque\u00f1as o medianas o empresas individuales. Incluyen restaurantes de comida r\u00e1pida, comedores y comedores de instituciones gubernamentales, escuelas u hospitales. El equipo para fre\u00edr de dise\u00f1o exclusivo puede producir una variedad de alimentos fritos y comida callejera, incluidos pollo frito, rosquillas, aros de cebolla fritos, papas fritas y anacardos aromatizados, etc.<\/p>    <h2 class=\"wp-block-heading\">Estructura de la freidora de anacardos<\/h2>    <p>La m\u00e1quina para fre\u00edr anacardos consta de un term\u00f3metro y un sistema de control, un gabinete de control el\u00e9ctrico bien sellado, un tanque para fre\u00edr\/blanquear (n\u00famero personalizable), un conducto de calefacci\u00f3n, una entrada de agua, una salida de agua y una salida de aguas residuales. La freidora de anacardos est\u00e1 construida con SUS304.<\/p>   <div class=\"wp-block-image\"> <figure class=\"aligncenter size-full\"><img loading=\"lazy\" decoding=\"async\" width=\"720\" height=\"540\" src=\"https:\/\/www.cashewnut-processing.com\/wp-content\/uploads\/2019\/01\/cashew-frying-machine-for-sale.webp\" alt=\"Vendo freidora de anacardos\" class=\"wp-image-7018\" title=\"\"><figcaption class=\"wp-element-caption\">Vendo freidora de anacardos<\/figcaption><\/figure> <\/div>   <h2 class=\"wp-block-heading\">Ventajas y caracter\u00edsticas de la freidora de anacardos.<\/h2>    <ol class=\"wp-block-list\"> <li>El tama\u00f1o de la m\u00e1quina para fre\u00edr anacardos se puede personalizar de acuerdo con la escala comercial del cliente o los requisitos de producci\u00f3n;<\/li>    <li>La cesta para fre\u00edr est\u00e1 hecha de <a href=\"https:\/\/en.wikipedia.org\/wiki\/Stainless_steel\" target=\"_blank\" rel=\"noopener\">acero inoxidable<\/a> con menor peso que los tradicionales que se venden en el mercado actual. Est\u00e1 dise\u00f1ado para que sea m\u00e1s f\u00e1cil de levantar, lo que alivia la carga de los operadores;<\/li>    <li>El tubo calefactor es m\u00e1s grueso y resistente para garantizar una vida \u00fatil prolongada;<\/li>    <li>El dise\u00f1o de separaci\u00f3n de agua y aceite elimin\u00f3 el problema del aceite para fre\u00edr contaminado que provocaba que los anacardos se quemaran;<\/li>    <li>El gabinete de control bien sellado garantiza un trabajo seguro durante el proceso de fritura.<\/li> <\/ol>    <h2 class=\"wp-block-heading\">Par\u00e1metro de la m\u00e1quina<\/h2>    <figure class=\"wp-block-table\"><table><tbody><tr><td>modelo<\/td><td>fuerza<\/td><td>Capacidad del tanque de aceite<\/td><td>di\u00e1metro<\/td><\/tr><tr><td>500<\/td><td>12kw\/380v<\/td><td>500x500x400mm<\/td><td>700x700x950mm<\/td><\/tr><tr><td>1000<\/td><td>24kw\/380v<\/td><td>1000x500x400mm<\/td><td>1200x700x950mm<\/td><\/tr><tr><td>1000A<\/td><td>27kw\/380v<\/td><td>1000x700x400mm<\/td><td>1400x1050x1400mm<\/td><\/tr><tr><td>1500A<\/td><td>40,5 kw\/380v<\/td><td>1500x700x400mm<\/td><td>1900x1050x1200mm<\/td><\/tr><tr><td>2000A<\/td><td>54kw\/380v<\/td><td>2000x700x400mm<\/td><td>2350x1050x1200mm<\/td><\/tr><\/tbody><\/table><\/figure>","protected":false},"excerpt":{"rendered":"<p>This cashew fryer is designed to bleach or fry shellless cashew nuts. And it is not only useful in cashew but also in other nuts, like peanuts, and almonds. This machine is easy to operate and can be used as a single one or in a line. And it could be customized according to the [&hellip;]<\/p>\n","protected":false},"author":1,"featured_media":7017,"parent":0,"template":"","tags":[174,70],"product-type":[416],"class_list":["post-454","product","type-product","status-publish","has-post-thumbnail","hentry","tag-cashew-nut-frying-blanching-machine","tag-cashew-processing-machine","product-type-roasting-drying-machine"],"_links":{"self":[{"href":"https:\/\/www.cashewnut-processing.com\/es\/wp-json\/wp\/v2\/product\/454","targetHints":{"allow":["GET"]}}],"collection":[{"href":"https:\/\/www.cashewnut-processing.com\/es\/wp-json\/wp\/v2\/product"}],"about":[{"href":"https:\/\/www.cashewnut-processing.com\/es\/wp-json\/wp\/v2\/types\/product"}],"author":[{"embeddable":true,"href":"https:\/\/www.cashewnut-processing.com\/es\/wp-json\/wp\/v2\/users\/1"}],"wp:featuredmedia":[{"embeddable":true,"href":"https:\/\/www.cashewnut-processing.com\/es\/wp-json\/wp\/v2\/media\/7017"}],"wp:attachment":[{"href":"https:\/\/www.cashewnut-processing.com\/es\/wp-json\/wp\/v2\/media?parent=454"}],"wp:term":[{"taxonomy":"post_tag","embeddable":true,"href":"https:\/\/www.cashewnut-processing.com\/es\/wp-json\/wp\/v2\/tags?post=454"},{"taxonomy":"product-type","embeddable":true,"href":"https:\/\/www.cashewnut-processing.com\/es\/wp-json\/wp\/v2\/product-type?post=454"}],"curies":[{"name":"wp","href":"https:\/\/api.w.org\/{rel}","templated":true}]}}