{"id":40,"date":"2018-08-09T08:56:17","date_gmt":"2018-08-09T08:56:17","guid":{"rendered":"http:\/\/www.cashewnut-processing.com\/?p=40"},"modified":"2025-10-28T15:06:18","modified_gmt":"2025-10-28T07:06:18","slug":"cashew-nut-dryer","status":"publish","type":"product","link":"https:\/\/www.cashewnut-processing.com\/es\/cashew-nut-dryer.html","title":{"rendered":"Secador multifuncional de anacardos | Secadora de anacardos tipo caja"},"content":{"rendered":"<p class=\"translation-block\">El secador de anacardos es un secador de bandejas, que puede secar frutos secos, verduras, medicinas y otros productos alimenticios. A menudo se utiliza en <a href=\"https:\/\/www.cashewnut-processing.com\/es\/automatic-cashew-nut-processing-line.html\/\">plantas de procesamiento de anacardos<\/a>, l\u00edneas de producci\u00f3n de frutos secos y otros procesamientos de alimentos. La m\u00e1quina secadora de alimentos de acero inoxidable tiene una estructura estable. La funci\u00f3n de control autom\u00e1tico de temperatura de la m\u00e1quina deshidratadora puede mantener una temperatura y humedad constantes durante el proceso de secado. As\u00ed, la comida puede mantener el mejor sabor.<\/p>    <figure class=\"wp-block-embed is-type-video is-provider-youtube wp-block-embed-youtube wp-embed-aspect-16-9 wp-has-aspect-ratio\"><div class=\"wp-block-embed__wrapper\"> <iframe loading=\"lazy\" title=\"C\u00f3mo secar anacardos | M\u00e1quina secadora de anacardos | Secadora de Anacardos #shorts\" width=\"500\" height=\"281\" src=\"https:\/\/www.youtube.com\/embed\/279UA74gfeM?feature=oembed\" frameborder=\"0\" allow=\"accelerometer; autoplay; clipboard-write; encrypted-media; gyroscope; picture-in-picture; web-share\" referrerpolicy=\"strict-origin-when-cross-origin\" allowfullscreen><\/iframe> <\/div><\/figure>    <h2 class=\"wp-block-heading\">\u00bfPor qu\u00e9 necesitamos secar los anacardos?<\/h2>    <p class=\"translation-block\">El anacardo tiene una c\u00e1scara dura y la c\u00e1scara est\u00e1 estrechamente conectada con su almendra. Por lo tanto, para hacer que el descascarado de anacardos sea m\u00e1s eficiente, a menudo utilizamos una <a href=\"https:\/\/www.cashewnut-processing.com\/es\/cashew-nut-cooker.html\/\">m\u00e1quina de cocci\u00f3n de anacardos<\/a> para ablandar las c\u00e1scaras duras. Pero despu\u00e9s del <a href=\"https:\/\/www.cashewnut-processing.com\/es\/cashew-nut-shelling-and-cracking-machine.html\/\">proceso de descascarado<\/a>, todav\u00eda hay piel fuera de las almendras de anacardo. Para hacer que la almendra de anacardo se pele m\u00e1s r\u00e1pido, usamos una m\u00e1quina secadora de anacardos para secar la piel. Y luego, al pelar las almendras de anacardo, ser\u00e1 m\u00e1s f\u00e1cil soplar la piel seca.<\/p>    <h2 class=\"wp-block-heading\"><strong>Introducci\u00f3n del secador de anacardos<\/strong><\/h2>    <p>La secadora de anacardos tambi\u00e9n se llama secadora de bandeja. Utiliza calefacci\u00f3n el\u00e9ctrica para secar los anacardos. El secador de anacardos adopta un ventilador de circulaci\u00f3n resistente a temperaturas ultraaltas. Y el aire caliente forzado calentado por el tubo calefactor el\u00e9ctrico o el intercambiador de calor de vapor circula en la caja. El secador de nueces adopta un sistema de control inteligente PLC para operar la m\u00e1quina, lo que reduce el uso manual.<\/p>   <div class=\"wp-block-image size-full wp-image-2439\"> <figure class=\"aligncenter\"><img loading=\"lazy\" decoding=\"async\" width=\"720\" height=\"540\" src=\"https:\/\/www.cashewnut-processing.com\/wp-content\/uploads\/2018\/08\/1-multi-functional-cashew-nut-dryer-machine.jpg\" alt=\"M\u00e1quina secadora de anacardos multifuncional\" class=\"wp-image-2439\" title=\"\" srcset=\"https:\/\/www.cashewnut-processing.com\/wp-content\/uploads\/2018\/08\/1-multi-functional-cashew-nut-dryer-machine.jpg 720w, https:\/\/www.cashewnut-processing.com\/wp-content\/uploads\/2018\/08\/1-multi-functional-cashew-nut-dryer-machine-300x225.jpg 300w\" sizes=\"auto, (max-width: 720px) 100vw, 720px\" \/><figcaption class=\"wp-element-caption\">M\u00e1quina secadora de anacardos multifuncional<\/figcaption><\/figure> <\/div>   <h2 class=\"wp-block-heading\">\u00bfC\u00f3mo secar anacardos con Secadora Industrial de Alimentos?<\/h2>    <p>El principio b\u00e1sico de la m\u00e1quina secadora de alimentos con circulaci\u00f3n de aire caliente es utilizar vapor o electricidad como fuente de energ\u00eda t\u00e9rmica. El radiador de vapor o elemento calefactor el\u00e9ctrico genera calor. El ventilador se utiliza para el intercambio de calor por convecci\u00f3n, la transferencia de calor al material y repone constantemente aire fresco para descargar aire h\u00famedo. Su caracter\u00edstica m\u00e1s importante es que la mayor parte del aire caliente circula en la caja, lo que mejora la eficiencia t\u00e9rmica y ahorra energ\u00eda.<\/p>    <p>En una m\u00e1quina deshidratadora de anacardos, el secado de anacardos pasa por tres etapas: calentamiento, deshumidificaci\u00f3n y enfriamiento. La m\u00e1quina secadora de bandejas ejecutar\u00e1 el proceso de secado despu\u00e9s de configurar la temperatura de calentamiento y la temperatura de deshumidificaci\u00f3n. Durante el proceso de secado, la habitaci\u00f3n interior mantendr\u00e1 una temperatura y humedad constantes.<\/p>    <h3 class=\"wp-block-heading\">Pasos de operaci\u00f3n de la m\u00e1quina secadora de alimentos.<\/h3>    <p>Cierre bien la puerta y gire la manija de la v\u00e1lvula de drenaje a la posici\u00f3n de \"circulaci\u00f3n\".<\/p>    <p>Encienda el interruptor de encendido del controlador del horno.<\/p>    <p>Configure la temperatura de control de secado y la temperatura de alarma de l\u00edmite superior e inferior de acuerdo con las instrucciones del \u201cManual de instrucciones del controlador de la secadora\u201d.<\/p>    <p>Presione el \"ventilador\" para iniciar el interruptor; configure el tiempo de deshumidificaci\u00f3n (rel\u00e9 de tiempo) y luego encienda la calefacci\u00f3n.<\/p>    <p>Configure la temperatura del instrumento, presione el interruptor de calentamiento y el horno comenzar\u00e1 a calentarse.<\/p>    <p>Despu\u00e9s del secado, presione el bot\u00f3n de \"parar\" del ventilador y presione el bot\u00f3n de \"apagado\".<\/p>   <div class=\"wp-block-image size-full wp-image-2441\"> <figure class=\"aligncenter\"><img loading=\"lazy\" decoding=\"async\" width=\"720\" height=\"540\" src=\"https:\/\/www.cashewnut-processing.com\/wp-content\/uploads\/2018\/08\/3-food-dryer-machine.jpg\" alt=\"maquina secadora de alimentos\" class=\"wp-image-2441\" title=\"\" srcset=\"https:\/\/www.cashewnut-processing.com\/wp-content\/uploads\/2018\/08\/3-food-dryer-machine.jpg 720w, https:\/\/www.cashewnut-processing.com\/wp-content\/uploads\/2018\/08\/3-food-dryer-machine-300x225.jpg 300w\" sizes=\"auto, (max-width: 720px) 100vw, 720px\" \/><figcaption class=\"wp-element-caption\">maquina secadora de alimentos<\/figcaption><\/figure> <\/div>   <h3 class=\"wp-block-heading\">Notas de operaci\u00f3n<\/h3>    <ul class=\"wp-block-list\"> <li>Cuando utilice el secador de anacardos por primera vez, preste atenci\u00f3n a si la direcci\u00f3n de cada ventilador es correcta.<\/li>    <li>El \u00e1ngulo de apertura de la v\u00e1lvula de drenaje determina seg\u00fan el contenido de humedad del material.<\/li>    <li>Lea detalladamente el manual de instrucciones del instrumento antes de utilizar la m\u00e1quina.<\/li>    <li>La tira de sellado de la puerta est\u00e1 envejecida y no es v\u00e1lida y debe reemplazarse a tiempo.<\/li>    <li>La superficie del secador de anacardos debe evitar da\u00f1os causados \u200b\u200bpor la colisi\u00f3n de objetos duros y pesados.<\/li>    <li>Est\u00e1 estrictamente prohibido secar materiales inflamables y explosivos.<\/li>    <li>La presi\u00f3n m\u00e1xima de trabajo del radiador de vapor es de 0,8 Mpa y est\u00e1 prohibido el uso de sobrepresi\u00f3n.<\/li>    <li>Si se requiere que la temperatura de funcionamiento del horno alcance 120~140\u2103, es decir, la presi\u00f3n del vapor debe estar en el rango de 0,4~0,8 Mpa. Si se requiere que la temperatura en la caja alcance 80~120\u2103, es decir, la presi\u00f3n del vapor debe ser de 0,2~0,4Mpa.<\/li>    <li>Para hornos calentados por vapor reci\u00e9n instalados y reutilizados despu\u00e9s de un desmantelamiento prolongado, aseg\u00farese de cerrar las v\u00e1lvulas de cierre delanteras y traseras de la v\u00e1lvula solenoide, abra la v\u00e1lvula de derivaci\u00f3n y enjuague la suciedad y las aguas residuales de la tuber\u00eda con vapor para evitar que el solenoide v\u00e1lvula se bloquee y funcione mal.<\/li>    <li>La v\u00e1lvula de entrada de vapor debe abrirse lentamente y el filtro de vapor debe limpiarse peri\u00f3dicamente.<\/li>    <li>Despu\u00e9s de un a\u00f1o de uso, el departamento de pruebas local debe probar los diversos requisitos mec\u00e1nicos y de seguridad de este equipo y decidir continuar us\u00e1ndolo despu\u00e9s de que los resultados de las pruebas alcancen el est\u00e1ndar. Si la prueba no cumple con los indicadores, deje de usarla.<\/li> <\/ul>    <h2 class=\"wp-block-heading\">Aplicaci\u00f3n del secador de anacardos<\/h2>    <p>El secador de bandeja se usa ampliamente para secar materias primas o productos como productos farmac\u00e9uticos, qu\u00edmicos, de nueces, agr\u00edcolas y secundarios. Tambi\u00e9n es adecuado para secar frutas, hortalizas deshidratadas agr\u00edcolas y subsidiarias, piensos, condimentos, ropa, alimentos y otras industrias.<\/p>   <div class=\"wp-block-image size-full wp-image-2442\"> <figure class=\"aligncenter\"><img loading=\"lazy\" decoding=\"async\" width=\"752\" height=\"752\" src=\"https:\/\/www.cashewnut-processing.com\/wp-content\/uploads\/2018\/08\/4-box-cashew-nut-dryer-application.jpg\" alt=\"Aplicaci\u00f3n del secador de anacardos en caja\" class=\"wp-image-2442\" title=\"\" srcset=\"https:\/\/www.cashewnut-processing.com\/wp-content\/uploads\/2018\/08\/4-box-cashew-nut-dryer-application.jpg 752w, https:\/\/www.cashewnut-processing.com\/wp-content\/uploads\/2018\/08\/4-box-cashew-nut-dryer-application-300x300.jpg 300w, https:\/\/www.cashewnut-processing.com\/wp-content\/uploads\/2018\/08\/4-box-cashew-nut-dryer-application-150x150.jpg 150w\" sizes=\"auto, (max-width: 752px) 100vw, 752px\" \/><figcaption class=\"wp-element-caption\">Aplicaci\u00f3n del secador de anacardos en caja<\/figcaption><\/figure> <\/div>   <h2 class=\"wp-block-heading\">Aspectos destacados de la secadora de anacardos<\/h2>    <ol class=\"wp-block-list\"> <li>El cuerpo del secador de nueces adopta una estructura completamente cerrada, que circula en la caja de aire caliente, descarga razonablemente aire caliente y h\u00famedo y repone aire fresco.<\/li>    <li>Se mejora la transferencia de calor, se aumenta la tasa de evaporaci\u00f3n del agua y se acorta el tiempo de secado.<\/li>    <li>El secador completo de anacardos tiene un funcionamiento silencioso, equilibrado, control autom\u00e1tico de temperatura y una instalaci\u00f3n y mantenimiento convenientes.<\/li>    <li>Tiene una amplia gama de aplicaciones y puede secar todo tipo de materiales.<\/li>    <li>El secador de anacardos est\u00e1 equipado con un sistema de control autom\u00e1tico de temperatura para controlar la temperatura con precisi\u00f3n. En la caja hay un tablero de distribuci\u00f3n de aire ajustable y la temperatura dentro de la caja es uniforme.<\/li>    <li>El uso de un ventilador de circulaci\u00f3n incorporado de bajo ruido y ahorro de energ\u00eda, el equilibrio de operaci\u00f3n, redujo en gran medida el ruido y la p\u00e9rdida de calor del equipo, entrada de aire con filtro de aire, marcando el dispositivo humectante.<\/li> <\/ol>    <h2 class=\"wp-block-heading\">Par\u00e1metros del secador de anacardos tipo caja<\/h2>    <figure class=\"wp-block-table\"><table><tbody><tr><td>Modelo<\/td><td>Capacidad (kg\/h)<\/td><td>Potencia (kilovatios)<\/td><td>Consumir vapor (kg\/h)<\/td><td>\u00c1rea de disipaci\u00f3n de calor (\u33a1)<\/td><td>Volumen de aire (m3\/h)<\/td><td>Dimensi\u00f3n (largo x ancho x alto) mm<\/td><\/tr><tr><td>TZ-25<\/td><td>25<\/td><td>0.45<\/td><td>5<\/td><td>5<\/td><td>3400<\/td><td>1550\u00d71000\u00d72044<\/td><\/tr><tr><td>TZ-50<\/td><td>50<\/td><td>0.45<\/td><td>10<\/td><td>10<\/td><td>3400<\/td><td>1400\u00d71200\u00d72000<\/td><\/tr><tr><td>TZ-100<\/td><td>100<\/td><td>1.1<\/td><td><code>20<\/code><\/td><td>20<\/td><td><code>1400<\/code><\/td><td>2430\u00d71200\u00d72375<\/td><\/tr><tr><td>TZ-200<\/td><td><code>200<\/code><\/td><td>1.1<\/td><td>40<\/td><td>40<\/td><td>5200<\/td><td>2430\u00d72200\u00d72433<\/td><\/tr><tr><td>TZ-300<\/td><td>300<\/td><td>2.2<\/td><td>60<\/td><td>80<\/td><td>9800<\/td><td>3430\u00d72200\u00d72620<\/td><\/tr><tr><td>TZ-400<\/td><td>400<\/td><td>2.2<\/td><td>80<\/td><td>100<\/td><td>9800<\/td><td>4380\u00d72200\u00d72620<\/td><\/tr><tr><td>TZ-D100<\/td><td>100<\/td><td>0.45<\/td><td>18<\/td><td>20<\/td><td>3450<\/td><td>2300\u00d71200\u00d72000<\/td><\/tr><tr><td>TZ-D200<\/td><td>200<\/td><td>0.9<\/td><td>36<\/td><td>40<\/td><td>6900<\/td><td>2300\u00d72200\u00d72000<\/td><\/tr><tr><td>TZ-D300<\/td><td>300<\/td><td>1.35<\/td><td>54<\/td><td>80<\/td><td>10350<\/td><td>2300\u00d73220\u00d72290<\/td><\/tr><tr><td>TZ-D400<\/td><td>400<\/td><td>1.8<\/td><td>72<\/td><td>100<\/td><td>13800<\/td><td>4460\u00d72200\u00d72290<\/td><\/tr><tr><td>TZ-X120<\/td><td>120<\/td><td>0.9<\/td><td>20<\/td><td>25<\/td><td>6900<\/td><td>1460\u00d72160\u00d72250<\/td><\/tr><\/tbody><\/table><\/figure>    <h2 class=\"wp-block-heading\"><strong>Instalaci\u00f3n de la m\u00e1quina secadora de anacardos<\/strong><\/h2>    <p>El usuario coloca la tuber\u00eda de vapor y el cable de alimentaci\u00f3n fuera de la m\u00e1quina secadora de alimentos seg\u00fan sea necesario.<br>Conecte el cable de alimentaci\u00f3n y conecte a tierra firmemente la pared exterior del dispositivo. Conecte el tubo de ventilaci\u00f3n al exterior.<\/p>   <div class=\"wp-block-image size-full wp-image-2440\"> <figure class=\"aligncenter\"><img loading=\"lazy\" decoding=\"async\" width=\"750\" height=\"750\" src=\"https:\/\/www.cashewnut-processing.com\/wp-content\/uploads\/2018\/08\/2-cashew-nut-drying-machine.jpg\" alt=\"secadora de anacardo\" class=\"wp-image-2440\" title=\"\" srcset=\"https:\/\/www.cashewnut-processing.com\/wp-content\/uploads\/2018\/08\/2-cashew-nut-drying-machine.jpg 750w, https:\/\/www.cashewnut-processing.com\/wp-content\/uploads\/2018\/08\/2-cashew-nut-drying-machine-300x300.jpg 300w, https:\/\/www.cashewnut-processing.com\/wp-content\/uploads\/2018\/08\/2-cashew-nut-drying-machine-150x150.jpg 150w\" sizes=\"auto, (max-width: 750px) 100vw, 750px\" \/><figcaption class=\"wp-element-caption\">secadora de anacardo<\/figcaption><\/figure> <\/div>   <ol class=\"wp-block-list\"> <li>La secadora de anacardos multicapa debe instalarse en un terreno nivelado.<\/li>    <li>La entrada de energ\u00eda del equipo es por cables trif\u00e1sicos y un cable neutro. La potencia total es de 12,73 KW, el voltaje es de 380 V y la frecuencia es de 50 Hz.<\/li>    <li>La pared exterior de la secadora de anacardos debe estar firmemente conectada a tierra.<\/li>    <li>Ajuste la apertura de las placas de gu\u00eda de aire en ambos lados de la caja para que la temperatura en la caja sea uniforme. Seg\u00fan la experiencia, la abertura de la secci\u00f3n superior del deflector de aire en el lado del ventilador del horno (presi\u00f3n negativa del aire circulante) es relativamente peque\u00f1a y la abertura de la secci\u00f3n inferior es relativamente grande. La apertura del deflector de viento en el otro lado (presi\u00f3n positiva del viento circulante) es la opuesta, siendo la secci\u00f3n superior m\u00e1s grande y la secci\u00f3n inferior m\u00e1s peque\u00f1a. Si se descubre que la temperatura de un lugar determinado es baja despu\u00e9s de la prueba de calentamiento del horno, se debe abrir correctamente el deflector de aire cerca del lugar; por el contrario, cuando la temperatura sea alta conviene cerrarla correctamente.<\/li>    <li>Despu\u00e9s de instalar el equipo, cierre el interruptor el\u00e9ctrico y verifique si el circuito est\u00e1 conectado (la luz indicadora del controlador est\u00e1 encendida).<\/li>    <li>Presione los botones \"Encendido\" y \"Inicio del ventilador\" en el controlador para iniciar el ventilador. Y verifique si la direcci\u00f3n del ventilador coincide con la direcci\u00f3n indicada por la flecha y si hay alg\u00fan sonido anormal.<\/li> <\/ol>    <h2 class=\"wp-block-heading\">Precauciones antes de usar la secadora de anacardos en caja<\/h2>   <div class=\"wp-block-image size-full wp-image-2443\"> <figure class=\"aligncenter\"><img loading=\"lazy\" decoding=\"async\" width=\"752\" height=\"752\" src=\"https:\/\/www.cashewnut-processing.com\/wp-content\/uploads\/2018\/08\/5-vegetable-dryer-machine-details.jpg\" alt=\"Detalles de la m\u00e1quina secadora de verduras\" class=\"wp-image-2443\" title=\"\" srcset=\"https:\/\/www.cashewnut-processing.com\/wp-content\/uploads\/2018\/08\/5-vegetable-dryer-machine-details.jpg 752w, https:\/\/www.cashewnut-processing.com\/wp-content\/uploads\/2018\/08\/5-vegetable-dryer-machine-details-300x300.jpg 300w, https:\/\/www.cashewnut-processing.com\/wp-content\/uploads\/2018\/08\/5-vegetable-dryer-machine-details-150x150.jpg 150w\" sizes=\"auto, (max-width: 752px) 100vw, 752px\" \/><figcaption class=\"wp-element-caption\">Detalles de la m\u00e1quina secadora de verduras<\/figcaption><\/figure> <\/div>   <ol class=\"wp-block-list\"> <li>Compre la serie CT, CT-C, de hornos de circulaci\u00f3n de aire caliente de nuestra empresa (ya sea calentamiento con vapor o calentamiento el\u00e9ctrico, en lo sucesivo denominados hornos), si los hornos de nuestra empresa no indican \"Permitir el uso conjunto de materiales inflamables y explosivos\", inflamable est\u00e1 estrictamente prohibido. Las sustancias explosivas ingresan al horno mencionado anteriormente.<\/li>    <li>Para el secador de anacardos en uso, limpie regularmente el interior del horno, incluido el sistema de ventilaci\u00f3n y el calentador. Y limpiar el polvo acumulado en la superficie para evitar su carbonizaci\u00f3n e ignici\u00f3n.<\/li>    <li>De acuerdo con las normas nacionales de prueba para instrumentos de medici\u00f3n, los instrumentos (instrumentos primarios y secundarios), actuadores de control autom\u00e1tico, equipos el\u00e9ctricos y circuitos utilizados en los hornos de nuestra empresa se inspeccionan y miden peri\u00f3dicamente para garantizar su seguridad, confiabilidad y precisi\u00f3n.<\/li>    <li>Para todos los hornos en uso, limpie y reemplace los filtros de entrada y salida de aire con regularidad.<\/li>    <li>Al utilizar el horno, est\u00e1 estrictamente prohibido estar sin vigilancia en el lugar. Una vez que haya ocurrido un fen\u00f3meno anormal, corte inmediatamente el suministro de energ\u00eda y d\u00e9jelo enfriar a temperatura ambiente antes de abrir la puerta.<\/li>    <li>Cuando el operador abandona el sitio despu\u00e9s de salir del trabajo, se debe cortar la fuente de alimentaci\u00f3n principal del horno.<\/li>    <li>El secador de anacardos que no se ha utilizado durante mucho tiempo se puede poner en uso despu\u00e9s de volver a ejecutar los puntos 2, 3 y 4 anteriores cuando se vuelva a utilizar.<\/li> <\/ol>","protected":false},"excerpt":{"rendered":"<p>El secador de anacardos es un secador de bandeja que puede secar nueces, verduras, medicamentos y otros productos. Est\u00e1 hecho de acero inoxidable.<\/p>","protected":false},"author":1,"featured_media":41,"parent":0,"template":"","tags":[6],"product-type":[416],"class_list":["post-40","product","type-product","status-publish","has-post-thumbnail","hentry","tag-cashew-nut-dryer","product-type-roasting-drying-machine"],"_links":{"self":[{"href":"https:\/\/www.cashewnut-processing.com\/es\/wp-json\/wp\/v2\/product\/40","targetHints":{"allow":["GET"]}}],"collection":[{"href":"https:\/\/www.cashewnut-processing.com\/es\/wp-json\/wp\/v2\/product"}],"about":[{"href":"https:\/\/www.cashewnut-processing.com\/es\/wp-json\/wp\/v2\/types\/product"}],"author":[{"embeddable":true,"href":"https:\/\/www.cashewnut-processing.com\/es\/wp-json\/wp\/v2\/users\/1"}],"wp:featuredmedia":[{"embeddable":true,"href":"https:\/\/www.cashewnut-processing.com\/es\/wp-json\/wp\/v2\/media\/41"}],"wp:attachment":[{"href":"https:\/\/www.cashewnut-processing.com\/es\/wp-json\/wp\/v2\/media?parent=40"}],"wp:term":[{"taxonomy":"post_tag","embeddable":true,"href":"https:\/\/www.cashewnut-processing.com\/es\/wp-json\/wp\/v2\/tags?post=40"},{"taxonomy":"product-type","embeddable":true,"href":"https:\/\/www.cashewnut-processing.com\/es\/wp-json\/wp\/v2\/product-type?post=40"}],"curies":[{"name":"wp","href":"https:\/\/api.w.org\/{rel}","templated":true}]}}