{"id":34,"date":"2018-08-09T08:51:26","date_gmt":"2018-08-09T08:51:26","guid":{"rendered":"http:\/\/www.cashewnut-processing.com\/?p=34"},"modified":"2025-10-28T15:02:37","modified_gmt":"2025-10-28T07:02:37","slug":"cashew-peeling-machine-2","status":"publish","type":"product","link":"https:\/\/www.cashewnut-processing.com\/es\/cashew-peeling-machine-2.html","title":{"rendered":"Peladora de anacardos | Pelador de lotes de anacardos"},"content":{"rendered":"La peladora de anacardos se compone de una tolva, un compresor de aire y una salida. Los anacardos pelados con el equipo se pueden envasar en bolsas para su venta. La m\u00e1quina tiene un funcionamiento sencillo y alta eficiencia. Es muy utilizado en las f\u00e1bricas. <h2 id=\"block-933c0b49-6767-43d2-82fe-3c28d4cd238a\" class=\"block-editor-rich-text__editable block-editor-block-list__block wp-block is-selected rich-text\" tabindex=\"0\" role=\"group\" contenteditable=\"true\" aria-multiline=\"true\" aria-label=\"Bloque: T\u00edtulo\" data-block=\"933c0b49-6767-43d2-82fe-3c28d4cd238a\" data-type=\"core\/heading\" data-title=\"Heading\"><strong data-rich-text-format-boundary=\"true\">Introducci\u00f3n a la m\u00e1quina peladora de anacardos<\/strong><\/h2> La m\u00e1quina peladora de anacardos puede pelar grandes cantidades de nueces a gran velocidad. Por lo tanto, las m\u00e1quinas peladoras de anacardos son adecuadas para que las grandes f\u00e1bricas produzcan anacardos en bolsas. Los anacardos procesados \u200b\u200bpor la m\u00e1quina pueden envasarse f\u00e1cilmente m\u00e1s tarde y luego comercializarse para su venta. Recientemente, <a href=\"https:\/\/www.cashewnut-processing.com\/es\/cashew-nut-processing-industry-in-vietnam.html\/\">En Vietnam, la m\u00e1quina peladora de anacardos<\/a> ha sido utilizado para la producci\u00f3n. O la m\u00e1quina tambi\u00e9n puede pelar el ajo y es posible que escuche la m\u00e1quina peladora de ajos. En realidad, tienen b\u00e1sicamente el mismo principio de funcionamiento.  <div id='gallery-1' class='gallery galleryid-34 gallery-columns-2 gallery-size-thumbnail'><figure class='gallery-item'> \t\t\t<div class='gallery-icon landscape'> \t\t\t\t<a href='https:\/\/www.cashewnut-processing.com\/es\/cashew-peeling-machine-2.html\/attachment\/008'><img loading=\"lazy\" decoding=\"async\" width=\"150\" height=\"150\" src=\"https:\/\/www.cashewnut-processing.com\/wp-content\/uploads\/2018\/08\/008-150x150.jpg\" class=\"attachment-thumbnail size-thumbnail\" alt=\"peladora de anacardos\" aria-describedby=\"gallery-1-38\" srcset=\"https:\/\/www.cashewnut-processing.com\/wp-content\/uploads\/2018\/08\/008-150x150.jpg 150w, https:\/\/www.cashewnut-processing.com\/wp-content\/uploads\/2018\/08\/008-300x300.jpg 300w, https:\/\/www.cashewnut-processing.com\/wp-content\/uploads\/2018\/08\/008.jpg 750w\" sizes=\"auto, (max-width: 150px) 100vw, 150px\" title=\"\"><\/a> \t\t\t<\/div> \t\t\t\t<figcaption class='wp-caption-text gallery-caption' id='gallery-1-38'> \t\t\t\tpeladora de anacardos \t\t\t\t<\/figcaption><\/figure><figure class='gallery-item'> \t\t\t<div class='gallery-icon landscape'> \t\t\t\t<a href='https:\/\/www.cashewnut-processing.com\/es\/cashew-peeling-machine-2.html\/attachment\/00-2'><img loading=\"lazy\" decoding=\"async\" width=\"150\" height=\"150\" src=\"https:\/\/www.cashewnut-processing.com\/wp-content\/uploads\/2018\/08\/00-1-150x150.jpg\" class=\"attachment-thumbnail size-thumbnail\" alt=\"pelador de anacardos mecanizado\" aria-describedby=\"gallery-1-36\" title=\"\"><\/a> \t\t\t<\/div> \t\t\t\t<figcaption class='wp-caption-text gallery-caption' id='gallery-1-36'> \t\t\t\tPeladora de anacardos \t\t\t\t<\/figcaption><\/figure> \t\t<\/div>  <h2 class=\"block-editor-rich-text__editable block-editor-block-list__block wp-block is-selected rich-text\" tabindex=\"0\" role=\"group\" contenteditable=\"true\" aria-multiline=\"true\" aria-label=\"Bloque: T\u00edtulo\" data-block=\"496be0f8-b43a-4aac-aa5c-0edf609cb0d8\" data-type=\"core\/heading\" data-title=\"Heading\"><strong data-rich-text-format-boundary=\"true\">El <\/strong><strong data-rich-text-format-boundary=\"true\">Principio de funcionamiento de la m\u00e1quina peladora de piel de anacardo<\/strong><\/h2> Adopta el m\u00e9todo de pelado neum\u00e1tico, que es adecuado para pelar nueces como anacardos y man\u00ed. En primer lugar, coloque las materias primas en la tolva y las materias primas se mezclan con aire bajo la acci\u00f3n del <a href=\"https:\/\/en.wikipedia.org\/wiki\/Air_compressor\" target=\"_blank\" rel=\"noopener\">compresor de aire<\/a> y pelado. Despu\u00e9s de eso, las pieles se colocan en una salida mientras las nueces peladas se empujan hacia la otra salida.  <iframe loading=\"lazy\" title=\"M\u00e1quina peladora de anacardos | pelador de anacardos mecanizado\" width=\"500\" height=\"281\" src=\"https:\/\/www.youtube.com\/embed\/23TevWIvXck?feature=oembed\" frameborder=\"0\" allow=\"accelerometer; autoplay; clipboard-write; encrypted-media; gyroscope; picture-in-picture; web-share\" referrerpolicy=\"strict-origin-when-cross-origin\" allowfullscreen><\/iframe> <h2 id=\"block-5a32ba2f-6f1f-43ae-89b2-10bd07f19798\" class=\"block-editor-rich-text__editable block-editor-block-list__block wp-block is-selected rich-text\" tabindex=\"0\" role=\"group\" contenteditable=\"true\" aria-multiline=\"true\" aria-label=\"Bloque: T\u00edtulo\" data-block=\"5a32ba2f-6f1f-43ae-89b2-10bd07f19798\" data-type=\"core\/heading\" data-title=\"Heading\"><strong data-rich-text-format-boundary=\"true\">\u00bfC\u00f3mo utilizar la peladora de anacardos?<\/strong><\/h2> <ol>  \t<li>Vierta los anacardos en la tolva. No es necesario remojar las nueces antes, lo cual es conveniente y f\u00e1cil de operar para la mayor\u00eda de las personas.<\/li>  \t<li>Encienda el equipo y espere un momento.<\/li>  \t<li>Pon una bolsa en el tomacorriente y recoge los anacardos pelados.<\/li> <\/ol> <h2 id=\"h-machine-parameter\"><strong>Par\u00e1metro de la m\u00e1quina<\/strong><\/h2> <!-- \/wp:post-content -->  <!-- wp:table --> <figure class=\"wp-block-table\"> <table style=\"height: 265px;\" width=\"503\"> <tbody> <tr> <td>Modelo<\/td> <td>TZ-TP 200<\/td> <\/tr> <tr> <td>Dimensi\u00f3n<\/td> <td>650*650*1300 mil\u00edmetros<\/td> <\/tr> <tr> <td>Voltaje<\/td> <td>220v 50hz<\/td> <\/tr> <tr> <td>Fuerza<\/td> <td>0,2 kilovatios<\/td> <\/tr> <tr> <td>Tasa de bombardeo<\/td> <td>80-90%<\/td> <\/tr> <tr> <td>Peso<\/td> <td>60 kilos<\/td> <\/tr> <tr> <td>Flujo de aire<\/td> <td>1,5 m\u00b3\/min<\/td> <\/tr> <tr> <td>Capacidad<\/td> <td>200 kilos por hora<\/td> <\/tr> <\/tbody> <\/table> <\/figure> <!-- \/wp:table --> <h2><strong data-rich-text-format-boundary=\"true\">Ventajas del pelador continuo de anacardos<\/strong><\/h2> <ol>  \t<li>La superficie del alimento no se da\u00f1ar\u00e1 y se mantendr\u00e1 la fuerte frescura del anacardo. La m\u00e1quina no causa contaminaci\u00f3n al medio ambiente.<\/li>  \t<li>El pelado se logra en un solo paso, con alta eficiencia productiva y menores riesgos de falla. Esto podr\u00eda reducir los complejos procedimientos de <a href=\"https:\/\/www.cashewnut-processing.com\/es\/cashew-nut-from-farm-to-fork.html\/\" target=\"_blank\" rel=\"noreferrer noopener\">Anacardos de la granja al trabajo.<\/a>.<\/li>  \t<li>Todo el proceso autom\u00e1tico, incluido el control de la temperatura y la separaci\u00f3n autom\u00e1tica de los anacardos y la piel, reduce los obst\u00e1culos de funcionamiento.<\/li> <\/ol> <h2 id=\"block-c55abc64-83e9-48d9-b186-361af68f81cc\" class=\"block-editor-rich-text__editable block-editor-block-list__block wp-block is-selected rich-text\" tabindex=\"0\" role=\"group\" contenteditable=\"true\" aria-multiline=\"true\" aria-label=\"Bloque: T\u00edtulo\" data-block=\"c55abc64-83e9-48d9-b186-361af68f81cc\" data-type=\"core\/heading\" data-title=\"Heading\"><strong data-rich-text-format-boundary=\"true\">Precauciones para el uso de la peladora de anacardos<\/strong><\/h2> <ul>  \t<li>Al limpiar la m\u00e1quina, el primer paso es cortar la energ\u00eda.<\/li>  \t<li>Mientras limpia el cuerpo de la m\u00e1quina, puede utilizar un trapo seco para limpiar la m\u00e1quina en lugar de agua.<\/li>  \t<li>El voltaje utilizado por la m\u00e1quina debe ser el mismo que el voltaje que se muestra en la placa de identificaci\u00f3n o dentro de 10% de la diferencia.<\/li> <\/ul> <h2 id=\"block-cad264e4-af9b-4dc3-b471-8d548fc4fd19\" class=\"block-editor-rich-text__editable block-editor-block-list__block wp-block is-selected rich-text\" tabindex=\"0\" role=\"group\" contenteditable=\"true\" aria-multiline=\"true\" aria-label=\"Bloque: T\u00edtulo\" data-block=\"cad264e4-af9b-4dc3-b471-8d548fc4fd19\" data-type=\"core\/heading\" data-title=\"Heading\"><strong data-rich-text-format-boundary=\"true\">Mantenimiento del pelador de anacardos mecanizado<\/strong><\/h2> <!-- wp:paragraph -->  La mejor manera de garantizar que la m\u00e1quina peladora de anacardos tenga un tiempo de uso prolongado y una alta eficiencia es la limpieza y el mantenimiento peri\u00f3dicos. Aqu\u00ed est\u00e1n las sugerencias sobre c\u00f3mo mantener el equipo.  <!-- \/wp:paragraph -->  <!-- wp:list --> <ul>  \t<li>Limpie y mantenga la m\u00e1quina regularmente. Aplique aceite lubricante a los accesorios seg\u00fan sea necesario para mejorar la estabilidad y vida \u00fatil de la m\u00e1quina.<\/li>  \t<li>Algunas piezas deben sustituirse peri\u00f3dicamente, como la tolva, para evitar que la m\u00e1quina no pueda funcionar debido a da\u00f1os.<\/li>  \t<li>Cuando la m\u00e1quina no funciona correctamente, debe buscar un experto en mantenimiento profesional para que la repare y evitar da\u00f1os peores.<\/li> <\/ul>","protected":false},"excerpt":{"rendered":"<p>La m\u00e1quina peladora de anacardos se compone de una tolva, un compresor de aire y una salida. El anacardo pelado se puede envasar en bolsas para su venta.<\/p>","protected":false},"author":1,"featured_media":2001,"parent":0,"template":"","tags":[5],"product-type":[417],"class_list":["post-34","product","type-product","status-publish","has-post-thumbnail","hentry","tag-cashew-peeling-machine","product-type-shelling-peeling-machine"],"_links":{"self":[{"href":"https:\/\/www.cashewnut-processing.com\/es\/wp-json\/wp\/v2\/product\/34","targetHints":{"allow":["GET"]}}],"collection":[{"href":"https:\/\/www.cashewnut-processing.com\/es\/wp-json\/wp\/v2\/product"}],"about":[{"href":"https:\/\/www.cashewnut-processing.com\/es\/wp-json\/wp\/v2\/types\/product"}],"author":[{"embeddable":true,"href":"https:\/\/www.cashewnut-processing.com\/es\/wp-json\/wp\/v2\/users\/1"}],"wp:featuredmedia":[{"embeddable":true,"href":"https:\/\/www.cashewnut-processing.com\/es\/wp-json\/wp\/v2\/media\/2001"}],"wp:attachment":[{"href":"https:\/\/www.cashewnut-processing.com\/es\/wp-json\/wp\/v2\/media?parent=34"}],"wp:term":[{"taxonomy":"post_tag","embeddable":true,"href":"https:\/\/www.cashewnut-processing.com\/es\/wp-json\/wp\/v2\/tags?post=34"},{"taxonomy":"product-type","embeddable":true,"href":"https:\/\/www.cashewnut-processing.com\/es\/wp-json\/wp\/v2\/product-type?post=34"}],"curies":[{"name":"wp","href":"https:\/\/api.w.org\/{rel}","templated":true}]}}