{"id":28,"date":"2018-08-09T08:48:21","date_gmt":"2018-08-09T08:48:21","guid":{"rendered":"http:\/\/www.cashewnut-processing.com\/?p=28"},"modified":"2025-10-28T15:02:27","modified_gmt":"2025-10-28T07:02:27","slug":"cashew-nut-sieveing-machine","status":"publish","type":"product","link":"https:\/\/www.cashewnut-processing.com\/es\/cashew-nut-sieveing-machine.html","title":{"rendered":"M\u00e1quina clasificadora de anacardos | Clasificador de tama\u00f1o de anacardo"},"content":{"rendered":"<p class=\"translation-block\">Esta m\u00e1quina clasificadora de anacardos pertenece a la etapa final de la <a href=\"https:\/\/www.cashewnut-processing.com\/es\/automatic-cashew-nut-processing-line.html\/\">l\u00ednea de procesamiento de anacardos<\/a>. Despu\u00e9s de clasificar, los vendedores pueden empaquetar los anacardos seg\u00fan diferentes est\u00e1ndares y venderlos. Esta m\u00e1quina tambi\u00e9n incluye tres grados de tama\u00f1o. Dado que toda la operaci\u00f3n es autom\u00e1tica, puede aprender f\u00e1cilmente a usar la m\u00e1quina.<\/p>    <figure class=\"wp-block-embed is-type-video is-provider-youtube wp-block-embed-youtube wp-embed-aspect-16-9 wp-has-aspect-ratio\"><div class=\"wp-block-embed__wrapper\"> <iframe loading=\"lazy\" title=\"M\u00e1quina clasificadora de anacardos | clasificador de anacardo\" width=\"500\" height=\"281\" src=\"https:\/\/www.youtube.com\/embed\/WEGV5DSwB5k?feature=oembed\" frameborder=\"0\" allow=\"accelerometer; autoplay; clipboard-write; encrypted-media; gyroscope; picture-in-picture; web-share\" referrerpolicy=\"strict-origin-when-cross-origin\" allowfullscreen><\/iframe> <\/div><\/figure>    <h2 class=\"wp-block-heading\"><strong>Introducci\u00f3n de la m\u00e1quina clasificadora de anacardos<\/strong><\/h2>    <p class=\"translation-block\">La clasificadora de tama\u00f1o de anacardos es desarrollada independientemente por <a href=\"https:\/\/www.cashewnut-processing.com\/es\/\">Zhengzhou Shuliy Machinery Co., Ltd<\/a>. Est\u00e1 especialmente dise\u00f1ada para clasificar anacardos pelados. Y la m\u00e1quina generalmente incluye 3 grados, que podr\u00edan personalizarse seg\u00fan los requisitos de los clientes.<\/p>    <p>La clasificadora incluye una tolva, tres capas de rodillos y salidas. Con un alto rendimiento y menos da\u00f1o a la forma, este clasificador por tama\u00f1o podr\u00eda ser una opci\u00f3n perfecta para las plantas en la l\u00ednea de procesamiento.<\/p>    <figure class=\"wp-block-gallery has-nested-images columns-2 is-cropped wp-block-gallery-2 is-layout-flex wp-block-gallery-is-layout-flex\"> <figure class=\"wp-block-image size-large\"><img loading=\"lazy\" decoding=\"async\" width=\"720\" height=\"540\" data-id=\"1816\" src=\"https:\/\/www.cashewnut-processing.com\/wp-content\/uploads\/2018\/08\/cashew-kernel-classifying-machine-1.jpg\" alt=\"clasificadora de anacardos\" class=\"wp-image-1816\" title=\"\" srcset=\"https:\/\/www.cashewnut-processing.com\/wp-content\/uploads\/2018\/08\/cashew-kernel-classifying-machine-1.jpg 720w, https:\/\/www.cashewnut-processing.com\/wp-content\/uploads\/2018\/08\/cashew-kernel-classifying-machine-1-300x225.jpg 300w\" sizes=\"auto, (max-width: 720px) 100vw, 720px\" \/><figcaption class=\"wp-element-caption\">M\u00e1quina clasificadora de anacardos<\/figcaption><\/figure>    <figure class=\"wp-block-image size-large\"><img loading=\"lazy\" decoding=\"async\" width=\"720\" height=\"540\" data-id=\"1778\" src=\"https:\/\/www.cashewnut-processing.com\/wp-content\/uploads\/2018\/08\/cashew-kernel-classifying-machine.jpg\" alt=\"clasificadora de anacardo\" class=\"wp-image-1778\" title=\"\" srcset=\"https:\/\/www.cashewnut-processing.com\/wp-content\/uploads\/2018\/08\/cashew-kernel-classifying-machine.jpg 720w, https:\/\/www.cashewnut-processing.com\/wp-content\/uploads\/2018\/08\/cashew-kernel-classifying-machine-300x225.jpg 300w\" sizes=\"auto, (max-width: 720px) 100vw, 720px\" \/><figcaption class=\"wp-element-caption\">Clasificador de tama\u00f1o de anacardo<\/figcaption><\/figure> <\/figure>    <h2 class=\"wp-block-heading\"><strong>Principio de funcionamiento<\/strong><\/h2>    <p class=\"translation-block\">La clasificadora de anacardos se utiliza principalmente para clasificar anacardos. Y el tama\u00f1o de los <a href=\"https:\/\/en.wikipedia.org\/wiki\/Cashew\" target=\"_blank\" rel=\"noopener\">anacardos<\/a> es desigual, generalmente se divide en tres grados. O los clientes pueden elegir sus tama\u00f1os.<\/p>    <p>En la imagen podemos ver que la m\u00e1quina consta de tres capas de rodillos. Los clientes pueden ajustar el espacio entre los rodillos y obtener el tama\u00f1o de grado que deseen.<\/p>    <h2 class=\"wp-block-heading\"><strong>Ventajas de <\/strong><strong>M\u00e1quina clasificadora de anacardos<\/strong><\/h2>    <ul class=\"wp-block-list\"> <li><strong>Operaci\u00f3n f\u00e1cil<\/strong><\/li> <\/ul>    <p>La operaci\u00f3n de la clasificadora de anacardos es simple y una sola persona puede completar la operaci\u00f3n.<\/p>    <ul class=\"wp-block-list\"> <li><strong>Procesamiento intacto<\/strong><\/li> <\/ul>    <p>El dise\u00f1o razonable y la estructura exquisita reducen el da\u00f1o al grano durante la clasificaci\u00f3n.<\/p>    <ul class=\"wp-block-list\"> <li><strong>Calidad confiable<\/strong><\/li> <\/ul>    <p>Esta m\u00e1quina tiene un gran rendimiento, menos ruido y una garant\u00eda de un a\u00f1o. Y tambi\u00e9n ahorra energ\u00eda.<\/p>    <h2 class=\"wp-block-heading\"><strong>Par\u00e1metro de la m\u00e1quina<\/strong><\/h2>    <figure class=\"wp-block-table\"><table><tbody><tr><td>Modelo<\/td><td>Capacidad<\/td><td>Voltaje<\/td><td>Tama\u00f1o<\/td><td>Peso<\/td><td>Fuerza<\/td><\/tr><tr><td>TZ-100<\/td><td>400kg\/h<\/td><td>380V<\/td><td>2,3*0,8*1,6 m<\/td><td>180kg<\/td><td>1,1 kw<\/td><\/tr><\/tbody><\/table><\/figure>    <p>Esta m\u00e1quina clasificadora de anacardos es similar a la m\u00e1quina clasificadora de anacardos crudos. Ambos est\u00e1n dise\u00f1ados para clasificar anacardos. Pero se utilizan en diferentes etapas de la l\u00ednea de procesamiento. Y procesan diferentes anacardos. Los clientes pueden elegir seg\u00fan sus necesidades de producci\u00f3n para lograr los mejores efectos.<\/p>","protected":false},"excerpt":{"rendered":"<p>Esta m\u00e1quina clasificadora de anacardos pertenece a la etapa final de la l\u00ednea de procesamiento. Mediante la clasificaci\u00f3n, los vendedores pod\u00edan empaquetar y vender.<\/p>","protected":false},"author":1,"featured_media":7016,"parent":0,"template":"","tags":[173],"product-type":[415],"class_list":["post-28","product","type-product","status-publish","has-post-thumbnail","hentry","tag-cashew-kernel-classifying-machine","product-type-sorting-grading-machine"],"_links":{"self":[{"href":"https:\/\/www.cashewnut-processing.com\/es\/wp-json\/wp\/v2\/product\/28","targetHints":{"allow":["GET"]}}],"collection":[{"href":"https:\/\/www.cashewnut-processing.com\/es\/wp-json\/wp\/v2\/product"}],"about":[{"href":"https:\/\/www.cashewnut-processing.com\/es\/wp-json\/wp\/v2\/types\/product"}],"author":[{"embeddable":true,"href":"https:\/\/www.cashewnut-processing.com\/es\/wp-json\/wp\/v2\/users\/1"}],"wp:featuredmedia":[{"embeddable":true,"href":"https:\/\/www.cashewnut-processing.com\/es\/wp-json\/wp\/v2\/media\/7016"}],"wp:attachment":[{"href":"https:\/\/www.cashewnut-processing.com\/es\/wp-json\/wp\/v2\/media?parent=28"}],"wp:term":[{"taxonomy":"post_tag","embeddable":true,"href":"https:\/\/www.cashewnut-processing.com\/es\/wp-json\/wp\/v2\/tags?post=28"},{"taxonomy":"product-type","embeddable":true,"href":"https:\/\/www.cashewnut-processing.com\/es\/wp-json\/wp\/v2\/product-type?post=28"}],"curies":[{"name":"wp","href":"https:\/\/api.w.org\/{rel}","templated":true}]}}